{"id":1001,"date":"2022-05-25T10:35:18","date_gmt":"2022-05-25T08:35:18","guid":{"rendered":"https:\/\/abc-cloud.de\/attina\/f1-hilfe\/?page_id=1001"},"modified":"2022-09-13T15:37:09","modified_gmt":"2022-09-13T13:37:09","slug":"geleistete-stunden","status":"publish","type":"page","link":"https:\/\/abc-cloud.de\/attina\/f1-hilfe\/geleistete-stunden\/","title":{"rendered":"Geleistete Stunden"},"content":{"rendered":"\n<h2 class=\"wp-block-heading\">Geleistete Stunden<\/h2>\n\n\n\n<figure class=\"wp-block-image size-large is-resized\"><a href=\"https:\/\/abc-cloud.de\/attina\/f1-hilfe\/wp-content\/uploads\/2022\/09\/Screenshot-Geleistete-Stunden-w.webp\"><img loading=\"lazy\" decoding=\"async\" src=\"https:\/\/abc-cloud.de\/attina\/f1-hilfe\/wp-content\/uploads\/2022\/09\/Screenshot-Geleistete-Stunden-w-1024x319.webp\" alt=\"\" class=\"wp-image-1369\" width=\"678\" height=\"211\" srcset=\"https:\/\/abc-cloud.de\/attina\/f1-hilfe\/wp-content\/uploads\/2022\/09\/Screenshot-Geleistete-Stunden-w-1024x319.webp 1024w, https:\/\/abc-cloud.de\/attina\/f1-hilfe\/wp-content\/uploads\/2022\/09\/Screenshot-Geleistete-Stunden-w-300x94.webp 300w, https:\/\/abc-cloud.de\/attina\/f1-hilfe\/wp-content\/uploads\/2022\/09\/Screenshot-Geleistete-Stunden-w-768x240.webp 768w, https:\/\/abc-cloud.de\/attina\/f1-hilfe\/wp-content\/uploads\/2022\/09\/Screenshot-Geleistete-Stunden-w.webp 1167w\" sizes=\"auto, (max-width: 678px) 100vw, 678px\" \/><\/a><\/figure>\n\n\n\n<p>In diesem Modul werden die geleisteten Stunden, sowie der Zeitbereich als auch die Auswahl der Lohnarten ber\u00fccksichtigt. Mit der rechten Maustaste k\u00f6nnen Sie alle Lohnarten\/Kundenzuschl\u00e4ge ausw\u00e4hlen. Dar\u00fcber hinaus lassen sich \u00fcber den Suchnamen der Kunde und\/oder die Einsatzstelle, Rechnungs-Nr., Betrag und Mitarbeiter filtern. Danach klicken Sie auf die Schaltfl\u00e4che \u201eAnwenden.\u201c Ben\u00f6tigen Sie die Filter nicht mehr, so klicken Sie auf die Schaltfl\u00e4che \u201eAufheben.\u201c Sind Rechnungen geschrieben lassen diese sich mit dem Symbol anzeigen. Mit dem Druckersymbol kann die Auswertung ausgedruckt werden.<br><em>Ausdruck der geleisteten Stunden<\/em><\/p>\n\n\n\n<figure class=\"wp-block-image size-full is-resized\"><a href=\"https:\/\/abc-cloud.de\/attina\/f1-hilfe\/wp-content\/uploads\/2022\/09\/Screenshot-Geleistete-Stunden-druck-w.webp\"><img loading=\"lazy\" decoding=\"async\" src=\"https:\/\/abc-cloud.de\/attina\/f1-hilfe\/wp-content\/uploads\/2022\/09\/Screenshot-Geleistete-Stunden-druck-w.webp\" alt=\"\" class=\"wp-image-1372\" width=\"753\" height=\"260\" srcset=\"https:\/\/abc-cloud.de\/attina\/f1-hilfe\/wp-content\/uploads\/2022\/09\/Screenshot-Geleistete-Stunden-druck-w.webp 933w, https:\/\/abc-cloud.de\/attina\/f1-hilfe\/wp-content\/uploads\/2022\/09\/Screenshot-Geleistete-Stunden-druck-w-300x104.webp 300w, https:\/\/abc-cloud.de\/attina\/f1-hilfe\/wp-content\/uploads\/2022\/09\/Screenshot-Geleistete-Stunden-druck-w-768x266.webp 768w\" sizes=\"auto, (max-width: 753px) 100vw, 753px\" \/><\/a><\/figure>\n","protected":false},"excerpt":{"rendered":"<p>Geleistete Stunden In diesem Modul werden die geleisteten Stunden, sowie der Zeitbereich als auch die Auswahl der Lohnarten ber\u00fccksichtigt. Mit der rechten Maustaste k\u00f6nnen Sie alle Lohnarten\/Kundenzuschl\u00e4ge ausw\u00e4hlen. Dar\u00fcber hinaus lassen sich \u00fcber den Suchnamen der Kunde und\/oder die Einsatzstelle, Rechnungs-Nr., Betrag und Mitarbeiter filtern. Danach klicken Sie auf die Schaltfl\u00e4che \u201eAnwenden.\u201c Ben\u00f6tigen Sie die [&hellip;]<\/p>\n","protected":false},"author":1,"featured_media":0,"parent":0,"menu_order":0,"comment_status":"closed","ping_status":"closed","template":"","meta":{"footnotes":""},"class_list":["post-1001","page","type-page","status-publish","hentry"],"_links":{"self":[{"href":"https:\/\/abc-cloud.de\/attina\/f1-hilfe\/wp-json\/wp\/v2\/pages\/1001","targetHints":{"allow":["GET"]}}],"collection":[{"href":"https:\/\/abc-cloud.de\/attina\/f1-hilfe\/wp-json\/wp\/v2\/pages"}],"about":[{"href":"https:\/\/abc-cloud.de\/attina\/f1-hilfe\/wp-json\/wp\/v2\/types\/page"}],"author":[{"embeddable":true,"href":"https:\/\/abc-cloud.de\/attina\/f1-hilfe\/wp-json\/wp\/v2\/users\/1"}],"replies":[{"embeddable":true,"href":"https:\/\/abc-cloud.de\/attina\/f1-hilfe\/wp-json\/wp\/v2\/comments?post=1001"}],"version-history":[{"count":2,"href":"https:\/\/abc-cloud.de\/attina\/f1-hilfe\/wp-json\/wp\/v2\/pages\/1001\/revisions"}],"predecessor-version":[{"id":1373,"href":"https:\/\/abc-cloud.de\/attina\/f1-hilfe\/wp-json\/wp\/v2\/pages\/1001\/revisions\/1373"}],"wp:attachment":[{"href":"https:\/\/abc-cloud.de\/attina\/f1-hilfe\/wp-json\/wp\/v2\/media?parent=1001"}],"curies":[{"name":"wp","href":"https:\/\/api.w.org\/{rel}","templated":true}]}}