{"id":1009,"date":"2022-05-25T10:59:12","date_gmt":"2022-05-25T08:59:12","guid":{"rendered":"https:\/\/abc-cloud.de\/attina\/f1-hilfe\/?page_id=1009"},"modified":"2022-09-28T16:23:13","modified_gmt":"2022-09-28T14:23:13","slug":"monatsuebersicht-mitarbeiter","status":"publish","type":"page","link":"https:\/\/abc-cloud.de\/attina\/f1-hilfe\/monatsuebersicht-mitarbeiter\/","title":{"rendered":"Monats\u00fcbersicht Mitarbeiter"},"content":{"rendered":"\n<h2 class=\"wp-block-heading\">Monats\u00fcbersicht Mitarbeiter<\/h2>\n\n\n\n<p>Die Monats\u00fcbersicht Mitarbeiter wird in dem Men\u00fc Auswertungen \/ Mitarbeiter aufgerufen.<br>Es k\u00f6nnen die Filiale, der Zeitbereich sowie die einzelnen Mitarbeiter ausgew\u00e4hlt werden.<br>Mit dem Klick auf das Druckersymbol wird die Monats\u00fcbersicht pro Mitarbeiter dargestellt.<\/p>\n\n\n\n<figure class=\"wp-block-image size-full\"><a href=\"https:\/\/abc-cloud.de\/attina\/f1-hilfe\/wp-content\/uploads\/2022\/05\/ma-ue1-300x280-1.png\"><img loading=\"lazy\" decoding=\"async\" width=\"300\" height=\"280\" src=\"https:\/\/abc-cloud.de\/attina\/f1-hilfe\/wp-content\/uploads\/2022\/05\/ma-ue1-300x280-1.png\" alt=\"\" class=\"wp-image-1010\"\/><\/a><\/figure>\n\n\n\n<figure class=\"wp-block-image size-full\"><a href=\"https:\/\/abc-cloud.de\/attina\/f1-hilfe\/wp-content\/uploads\/2022\/09\/Screenshot-Monatsuebersicht-Mitarbeiter-w.webp\"><img loading=\"lazy\" decoding=\"async\" width=\"618\" height=\"679\" src=\"https:\/\/abc-cloud.de\/attina\/f1-hilfe\/wp-content\/uploads\/2022\/09\/Screenshot-Monatsuebersicht-Mitarbeiter-w.webp\" alt=\"\" class=\"wp-image-1384\" srcset=\"https:\/\/abc-cloud.de\/attina\/f1-hilfe\/wp-content\/uploads\/2022\/09\/Screenshot-Monatsuebersicht-Mitarbeiter-w.webp 618w, https:\/\/abc-cloud.de\/attina\/f1-hilfe\/wp-content\/uploads\/2022\/09\/Screenshot-Monatsuebersicht-Mitarbeiter-w-273x300.webp 273w\" sizes=\"auto, (max-width: 618px) 100vw, 618px\" \/><\/a><\/figure>\n","protected":false},"excerpt":{"rendered":"<p>Monats\u00fcbersicht Mitarbeiter Die Monats\u00fcbersicht Mitarbeiter wird in dem Men\u00fc Auswertungen \/ Mitarbeiter aufgerufen.Es k\u00f6nnen die Filiale, der Zeitbereich sowie die einzelnen Mitarbeiter ausgew\u00e4hlt werden.Mit dem Klick auf das Druckersymbol wird die Monats\u00fcbersicht pro Mitarbeiter dargestellt.<\/p>\n","protected":false},"author":1,"featured_media":0,"parent":0,"menu_order":0,"comment_status":"closed","ping_status":"closed","template":"","meta":{"footnotes":""},"class_list":["post-1009","page","type-page","status-publish","hentry"],"_links":{"self":[{"href":"https:\/\/abc-cloud.de\/attina\/f1-hilfe\/wp-json\/wp\/v2\/pages\/1009","targetHints":{"allow":["GET"]}}],"collection":[{"href":"https:\/\/abc-cloud.de\/attina\/f1-hilfe\/wp-json\/wp\/v2\/pages"}],"about":[{"href":"https:\/\/abc-cloud.de\/attina\/f1-hilfe\/wp-json\/wp\/v2\/types\/page"}],"author":[{"embeddable":true,"href":"https:\/\/abc-cloud.de\/attina\/f1-hilfe\/wp-json\/wp\/v2\/users\/1"}],"replies":[{"embeddable":true,"href":"https:\/\/abc-cloud.de\/attina\/f1-hilfe\/wp-json\/wp\/v2\/comments?post=1009"}],"version-history":[{"count":3,"href":"https:\/\/abc-cloud.de\/attina\/f1-hilfe\/wp-json\/wp\/v2\/pages\/1009\/revisions"}],"predecessor-version":[{"id":1469,"href":"https:\/\/abc-cloud.de\/attina\/f1-hilfe\/wp-json\/wp\/v2\/pages\/1009\/revisions\/1469"}],"wp:attachment":[{"href":"https:\/\/abc-cloud.de\/attina\/f1-hilfe\/wp-json\/wp\/v2\/media?parent=1009"}],"curies":[{"name":"wp","href":"https:\/\/api.w.org\/{rel}","templated":true}]}}