{"id":1016,"date":"2022-05-25T10:32:53","date_gmt":"2022-05-25T08:32:53","guid":{"rendered":"https:\/\/abc-cloud.de\/attina\/f1-hilfe\/?page_id=1016"},"modified":"2024-08-08T10:45:18","modified_gmt":"2024-08-08T08:45:18","slug":"entlassungsurlaubsliste","status":"publish","type":"page","link":"https:\/\/abc-cloud.de\/attina\/f1-hilfe\/entlassungsurlaubsliste\/","title":{"rendered":"Entlassungsurlaubsliste"},"content":{"rendered":"\n<h2 class=\"wp-block-heading\">Entlassungsurlaubsliste<\/h2>\n\n\n\n<p>Die Seite dient dazu, sich den Urlaubststand anzeigen zu lassen, um einen schnellen \u00dcberblick \u00fcber den Urlaubsstand und eventuell offene AZK-Stunden von entlassenen, bald zu entlassende, aber auch noch aktive Mitarbeitende zu bekommen. <\/p>\n\n\n\n<figure class=\"wp-block-image size-full is-resized\"><img loading=\"lazy\" decoding=\"async\" width=\"949\" height=\"941\" src=\"https:\/\/abc-cloud.de\/attina\/f1-hilfe\/wp-content\/uploads\/2024\/08\/image-30.png\" alt=\"\" class=\"wp-image-1863\" style=\"width:516px;height:auto\" srcset=\"https:\/\/abc-cloud.de\/attina\/f1-hilfe\/wp-content\/uploads\/2024\/08\/image-30.png 949w, https:\/\/abc-cloud.de\/attina\/f1-hilfe\/wp-content\/uploads\/2024\/08\/image-30-300x297.png 300w, https:\/\/abc-cloud.de\/attina\/f1-hilfe\/wp-content\/uploads\/2024\/08\/image-30-150x150.png 150w, https:\/\/abc-cloud.de\/attina\/f1-hilfe\/wp-content\/uploads\/2024\/08\/image-30-768x762.png 768w\" sizes=\"auto, (max-width: 949px) 100vw, 949px\" \/><\/figure>\n\n\n\n<p>Die Entlassungsurlaubsliste finden Sie im attina-Men\u00fc unter <strong>&#8222;Auswertungen&#8220;<\/strong>, dann auf<strong> &#8222;Mitarbeiter&#8220;<\/strong> und dann auf <strong>&#8222;Entlassungsurlaubsliste&#8220;<\/strong>. <br>W\u00e4hlen Sie auch in dieser Liste zun\u00e4chst die <strong>Filiale<\/strong> und den <strong>Zeitbereich<\/strong>, den Sie pr\u00fcfen wollen. <br>Nun w\u00e4hlen Sie, ob Sie sich den Stand der bereits entlassenen, oder aktiven Mitarbeitenden anzeigen lassen wollen und klicken Sie dann auf den gr\u00fcnen &#8218;Kreis-Haken&#8216; <em>(siehe Screenshot unten)<\/em><\/p>\n\n\n\n<figure class=\"wp-block-image size-full\"><img loading=\"lazy\" decoding=\"async\" width=\"948\" height=\"315\" src=\"https:\/\/abc-cloud.de\/attina\/f1-hilfe\/wp-content\/uploads\/2024\/08\/image-32.png\" alt=\"\" class=\"wp-image-1866\" srcset=\"https:\/\/abc-cloud.de\/attina\/f1-hilfe\/wp-content\/uploads\/2024\/08\/image-32.png 948w, https:\/\/abc-cloud.de\/attina\/f1-hilfe\/wp-content\/uploads\/2024\/08\/image-32-300x100.png 300w, https:\/\/abc-cloud.de\/attina\/f1-hilfe\/wp-content\/uploads\/2024\/08\/image-32-768x255.png 768w\" sizes=\"auto, (max-width: 948px) 100vw, 948px\" \/><\/figure>\n\n\n\n<p>Mit einem Rechtklick auf die Spalten\u00fcberschriften k\u00f6nnen Sie mithilfe einiger Funktionen die Liste ganz nach Ihren W\u00fcnschen anpassen und gestalten, z. B. Spalten ausblenden und anpassen, sortieren, etc&#8230; <br>Per Drag&amp;Drop lassen sich die einzelnen Spalten auch verschieben, wenn Sie sich z. B. den AZK-Stand direkt neben dem Nachnamen anzeigen lassen wollen. <br>Klicken Sie auf den Druckersymbol oben rechts, um die Liste zu drucken, als pdf zu speichern oder als E-Mailanhang zu versenden. <\/p>\n","protected":false},"excerpt":{"rendered":"<p>Entlassungsurlaubsliste Die Seite dient dazu, sich den Urlaubststand anzeigen zu lassen, um einen schnellen \u00dcberblick \u00fcber den Urlaubsstand und eventuell offene AZK-Stunden von entlassenen, bald zu entlassende, aber auch noch aktive Mitarbeitende zu bekommen. Die Entlassungsurlaubsliste finden Sie im attina-Men\u00fc unter &#8222;Auswertungen&#8220;, dann auf &#8222;Mitarbeiter&#8220; und dann auf &#8222;Entlassungsurlaubsliste&#8220;. W\u00e4hlen Sie auch in dieser Liste [&hellip;]<\/p>\n","protected":false},"author":1,"featured_media":0,"parent":0,"menu_order":0,"comment_status":"closed","ping_status":"closed","template":"","meta":{"footnotes":""},"class_list":["post-1016","page","type-page","status-publish","hentry"],"_links":{"self":[{"href":"https:\/\/abc-cloud.de\/attina\/f1-hilfe\/wp-json\/wp\/v2\/pages\/1016","targetHints":{"allow":["GET"]}}],"collection":[{"href":"https:\/\/abc-cloud.de\/attina\/f1-hilfe\/wp-json\/wp\/v2\/pages"}],"about":[{"href":"https:\/\/abc-cloud.de\/attina\/f1-hilfe\/wp-json\/wp\/v2\/types\/page"}],"author":[{"embeddable":true,"href":"https:\/\/abc-cloud.de\/attina\/f1-hilfe\/wp-json\/wp\/v2\/users\/1"}],"replies":[{"embeddable":true,"href":"https:\/\/abc-cloud.de\/attina\/f1-hilfe\/wp-json\/wp\/v2\/comments?post=1016"}],"version-history":[{"count":5,"href":"https:\/\/abc-cloud.de\/attina\/f1-hilfe\/wp-json\/wp\/v2\/pages\/1016\/revisions"}],"predecessor-version":[{"id":1868,"href":"https:\/\/abc-cloud.de\/attina\/f1-hilfe\/wp-json\/wp\/v2\/pages\/1016\/revisions\/1868"}],"wp:attachment":[{"href":"https:\/\/abc-cloud.de\/attina\/f1-hilfe\/wp-json\/wp\/v2\/media?parent=1016"}],"curies":[{"name":"wp","href":"https:\/\/api.w.org\/{rel}","templated":true}]}}