{"id":1019,"date":"2025-04-07T14:14:06","date_gmt":"2025-04-07T12:14:06","guid":{"rendered":"https:\/\/abc-cloud.de\/attina\/f1-hilfe\/?page_id=1019"},"modified":"2025-04-07T14:24:38","modified_gmt":"2025-04-07T12:24:38","slug":"urlaubsabschlussliste","status":"publish","type":"page","link":"https:\/\/abc-cloud.de\/attina\/f1-hilfe\/urlaubsabschlussliste\/","title":{"rendered":"Urlaubsabschlussliste"},"content":{"rendered":"\n<p>Mit der Urlaubsabschlussliste l\u00e4sst sich z. B. der Resturlaub von einem, oder auch allen Mitarbeitern berechnen. Urlaubswerte k\u00f6nnen hier auch korrigiert werden, falls n\u00f6tig. Nach der Berechnung in Attina werden restliche Urlaubstage zum aktuellen Jahr hinzugef\u00fcgt. Die Anzahl der Vorjahresurlaubstage k\u00f6nnen Sie im Mitarbeitermodul, Reiter &#8222;Lohndaten&#8220;, ablesen.<\/p>\n\n\n\n<p>Als erstes pr\u00fcfen Sie bitte, ob alle Urlaube des Mitarbeiters\/aller Mitarbeiter eingetragen wurden (Disposition im Mitarbeitermodul).<\/p>\n\n\n\n<p>Folgen Sie im Attina-Men\u00fc dem Pfad: <br>Auswertungen &#8211; Mitarbeiter &#8211; Urlaubsabschlussliste.<\/p>\n\n\n\n<figure class=\"wp-block-image size-full is-resized\"><img loading=\"lazy\" decoding=\"async\" width=\"550\" height=\"708\" src=\"https:\/\/abc-cloud.de\/attina\/f1-hilfe\/wp-content\/uploads\/2025\/04\/image-8.png\" alt=\"\" class=\"wp-image-2413\" style=\"width:460px;height:auto\" srcset=\"https:\/\/abc-cloud.de\/attina\/f1-hilfe\/wp-content\/uploads\/2025\/04\/image-8.png 550w, https:\/\/abc-cloud.de\/attina\/f1-hilfe\/wp-content\/uploads\/2025\/04\/image-8-233x300.png 233w\" sizes=\"auto, (max-width: 550px) 100vw, 550px\" \/><\/figure>\n\n\n\n<p>W\u00e4hlen Sie im neuen Fenster aus der Liste links den gew\u00fcnschten Mitarbeiter aus. Wenn Sie alle Mitarbeiter bearbeiten wollen, machen Sie einen Rechtsklick in die Liste und klicken &#8222;Alle ausw\u00e4hlen&#8220;.<\/p>\n\n\n\n<figure class=\"wp-block-image size-full\"><img loading=\"lazy\" decoding=\"async\" width=\"413\" height=\"279\" src=\"https:\/\/abc-cloud.de\/attina\/f1-hilfe\/wp-content\/uploads\/2025\/04\/image-9.png\" alt=\"\" class=\"wp-image-2414\" srcset=\"https:\/\/abc-cloud.de\/attina\/f1-hilfe\/wp-content\/uploads\/2025\/04\/image-9.png 413w, https:\/\/abc-cloud.de\/attina\/f1-hilfe\/wp-content\/uploads\/2025\/04\/image-9-300x203.png 300w\" sizes=\"auto, (max-width: 413px) 100vw, 413px\" \/><\/figure>\n\n\n\n<p>Schauen Sie nun oben im Modulfenster:<\/p>\n\n\n\n<figure class=\"wp-block-image size-full\"><img loading=\"lazy\" decoding=\"async\" width=\"739\" height=\"130\" src=\"https:\/\/abc-cloud.de\/attina\/f1-hilfe\/wp-content\/uploads\/2025\/04\/image-10.png\" alt=\"\" class=\"wp-image-2415\" srcset=\"https:\/\/abc-cloud.de\/attina\/f1-hilfe\/wp-content\/uploads\/2025\/04\/image-10.png 739w, https:\/\/abc-cloud.de\/attina\/f1-hilfe\/wp-content\/uploads\/2025\/04\/image-10-300x53.png 300w\" sizes=\"auto, (max-width: 739px) 100vw, 739px\" \/><\/figure>\n\n\n\n<p>1) W\u00e4hlen Sie Ihre Filiale aus. <br>2) Weil Sie den Resturlaub des Vorjahres bestimmen und berechnen<br> wollen, w\u00e4hlen Sie also das Vorjahr aus.<br>3) W\u00e4hlen Sie den f\u00fcr Sie passenden Filter aus. <br>4) Sie haben in der Liste die M\u00f6glichkeit, in der gelb markierten Spalte<br> Urlaubstage entweder hinzuzuf\u00fcgen (Anzahl der Tage eintragen), oder<br> abzuziehen (Anzahl der Tage mit Minus davor). Falls Sie Korrekturen<br> eingetragen haben, m\u00fcssen Sie oben den Haken f\u00fcr &#8222;Korrekturmodus&#8220;<br> setzen.<br>5) Stimmt alles soweit, dann klicken Sie auf den Button mit dem gr\u00fcnen<br> Haken. Die automatische Berechnung beginnt und so schlie\u00dfen Sie den<br> Urlaub f\u00fcr das Vorjahr ab. Alle Resturlaubstage werden in&#8217;s aktuelle Jahr<br> \u00fcbernommen und erscheinen<br> im Mitarbeitermodul unter dem Reiter &#8222;Lohndaten&#8220;.<\/p>\n\n\n\n<figure class=\"wp-block-image size-full\"><img loading=\"lazy\" decoding=\"async\" width=\"344\" height=\"478\" src=\"https:\/\/abc-cloud.de\/attina\/f1-hilfe\/wp-content\/uploads\/2025\/04\/image-12.png\" alt=\"\" class=\"wp-image-2419\" srcset=\"https:\/\/abc-cloud.de\/attina\/f1-hilfe\/wp-content\/uploads\/2025\/04\/image-12.png 344w, https:\/\/abc-cloud.de\/attina\/f1-hilfe\/wp-content\/uploads\/2025\/04\/image-12-216x300.png 216w\" sizes=\"auto, (max-width: 344px) 100vw, 344px\" \/><\/figure>\n","protected":false},"excerpt":{"rendered":"<p>Mit der Urlaubsabschlussliste l\u00e4sst sich z. B. der Resturlaub von einem, oder auch allen Mitarbeitern berechnen. Urlaubswerte k\u00f6nnen hier auch korrigiert werden, falls n\u00f6tig. Nach der Berechnung in Attina werden restliche Urlaubstage zum aktuellen Jahr hinzugef\u00fcgt. Die Anzahl der Vorjahresurlaubstage k\u00f6nnen Sie im Mitarbeitermodul, Reiter &#8222;Lohndaten&#8220;, ablesen. Als erstes pr\u00fcfen Sie bitte, ob alle Urlaube [&hellip;]<\/p>\n","protected":false},"author":4,"featured_media":0,"parent":0,"menu_order":0,"comment_status":"closed","ping_status":"closed","template":"","meta":{"footnotes":""},"class_list":["post-1019","page","type-page","status-publish","hentry"],"_links":{"self":[{"href":"https:\/\/abc-cloud.de\/attina\/f1-hilfe\/wp-json\/wp\/v2\/pages\/1019","targetHints":{"allow":["GET"]}}],"collection":[{"href":"https:\/\/abc-cloud.de\/attina\/f1-hilfe\/wp-json\/wp\/v2\/pages"}],"about":[{"href":"https:\/\/abc-cloud.de\/attina\/f1-hilfe\/wp-json\/wp\/v2\/types\/page"}],"author":[{"embeddable":true,"href":"https:\/\/abc-cloud.de\/attina\/f1-hilfe\/wp-json\/wp\/v2\/users\/4"}],"replies":[{"embeddable":true,"href":"https:\/\/abc-cloud.de\/attina\/f1-hilfe\/wp-json\/wp\/v2\/comments?post=1019"}],"version-history":[{"count":4,"href":"https:\/\/abc-cloud.de\/attina\/f1-hilfe\/wp-json\/wp\/v2\/pages\/1019\/revisions"}],"predecessor-version":[{"id":2420,"href":"https:\/\/abc-cloud.de\/attina\/f1-hilfe\/wp-json\/wp\/v2\/pages\/1019\/revisions\/2420"}],"wp:attachment":[{"href":"https:\/\/abc-cloud.de\/attina\/f1-hilfe\/wp-json\/wp\/v2\/media?parent=1019"}],"curies":[{"name":"wp","href":"https:\/\/api.w.org\/{rel}","templated":true}]}}