{"id":1495,"date":"2022-12-12T08:35:22","date_gmt":"2022-12-12T07:35:22","guid":{"rendered":"https:\/\/abc-cloud.de\/attina\/f1-hilfe\/?page_id=1495"},"modified":"2022-12-12T08:35:22","modified_gmt":"2022-12-12T07:35:22","slug":"weihnachtsgeld-automatisch-in-der-fakturierung-berechnen","status":"publish","type":"page","link":"https:\/\/abc-cloud.de\/attina\/f1-hilfe\/weihnachtsgeld-automatisch-in-der-fakturierung-berechnen\/","title":{"rendered":"Weihnachtsgeld automatisch in der Fakturierung berechnen"},"content":{"rendered":"\n<p>unter Auswertung -> Mitarbeiter -> Urlaubs u. Weihnachtszahlungen \u00f6ffnet man die Liste &#8222;Urlaubs-, Weihnachts- und Sonderzahlungen&#8220;.<br>Dort kann man die Lohnart und den Typ ausw\u00e4hlen.<br>Mit einem Klick auf den gr\u00fcnen Pfeil wird die Liste berechnet.<\/p>\n\n\n\n<p>Fertig<\/p>\n\n\n\n<p><\/p>\n\n\n\n<p><strong>Erkl\u00e4rung der Liste<\/strong><\/p>\n\n\n\n<p>Solange noch nicht auf die Diskette geklickt wurde, um zu buchen, hat man die M\u00f6glichkeit, mit einem Rechtsklick in eine Zeile ein neues Fenster zu \u00f6ffnen, indem man z.B. auch auf &#8222;Alle ausw\u00e4hlen&#8220; oder &#8222;Auswahl umkehren&#8220; klicken kann.<\/p>\n\n\n\n<figure class=\"wp-block-image size-full is-resized\"><a href=\"https:\/\/abc-cloud.de\/attina\/f1-hilfe\/wp-content\/uploads\/2022\/12\/Screenshot-Weihnachtsgeld.jpg\"><img loading=\"lazy\" decoding=\"async\" src=\"https:\/\/abc-cloud.de\/attina\/f1-hilfe\/wp-content\/uploads\/2022\/12\/Screenshot-Weihnachtsgeld.jpg\" alt=\"\" class=\"wp-image-1496\" width=\"354\" height=\"282\" srcset=\"https:\/\/abc-cloud.de\/attina\/f1-hilfe\/wp-content\/uploads\/2022\/12\/Screenshot-Weihnachtsgeld.jpg 313w, https:\/\/abc-cloud.de\/attina\/f1-hilfe\/wp-content\/uploads\/2022\/12\/Screenshot-Weihnachtsgeld-300x239.jpg 300w\" sizes=\"auto, (max-width: 354px) 100vw, 354px\" \/><\/a><\/figure>\n\n\n\n<p>Ist jedoch einmal gebucht, muss in der Fakturierung manuell vorgegangen werden.<\/p>\n\n\n\n<p>Rechts am Ende einer Zeile kommen folgende Eintr\u00e4ge vor,<\/p>\n\n\n\n<figure class=\"wp-block-image size-full\"><a href=\"https:\/\/abc-cloud.de\/attina\/f1-hilfe\/wp-content\/uploads\/2022\/12\/image.png\"><img loading=\"lazy\" decoding=\"async\" width=\"127\" height=\"180\" src=\"https:\/\/abc-cloud.de\/attina\/f1-hilfe\/wp-content\/uploads\/2022\/12\/image.png\" alt=\"\" class=\"wp-image-1497\"\/><\/a><\/figure>\n","protected":false},"excerpt":{"rendered":"<p>unter Auswertung -> Mitarbeiter -> Urlaubs u. Weihnachtszahlungen \u00f6ffnet man die Liste &#8222;Urlaubs-, Weihnachts- und Sonderzahlungen&#8220;.Dort kann man die Lohnart und den Typ ausw\u00e4hlen.Mit einem Klick auf den gr\u00fcnen Pfeil wird die Liste berechnet. Fertig Erkl\u00e4rung der Liste Solange noch nicht auf die Diskette geklickt wurde, um zu buchen, hat man die M\u00f6glichkeit, mit einem [&hellip;]<\/p>\n","protected":false},"author":1,"featured_media":0,"parent":0,"menu_order":0,"comment_status":"closed","ping_status":"closed","template":"","meta":{"footnotes":""},"class_list":["post-1495","page","type-page","status-publish","hentry"],"_links":{"self":[{"href":"https:\/\/abc-cloud.de\/attina\/f1-hilfe\/wp-json\/wp\/v2\/pages\/1495","targetHints":{"allow":["GET"]}}],"collection":[{"href":"https:\/\/abc-cloud.de\/attina\/f1-hilfe\/wp-json\/wp\/v2\/pages"}],"about":[{"href":"https:\/\/abc-cloud.de\/attina\/f1-hilfe\/wp-json\/wp\/v2\/types\/page"}],"author":[{"embeddable":true,"href":"https:\/\/abc-cloud.de\/attina\/f1-hilfe\/wp-json\/wp\/v2\/users\/1"}],"replies":[{"embeddable":true,"href":"https:\/\/abc-cloud.de\/attina\/f1-hilfe\/wp-json\/wp\/v2\/comments?post=1495"}],"version-history":[{"count":2,"href":"https:\/\/abc-cloud.de\/attina\/f1-hilfe\/wp-json\/wp\/v2\/pages\/1495\/revisions"}],"predecessor-version":[{"id":1499,"href":"https:\/\/abc-cloud.de\/attina\/f1-hilfe\/wp-json\/wp\/v2\/pages\/1495\/revisions\/1499"}],"wp:attachment":[{"href":"https:\/\/abc-cloud.de\/attina\/f1-hilfe\/wp-json\/wp\/v2\/media?parent=1495"}],"curies":[{"name":"wp","href":"https:\/\/api.w.org\/{rel}","templated":true}]}}