{"id":1518,"date":"2023-01-05T15:23:42","date_gmt":"2023-01-05T14:23:42","guid":{"rendered":"https:\/\/abc-cloud.de\/attina\/f1-hilfe\/?page_id=1518"},"modified":"2025-04-15T10:26:54","modified_gmt":"2025-04-15T08:26:54","slug":"lohnart-feiertag-24-12-und-31-12","status":"publish","type":"page","link":"https:\/\/abc-cloud.de\/attina\/f1-hilfe\/lohnart-feiertag-24-12-und-31-12\/","title":{"rendered":"Lohnart &#8222;Feiertag&#8220; 24.12 und 31.12"},"content":{"rendered":"\n<p>Falls Sie den 24.12. und den 31.12. als Nicht-Feiertag in Ihrem Attina hinterlegt haben, ist eine automatische Feiertagsberechnung nat\u00fcrlich nicht mehr m\u00f6glich. <\/p>\n\n\n\n<p>Dann kann man den Zuschlag \u00fcber eine Lohnart berechnen lassen.<\/p>\n\n\n\n<p>Daf\u00fcr geht man wie folgt vor:<\/p>\n\n\n\n<p>Folgen Sie dem Pfad <em>Stammdaten &#8211; Lohnarten u. Kundenzuschl\u00e4ge<\/em><\/p>\n\n\n\n<p>Klicken Sie im neuen Modulfenster oben links in der Toolbar auf das dicke Plus, um eine neue Lohnart anzulegen. <\/p>\n\n\n\n<p style=\"font-style:normal;font-weight:700\">Feiertagszuschlag Weihnachten<\/p>\n\n\n\n<p>F\u00fcllen Sie die Maske gem\u00e4\u00df den Vorgaben auf dem folgenden Bild aus:<\/p>\n\n\n\n<p style=\"font-style:normal;font-weight:700\">ACHTUNG: LA-Nummer: gibt das Steuerb\u00fcro an. Diese Nummer darf es nicht zweimal geben!<\/p>\n\n\n\n<figure class=\"wp-block-image size-full\"><a href=\"https:\/\/abc-cloud.de\/attina\/f1-hilfe\/wp-content\/uploads\/2023\/01\/Lohnart-Feiertag-24.12-und-31.12-01.png\"><img loading=\"lazy\" decoding=\"async\" width=\"793\" height=\"762\" src=\"https:\/\/abc-cloud.de\/attina\/f1-hilfe\/wp-content\/uploads\/2023\/01\/Lohnart-Feiertag-24.12-und-31.12-01.png\" alt=\"\" class=\"wp-image-1520\" srcset=\"https:\/\/abc-cloud.de\/attina\/f1-hilfe\/wp-content\/uploads\/2023\/01\/Lohnart-Feiertag-24.12-und-31.12-01.png 793w, https:\/\/abc-cloud.de\/attina\/f1-hilfe\/wp-content\/uploads\/2023\/01\/Lohnart-Feiertag-24.12-und-31.12-01-300x288.png 300w, https:\/\/abc-cloud.de\/attina\/f1-hilfe\/wp-content\/uploads\/2023\/01\/Lohnart-Feiertag-24.12-und-31.12-01-768x738.png 768w\" sizes=\"auto, (max-width: 793px) 100vw, 793px\" \/><\/a><\/figure>\n\n\n\n<p>Zum Speichern der Lohnart auf den Haken in der Toolbar klicken.<\/p>\n\n\n\n<hr class=\"wp-block-separator has-alpha-channel-opacity\"\/>\n\n\n\n<p style=\"font-style:normal;font-weight:700\">Feiertagszuschlag Silvester<\/p>\n\n\n\n<p>F\u00fcllen Sie die Maske aus (siehe Bild):<\/p>\n\n\n\n<p style=\"font-style:normal;font-weight:700\">ACHTUNG: LA-Nummer: gibt das Steuerb\u00fcro an, Nummer darf es nicht zweimal geben<\/p>\n\n\n\n<figure class=\"wp-block-image size-full\"><a href=\"https:\/\/abc-cloud.de\/attina\/f1-hilfe\/wp-content\/uploads\/2023\/01\/Lohnart-Feiertag-24.12-und-31.12-02.png\"><img loading=\"lazy\" decoding=\"async\" width=\"802\" height=\"766\" src=\"https:\/\/abc-cloud.de\/attina\/f1-hilfe\/wp-content\/uploads\/2023\/01\/Lohnart-Feiertag-24.12-und-31.12-02.png\" alt=\"\" class=\"wp-image-1519\" srcset=\"https:\/\/abc-cloud.de\/attina\/f1-hilfe\/wp-content\/uploads\/2023\/01\/Lohnart-Feiertag-24.12-und-31.12-02.png 802w, https:\/\/abc-cloud.de\/attina\/f1-hilfe\/wp-content\/uploads\/2023\/01\/Lohnart-Feiertag-24.12-und-31.12-02-300x287.png 300w, https:\/\/abc-cloud.de\/attina\/f1-hilfe\/wp-content\/uploads\/2023\/01\/Lohnart-Feiertag-24.12-und-31.12-02-768x734.png 768w\" sizes=\"auto, (max-width: 802px) 100vw, 802px\" \/><\/a><\/figure>\n\n\n\n<p>Zum Speichern der Lohnart auf den Haken in der Toolbar klicken.<\/p>\n\n\n\n<p><strong>WICHTIG!<\/strong><\/p>\n\n\n\n<p>-Im Kunden (wo dieser Zuschlag gezogen werden soll) in der Einsatzstelle m\u00fcssen die Lohnarten eingetragen werden.<br>Ist bereits ein Auftrag vorhanden, k\u00f6nnen Sie diese Lohnart im Auftrag hinterlegen. F\u00fchren Sie anschlie\u00dfend in der Fakturierung eine neue Berechnung durch.<\/p>\n\n\n\n<p><\/p>\n","protected":false},"excerpt":{"rendered":"<p>Falls Sie den 24.12. und den 31.12. als Nicht-Feiertag in Ihrem Attina hinterlegt haben, ist eine automatische Feiertagsberechnung nat\u00fcrlich nicht mehr m\u00f6glich. Dann kann man den Zuschlag \u00fcber eine Lohnart berechnen lassen. Daf\u00fcr geht man wie folgt vor: Folgen Sie dem Pfad Stammdaten &#8211; Lohnarten u. Kundenzuschl\u00e4ge Klicken Sie im neuen Modulfenster oben links in [&hellip;]<\/p>\n","protected":false},"author":1,"featured_media":0,"parent":0,"menu_order":0,"comment_status":"closed","ping_status":"closed","template":"","meta":{"footnotes":""},"class_list":["post-1518","page","type-page","status-publish","hentry"],"_links":{"self":[{"href":"https:\/\/abc-cloud.de\/attina\/f1-hilfe\/wp-json\/wp\/v2\/pages\/1518","targetHints":{"allow":["GET"]}}],"collection":[{"href":"https:\/\/abc-cloud.de\/attina\/f1-hilfe\/wp-json\/wp\/v2\/pages"}],"about":[{"href":"https:\/\/abc-cloud.de\/attina\/f1-hilfe\/wp-json\/wp\/v2\/types\/page"}],"author":[{"embeddable":true,"href":"https:\/\/abc-cloud.de\/attina\/f1-hilfe\/wp-json\/wp\/v2\/users\/1"}],"replies":[{"embeddable":true,"href":"https:\/\/abc-cloud.de\/attina\/f1-hilfe\/wp-json\/wp\/v2\/comments?post=1518"}],"version-history":[{"count":5,"href":"https:\/\/abc-cloud.de\/attina\/f1-hilfe\/wp-json\/wp\/v2\/pages\/1518\/revisions"}],"predecessor-version":[{"id":2495,"href":"https:\/\/abc-cloud.de\/attina\/f1-hilfe\/wp-json\/wp\/v2\/pages\/1518\/revisions\/2495"}],"wp:attachment":[{"href":"https:\/\/abc-cloud.de\/attina\/f1-hilfe\/wp-json\/wp\/v2\/media?parent=1518"}],"curies":[{"name":"wp","href":"https:\/\/api.w.org\/{rel}","templated":true}]}}