{"id":1528,"date":"2023-03-08T13:53:24","date_gmt":"2023-03-08T12:53:24","guid":{"rendered":"https:\/\/abc-cloud.de\/attina\/f1-hilfe\/?page_id=1528"},"modified":"2024-08-07T16:49:13","modified_gmt":"2024-08-07T14:49:13","slug":"azk-aribeitszeitkonto","status":"publish","type":"page","link":"https:\/\/abc-cloud.de\/attina\/f1-hilfe\/azk-aribeitszeitkonto\/","title":{"rendered":"Arbeitszeitkonto (AZK)"},"content":{"rendered":"\n<p>Jeder Mitarbeiter hat ein <strong>Arbeitszeitkonto<\/strong>. <br>Ein Arbeitszeitkonto hat den Zweck, \u00dcberstunden zu registrieren. <br>Die aktuelle H\u00f6he der AZK-Stunden k\u00f6nnen Sie im Mitarbeitermodul unter dem Reiter &#8222;Lohndaten&#8220; einsehen.<\/p>\n\n\n\n<figure class=\"wp-block-image size-large is-resized\"><img loading=\"lazy\" decoding=\"async\" width=\"687\" height=\"1024\" src=\"https:\/\/abc-cloud.de\/attina\/f1-hilfe\/wp-content\/uploads\/2024\/08\/image-16-687x1024.png\" alt=\"\" class=\"wp-image-1835\" style=\"width:461px;height:auto\" srcset=\"https:\/\/abc-cloud.de\/attina\/f1-hilfe\/wp-content\/uploads\/2024\/08\/image-16-687x1024.png 687w, https:\/\/abc-cloud.de\/attina\/f1-hilfe\/wp-content\/uploads\/2024\/08\/image-16-201x300.png 201w, https:\/\/abc-cloud.de\/attina\/f1-hilfe\/wp-content\/uploads\/2024\/08\/image-16-768x1145.png 768w, https:\/\/abc-cloud.de\/attina\/f1-hilfe\/wp-content\/uploads\/2024\/08\/image-16.png 863w\" sizes=\"auto, (max-width: 687px) 100vw, 687px\" \/><\/figure>\n\n\n\n<p>Sobald das AZ-Konto 150 Stunden erreicht hat, werden dar\u00fcber hinaus geleistete \u00dcberstunden automatisch ausgezahlt. <\/p>\n\n\n\n<p class=\"has-normal-font-size\"><strong>Wichtig zu wissen: AZK wird zum jeweiligen Tariflohn ein- bzw ausbezahlt! <\/strong><br><strong>Beispiel:<\/strong>\u00a0ein MA mit der Entgeltgruppe 1 hat im Februar 2023, 10 Stunden ins AZK gebucht zum Tariflohn von 12,43\u20ac pro Stunde:<br><strong>EG 1 \/ 12,43\u20ac Tariflohn\/ 10 Stunden \/ entspricht 124,30\u20ac<br><\/strong>Dieser MA m\u00f6chte dann im April 2023, nach einer Tariferh\u00f6hung, 10 Stunden ausbezahlt bekommen. Dann bekommt der MA:<br><strong>EG 1 \/ 13\u20ac Tariflohn\/ 10 Stunden \/ entspricht 130,00\u20ac<\/strong><\/p>\n\n\n\n<p>&#8212;&#8212;&#8212;&#8212;&#8212;&#8212;&#8212;&#8212;&#8212;&#8212;&#8212;&#8212;&#8212;&#8212;&#8212;&#8212;&#8212;&#8212;&#8212;&#8212;&#8212;&#8212;&#8212;&#8212;&#8212;&#8212;&#8212;&#8212;&#8212;&#8212;-<\/p>\n\n\n\n<p><strong>Im Abschnitt Wochen-\/Monatsstunden <\/strong>kann ein individueller Maximalstand eingetragen werden.<br>Und zum Beispiel eine prozentuale Zubuchung. Dass evtl. nur 50% aufs AZK gehen.<br>Um Detailangaben zu machen, klicken Sie auf den Bearbeitungs-Button. In dem sich dann \u00f6ffnenden Fenster,k\u00f6nnen Sie die Details angeben:<\/p>\n\n\n\n<figure class=\"wp-block-image size-full is-resized\"><img loading=\"lazy\" decoding=\"async\" width=\"927\" height=\"645\" src=\"https:\/\/abc-cloud.de\/attina\/f1-hilfe\/wp-content\/uploads\/2024\/08\/image-18.png\" alt=\"\" class=\"wp-image-1838\" style=\"width:611px;height:auto\" srcset=\"https:\/\/abc-cloud.de\/attina\/f1-hilfe\/wp-content\/uploads\/2024\/08\/image-18.png 927w, https:\/\/abc-cloud.de\/attina\/f1-hilfe\/wp-content\/uploads\/2024\/08\/image-18-300x209.png 300w, https:\/\/abc-cloud.de\/attina\/f1-hilfe\/wp-content\/uploads\/2024\/08\/image-18-768x534.png 768w\" sizes=\"auto, (max-width: 927px) 100vw, 927px\" \/><\/figure>\n\n\n\n<p><br><strong>Nach jeder \u00c4nderungen mit Haken speichern und schlie\u00dfen.<\/strong><br>&#8212;&#8212;&#8212;&#8212;&#8212;&#8212;&#8212;&#8212;&#8212;&#8212;&#8212;&#8212;&#8212;&#8212;&#8212;&#8212;&#8212;&#8212;&#8212;&#8212;&#8212;&#8212;&#8212;&#8212;&#8212;&#8212;&#8212;&#8212;&#8212;&#8212;&#8211;<\/p>\n\n\n\n<p>weitere Einstellungen im Abschnitt:<\/p>\n\n\n\n<figure class=\"wp-block-image size-full is-resized\"><img loading=\"lazy\" decoding=\"async\" width=\"538\" height=\"185\" src=\"https:\/\/abc-cloud.de\/attina\/f1-hilfe\/wp-content\/uploads\/2024\/08\/image-19.png\" alt=\"\" class=\"wp-image-1839\" style=\"width:334px;height:auto\" srcset=\"https:\/\/abc-cloud.de\/attina\/f1-hilfe\/wp-content\/uploads\/2024\/08\/image-19.png 538w, https:\/\/abc-cloud.de\/attina\/f1-hilfe\/wp-content\/uploads\/2024\/08\/image-19-300x103.png 300w\" sizes=\"auto, (max-width: 538px) 100vw, 538px\" \/><\/figure>\n\n\n\n<p>Im gleichen Abschnitt, in der unteren Zeile, haben Sie die M\u00f6glichkeit einen voreingestellten tarifbezogenen Wert zu \u00fcbernehmen:<br>Der BAP-Regelfall bedeutet max. 150 Stunden, BAP-Sonderfall bedeutet 100 Stunden. \u00dcber ein Minusstundenlimit ist uns nichts bekannt. <br>Attina rechnet automatisch runter und die max. Stunden sinken.<\/p>\n\n\n\n<p><strong>Regelung bei IGZ-Tarifvertrag<\/strong>:<br>Bleiben Sie dann bitte einfach bei &#8222;manuell\/ohne&#8220;, dann greift automatisch die Regelung nach IGZ-Tarifvertr\u00e4gen:<br>150 Plusstunden und 105 Minusstunden d\u00fcrfen nicht \u00fcberschritten werden<br>&#8212;&#8212;&#8212;&#8212;&#8212;&#8212;&#8212;&#8212;&#8212;&#8212;&#8212;&#8212;&#8212;&#8212;&#8212;&#8212;&#8212;&#8212;&#8212;&#8212;&#8212;&#8212;&#8212;&#8212;&#8212;&#8212;&#8212;&#8212;&#8212;&#8212;&#8211;<\/p>\n\n\n\n<p class=\"has-large-font-size\"><strong>Ist die AZK Grenze erreicht<\/strong> <em>(Kurzanleitung)<\/em> <strong>: <\/strong><\/p>\n\n\n\n<p>Klicken Sie im attina-Men\u00fc auf &#8222;Abl\u00e4ufe&#8220; und w\u00e4hlen dann &#8222;automatische AZK-Buchung aus. Dort gibt es in der oberen Leiste einen Werzeug-Button (Einstellungen), den Sie bitte anklicken. Im PopUp-Fenster k\u00f6nnen Sie nun \u00c4nderungen an der AZK-Berechnung vornehmen:<\/p>\n\n\n\n<ul class=\"wp-block-list\">\n<li>die Untergrenze weiter runter setzen<\/li>\n\n\n\n<li>Standardeinstellungen sind: <strong>Min. AZK 21<\/strong> (Minus AZK) <br>und <strong>Max. AZK 150<\/strong> (Maximal AZK)<\/li>\n\n\n\n<li><strong>Achtung<\/strong>: die Stunden bei Minus-AZK werden zwar positiv angegeben,  werden aber als Minus-Stunden verrechnet.<\/li>\n<\/ul>\n\n\n\n<p class=\"has-large-font-size\"><strong>Nach \u00c4nderungen immer mit Haken speichern! <\/strong><\/p>\n\n\n\n<p><strong>Mehr zu den Funktionen im Modul &#8222;Automatische AZK-Buchung&#8220; finden Sie hier:<\/strong> <br><a href=\"https:\/\/abc-cloud.de\/attina\/f1-hilfe\/autom-azk-buchung\/\">https:\/\/abc-cloud.de\/attina\/f1-hilfe\/autom-azk-buchung\/<\/a><br>&#8212;&#8212;&#8212;&#8212;&#8212;&#8212;&#8212;&#8212;&#8212;&#8212;&#8212;&#8212;&#8212;&#8212;&#8212;&#8212;&#8212;&#8212;&#8212;&#8212;&#8212;&#8212;&#8212;&#8212;&#8212;&#8212;&#8212;&#8212;&#8212;&#8212;&#8211;<\/p>\n\n\n\n<p>Standardm\u00e4\u00dfig steht beim Neuanlegen eines Mitarbeiters bei AZK der Wert 0,00.<br>Falls gew\u00fcnscht, kann dieser Wert manuell ge\u00e4ndert werden, wenn z. B. der Mitarbeiter schon einmal in Ihrem Unternehmen besch\u00e4ftigt war.<br>Klicken Sie im <strong>Mitarbeitermodul<\/strong> auf <strong>Bearbeiten <\/strong>(Zettel und Stift-Icon) und und w\u00e4hlen dann <strong>AZK-Startwert<\/strong> aus. <br>Im kleinen PopUp-Fenster gew\u00fcnschten Startwert eingeben und speichern.<\/p>\n\n\n\n<figure class=\"wp-block-image size-full\"><img loading=\"lazy\" decoding=\"async\" width=\"948\" height=\"782\" src=\"https:\/\/abc-cloud.de\/attina\/f1-hilfe\/wp-content\/uploads\/2024\/08\/image-21.png\" alt=\"\" class=\"wp-image-1848\" srcset=\"https:\/\/abc-cloud.de\/attina\/f1-hilfe\/wp-content\/uploads\/2024\/08\/image-21.png 948w, https:\/\/abc-cloud.de\/attina\/f1-hilfe\/wp-content\/uploads\/2024\/08\/image-21-300x247.png 300w, https:\/\/abc-cloud.de\/attina\/f1-hilfe\/wp-content\/uploads\/2024\/08\/image-21-768x634.png 768w\" sizes=\"auto, (max-width: 948px) 100vw, 948px\" \/><\/figure>\n\n\n\n<p>&#8212;&#8212;&#8212;&#8212;&#8212;&#8212;&#8212;&#8212;&#8212;&#8212;&#8212;&#8212;&#8212;&#8212;&#8212;&#8212;&#8212;&#8212;&#8212;&#8212;&#8212;&#8212;&#8212;&#8212;&#8212;&#8212;&#8212;&#8212;&#8212;&#8212;&#8211;<\/p>\n\n\n\n<p>Im Mitarbeitermodul k\u00f6nnen Sie unter dem Reiter &#8222;Dispo&#8220; dem betreffenden Mitarbeiter statt Urlaub und Krankheitstagen auch Freizeitausgleich mit den \u00dcberstunden eintragen:<\/p>\n\n\n\n<p>Im <strong>Mitarbeitermodul<\/strong> also den Reiter &#8222;<strong>Dispo<\/strong>&#8220; w\u00e4hlen und mit Klick auf das <strong>+<\/strong> (unten links) einen neuen Eintrag hinzuf\u00fcgen. <br>Im PopUp-Fenster w\u00e4hlen Sie die <strong>Von\/Bis-Daten<\/strong>, w\u00e4hlen Sie dann den <strong>Lohnarten-Typ &#8222;AZK&#8220;<\/strong>, tragen Sie die <strong>Anzahl der Stunden<\/strong> ein. Im Feld <strong>LA-Typ erweitert<\/strong> w\u00e4hlen Sie &#8222;<strong>Freizeit<\/strong>&#8220; aus. <br>Im <strong>Bemerkungsfeld<\/strong> k\u00f6nnen Sie bei Bedarf noch eine kurze Notiz verfassen. <br>Setzen Sie einen Haken bei &#8222;Wochenende auslassen&#8220; und klicken Sie <strong>anschlie\u00dfend auf Speichern<\/strong> (gr\u00fcn). <\/p>\n\n\n\n<figure class=\"wp-block-image size-full\"><img loading=\"lazy\" decoding=\"async\" width=\"949\" height=\"787\" src=\"https:\/\/abc-cloud.de\/attina\/f1-hilfe\/wp-content\/uploads\/2024\/08\/image-23.png\" alt=\"\" class=\"wp-image-1851\" srcset=\"https:\/\/abc-cloud.de\/attina\/f1-hilfe\/wp-content\/uploads\/2024\/08\/image-23.png 949w, https:\/\/abc-cloud.de\/attina\/f1-hilfe\/wp-content\/uploads\/2024\/08\/image-23-300x249.png 300w, https:\/\/abc-cloud.de\/attina\/f1-hilfe\/wp-content\/uploads\/2024\/08\/image-23-768x637.png 768w\" sizes=\"auto, (max-width: 949px) 100vw, 949px\" \/><\/figure>\n\n\n\n<p>Die Angaben stehen dann in der <strong>Dispo <\/strong>aufgelistet und werden in der <strong>Fakturierung<\/strong> \u00fcbernommen.<\/p>\n\n\n\n<p class=\"has-large-font-size\"><strong>AZK in der Fakturierung<\/strong><\/p>\n\n\n\n<p>Wie Sie eine Fakturierung starten, k\u00f6nnen Sie sich unter folgendem Link anschauen und\/oder durchlesen:<br><a href=\"https:\/\/abc-cloud.de\/attina\/f1-hilfe\/fakturierung\/\">Fakturierung \u2013 Attina Hilfe (abc-cloud.de)<\/a><\/p>\n\n\n\n<p>Lassen Sie sich w\u00e4hrend der Fakturierung die Daten aus der Dispo anzeigen, um einen besseren \u00dcberblick \u00fcber die Daten zu haben, die bearbeitet werden sollen. <br>Klicken Sie dazu im Fakturierungsmodul auf den Button mit dem Uhrensymbol (zweiter Button von rechts). Die Dispo-Daten sehen Sie dann rechts oben im Modulfenster. <\/p>\n\n\n\n<figure class=\"wp-block-image size-full is-resized\"><img loading=\"lazy\" decoding=\"async\" width=\"948\" height=\"306\" src=\"https:\/\/abc-cloud.de\/attina\/f1-hilfe\/wp-content\/uploads\/2024\/08\/image-25.png\" alt=\"\" class=\"wp-image-1854\" style=\"width:789px;height:auto\" srcset=\"https:\/\/abc-cloud.de\/attina\/f1-hilfe\/wp-content\/uploads\/2024\/08\/image-25.png 948w, https:\/\/abc-cloud.de\/attina\/f1-hilfe\/wp-content\/uploads\/2024\/08\/image-25-300x97.png 300w, https:\/\/abc-cloud.de\/attina\/f1-hilfe\/wp-content\/uploads\/2024\/08\/image-25-768x248.png 768w\" sizes=\"auto, (max-width: 948px) 100vw, 948px\" \/><\/figure>\n\n\n\n<p class=\"has-large-font-size\">Manuelle <strong>AZK Buchung<\/strong>:<\/p>\n\n\n\n<p>Klicken Sie auf einen bestimmten Tag in der oberen Liste und geben SIe in der Spalte <strong>&#8222;Stunden&#8220;<\/strong> einen Wert ein, z. B. 10. Dr\u00fccken Sie die Enter-Taste, dann \u00f6ffnet sich ein neues Fenster: dort <strong>Rest des Zeitbereichs oder Rest der Woche ausw\u00e4hlen.<\/strong><br><\/p>\n\n\n\n<figure class=\"wp-block-image size-full\"><img loading=\"lazy\" decoding=\"async\" width=\"834\" height=\"554\" src=\"https:\/\/abc-cloud.de\/attina\/f1-hilfe\/wp-content\/uploads\/2024\/08\/image-27.png\" alt=\"\" class=\"wp-image-1857\" srcset=\"https:\/\/abc-cloud.de\/attina\/f1-hilfe\/wp-content\/uploads\/2024\/08\/image-27.png 834w, https:\/\/abc-cloud.de\/attina\/f1-hilfe\/wp-content\/uploads\/2024\/08\/image-27-300x199.png 300w, https:\/\/abc-cloud.de\/attina\/f1-hilfe\/wp-content\/uploads\/2024\/08\/image-27-768x510.png 768w\" sizes=\"auto, (max-width: 834px) 100vw, 834px\" \/><\/figure>\n\n\n\n<p>Machen Sie nun einen Rechtsklick auf den betreffenden Tag,<br><strong>Das sind die Auswahlm\u00f6glichkeiten im neuen Fenster:<\/strong><\/p>\n\n\n\n<figure class=\"wp-block-image size-full\"><a href=\"https:\/\/abc-cloud.de\/attina\/f1-hilfe\/wp-content\/uploads\/2023\/03\/azk9.jpg\"><img loading=\"lazy\" decoding=\"async\" width=\"319\" height=\"618\" src=\"https:\/\/abc-cloud.de\/attina\/f1-hilfe\/wp-content\/uploads\/2023\/03\/azk9.jpg\" alt=\"\" class=\"wp-image-1537\" srcset=\"https:\/\/abc-cloud.de\/attina\/f1-hilfe\/wp-content\/uploads\/2023\/03\/azk9.jpg 319w, https:\/\/abc-cloud.de\/attina\/f1-hilfe\/wp-content\/uploads\/2023\/03\/azk9-155x300.jpg 155w\" sizes=\"auto, (max-width: 319px) 100vw, 319px\" \/><\/a><\/figure>\n\n\n\n<p><strong>Stunden dem AZK zubuchen: (\u00dcberstunden werden auf das AZ-Konto gebucht)<br>Stunden dem AZK abbuchen: (Minusstunden werden durch das AZK ausgeglichen)<br>AZK setzen: (AZK ausbezahlen)<\/strong><\/p>\n\n\n\n<p>Sollten Sie die Buchung \u00e4ndern wollen, so machen Sie erneut einen Rechtsklick auf den betreffenden Tag und w\u00e4hlen dann <strong>AZK-Buchung l\u00f6schen<\/strong> aus.<br>&#8212;&#8212;&#8212;&#8212;&#8212;&#8212;&#8212;&#8212;&#8212;&#8212;&#8212;&#8212;&#8212;&#8212;&#8212;&#8212;&#8212;&#8212;&#8212;&#8212;&#8212;&#8212;&#8212;&#8212;&#8212;&#8212;&#8212;&#8212;&#8212;&#8212;&#8211;<\/p>\n\n\n\n<p class=\"has-large-font-size\"><strong>Automatische AZK Buchung<\/strong><\/p>\n\n\n\n<p>Die ausf\u00fchrliche Anleitung zur automatischen Buchung von AZK-Stunden finden Sie hier: <br><a href=\"https:\/\/abc-cloud.de\/attina\/f1-hilfe\/autom-azk-buchung\/\">Automatische AZK-Buchung \u2013 Attina Hilfe (abc-cloud.de)<\/a><\/p>\n\n\n\n<p><\/p>\n\n\n\n<p><strong>Damit zum Schluss in der Fakturierung alles richtig gezogen wird, muss folgendes eingestellt sein: <\/strong><br>Folgen Sie folgendem Pfad im attina-Men\u00fc:<br><strong>Datei \/ Einstellungen \/ Systemverwaltung \/ spezielle Lohnarten<\/strong><\/p>\n\n\n\n<figure class=\"wp-block-image size-full\"><a href=\"https:\/\/abc-cloud.de\/attina\/f1-hilfe\/wp-content\/uploads\/2023\/03\/azk15.jpg\"><img loading=\"lazy\" decoding=\"async\" width=\"1023\" height=\"497\" src=\"https:\/\/abc-cloud.de\/attina\/f1-hilfe\/wp-content\/uploads\/2023\/03\/azk15.jpg\" alt=\"\" class=\"wp-image-1543\" srcset=\"https:\/\/abc-cloud.de\/attina\/f1-hilfe\/wp-content\/uploads\/2023\/03\/azk15.jpg 1023w, https:\/\/abc-cloud.de\/attina\/f1-hilfe\/wp-content\/uploads\/2023\/03\/azk15-300x146.jpg 300w, https:\/\/abc-cloud.de\/attina\/f1-hilfe\/wp-content\/uploads\/2023\/03\/azk15-768x373.jpg 768w\" sizes=\"auto, (max-width: 1023px) 100vw, 1023px\" \/><\/a><\/figure>\n\n\n\n<p>Sollten hier noch keine Werte stehen, m\u00fcssen unter <br>S<strong>tammdaten \/ Lohnarten u. Kundenzuschl\u00e4ge<\/strong> die Lohnarten zuerst separat angelegt werden. Wie man Lohnarten anlegt, erkl\u00e4ren wir Ihnen hier genauer: <br><a href=\"https:\/\/abc-cloud.de\/attina\/f1-hilfe\/lohnarten-kunden-zuschlaege\/\">Lohnarten\/Kunden-zuschl\u00e4ge \u2013 Attina Hilfe (abc-cloud.de)<\/a><\/p>\n\n\n\n<p>Als Beispiel zeigen wir Ihnen hier:<strong> Lohnart AZK Freizeit: <\/strong><\/p>\n\n\n\n<figure class=\"wp-block-image size-full\"><img loading=\"lazy\" decoding=\"async\" width=\"949\" height=\"899\" src=\"https:\/\/abc-cloud.de\/attina\/f1-hilfe\/wp-content\/uploads\/2024\/08\/image-28.png\" alt=\"\" class=\"wp-image-1860\" srcset=\"https:\/\/abc-cloud.de\/attina\/f1-hilfe\/wp-content\/uploads\/2024\/08\/image-28.png 949w, https:\/\/abc-cloud.de\/attina\/f1-hilfe\/wp-content\/uploads\/2024\/08\/image-28-300x284.png 300w, https:\/\/abc-cloud.de\/attina\/f1-hilfe\/wp-content\/uploads\/2024\/08\/image-28-768x728.png 768w\" sizes=\"auto, (max-width: 949px) 100vw, 949px\" \/><\/figure>\n\n\n\n<p>Wurde die entsprechende Lohnart hinterlegt (gespeichert), sind die Angaben dazu in der Systemverwaltung mittels der Lupe im betreffenden Feld zu finden.<\/p>\n\n\n\n<figure class=\"wp-block-image size-full\"><img loading=\"lazy\" decoding=\"async\" width=\"949\" height=\"467\" src=\"https:\/\/abc-cloud.de\/attina\/f1-hilfe\/wp-content\/uploads\/2024\/08\/image-29.png\" alt=\"\" class=\"wp-image-1861\" srcset=\"https:\/\/abc-cloud.de\/attina\/f1-hilfe\/wp-content\/uploads\/2024\/08\/image-29.png 949w, https:\/\/abc-cloud.de\/attina\/f1-hilfe\/wp-content\/uploads\/2024\/08\/image-29-300x148.png 300w, https:\/\/abc-cloud.de\/attina\/f1-hilfe\/wp-content\/uploads\/2024\/08\/image-29-768x378.png 768w\" sizes=\"auto, (max-width: 949px) 100vw, 949px\" \/><\/figure>\n\n\n\n<p><strong>Erkl\u00e4rung:<\/strong><br><strong>AZK Freizeit <\/strong>(f\u00fcr Freizeitausgleich)<br><strong>AZK Auszahlung<\/strong> (\u00dcberstunden ausbezahlen)<br><strong>AZK Abgeltung<\/strong> (wird verwendet bei K\u00fcndigung\/Entlassung eines Mitarbeiters. In dem Falle wird alles vom AZ-Konto ausbezahlt)<\/p>\n","protected":false},"excerpt":{"rendered":"<p>Jeder Mitarbeiter hat ein Arbeitszeitkonto. Ein Arbeitszeitkonto hat den Zweck, \u00dcberstunden zu registrieren. Die aktuelle H\u00f6he der AZK-Stunden k\u00f6nnen Sie im Mitarbeitermodul unter dem Reiter &#8222;Lohndaten&#8220; einsehen. Sobald das AZ-Konto 150 Stunden erreicht hat, werden dar\u00fcber hinaus geleistete \u00dcberstunden automatisch ausgezahlt. Wichtig zu wissen: AZK wird zum jeweiligen Tariflohn ein- bzw ausbezahlt! Beispiel:\u00a0ein MA mit [&hellip;]<\/p>\n","protected":false},"author":4,"featured_media":0,"parent":0,"menu_order":0,"comment_status":"closed","ping_status":"closed","template":"","meta":{"footnotes":""},"class_list":["post-1528","page","type-page","status-publish","hentry"],"_links":{"self":[{"href":"https:\/\/abc-cloud.de\/attina\/f1-hilfe\/wp-json\/wp\/v2\/pages\/1528","targetHints":{"allow":["GET"]}}],"collection":[{"href":"https:\/\/abc-cloud.de\/attina\/f1-hilfe\/wp-json\/wp\/v2\/pages"}],"about":[{"href":"https:\/\/abc-cloud.de\/attina\/f1-hilfe\/wp-json\/wp\/v2\/types\/page"}],"author":[{"embeddable":true,"href":"https:\/\/abc-cloud.de\/attina\/f1-hilfe\/wp-json\/wp\/v2\/users\/4"}],"replies":[{"embeddable":true,"href":"https:\/\/abc-cloud.de\/attina\/f1-hilfe\/wp-json\/wp\/v2\/comments?post=1528"}],"version-history":[{"count":13,"href":"https:\/\/abc-cloud.de\/attina\/f1-hilfe\/wp-json\/wp\/v2\/pages\/1528\/revisions"}],"predecessor-version":[{"id":1862,"href":"https:\/\/abc-cloud.de\/attina\/f1-hilfe\/wp-json\/wp\/v2\/pages\/1528\/revisions\/1862"}],"wp:attachment":[{"href":"https:\/\/abc-cloud.de\/attina\/f1-hilfe\/wp-json\/wp\/v2\/media?parent=1528"}],"curies":[{"name":"wp","href":"https:\/\/api.w.org\/{rel}","templated":true}]}}