{"id":1607,"date":"2024-02-07T11:28:25","date_gmt":"2024-02-07T10:28:25","guid":{"rendered":"https:\/\/abc-cloud.de\/attina\/f1-hilfe\/?page_id=1607"},"modified":"2024-02-07T11:32:07","modified_gmt":"2024-02-07T10:32:07","slug":"passwort-fuer-die-pia-app-vergeben","status":"publish","type":"page","link":"https:\/\/abc-cloud.de\/attina\/f1-hilfe\/passwort-fuer-die-pia-app-vergeben\/","title":{"rendered":"Passwort f\u00fcr die PIA-App vergeben"},"content":{"rendered":"\n<p><strong>Situation: <\/strong> Sie m\u00f6chten ein neues Passwort f\u00fcr einen Mitarbeiter<br>                  vergeben, damit dieser sich in der PIA-App anmelden kann.<br><\/p>\n\n\n\n<p><strong>Schritt 1:<\/strong>   Als erstes ist wichtig abzufragen, ob die E-Mailadresse im<br>                  Mitarbeiterprofil aktuell und richtig geschrieben ist.<br>                  Wichtig ist auch, dass der Mitarbeiter als \u201eaktiv\u201c angezeigt ist<br>                  (also gr\u00fcner Punkt \u00fcber dem Namensfeld im Profil. Sollte der<br>                  Punkt rot sein: ein Klick auf den \u201eBearbeiten-Button\u201cund aus<br>                  dem Men\u00fc \u201eAktiv\/Inaktiv\u201c w\u00e4hlen. Dann sollte der Punkt<br>                  gr\u00fcn sein)<\/p>\n\n\n\n<figure class=\"wp-block-image size-full is-resized\"><img loading=\"lazy\" decoding=\"async\" width=\"388\" height=\"57\" src=\"https:\/\/abc-cloud.de\/attina\/f1-hilfe\/wp-content\/uploads\/2024\/02\/image.png\" alt=\"\" class=\"wp-image-1608\" style=\"width:385px;height:auto\" srcset=\"https:\/\/abc-cloud.de\/attina\/f1-hilfe\/wp-content\/uploads\/2024\/02\/image.png 388w, https:\/\/abc-cloud.de\/attina\/f1-hilfe\/wp-content\/uploads\/2024\/02\/image-300x44.png 300w\" sizes=\"auto, (max-width: 388px) 100vw, 388px\" \/><\/figure>\n\n\n\n<p><\/p>\n\n\n\n<p><strong>Schritt 2: <\/strong>  Wenn der Punkt gr\u00fcn ist und die Mailadresse stimmt, dann<br>                  klicken Sie bitte auf den Bearbeiten-Button:<\/p>\n\n\n\n<figure class=\"wp-block-image size-full is-style-default\"><img loading=\"lazy\" decoding=\"async\" width=\"388\" height=\"57\" src=\"https:\/\/abc-cloud.de\/attina\/f1-hilfe\/wp-content\/uploads\/2024\/02\/image-1.png\" alt=\"\" class=\"wp-image-1609\" srcset=\"https:\/\/abc-cloud.de\/attina\/f1-hilfe\/wp-content\/uploads\/2024\/02\/image-1.png 388w, https:\/\/abc-cloud.de\/attina\/f1-hilfe\/wp-content\/uploads\/2024\/02\/image-1-300x44.png 300w\" sizes=\"auto, (max-width: 388px) 100vw, 388px\" \/><\/figure>\n\n\n\n<p><\/p>\n\n\n\n<p><strong>Schritt 3: <\/strong>  Im sich \u00f6ffnenden Men\u00fc w\u00e4hlen Sie \u201ePIA-Login setzen\u201c:<br>                  Sobald Sie darauf geklickt haben, wird automatsch eine E-Mail<br>                  verschickt mit einem zuf\u00e4llig generiertem Passwort.<\/p>\n\n\n\n<figure class=\"wp-block-image size-large is-resized\"><img loading=\"lazy\" decoding=\"async\" width=\"1024\" height=\"390\" src=\"https:\/\/abc-cloud.de\/attina\/f1-hilfe\/wp-content\/uploads\/2024\/02\/image-2-1024x390.png\" alt=\"\" class=\"wp-image-1610\" style=\"width:982px;height:auto\" srcset=\"https:\/\/abc-cloud.de\/attina\/f1-hilfe\/wp-content\/uploads\/2024\/02\/image-2-1024x390.png 1024w, https:\/\/abc-cloud.de\/attina\/f1-hilfe\/wp-content\/uploads\/2024\/02\/image-2-300x114.png 300w, https:\/\/abc-cloud.de\/attina\/f1-hilfe\/wp-content\/uploads\/2024\/02\/image-2-768x293.png 768w, https:\/\/abc-cloud.de\/attina\/f1-hilfe\/wp-content\/uploads\/2024\/02\/image-2-1200x457.png 1200w, https:\/\/abc-cloud.de\/attina\/f1-hilfe\/wp-content\/uploads\/2024\/02\/image-2.png 1215w\" sizes=\"auto, (max-width: 1024px) 100vw, 1024px\" \/><\/figure>\n\n\n\n<p><\/p>\n\n\n\n<p><strong>Hinweis: <\/strong>  Das Passwort k\u00f6nnen wir von abc nicht selbst generieren.<br>                  Der Versand der E-Mail kann einige Minuten dauern. Der<br>                  Mitarbeiter soll zwischendurch auch mal den Spam-Ordner<br>                  checken.<br>                  Falls eine E-Mail mal gar nicht ankommen sollte, gleichen Sie<br>                  nochmal die E-Mailadresse ab.<\/p>\n","protected":false},"excerpt":{"rendered":"<p>Situation: Sie m\u00f6chten ein neues Passwort f\u00fcr einen Mitarbeiter vergeben, damit dieser sich in der PIA-App anmelden kann. Schritt 1: Als erstes ist wichtig abzufragen, ob die E-Mailadresse im Mitarbeiterprofil aktuell und richtig geschrieben ist. Wichtig ist auch, dass der Mitarbeiter als \u201eaktiv\u201c angezeigt ist (also gr\u00fcner Punkt \u00fcber dem Namensfeld im Profil. Sollte der [&hellip;]<\/p>\n","protected":false},"author":4,"featured_media":0,"parent":0,"menu_order":0,"comment_status":"closed","ping_status":"closed","template":"","meta":{"footnotes":""},"class_list":["post-1607","page","type-page","status-publish","hentry"],"_links":{"self":[{"href":"https:\/\/abc-cloud.de\/attina\/f1-hilfe\/wp-json\/wp\/v2\/pages\/1607","targetHints":{"allow":["GET"]}}],"collection":[{"href":"https:\/\/abc-cloud.de\/attina\/f1-hilfe\/wp-json\/wp\/v2\/pages"}],"about":[{"href":"https:\/\/abc-cloud.de\/attina\/f1-hilfe\/wp-json\/wp\/v2\/types\/page"}],"author":[{"embeddable":true,"href":"https:\/\/abc-cloud.de\/attina\/f1-hilfe\/wp-json\/wp\/v2\/users\/4"}],"replies":[{"embeddable":true,"href":"https:\/\/abc-cloud.de\/attina\/f1-hilfe\/wp-json\/wp\/v2\/comments?post=1607"}],"version-history":[{"count":5,"href":"https:\/\/abc-cloud.de\/attina\/f1-hilfe\/wp-json\/wp\/v2\/pages\/1607\/revisions"}],"predecessor-version":[{"id":1629,"href":"https:\/\/abc-cloud.de\/attina\/f1-hilfe\/wp-json\/wp\/v2\/pages\/1607\/revisions\/1629"}],"wp:attachment":[{"href":"https:\/\/abc-cloud.de\/attina\/f1-hilfe\/wp-json\/wp\/v2\/media?parent=1607"}],"curies":[{"name":"wp","href":"https:\/\/api.w.org\/{rel}","templated":true}]}}