{"id":1632,"date":"2024-02-07T16:33:06","date_gmt":"2024-02-07T15:33:06","guid":{"rendered":"https:\/\/abc-cloud.de\/attina\/f1-hilfe\/?page_id=1632"},"modified":"2025-02-05T14:19:48","modified_gmt":"2025-02-05T13:19:48","slug":"neues-passwort-fuer-attina-zugang-vergeben","status":"publish","type":"page","link":"https:\/\/abc-cloud.de\/attina\/f1-hilfe\/neues-passwort-fuer-attina-zugang-vergeben\/","title":{"rendered":"Neues Passwort f\u00fcr  attina-Zugang vergeben"},"content":{"rendered":"\n<p><\/p>\n\n\n\n<p><strong>Situation:<\/strong>  Sie m\u00f6chten ein neues Passwort f\u00fcr sich oder Ihre Kollegen\/Mitarbeiter erstellen. Sie brauchen hierf\u00fcr Admin-Rechte. Wenden Sie sich ggf. an Ihren Vorgesetzten, oder rufen Sie uns im Support an.<\/p>\n\n\n\n<p><strong>Schritt 1:<\/strong> \u00d6ffnen Sie attina und folgen Sie dem Pfad: <br>Datei \u2013 Einstellungen \u2013 System \u2013 Benutzer- und Rechteverwaltung<\/p>\n\n\n\n<figure class=\"wp-block-image size-full\"><img loading=\"lazy\" decoding=\"async\" width=\"949\" height=\"173\" src=\"https:\/\/abc-cloud.de\/attina\/f1-hilfe\/wp-content\/uploads\/2024\/02\/image-3.png\" alt=\"\" class=\"wp-image-1634\" srcset=\"https:\/\/abc-cloud.de\/attina\/f1-hilfe\/wp-content\/uploads\/2024\/02\/image-3.png 949w, https:\/\/abc-cloud.de\/attina\/f1-hilfe\/wp-content\/uploads\/2024\/02\/image-3-300x55.png 300w, https:\/\/abc-cloud.de\/attina\/f1-hilfe\/wp-content\/uploads\/2024\/02\/image-3-768x140.png 768w\" sizes=\"auto, (max-width: 949px) 100vw, 949px\" \/><\/figure>\n\n\n\n<p><strong>Schritt 2:<\/strong>  Um der Tabelle unten sehen Sie alle attina-User aufgef\u00fchrt. Klicken Sie den User an, um den es Ihnen geht. Dann klicken Sie rechts neben das Schl\u00fcsselsymbol und w\u00e4hlen Sie aus dem Men\u00fc \u201ePasswort setzen\u201c:<\/p>\n\n\n\n<figure class=\"wp-block-image size-full\"><img loading=\"lazy\" decoding=\"async\" width=\"930\" height=\"190\" src=\"https:\/\/abc-cloud.de\/attina\/f1-hilfe\/wp-content\/uploads\/2024\/02\/image-4.png\" alt=\"\" class=\"wp-image-1635\" srcset=\"https:\/\/abc-cloud.de\/attina\/f1-hilfe\/wp-content\/uploads\/2024\/02\/image-4.png 930w, https:\/\/abc-cloud.de\/attina\/f1-hilfe\/wp-content\/uploads\/2024\/02\/image-4-300x61.png 300w, https:\/\/abc-cloud.de\/attina\/f1-hilfe\/wp-content\/uploads\/2024\/02\/image-4-768x157.png 768w\" sizes=\"auto, (max-width: 930px) 100vw, 930px\" \/><\/figure>\n\n\n\n<p><strong>Schritt 3:<\/strong>  Im kleinen PopUp-Fenster k\u00f6nnen Sie nun ein neues Passwort eingeben. Klicken Sie danach auf &#8222;OK&#8220; und speichern Sie Ihre \u00c4nderungen mit dem schwarzen Haken.<\/p>\n\n\n\n<figure class=\"wp-block-image size-full is-resized\"><img loading=\"lazy\" decoding=\"async\" width=\"421\" height=\"176\" src=\"https:\/\/abc-cloud.de\/attina\/f1-hilfe\/wp-content\/uploads\/2024\/02\/image-5.png\" alt=\"\" class=\"wp-image-1636\" style=\"width:273px;height:auto\" srcset=\"https:\/\/abc-cloud.de\/attina\/f1-hilfe\/wp-content\/uploads\/2024\/02\/image-5.png 421w, https:\/\/abc-cloud.de\/attina\/f1-hilfe\/wp-content\/uploads\/2024\/02\/image-5-300x125.png 300w\" sizes=\"auto, (max-width: 421px) 100vw, 421px\" \/><\/figure>\n\n\n\n<p><strong>Schritt 4:<\/strong>   Melden Sie sich einmal ab und starten attina erneut. Melden Sie  sich nun mit Ihrem neuen Passwort an. Bzw.: geben Sie das neue Passwort an den Kollegen\/Mitarbeiter weiter. Dieser soll einmal testen, ob die \u00c4nderung erfolgreich war.<\/p>\n","protected":false},"excerpt":{"rendered":"<p>Situation: Sie m\u00f6chten ein neues Passwort f\u00fcr sich oder Ihre Kollegen\/Mitarbeiter erstellen. Sie brauchen hierf\u00fcr Admin-Rechte. Wenden Sie sich ggf. an Ihren Vorgesetzten, oder rufen Sie uns im Support an. Schritt 1: \u00d6ffnen Sie attina und folgen Sie dem Pfad: Datei \u2013 Einstellungen \u2013 System \u2013 Benutzer- und Rechteverwaltung Schritt 2: Um der Tabelle unten [&hellip;]<\/p>\n","protected":false},"author":4,"featured_media":0,"parent":0,"menu_order":0,"comment_status":"closed","ping_status":"closed","template":"","meta":{"footnotes":""},"class_list":["post-1632","page","type-page","status-publish","hentry"],"_links":{"self":[{"href":"https:\/\/abc-cloud.de\/attina\/f1-hilfe\/wp-json\/wp\/v2\/pages\/1632","targetHints":{"allow":["GET"]}}],"collection":[{"href":"https:\/\/abc-cloud.de\/attina\/f1-hilfe\/wp-json\/wp\/v2\/pages"}],"about":[{"href":"https:\/\/abc-cloud.de\/attina\/f1-hilfe\/wp-json\/wp\/v2\/types\/page"}],"author":[{"embeddable":true,"href":"https:\/\/abc-cloud.de\/attina\/f1-hilfe\/wp-json\/wp\/v2\/users\/4"}],"replies":[{"embeddable":true,"href":"https:\/\/abc-cloud.de\/attina\/f1-hilfe\/wp-json\/wp\/v2\/comments?post=1632"}],"version-history":[{"count":8,"href":"https:\/\/abc-cloud.de\/attina\/f1-hilfe\/wp-json\/wp\/v2\/pages\/1632\/revisions"}],"predecessor-version":[{"id":2194,"href":"https:\/\/abc-cloud.de\/attina\/f1-hilfe\/wp-json\/wp\/v2\/pages\/1632\/revisions\/2194"}],"wp:attachment":[{"href":"https:\/\/abc-cloud.de\/attina\/f1-hilfe\/wp-json\/wp\/v2\/media?parent=1632"}],"curies":[{"name":"wp","href":"https:\/\/api.w.org\/{rel}","templated":true}]}}