{"id":1688,"date":"2024-11-12T14:48:05","date_gmt":"2024-11-12T13:48:05","guid":{"rendered":"https:\/\/abc-cloud.de\/attina\/f1-hilfe\/?page_id=1688"},"modified":"2024-11-12T15:05:11","modified_gmt":"2024-11-12T14:05:11","slug":"pia-planb","status":"publish","type":"page","link":"https:\/\/abc-cloud.de\/attina\/f1-hilfe\/pia-planb\/","title":{"rendered":"PIA &#8211; PlanB"},"content":{"rendered":"\n<p>Wenn Sie das Planungsboard &#8222;PlanB&#8220; f\u00fcr Ihr attina hinzugebucht haben, k\u00f6nnen Sie die darin erstellten Arbeitsangebote mittels der App f\u00fcr Ihre Mitarbeitenden einsehbar machen. <\/p>\n\n\n\n<p>Interessiert sich ein Mitarbeiter f\u00fcr ein Arbeitsangebot, so kann er sich in der App direkt auf diesen Einsatz bewerben. Diese Bewerbung wird Ihnen in attina &#8211; PlanB angezeigt und Sie k\u00f6nnen dann eine Zusage oder Absage der Bewerbung versenden. Eine Zusage des Angebots wird dem Mitarbeiter als &#8222;Auftrag&#8220; angezeigt (siehe unteres Video). <\/p>\n\n\n\n<figure class=\"wp-block-video\"><video height=\"1080\" style=\"aspect-ratio: 1920 \/ 1080;\" width=\"1920\" controls src=\"https:\/\/abc-cloud.de\/attina\/f1-hilfe\/wp-content\/uploads\/2024\/11\/PlanB-Angebote.mp4\"><\/video><\/figure>\n\n\n\n<p>Im App-Modul PlanB &#8211; Auftr\u00e4ge sieht Ihr Mitarbeiter nun alle von Ihnen genehmigten Bewerbungen. Mit einem Klick, kann der Mitarbeiter alle Details zu dem Einsatz einsehen, z. B. Arbeitszeiten, Ansprechpartner, usw&#8230;<\/p>\n\n\n\n<p>Der Mitarbeiter kann eine \u00dcbersichtstabelle aller Auftr\u00e4ge als Dienstplan versenden. <br>Au\u00dferdem kann der Mitarbeiter auch die Historie aller vergangenen Auftr\u00e4ge einsehen. <\/p>\n\n\n\n<figure class=\"wp-block-video\"><video height=\"1080\" style=\"aspect-ratio: 1920 \/ 1080;\" width=\"1920\" controls src=\"https:\/\/abc-cloud.de\/attina\/f1-hilfe\/wp-content\/uploads\/2024\/11\/PlanB-Auftraege.mp4\"><\/video><\/figure>\n\n\n\n<p><\/p>\n","protected":false},"excerpt":{"rendered":"<p>Wenn Sie das Planungsboard &#8222;PlanB&#8220; f\u00fcr Ihr attina hinzugebucht haben, k\u00f6nnen Sie die darin erstellten Arbeitsangebote mittels der App f\u00fcr Ihre Mitarbeitenden einsehbar machen. Interessiert sich ein Mitarbeiter f\u00fcr ein Arbeitsangebot, so kann er sich in der App direkt auf diesen Einsatz bewerben. Diese Bewerbung wird Ihnen in attina &#8211; PlanB angezeigt und Sie k\u00f6nnen [&hellip;]<\/p>\n","protected":false},"author":4,"featured_media":0,"parent":0,"menu_order":0,"comment_status":"closed","ping_status":"closed","template":"","meta":{"footnotes":""},"class_list":["post-1688","page","type-page","status-publish","hentry"],"_links":{"self":[{"href":"https:\/\/abc-cloud.de\/attina\/f1-hilfe\/wp-json\/wp\/v2\/pages\/1688","targetHints":{"allow":["GET"]}}],"collection":[{"href":"https:\/\/abc-cloud.de\/attina\/f1-hilfe\/wp-json\/wp\/v2\/pages"}],"about":[{"href":"https:\/\/abc-cloud.de\/attina\/f1-hilfe\/wp-json\/wp\/v2\/types\/page"}],"author":[{"embeddable":true,"href":"https:\/\/abc-cloud.de\/attina\/f1-hilfe\/wp-json\/wp\/v2\/users\/4"}],"replies":[{"embeddable":true,"href":"https:\/\/abc-cloud.de\/attina\/f1-hilfe\/wp-json\/wp\/v2\/comments?post=1688"}],"version-history":[{"count":4,"href":"https:\/\/abc-cloud.de\/attina\/f1-hilfe\/wp-json\/wp\/v2\/pages\/1688\/revisions"}],"predecessor-version":[{"id":1969,"href":"https:\/\/abc-cloud.de\/attina\/f1-hilfe\/wp-json\/wp\/v2\/pages\/1688\/revisions\/1969"}],"wp:attachment":[{"href":"https:\/\/abc-cloud.de\/attina\/f1-hilfe\/wp-json\/wp\/v2\/media?parent=1688"}],"curies":[{"name":"wp","href":"https:\/\/api.w.org\/{rel}","templated":true}]}}