{"id":1694,"date":"2024-11-19T11:00:48","date_gmt":"2024-11-19T10:00:48","guid":{"rendered":"https:\/\/abc-cloud.de\/attina\/f1-hilfe\/?page_id=1694"},"modified":"2026-04-13T10:55:47","modified_gmt":"2026-04-13T08:55:47","slug":"pia-comnow","status":"publish","type":"page","link":"https:\/\/abc-cloud.de\/attina\/f1-hilfe\/pia-comnow\/","title":{"rendered":"PIA &#8211; ComNow"},"content":{"rendered":"\n<p>Das ComNow-Modul in Pia ist die Messenger-Funktion. \u00dcber diesen Kanal k\u00f6nnen Mitarbeiter und Arbeitgeber kommunizieren. <\/p>\n\n\n\n<p>Wie bei jedem Standard-Messenger k\u00f6nnen Dateien und auch Fotos den Nachrichten angehangen werden. Die Nachrichten, die der Mitarbeiter aus PIA heraus sendet, erscheinen in Ihrem attina und k\u00f6nnen dort gleich weiterverwendet, beantwortet und angeh\u00e4ngte Dateien direkt abgespeichert werden. <\/p>\n\n\n\n<figure class=\"wp-block-video\"><video height=\"1080\" style=\"aspect-ratio: 1920 \/ 1080;\" width=\"1920\" controls preload=\"auto\" src=\"https:\/\/abc-cloud.de\/attina\/f1-hilfe\/wp-content\/uploads\/2024\/11\/ComNow.mp4\"><\/video><\/figure>\n\n\n\n<p>ComNow-Nachrichten in attina rufen Sie z. B. \u00fcber das Mitarbeiter-Modul auf. Klicken Sie im Modul auf den Bearbeiten-Button in der oberen Leiste und w\u00e4hlen Sie &#8222;ComNow-Nachrichten&#8220;.<\/p>\n\n\n\n<figure class=\"wp-block-image size-full is-resized\"><img loading=\"lazy\" decoding=\"async\" width=\"602\" height=\"821\" src=\"https:\/\/abc-cloud.de\/attina\/f1-hilfe\/wp-content\/uploads\/2024\/11\/image-3.png\" alt=\"MA-Modul-Bearbeiten-ComNow\" class=\"wp-image-1977\" style=\"width:353px;height:auto\" srcset=\"https:\/\/abc-cloud.de\/attina\/f1-hilfe\/wp-content\/uploads\/2024\/11\/image-3.png 602w, https:\/\/abc-cloud.de\/attina\/f1-hilfe\/wp-content\/uploads\/2024\/11\/image-3-220x300.png 220w\" sizes=\"auto, (max-width: 602px) 100vw, 602px\" \/><\/figure>\n\n\n\n<p>In dem sich \u00f6ffnenden Modul haben Sie alle Nachrichten, Anh\u00e4nge usw. im \u00dcberblick. <\/p>\n\n\n\n<figure class=\"wp-block-image size-full is-resized\"><img loading=\"lazy\" decoding=\"async\" width=\"949\" height=\"521\" src=\"https:\/\/abc-cloud.de\/attina\/f1-hilfe\/wp-content\/uploads\/2024\/11\/image-4.png\" alt=\"\u00dcberblick ComNow in attina\n\" class=\"wp-image-1978\" style=\"width:951px;height:auto\" srcset=\"https:\/\/abc-cloud.de\/attina\/f1-hilfe\/wp-content\/uploads\/2024\/11\/image-4.png 949w, https:\/\/abc-cloud.de\/attina\/f1-hilfe\/wp-content\/uploads\/2024\/11\/image-4-300x165.png 300w, https:\/\/abc-cloud.de\/attina\/f1-hilfe\/wp-content\/uploads\/2024\/11\/image-4-768x422.png 768w\" sizes=\"auto, (max-width: 949px) 100vw, 949px\" \/><\/figure>\n\n\n\n<p><strong>Neue Nachrichten von Com Now<\/strong> erkennen Sie au\u00dferdem an der <strong>gelb blinkenden Lampe<\/strong> oben rechts in Attina.<\/p>\n\n\n\n<figure class=\"wp-block-image size-large\"><img loading=\"lazy\" decoding=\"async\" width=\"1024\" height=\"181\" src=\"https:\/\/abc-cloud.de\/attina\/f1-hilfe\/wp-content\/uploads\/2026\/04\/PIA-Com-Now-01-1024x181.png\" alt=\"\" class=\"wp-image-3059\" srcset=\"https:\/\/abc-cloud.de\/attina\/f1-hilfe\/wp-content\/uploads\/2026\/04\/PIA-Com-Now-01-1024x181.png 1024w, https:\/\/abc-cloud.de\/attina\/f1-hilfe\/wp-content\/uploads\/2026\/04\/PIA-Com-Now-01-300x53.png 300w, https:\/\/abc-cloud.de\/attina\/f1-hilfe\/wp-content\/uploads\/2026\/04\/PIA-Com-Now-01-768x136.png 768w, https:\/\/abc-cloud.de\/attina\/f1-hilfe\/wp-content\/uploads\/2026\/04\/PIA-Com-Now-01-1536x271.png 1536w, https:\/\/abc-cloud.de\/attina\/f1-hilfe\/wp-content\/uploads\/2026\/04\/PIA-Com-Now-01-1200x212.png 1200w, https:\/\/abc-cloud.de\/attina\/f1-hilfe\/wp-content\/uploads\/2026\/04\/PIA-Com-Now-01.png 1915w\" sizes=\"auto, (max-width: 1024px) 100vw, 1024px\" \/><\/figure>\n\n\n\n<p>Ein einfacher <strong>Klick<\/strong> auf die <strong>blinkende Lampe<\/strong> \u00f6ffnet die Schnell\u00fcbersicht aller neuen Nachrichten \u2013 dazu geh\u00f6ren z.\u202fB. ComNow\u2011Textnachrichten, Krankmeldungen oder Urlaubsanfragen.<\/p>\n\n\n\n<figure class=\"wp-block-image size-full\"><img loading=\"lazy\" decoding=\"async\" width=\"367\" height=\"963\" src=\"https:\/\/abc-cloud.de\/attina\/f1-hilfe\/wp-content\/uploads\/2026\/04\/PIA-Com-Now-02.png\" alt=\"\" class=\"wp-image-3060\" srcset=\"https:\/\/abc-cloud.de\/attina\/f1-hilfe\/wp-content\/uploads\/2026\/04\/PIA-Com-Now-02.png 367w, https:\/\/abc-cloud.de\/attina\/f1-hilfe\/wp-content\/uploads\/2026\/04\/PIA-Com-Now-02-114x300.png 114w\" sizes=\"auto, (max-width: 367px) 100vw, 367px\" \/><\/figure>\n\n\n\n<p>In der <strong>Schnell\u00fcbersicht<\/strong> haben Sie verschiedene M\u00f6glichkeiten:<\/p>\n\n\n\n<ul class=\"wp-block-list\">\n<li>\u00dcber die <strong>Sprechblase<\/strong> lassen sich die Details der Benachrichtigung anzeigen.<\/li>\n\n\n\n<li>\u00dcber das <strong>Ordner-Symbol<\/strong> \u00f6ffnen Sie direkt den entsprechenden Urlaubsantrag oder die Krankmeldung.<\/li>\n\n\n\n<li>Mit einem Klick auf den <strong>gr\u00fcnen Haken<\/strong> markieren Sie die Meldung als erledigt.<\/li>\n<\/ul>\n\n\n\n<figure class=\"wp-block-image size-full\"><img loading=\"lazy\" decoding=\"async\" width=\"360\" height=\"70\" src=\"https:\/\/abc-cloud.de\/attina\/f1-hilfe\/wp-content\/uploads\/2026\/04\/PIA-Com-Now-03.png\" alt=\"\" class=\"wp-image-3061\" srcset=\"https:\/\/abc-cloud.de\/attina\/f1-hilfe\/wp-content\/uploads\/2026\/04\/PIA-Com-Now-03.png 360w, https:\/\/abc-cloud.de\/attina\/f1-hilfe\/wp-content\/uploads\/2026\/04\/PIA-Com-Now-03-300x58.png 300w\" sizes=\"auto, (max-width: 360px) 100vw, 360px\" \/><\/figure>\n\n\n\n<p><\/p>\n","protected":false},"excerpt":{"rendered":"<p>Das ComNow-Modul in Pia ist die Messenger-Funktion. \u00dcber diesen Kanal k\u00f6nnen Mitarbeiter und Arbeitgeber kommunizieren. Wie bei jedem Standard-Messenger k\u00f6nnen Dateien und auch Fotos den Nachrichten angehangen werden. Die Nachrichten, die der Mitarbeiter aus PIA heraus sendet, erscheinen in Ihrem attina und k\u00f6nnen dort gleich weiterverwendet, beantwortet und angeh\u00e4ngte Dateien direkt abgespeichert werden. ComNow-Nachrichten in [&hellip;]<\/p>\n","protected":false},"author":4,"featured_media":0,"parent":0,"menu_order":0,"comment_status":"closed","ping_status":"closed","template":"","meta":{"footnotes":""},"class_list":["post-1694","page","type-page","status-publish","hentry"],"_links":{"self":[{"href":"https:\/\/abc-cloud.de\/attina\/f1-hilfe\/wp-json\/wp\/v2\/pages\/1694","targetHints":{"allow":["GET"]}}],"collection":[{"href":"https:\/\/abc-cloud.de\/attina\/f1-hilfe\/wp-json\/wp\/v2\/pages"}],"about":[{"href":"https:\/\/abc-cloud.de\/attina\/f1-hilfe\/wp-json\/wp\/v2\/types\/page"}],"author":[{"embeddable":true,"href":"https:\/\/abc-cloud.de\/attina\/f1-hilfe\/wp-json\/wp\/v2\/users\/4"}],"replies":[{"embeddable":true,"href":"https:\/\/abc-cloud.de\/attina\/f1-hilfe\/wp-json\/wp\/v2\/comments?post=1694"}],"version-history":[{"count":12,"href":"https:\/\/abc-cloud.de\/attina\/f1-hilfe\/wp-json\/wp\/v2\/pages\/1694\/revisions"}],"predecessor-version":[{"id":3062,"href":"https:\/\/abc-cloud.de\/attina\/f1-hilfe\/wp-json\/wp\/v2\/pages\/1694\/revisions\/3062"}],"wp:attachment":[{"href":"https:\/\/abc-cloud.de\/attina\/f1-hilfe\/wp-json\/wp\/v2\/media?parent=1694"}],"curies":[{"name":"wp","href":"https:\/\/api.w.org\/{rel}","templated":true}]}}