{"id":1696,"date":"2025-01-08T09:05:40","date_gmt":"2025-01-08T08:05:40","guid":{"rendered":"https:\/\/abc-cloud.de\/attina\/f1-hilfe\/?page_id=1696"},"modified":"2025-01-21T13:53:33","modified_gmt":"2025-01-21T12:53:33","slug":"modul-urlaub-in-pia","status":"publish","type":"page","link":"https:\/\/abc-cloud.de\/attina\/f1-hilfe\/modul-urlaub-in-pia\/","title":{"rendered":"PIA &#8211; Urlaub"},"content":{"rendered":"\n<p>Ihre Mitarbeitenden haben die M\u00f6glichkeit, ihre Urlaubsantr\u00e4ge \u00fcber die PIA-App zu senden. Sie k\u00f6nnen diese dann direkt in attina be- und verarbeiten.<br>Einzelheiten zu dem Vorgang in der App zeigen wir Ihnen in unserem kurzen Video: <\/p>\n\n\n\n<figure class=\"wp-block-video\"><video height=\"1080\" style=\"aspect-ratio: 1920 \/ 1080;\" width=\"1920\" controls src=\"https:\/\/abc-cloud.de\/attina\/f1-hilfe\/wp-content\/uploads\/2025\/01\/Urlaub.mp4\"><\/video><\/figure>\n\n\n\n<p><\/p>\n","protected":false},"excerpt":{"rendered":"<p>Ihre Mitarbeitenden haben die M\u00f6glichkeit, ihre Urlaubsantr\u00e4ge \u00fcber die PIA-App zu senden. Sie k\u00f6nnen diese dann direkt in attina be- und verarbeiten.Einzelheiten zu dem Vorgang in der App zeigen wir Ihnen in unserem kurzen Video:<\/p>\n","protected":false},"author":4,"featured_media":0,"parent":0,"menu_order":0,"comment_status":"closed","ping_status":"closed","template":"","meta":{"footnotes":""},"class_list":["post-1696","page","type-page","status-publish","hentry"],"_links":{"self":[{"href":"https:\/\/abc-cloud.de\/attina\/f1-hilfe\/wp-json\/wp\/v2\/pages\/1696","targetHints":{"allow":["GET"]}}],"collection":[{"href":"https:\/\/abc-cloud.de\/attina\/f1-hilfe\/wp-json\/wp\/v2\/pages"}],"about":[{"href":"https:\/\/abc-cloud.de\/attina\/f1-hilfe\/wp-json\/wp\/v2\/types\/page"}],"author":[{"embeddable":true,"href":"https:\/\/abc-cloud.de\/attina\/f1-hilfe\/wp-json\/wp\/v2\/users\/4"}],"replies":[{"embeddable":true,"href":"https:\/\/abc-cloud.de\/attina\/f1-hilfe\/wp-json\/wp\/v2\/comments?post=1696"}],"version-history":[{"count":3,"href":"https:\/\/abc-cloud.de\/attina\/f1-hilfe\/wp-json\/wp\/v2\/pages\/1696\/revisions"}],"predecessor-version":[{"id":2123,"href":"https:\/\/abc-cloud.de\/attina\/f1-hilfe\/wp-json\/wp\/v2\/pages\/1696\/revisions\/2123"}],"wp:attachment":[{"href":"https:\/\/abc-cloud.de\/attina\/f1-hilfe\/wp-json\/wp\/v2\/media?parent=1696"}],"curies":[{"name":"wp","href":"https:\/\/api.w.org\/{rel}","templated":true}]}}