{"id":1704,"date":"2025-02-12T11:35:24","date_gmt":"2025-02-12T10:35:24","guid":{"rendered":"https:\/\/abc-cloud.de\/attina\/f1-hilfe\/?page_id=1704"},"modified":"2025-03-11T11:24:34","modified_gmt":"2025-03-11T10:24:34","slug":"ihr-zugang-zum-ticketsystem","status":"publish","type":"page","link":"https:\/\/abc-cloud.de\/attina\/f1-hilfe\/ihr-zugang-zum-ticketsystem\/","title":{"rendered":"Ihr Zugang zu unserem Ticketsystem"},"content":{"rendered":"\n<p>Sie k\u00f6nnen sich ein Profil in unserem Ticketsystem erstellen und sich somit jederzeit und ortsunabh\u00e4ngig einen \u00dcberblick \u00fcber den Bearbeitungsstand Ihrer Tickets bei uns verschaffen.<\/p>\n\n\n\n<div class=\"spoiler-wrap\">\n\t\t\t\t<div class=\"spoiler-head folded\">Registrieren<\/div>\n\t\t\t\t<div class=\"spoiler-body\"><\/p>\n\n\n\n<p>Wie Sie sich ein Profil anlegen zeigen wir Ihnen hier:<\/p>\n\n\n\n<p>Schreiben Sie eine E-Mail mit dem Betreff &#8222;Start&#8220; an support@abc-software.biz . Sie bekommen umgehend eine Best\u00e4tigungs-Mail zugesandt, in der ein Link zu unserem Ticketsystem &#8218;zammad&#8216; mitgeschickt wird. <br>Klicken Sie auf den Link in der E-Mail, so gelangen Sie zur Anmeldeseite von zammad:<\/p>\n\n\n\n<figure class=\"wp-block-image size-full is-resized\"><img loading=\"lazy\" decoding=\"async\" width=\"520\" height=\"804\" src=\"https:\/\/abc-cloud.de\/attina\/f1-hilfe\/wp-content\/uploads\/2025\/02\/image-9.png\" alt=\"\" class=\"wp-image-2206\" style=\"width:191px;height:auto\" srcset=\"https:\/\/abc-cloud.de\/attina\/f1-hilfe\/wp-content\/uploads\/2025\/02\/image-9.png 520w, https:\/\/abc-cloud.de\/attina\/f1-hilfe\/wp-content\/uploads\/2025\/02\/image-9-194x300.png 194w\" sizes=\"auto, (max-width: 520px) 100vw, 520px\" \/><\/figure>\n\n\n\n<p><br>Klicken Sie unten auf das W\u00f6rtchen &#8222;hier&#8220;, oder auf &#8222;Als neuer Kunde registrieren&#8220;. <br>In der sich dann \u00f6ffnenden Eingabemaske geben Sie die E-Mailadresse an, die Sie zur Erstellung des Tickets genutzt haben. Sie erhalten wieder eine E-Mail, worin Sie einen Link anklicken d\u00fcrfen, der Sie auf die Seite leitet, auf der Sie sich ein Passwort vergeben d\u00fcrfen. <\/p>\n\n\n\n<p>Ihre Anmeldedaten sind dann also Ihre E-Mailadresse und das selbst gew\u00e4hlte Passwort. Ihr Zugang ist somit erstellt. <\/p>\n\n\n\n<p><\/div>\n\t\t\t<\/div>\n\n\n\n<div class=\"spoiler-wrap\">\n\t\t\t\t<div class=\"spoiler-head folded\">Startseite<\/div>\n\t\t\t\t<div class=\"spoiler-body\"><\/p>\n\n\n\n<p>Nach erfolgreicher Anmeldung erscheint die Startseite. Dazu m\u00f6chten wir Ihnen einiges erl\u00e4utern: <\/p>\n\n\n\n<figure class=\"wp-block-image size-large\"><img loading=\"lazy\" decoding=\"async\" width=\"1024\" height=\"535\" src=\"https:\/\/abc-cloud.de\/attina\/f1-hilfe\/wp-content\/uploads\/2025\/02\/image-11-1024x535.png\" alt=\"\" class=\"wp-image-2208\" srcset=\"https:\/\/abc-cloud.de\/attina\/f1-hilfe\/wp-content\/uploads\/2025\/02\/image-11-1024x535.png 1024w, https:\/\/abc-cloud.de\/attina\/f1-hilfe\/wp-content\/uploads\/2025\/02\/image-11-300x157.png 300w, https:\/\/abc-cloud.de\/attina\/f1-hilfe\/wp-content\/uploads\/2025\/02\/image-11-768x401.png 768w, https:\/\/abc-cloud.de\/attina\/f1-hilfe\/wp-content\/uploads\/2025\/02\/image-11-1200x627.png 1200w, https:\/\/abc-cloud.de\/attina\/f1-hilfe\/wp-content\/uploads\/2025\/02\/image-11.png 1233w\" sizes=\"auto, (max-width: 1024px) 100vw, 1024px\" \/><\/figure>\n\n\n\n<p> <strong><u>Zu Pfeil 1<\/u><\/strong>: In dieser Liste auf der linken Seite sehen Sie Ihre selbst erstellten Tickets. Die Liste ist standardm\u00e4\u00dfig chronolisch sortiert. Per Drag&amp;Drop k\u00f6nnen Sie sich die Liste aber anpassen.<\/p>\n\n\n\n<p>In &#8222;\u00dcbersichten&#8220; sehen Sie Ihre gesamten Tickets, die Sie hier nach Belieben filtern und nach bestimmten Parametern sortieren k\u00f6nnen. <\/p>\n\n\n\n<p>Ganz oben haben Sie eine Suchleiste. <\/p>\n\n\n\n<p><strong><u>Zu Pfeil 2<\/u><\/strong>: Hier k\u00f6nnen Sie den Status Ihres Tickets ver\u00e4ndern. <br><br>Im Dropdownmen\u00fc zu \u201eProdukt\u201c k\u00f6nnen Sie dieses Ticket einem Produkt von der abc GmbH zuordnen. Unser Produkt \u201aattina\u2018 ist standardm\u00e4\u00dfig voreingestellt.<\/p>\n\n\n\n<p><strong><u>Zu Pfeil 3<\/u><\/strong>: Um alle Einstellungen und \u00c4nderungen am Ticket zu speichern, klicken Sie bitte auf \u201eAktualisierung\u201c. Das ist wichtig, damit wir auf jede Ver\u00e4nderung auch reagieren k\u00f6nnen.<\/p>\n\n\n\n<p><strong><u>Zu Pfeil 4<\/u><\/strong>: Mit Klick auf das \u201e<strong>+<\/strong>\u201c k\u00f6nnen Sie ein neues Ticket erstellen. <\/p>\n\n\n\n<p><\/div>\n\t\t\t<\/div>\n\n\n\n<div class=\"spoiler-wrap\">\n\t\t\t\t<div class=\"spoiler-head folded\">Ein neues Ticket erstellen<\/div>\n\t\t\t\t<div class=\"spoiler-body\"><\/p>\n\n\n\n<p>Nach dem Klick auf das Plus &#8222;<strong>+<\/strong>&#8220; \u00f6ffnet sich folgendes Fenster: <\/p>\n\n\n\n<figure class=\"wp-block-image size-large\"><img loading=\"lazy\" decoding=\"async\" width=\"1024\" height=\"537\" src=\"https:\/\/abc-cloud.de\/attina\/f1-hilfe\/wp-content\/uploads\/2025\/02\/image-12-1024x537.png\" alt=\"\" class=\"wp-image-2209\" srcset=\"https:\/\/abc-cloud.de\/attina\/f1-hilfe\/wp-content\/uploads\/2025\/02\/image-12-1024x537.png 1024w, https:\/\/abc-cloud.de\/attina\/f1-hilfe\/wp-content\/uploads\/2025\/02\/image-12-300x157.png 300w, https:\/\/abc-cloud.de\/attina\/f1-hilfe\/wp-content\/uploads\/2025\/02\/image-12-768x403.png 768w, https:\/\/abc-cloud.de\/attina\/f1-hilfe\/wp-content\/uploads\/2025\/02\/image-12.png 1131w\" sizes=\"auto, (max-width: 1024px) 100vw, 1024px\" \/><\/figure>\n\n\n\n<p><strong><u>Zum Pfeil 1<\/u><\/strong>: Hier geben Sie dem Ticket eine knappe, aber aussagekr\u00e4ftige  \u00dcberschrift.<\/p>\n\n\n\n<p><strong><u>Zum Pfeil 2<\/u><\/strong>: Bitte schildern Sie uns in diesem Eingabefeld m\u00f6glichst genau Ihr Anliegen. Sie k\u00f6nnen auch gern Dateien anh\u00e4ngen, z. B. einen Screenshot von einer Fehlermeldung. Je genauer Sie Ihr Anliegen beschreiben, bzw. bildlich darstellen, desto schneller k\u00f6nnen wir Ihnen helfen.<br>Bitte notieren Sie hier auch Ihre Telefonnummer und Uhrzeit, zu der Sie am besten erreichbar sind, wenn wir Sie zur\u00fcckrufen sollen. <\/p>\n\n\n\n<p><strong><u>Zu Pfeil 3<\/u><\/strong>: Mit Klick auf \u201eErstellen\u201c \u00fcbermitteln Sie das Ticket an uns. Wir bekommen dann Nachricht \u00fcber Ihr Ticket und werden dann schnellstm\u00f6glich auf dieses Ticket reagieren. <\/p>\n\n\n\n<p>Jedesmal, wenn es eine Ver\u00e4nderung in Ihrem Ticket gibt, wird Ihnen das mit einem Farbschema angezeigt. N\u00e4heres dazu und weitere Informationen geben wir Ihnen im n\u00e4chsten Kapitel.<\/p>\n\n\n\n<p><\/div>\n\t\t\t<\/div>\n\n\n\n<div class=\"spoiler-wrap\">\n\t\t\t\t<div class=\"spoiler-head folded\">Weitere Informationen<\/div>\n\t\t\t\t<div class=\"spoiler-body\"><\/p>\n\n\n\n<p>All Ihre Tickets erscheinen in einer Liste auf der linken Seite Ihres Kundenprofils. Wenn Sie ein Ticket verschieben wollen, k\u00f6nnen Sie es mit gedr\u00fcckter linker Maustaste innerhalb der Liste verschieben.<\/p>\n\n\n\n<p>Wenn Sie mit der Zeit mehrere Tickets in der Liste haben, wird Ihnen ein Farbschema auffallen. Wenn das Kringelchen vor dem Ticket<\/p>\n\n\n\n<p><strong>orange<\/strong> erscheint, so ist ihr Ticket offen, also in Bearbeitung.<br><strong>gr\u00fcn<\/strong> erscheint, so ist ihr Anliegen erledigt und das Ticket wurde<br> geschlossen.<br><strong>grau<\/strong> erscheint, so hat sich ein:e Mitarbeiter:in von abc dieses Ticket auf<br> einen bestimmten Termin zur Wiedervorlage gelegt.<br>Beispiel:<\/p>\n\n\n\n<figure class=\"wp-block-image size-full is-resized\"><img loading=\"lazy\" decoding=\"async\" width=\"364\" height=\"175\" src=\"https:\/\/abc-cloud.de\/attina\/f1-hilfe\/wp-content\/uploads\/2025\/02\/image-14.png\" alt=\"\" class=\"wp-image-2211\" style=\"width:212px;height:auto\" srcset=\"https:\/\/abc-cloud.de\/attina\/f1-hilfe\/wp-content\/uploads\/2025\/02\/image-14.png 364w, https:\/\/abc-cloud.de\/attina\/f1-hilfe\/wp-content\/uploads\/2025\/02\/image-14-300x144.png 300w\" sizes=\"auto, (max-width: 364px) 100vw, 364px\" \/><\/figure>\n\n\n\n<p>Und wenn es ein Kringelchen blinkt, hei\u00dft das, dass es Neuigkeiten in diesem Ticket zu lesen gibt. Entweder haben Sie eine neue Nachricht von uns, oder das Ticket wurde einem\/einer anderen Mitarbeiter:in zugewiesen, geschlossen, wieder ge\u00f6ffnet, oder auf Wiedervorlage gesetzt.<br>Neuigkeiten k\u00f6nnen Sie auch ablesen, wenn Sie oben links im Fenster auf das V\u00f6gelchen klicken:<\/p>\n\n\n\n<figure class=\"wp-block-image size-full is-resized\"><img loading=\"lazy\" decoding=\"async\" width=\"385\" height=\"230\" src=\"https:\/\/abc-cloud.de\/attina\/f1-hilfe\/wp-content\/uploads\/2025\/02\/image-15.png\" alt=\"\" class=\"wp-image-2212\" style=\"width:189px;height:auto\" srcset=\"https:\/\/abc-cloud.de\/attina\/f1-hilfe\/wp-content\/uploads\/2025\/02\/image-15.png 385w, https:\/\/abc-cloud.de\/attina\/f1-hilfe\/wp-content\/uploads\/2025\/02\/image-15-300x179.png 300w\" sizes=\"auto, (max-width: 385px) 100vw, 385px\" \/><\/figure>\n\n\n\n<p>Sie k\u00f6nnen zwischen den Nachrichten im Ticket in kleiner grauer Schrift ablesen, wer von&nbsp; abc Ihnen zu welchem Zeitpunkt etwas geschrieben hat und auch, welche:r Mitarbeiter:in f\u00fcr dieses Ticket zust\u00e4ndig ist.<br>Beispiel:<\/p>\n\n\n\n<figure class=\"wp-block-image size-full\"><img loading=\"lazy\" decoding=\"async\" width=\"942\" height=\"286\" src=\"https:\/\/abc-cloud.de\/attina\/f1-hilfe\/wp-content\/uploads\/2025\/02\/image-16.png\" alt=\"\" class=\"wp-image-2213\" srcset=\"https:\/\/abc-cloud.de\/attina\/f1-hilfe\/wp-content\/uploads\/2025\/02\/image-16.png 942w, https:\/\/abc-cloud.de\/attina\/f1-hilfe\/wp-content\/uploads\/2025\/02\/image-16-300x91.png 300w, https:\/\/abc-cloud.de\/attina\/f1-hilfe\/wp-content\/uploads\/2025\/02\/image-16-768x233.png 768w\" sizes=\"auto, (max-width: 942px) 100vw, 942px\" \/><\/figure>\n\n\n\n<p>Falls Sie Ihr Anliegen zwischenzeitlich selbst l\u00f6sen konnten, schreiben Sie dazu bitte eine kurze Notiz als Nachricht in das Ticket, z. B. \u201eerledigt\u201c. Gerne d\u00fcrfen Sie uns auch kurz erl\u00e4utern, wie Sie zu einer L\u00f6sung gekommen sind.<br>W\u00e4hlen Sie rechts im Fenster den Status \u201egeschlossen\u201c aus und klicken Sie auf \u201eAktualisierung\u201c.<\/p>\n\n\n\n<p>Sie k\u00f6nnen Ihr Kundenprofil ein wenig pers\u00f6nlicher gestalten, indem Sie links unten in Ihrem Profil auf den Button mit ihrem Namensk\u00fcrzel klicken. Hier k\u00f6nnen Sie definieren, ob Sie im dunklen oder hellen Modus arbeiten wollen, oder Sie k\u00f6nnen eine andere Sprache einstellen, ein Profilbild erstellen und auch das Passwort \u00e4ndern. Zu guter Letzt k\u00f6nnen Sie in den Einstellungen auch Ihr Microsoft Office-Konto mit zammad verkn\u00fcpfen.<\/p>\n\n\n\n<figure class=\"wp-block-image size-full is-resized\"><img loading=\"lazy\" decoding=\"async\" width=\"461\" height=\"713\" src=\"https:\/\/abc-cloud.de\/attina\/f1-hilfe\/wp-content\/uploads\/2025\/02\/image-17.png\" alt=\"\" class=\"wp-image-2214\" style=\"width:300px;height:auto\" srcset=\"https:\/\/abc-cloud.de\/attina\/f1-hilfe\/wp-content\/uploads\/2025\/02\/image-17.png 461w, https:\/\/abc-cloud.de\/attina\/f1-hilfe\/wp-content\/uploads\/2025\/02\/image-17-194x300.png 194w\" sizes=\"auto, (max-width: 461px) 100vw, 461px\" \/><\/figure>\n\n\n\n<p><\/div>\n\t\t\t<\/div>\n","protected":false},"excerpt":{"rendered":"<p>Sie k\u00f6nnen sich ein Profil in unserem Ticketsystem erstellen und sich somit jederzeit und ortsunabh\u00e4ngig einen \u00dcberblick \u00fcber den Bearbeitungsstand Ihrer Tickets bei uns verschaffen.<\/p>\n","protected":false},"author":4,"featured_media":0,"parent":0,"menu_order":0,"comment_status":"closed","ping_status":"closed","template":"","meta":{"footnotes":""},"class_list":["post-1704","page","type-page","status-publish","hentry"],"_links":{"self":[{"href":"https:\/\/abc-cloud.de\/attina\/f1-hilfe\/wp-json\/wp\/v2\/pages\/1704","targetHints":{"allow":["GET"]}}],"collection":[{"href":"https:\/\/abc-cloud.de\/attina\/f1-hilfe\/wp-json\/wp\/v2\/pages"}],"about":[{"href":"https:\/\/abc-cloud.de\/attina\/f1-hilfe\/wp-json\/wp\/v2\/types\/page"}],"author":[{"embeddable":true,"href":"https:\/\/abc-cloud.de\/attina\/f1-hilfe\/wp-json\/wp\/v2\/users\/4"}],"replies":[{"embeddable":true,"href":"https:\/\/abc-cloud.de\/attina\/f1-hilfe\/wp-json\/wp\/v2\/comments?post=1704"}],"version-history":[{"count":9,"href":"https:\/\/abc-cloud.de\/attina\/f1-hilfe\/wp-json\/wp\/v2\/pages\/1704\/revisions"}],"predecessor-version":[{"id":2361,"href":"https:\/\/abc-cloud.de\/attina\/f1-hilfe\/wp-json\/wp\/v2\/pages\/1704\/revisions\/2361"}],"wp:attachment":[{"href":"https:\/\/abc-cloud.de\/attina\/f1-hilfe\/wp-json\/wp\/v2\/media?parent=1704"}],"curies":[{"name":"wp","href":"https:\/\/api.w.org\/{rel}","templated":true}]}}