{"id":1717,"date":"2024-07-16T09:48:03","date_gmt":"2024-07-16T07:48:03","guid":{"rendered":"https:\/\/abc-cloud.de\/attina\/f1-hilfe\/?page_id=1717"},"modified":"2025-10-07T10:05:24","modified_gmt":"2025-10-07T08:05:24","slug":"kostenstelle-und-projektnummern","status":"publish","type":"page","link":"https:\/\/abc-cloud.de\/attina\/f1-hilfe\/kostenstelle-und-projektnummern\/","title":{"rendered":"Kostenstellen und Projektnummern"},"content":{"rendered":"\n<p><strong>Kostenstellen<\/strong> sind spezifische Bereiche innerhalb eines Unternehmens, die Kosten verursachen und verwaltet werden, um die Wirtschaftlichkeit zu \u00fcberwachen. Sie helfen dabei, die Ausgaben bestimmten Abteilungen oder Funktionen zuzuordnen.<br><br><strong>Projektnummern<\/strong> hingegen sind eindeutige Identifikatoren f\u00fcr spezifische Projekte. Sie dienen dazu, alle mit einem Projekt verbundenen Kosten, Ressourcen und Aktivit\u00e4ten zu verfolgen.<br><br><strong>Zusammengefasst:<\/strong> Kostenstellen beziehen sich auf Abteilungen oder Bereiche, w\u00e4hrend Projektnummern spezifische Projekte kennzeichnen.<\/p>\n\n\n\n<p>Eine Kostenstelle kann im <strong>Modul Kunde \/ Reiter Stammdaten<\/strong>&nbsp; hinterlegt werden.<\/p>\n\n\n\n<figure class=\"wp-block-image size-full is-resized\"><img loading=\"lazy\" decoding=\"async\" width=\"451\" height=\"860\" src=\"https:\/\/abc-cloud.de\/attina\/f1-hilfe\/wp-content\/uploads\/2025\/10\/Kostenstellen-Projektnummern-001.png\" alt=\"\" class=\"wp-image-2849\" style=\"width:317px;height:auto\" srcset=\"https:\/\/abc-cloud.de\/attina\/f1-hilfe\/wp-content\/uploads\/2025\/10\/Kostenstellen-Projektnummern-001.png 451w, https:\/\/abc-cloud.de\/attina\/f1-hilfe\/wp-content\/uploads\/2025\/10\/Kostenstellen-Projektnummern-001-157x300.png 157w\" sizes=\"auto, (max-width: 451px) 100vw, 451px\" \/><\/figure>\n\n\n\n<p>Sobald ein Auftrag f\u00fcr diesen Kunden erstellt wird, steht die angegebene Kostenstelle im <strong>Modul Auftrag \/ Reiter Auftrag. <\/strong><br><strong>Damit eine zugewiesene Nummer auch in den Rechnungsformularen erscheint, nutzen Sie bitte daf\u00fcr die Projektnummer.<\/strong><\/p>\n\n\n\n<p>Im Modul Auftrag, oben neben der Auftragsnummer, tragen Sie die Projektnummer ein:<\/p>\n\n\n\n<figure class=\"wp-block-image size-full\"><img loading=\"lazy\" decoding=\"async\" width=\"730\" height=\"289\" src=\"https:\/\/abc-cloud.de\/attina\/f1-hilfe\/wp-content\/uploads\/2024\/07\/image.png\" alt=\"\" class=\"wp-image-1718\" srcset=\"https:\/\/abc-cloud.de\/attina\/f1-hilfe\/wp-content\/uploads\/2024\/07\/image.png 730w, https:\/\/abc-cloud.de\/attina\/f1-hilfe\/wp-content\/uploads\/2024\/07\/image-300x119.png 300w\" sizes=\"auto, (max-width: 730px) 100vw, 730px\" \/><\/figure>\n\n\n\n<p><\/p>\n\n\n\n<p>Damit die Projektnummer f\u00fcr Sie auf den Rechnungsformularen sichtbar wird, gehen Sie bitte in die Rechnungsvorbereitung (Men\u00fc &#8211; Abl\u00e4ufe &#8211; Rechnungsvorbereitung).<\/p>\n\n\n\n<p>Oben neben &#8222;Gruppierung&#8220; auf den Pfeil klicken und Haken setzen bei Projekt-Nr. . Jetzt erscheint die Projekt-Nr. auch auf Ihren Rechnungsformularen:<\/p>\n\n\n\n<figure class=\"wp-block-image size-full is-resized\"><img loading=\"lazy\" decoding=\"async\" width=\"672\" height=\"424\" src=\"https:\/\/abc-cloud.de\/attina\/f1-hilfe\/wp-content\/uploads\/2024\/07\/image-1.png\" alt=\"\" class=\"wp-image-1719\" style=\"width:608px;height:auto\" srcset=\"https:\/\/abc-cloud.de\/attina\/f1-hilfe\/wp-content\/uploads\/2024\/07\/image-1.png 672w, https:\/\/abc-cloud.de\/attina\/f1-hilfe\/wp-content\/uploads\/2024\/07\/image-1-300x189.png 300w\" sizes=\"auto, (max-width: 672px) 100vw, 672px\" \/><\/figure>\n\n\n\n<p>Sie k\u00f6nnen nun die Gesamtauswahl auch nach Projektnummer sortieren:<\/p>\n\n\n\n<figure class=\"wp-block-image size-full\"><img loading=\"lazy\" decoding=\"async\" width=\"949\" height=\"587\" src=\"https:\/\/abc-cloud.de\/attina\/f1-hilfe\/wp-content\/uploads\/2024\/07\/image-2.png\" alt=\"\" class=\"wp-image-1720\" srcset=\"https:\/\/abc-cloud.de\/attina\/f1-hilfe\/wp-content\/uploads\/2024\/07\/image-2.png 949w, https:\/\/abc-cloud.de\/attina\/f1-hilfe\/wp-content\/uploads\/2024\/07\/image-2-300x186.png 300w, https:\/\/abc-cloud.de\/attina\/f1-hilfe\/wp-content\/uploads\/2024\/07\/image-2-768x475.png 768w\" sizes=\"auto, (max-width: 949px) 100vw, 949px\" \/><\/figure>\n\n\n\n<p>In der Fakturierung wird auch die Projektnummer gezogen:<\/p>\n\n\n\n<figure class=\"wp-block-image size-full\"><img loading=\"lazy\" decoding=\"async\" width=\"949\" height=\"254\" src=\"https:\/\/abc-cloud.de\/attina\/f1-hilfe\/wp-content\/uploads\/2024\/07\/image-3.png\" alt=\"\" class=\"wp-image-1721\" srcset=\"https:\/\/abc-cloud.de\/attina\/f1-hilfe\/wp-content\/uploads\/2024\/07\/image-3.png 949w, https:\/\/abc-cloud.de\/attina\/f1-hilfe\/wp-content\/uploads\/2024\/07\/image-3-300x80.png 300w, https:\/\/abc-cloud.de\/attina\/f1-hilfe\/wp-content\/uploads\/2024\/07\/image-3-768x206.png 768w\" sizes=\"auto, (max-width: 949px) 100vw, 949px\" \/><\/figure>\n\n\n\n<p>Wenn Sie die Spaltenansicht in der Fakturierung \u00e4ndern m\u00f6chten, klicken Sie mit der rechten Maustaste auf die oberste Zeile und w\u00e4hlen Sie \u201eSpalten anpassen\u2026\u201c aus.<\/p>\n\n\n\n<figure class=\"wp-block-image size-full\"><img loading=\"lazy\" decoding=\"async\" width=\"897\" height=\"364\" src=\"https:\/\/abc-cloud.de\/attina\/f1-hilfe\/wp-content\/uploads\/2024\/07\/image-4.png\" alt=\"\" class=\"wp-image-1722\" srcset=\"https:\/\/abc-cloud.de\/attina\/f1-hilfe\/wp-content\/uploads\/2024\/07\/image-4.png 897w, https:\/\/abc-cloud.de\/attina\/f1-hilfe\/wp-content\/uploads\/2024\/07\/image-4-300x122.png 300w, https:\/\/abc-cloud.de\/attina\/f1-hilfe\/wp-content\/uploads\/2024\/07\/image-4-768x312.png 768w\" sizes=\"auto, (max-width: 897px) 100vw, 897px\" \/><\/figure>\n\n\n\n<p>Im neuen Fenster werden die einzelnen Spalten aufgelistet. <\/p>\n\n\n\n<figure class=\"wp-block-image size-full is-resized\"><img loading=\"lazy\" decoding=\"async\" width=\"373\" height=\"519\" src=\"https:\/\/abc-cloud.de\/attina\/f1-hilfe\/wp-content\/uploads\/2025\/10\/Kostenstellen-Projektnummern-06.png\" alt=\"\" class=\"wp-image-2850\" style=\"width:325px;height:auto\" srcset=\"https:\/\/abc-cloud.de\/attina\/f1-hilfe\/wp-content\/uploads\/2025\/10\/Kostenstellen-Projektnummern-06.png 373w, https:\/\/abc-cloud.de\/attina\/f1-hilfe\/wp-content\/uploads\/2025\/10\/Kostenstellen-Projektnummern-06-216x300.png 216w\" sizes=\"auto, (max-width: 373px) 100vw, 373px\" \/><\/figure>\n\n\n\n<p>Weitere Informationen zum Anpassen von Tabellen und Listen erhalten Sie \u00fcber diesen Link: <a href=\"https:\/\/abc-cloud.de\/attina\/f1-hilfe\/tabellen-und-listen-anpassen\/\">https:\/\/abc-cloud.de\/attina\/f1-hilfe\/tabellen-und-listen-anpassen\/<\/a><\/p>\n\n\n\n<p><\/p>\n","protected":false},"excerpt":{"rendered":"<p>Kostenstellen sind spezifische Bereiche innerhalb eines Unternehmens, die Kosten verursachen und verwaltet werden, um die Wirtschaftlichkeit zu \u00fcberwachen. Sie helfen dabei, die Ausgaben bestimmten Abteilungen oder Funktionen zuzuordnen. Projektnummern hingegen sind eindeutige Identifikatoren f\u00fcr spezifische Projekte. Sie dienen dazu, alle mit einem Projekt verbundenen Kosten, Ressourcen und Aktivit\u00e4ten zu verfolgen. Zusammengefasst: Kostenstellen beziehen sich auf [&hellip;]<\/p>\n","protected":false},"author":3,"featured_media":0,"parent":0,"menu_order":0,"comment_status":"closed","ping_status":"closed","template":"","meta":{"footnotes":""},"class_list":["post-1717","page","type-page","status-publish","hentry"],"_links":{"self":[{"href":"https:\/\/abc-cloud.de\/attina\/f1-hilfe\/wp-json\/wp\/v2\/pages\/1717","targetHints":{"allow":["GET"]}}],"collection":[{"href":"https:\/\/abc-cloud.de\/attina\/f1-hilfe\/wp-json\/wp\/v2\/pages"}],"about":[{"href":"https:\/\/abc-cloud.de\/attina\/f1-hilfe\/wp-json\/wp\/v2\/types\/page"}],"author":[{"embeddable":true,"href":"https:\/\/abc-cloud.de\/attina\/f1-hilfe\/wp-json\/wp\/v2\/users\/3"}],"replies":[{"embeddable":true,"href":"https:\/\/abc-cloud.de\/attina\/f1-hilfe\/wp-json\/wp\/v2\/comments?post=1717"}],"version-history":[{"count":7,"href":"https:\/\/abc-cloud.de\/attina\/f1-hilfe\/wp-json\/wp\/v2\/pages\/1717\/revisions"}],"predecessor-version":[{"id":2851,"href":"https:\/\/abc-cloud.de\/attina\/f1-hilfe\/wp-json\/wp\/v2\/pages\/1717\/revisions\/2851"}],"wp:attachment":[{"href":"https:\/\/abc-cloud.de\/attina\/f1-hilfe\/wp-json\/wp\/v2\/media?parent=1717"}],"curies":[{"name":"wp","href":"https:\/\/api.w.org\/{rel}","templated":true}]}}