{"id":1740,"date":"2024-07-17T11:28:45","date_gmt":"2024-07-17T09:28:45","guid":{"rendered":"https:\/\/abc-cloud.de\/attina\/f1-hilfe\/?page_id=1740"},"modified":"2024-07-17T13:57:39","modified_gmt":"2024-07-17T11:57:39","slug":"zusaetzliche-hinweise","status":"publish","type":"page","link":"https:\/\/abc-cloud.de\/attina\/f1-hilfe\/zusaetzliche-hinweise\/","title":{"rendered":"Fragen und Antworten"},"content":{"rendered":"\n<p>Gehen Sie mit der Maus \u00fcber die Men\u00fcpunkte und w\u00e4hlen Sie Ihr Thema aus dem PopUp-Men\u00fc aus. <\/p>\n\n\n\n<p>Nutzen Sie f\u00fcr Ihre Suche zu einem bestimmten Thema auch das Lupen-Symbol.<\/p>\n\n\n\n<p>Sollten dennoch Fragen offen bleiben, so rufen Sie uns gerne an<br>unter: 02822 9762930 , <br>oder schreiben Sie uns eine E-Mail: info@abc-software.biz <\/p>\n\n\n\n<p><br><strong>Alle Kontaktdaten finden Sie auch im <a href=\"https:\/\/abc-cloud.de\/attina\/f1-hilfe\/impressum\/\">Impressum<\/a><\/strong><\/p>\n\n\n\n<p><\/p>\n\n\n\n<p><\/p>\n","protected":false},"excerpt":{"rendered":"<p>Gehen Sie mit der Maus \u00fcber die Men\u00fcpunkte und w\u00e4hlen Sie Ihr Thema aus dem PopUp-Men\u00fc aus. Nutzen Sie f\u00fcr Ihre Suche zu einem bestimmten Thema auch das Lupen-Symbol. Sollten dennoch Fragen offen bleiben, so rufen Sie uns gerne anunter: 02822 9762930 , oder schreiben Sie uns eine E-Mail: info@abc-software.biz Alle Kontaktdaten finden Sie auch [&hellip;]<\/p>\n","protected":false},"author":4,"featured_media":0,"parent":0,"menu_order":0,"comment_status":"closed","ping_status":"closed","template":"","meta":{"footnotes":""},"class_list":["post-1740","page","type-page","status-publish","hentry"],"_links":{"self":[{"href":"https:\/\/abc-cloud.de\/attina\/f1-hilfe\/wp-json\/wp\/v2\/pages\/1740","targetHints":{"allow":["GET"]}}],"collection":[{"href":"https:\/\/abc-cloud.de\/attina\/f1-hilfe\/wp-json\/wp\/v2\/pages"}],"about":[{"href":"https:\/\/abc-cloud.de\/attina\/f1-hilfe\/wp-json\/wp\/v2\/types\/page"}],"author":[{"embeddable":true,"href":"https:\/\/abc-cloud.de\/attina\/f1-hilfe\/wp-json\/wp\/v2\/users\/4"}],"replies":[{"embeddable":true,"href":"https:\/\/abc-cloud.de\/attina\/f1-hilfe\/wp-json\/wp\/v2\/comments?post=1740"}],"version-history":[{"count":5,"href":"https:\/\/abc-cloud.de\/attina\/f1-hilfe\/wp-json\/wp\/v2\/pages\/1740\/revisions"}],"predecessor-version":[{"id":1761,"href":"https:\/\/abc-cloud.de\/attina\/f1-hilfe\/wp-json\/wp\/v2\/pages\/1740\/revisions\/1761"}],"wp:attachment":[{"href":"https:\/\/abc-cloud.de\/attina\/f1-hilfe\/wp-json\/wp\/v2\/media?parent=1740"}],"curies":[{"name":"wp","href":"https:\/\/api.w.org\/{rel}","templated":true}]}}