{"id":1743,"date":"2024-07-17T11:52:08","date_gmt":"2024-07-17T09:52:08","guid":{"rendered":"https:\/\/abc-cloud.de\/attina\/f1-hilfe\/?page_id=1743"},"modified":"2024-07-17T13:23:47","modified_gmt":"2024-07-17T11:23:47","slug":"druckereinstellungen","status":"publish","type":"page","link":"https:\/\/abc-cloud.de\/attina\/f1-hilfe\/druckereinstellungen\/","title":{"rendered":"Druckereinstellungen"},"content":{"rendered":"\n<p>Sollte Ihnen beim Druck-Vorgang \u00fcber attina nicht mehr der gewohnte Drucker angezeigt werden, hat dies nichts mit dem System von attina zu tun. <br><strong>\u00dcber Attina k\u00f6nnen keine Druckereinstellungen vorgenommen werden.<\/strong><\/p>\n\n\n\n<p>Druckereinstellungen werden ausschlie\u00dflich an Ihrem PC \u00fcber die <strong>Ger\u00e4teeinstellungen. <\/strong><br>Zum Beispiel: Im Start-Men\u00fc von Windows auf &#8218;Einstellungen&#8216; klicken und dann auf  &#8218;Ger\u00e4te&#8216;.<\/p>\n\n\n\n<figure class=\"wp-block-image size-full\"><img loading=\"lazy\" decoding=\"async\" width=\"949\" height=\"310\" src=\"https:\/\/abc-cloud.de\/attina\/f1-hilfe\/wp-content\/uploads\/2024\/07\/image-10.png\" alt=\"\" class=\"wp-image-1744\" srcset=\"https:\/\/abc-cloud.de\/attina\/f1-hilfe\/wp-content\/uploads\/2024\/07\/image-10.png 949w, https:\/\/abc-cloud.de\/attina\/f1-hilfe\/wp-content\/uploads\/2024\/07\/image-10-300x98.png 300w, https:\/\/abc-cloud.de\/attina\/f1-hilfe\/wp-content\/uploads\/2024\/07\/image-10-768x251.png 768w\" sizes=\"auto, (max-width: 949px) 100vw, 949px\" \/><\/figure>\n\n\n\n<p>In den Ger\u00e4teeinstellungen w\u00e4hlen Sie &#8218;Drucker und Scanner&#8216; aus, w\u00e4hlen aus der dort angezeigten Liste Ihren gew\u00fcnschen Drucker aus und \u00e4ndern die Einstellungen dort, wie Sie es brauchen. <\/p>\n\n\n\n<figure class=\"wp-block-image size-full is-resized\"><img loading=\"lazy\" decoding=\"async\" width=\"313\" height=\"849\" src=\"https:\/\/abc-cloud.de\/attina\/f1-hilfe\/wp-content\/uploads\/2024\/07\/image-11.png\" alt=\"\" class=\"wp-image-1745\" style=\"width:189px;height:auto\" srcset=\"https:\/\/abc-cloud.de\/attina\/f1-hilfe\/wp-content\/uploads\/2024\/07\/image-11.png 313w, https:\/\/abc-cloud.de\/attina\/f1-hilfe\/wp-content\/uploads\/2024\/07\/image-11-111x300.png 111w\" sizes=\"auto, (max-width: 313px) 100vw, 313px\" \/><\/figure>\n\n\n\n<p><strong>Auch wenn Sie \u00fcber eine Remotedesktopverbindung auf attina zugreifen, erfolgen die \u00c4nderungen in den Druckereinstellungen \u00fcber Ihren PC.<\/strong> <\/p>\n\n\n\n<p>Wie Sie Ihren Drucker \u00fcber die RDV auf dem Server integrieren, erfahren Sie hier: <br><a href=\"https:\/\/abc-cloud.de\/attina\/f1-hilfe\/drucker-ueber-rdv-hinzufuegen\/\">https:\/\/abc-cloud.de\/attina\/f1-hilfe\/drucker-ueber-rdv-hinzufuegen\/<\/a><\/p>\n","protected":false},"excerpt":{"rendered":"<p>Sollte Ihnen beim Druck-Vorgang \u00fcber attina nicht mehr der gewohnte Drucker angezeigt werden, hat dies nichts mit dem System von attina zu tun. \u00dcber Attina k\u00f6nnen keine Druckereinstellungen vorgenommen werden. Druckereinstellungen werden ausschlie\u00dflich an Ihrem PC \u00fcber die Ger\u00e4teeinstellungen. Zum Beispiel: Im Start-Men\u00fc von Windows auf &#8218;Einstellungen&#8216; klicken und dann auf &#8218;Ger\u00e4te&#8216;. In den Ger\u00e4teeinstellungen [&hellip;]<\/p>\n","protected":false},"author":4,"featured_media":0,"parent":0,"menu_order":0,"comment_status":"closed","ping_status":"closed","template":"","meta":{"footnotes":""},"class_list":["post-1743","page","type-page","status-publish","hentry"],"_links":{"self":[{"href":"https:\/\/abc-cloud.de\/attina\/f1-hilfe\/wp-json\/wp\/v2\/pages\/1743","targetHints":{"allow":["GET"]}}],"collection":[{"href":"https:\/\/abc-cloud.de\/attina\/f1-hilfe\/wp-json\/wp\/v2\/pages"}],"about":[{"href":"https:\/\/abc-cloud.de\/attina\/f1-hilfe\/wp-json\/wp\/v2\/types\/page"}],"author":[{"embeddable":true,"href":"https:\/\/abc-cloud.de\/attina\/f1-hilfe\/wp-json\/wp\/v2\/users\/4"}],"replies":[{"embeddable":true,"href":"https:\/\/abc-cloud.de\/attina\/f1-hilfe\/wp-json\/wp\/v2\/comments?post=1743"}],"version-history":[{"count":2,"href":"https:\/\/abc-cloud.de\/attina\/f1-hilfe\/wp-json\/wp\/v2\/pages\/1743\/revisions"}],"predecessor-version":[{"id":1755,"href":"https:\/\/abc-cloud.de\/attina\/f1-hilfe\/wp-json\/wp\/v2\/pages\/1743\/revisions\/1755"}],"wp:attachment":[{"href":"https:\/\/abc-cloud.de\/attina\/f1-hilfe\/wp-json\/wp\/v2\/media?parent=1743"}],"curies":[{"name":"wp","href":"https:\/\/api.w.org\/{rel}","templated":true}]}}