{"id":1762,"date":"2024-07-18T14:49:43","date_gmt":"2024-07-18T12:49:43","guid":{"rendered":"https:\/\/abc-cloud.de\/attina\/f1-hilfe\/?page_id=1762"},"modified":"2024-08-12T09:01:33","modified_gmt":"2024-08-12T07:01:33","slug":"wie-und-wo-uebergibt-man-eine-rechnung","status":"publish","type":"page","link":"https:\/\/abc-cloud.de\/attina\/f1-hilfe\/wie-und-wo-uebergibt-man-eine-rechnung\/","title":{"rendered":"Wie und wo \u00fcbergibt man eine Rechnung?"},"content":{"rendered":"\n<p>\u00d6ffnen Sie attina und klicken im Men\u00fcband auf &#8222;Finanzen&#8220; und dann auf &#8222;Fibu\u00fcbergabe&#8220;:<\/p>\n\n\n\n<figure class=\"wp-block-image size-full is-resized\"><img loading=\"lazy\" decoding=\"async\" width=\"581\" height=\"276\" src=\"https:\/\/abc-cloud.de\/attina\/f1-hilfe\/wp-content\/uploads\/2024\/07\/image-15.png\" alt=\"\" class=\"wp-image-1763\" style=\"width:341px;height:auto\" srcset=\"https:\/\/abc-cloud.de\/attina\/f1-hilfe\/wp-content\/uploads\/2024\/07\/image-15.png 581w, https:\/\/abc-cloud.de\/attina\/f1-hilfe\/wp-content\/uploads\/2024\/07\/image-15-300x143.png 300w\" sizes=\"auto, (max-width: 581px) 100vw, 581px\" \/><\/figure>\n\n\n\n<p>Es \u00f6ffnet sich dann das Modul FibuExport. Stellen Sie hier zun\u00e4chst den gew\u00fcnschten Zeitbereich ein, dann w\u00e4hlen Sie &#8222;offen&#8220; (d. h. es werden alle noch nicht \u00fcbergebenen Rechnungen angezeigt). Zuletzt w\u00e4hlen Sie bitte Ihre Schnittstelle, z. B. Agenda, Datev, Lexware, &#8230; . <\/p>\n\n\n\n<figure class=\"wp-block-image size-full is-resized\"><img loading=\"lazy\" decoding=\"async\" width=\"949\" height=\"101\" src=\"https:\/\/abc-cloud.de\/attina\/f1-hilfe\/wp-content\/uploads\/2024\/07\/image-18.png\" alt=\"\" class=\"wp-image-1766\" style=\"width:722px;height:auto\" srcset=\"https:\/\/abc-cloud.de\/attina\/f1-hilfe\/wp-content\/uploads\/2024\/07\/image-18.png 949w, https:\/\/abc-cloud.de\/attina\/f1-hilfe\/wp-content\/uploads\/2024\/07\/image-18-300x32.png 300w, https:\/\/abc-cloud.de\/attina\/f1-hilfe\/wp-content\/uploads\/2024\/07\/image-18-768x82.png 768w\" sizes=\"auto, (max-width: 949px) 100vw, 949px\" \/><\/figure>\n\n\n\n<p>F\u00fcr die \u00dcbergabe klicken Sie nun auf die kleine Diskette mit dem gr\u00fcnen Pfeil.<\/p>\n\n\n\n<p>Nun \u00f6ffnet sich ein neues kleines Fenster. Mit einem Klick auf den kleinen Ordner w\u00e4hlen Sie den Ort aus, wo die Liste gespeichert werden soll. <\/p>\n\n\n\n<figure class=\"wp-block-image size-full is-resized\"><img loading=\"lazy\" decoding=\"async\" width=\"512\" height=\"249\" src=\"https:\/\/abc-cloud.de\/attina\/f1-hilfe\/wp-content\/uploads\/2024\/07\/image-21.png\" alt=\"\" class=\"wp-image-1769\" style=\"width:395px;height:auto\" srcset=\"https:\/\/abc-cloud.de\/attina\/f1-hilfe\/wp-content\/uploads\/2024\/07\/image-21.png 512w, https:\/\/abc-cloud.de\/attina\/f1-hilfe\/wp-content\/uploads\/2024\/07\/image-21-300x146.png 300w\" sizes=\"auto, (max-width: 512px) 100vw, 512px\" \/><\/figure>\n\n\n\n<p>Je nach Anbieter des Lohnprogramms kann dieses Fenster etwas anders aussehen. <\/p>\n\n\n\n<p>Anschlie\u00dfend klicken Sie auf &#8222;\u00dcbergeben&#8220;. Nun wird die Liste gespeichert und ist in attina als &#8222;\u00fcbergeben&#8220; mit Zeitstempel gekennzeichnet. <\/p>\n\n\n\n<p>Die gespeicherte Datei senden Sie nun Ihrem Steuerb\u00fcro per E-Mail zu.  <\/p>\n\n\n\n<h3 class=\"wp-block-heading has-large-font-size\">FiBu-Schl\u00fcssel<\/h3>\n\n\n\n<figure class=\"wp-block-image size-full is-resized\"><img loading=\"lazy\" decoding=\"async\" width=\"948\" height=\"142\" src=\"https:\/\/abc-cloud.de\/attina\/f1-hilfe\/wp-content\/uploads\/2024\/08\/image-43.png\" alt=\"\" class=\"wp-image-1905\" style=\"width:667px;height:auto\" srcset=\"https:\/\/abc-cloud.de\/attina\/f1-hilfe\/wp-content\/uploads\/2024\/08\/image-43.png 948w, https:\/\/abc-cloud.de\/attina\/f1-hilfe\/wp-content\/uploads\/2024\/08\/image-43-300x45.png 300w, https:\/\/abc-cloud.de\/attina\/f1-hilfe\/wp-content\/uploads\/2024\/08\/image-43-768x115.png 768w\" sizes=\"auto, (max-width: 948px) 100vw, 948px\" \/><\/figure>\n\n\n\n<p>Dieser Schl\u00fcssel, wie auch der Export-Schl\u00fcssel, dient zum Koppeln der g\u00e4ngigen Finanzbuchhaltungs-Programme. <br>Die Angabe f\u00fcr den FiBu-Schl\u00fcssel ist in der Eingabemaske der einzelnen <a href=\"https:\/\/abc-cloud.de\/attina\/f1-hilfe\/lohnarten-kunden-zuschlaege\/\">Lohnart<\/a> zu speichern.<br>Die Bezeichnung Ihres Schl\u00fcssels f\u00fcr die FiBu finden Sie im Handbuch des Programmanbieters.<\/p>\n","protected":false},"excerpt":{"rendered":"<p>\u00d6ffnen Sie attina und klicken im Men\u00fcband auf &#8222;Finanzen&#8220; und dann auf &#8222;Fibu\u00fcbergabe&#8220;: Es \u00f6ffnet sich dann das Modul FibuExport. Stellen Sie hier zun\u00e4chst den gew\u00fcnschten Zeitbereich ein, dann w\u00e4hlen Sie &#8222;offen&#8220; (d. h. es werden alle noch nicht \u00fcbergebenen Rechnungen angezeigt). Zuletzt w\u00e4hlen Sie bitte Ihre Schnittstelle, z. B. Agenda, Datev, Lexware, &#8230; . [&hellip;]<\/p>\n","protected":false},"author":4,"featured_media":0,"parent":0,"menu_order":0,"comment_status":"closed","ping_status":"closed","template":"","meta":{"footnotes":""},"class_list":["post-1762","page","type-page","status-publish","hentry"],"_links":{"self":[{"href":"https:\/\/abc-cloud.de\/attina\/f1-hilfe\/wp-json\/wp\/v2\/pages\/1762","targetHints":{"allow":["GET"]}}],"collection":[{"href":"https:\/\/abc-cloud.de\/attina\/f1-hilfe\/wp-json\/wp\/v2\/pages"}],"about":[{"href":"https:\/\/abc-cloud.de\/attina\/f1-hilfe\/wp-json\/wp\/v2\/types\/page"}],"author":[{"embeddable":true,"href":"https:\/\/abc-cloud.de\/attina\/f1-hilfe\/wp-json\/wp\/v2\/users\/4"}],"replies":[{"embeddable":true,"href":"https:\/\/abc-cloud.de\/attina\/f1-hilfe\/wp-json\/wp\/v2\/comments?post=1762"}],"version-history":[{"count":3,"href":"https:\/\/abc-cloud.de\/attina\/f1-hilfe\/wp-json\/wp\/v2\/pages\/1762\/revisions"}],"predecessor-version":[{"id":1904,"href":"https:\/\/abc-cloud.de\/attina\/f1-hilfe\/wp-json\/wp\/v2\/pages\/1762\/revisions\/1904"}],"wp:attachment":[{"href":"https:\/\/abc-cloud.de\/attina\/f1-hilfe\/wp-json\/wp\/v2\/media?parent=1762"}],"curies":[{"name":"wp","href":"https:\/\/api.w.org\/{rel}","templated":true}]}}