{"id":1772,"date":"2024-07-19T14:51:44","date_gmt":"2024-07-19T12:51:44","guid":{"rendered":"https:\/\/abc-cloud.de\/attina\/f1-hilfe\/?page_id=1772"},"modified":"2025-12-05T11:26:01","modified_gmt":"2025-12-05T10:26:01","slug":"fahrtkosten-als-dynamischer-zuschlag","status":"publish","type":"page","link":"https:\/\/abc-cloud.de\/attina\/f1-hilfe\/fahrtkosten-als-dynamischer-zuschlag\/","title":{"rendered":"Fahrtkosten f\u00fcr Mitarbeiter (als dynamischer Zuschlag)"},"content":{"rendered":"\n<p>Um f\u00fcr den Mitarbeiter Fahrtkosten (Anfahrt zum Kunden x Kilometer \/ pro Kilometer x \u20ac Lohnzuschlag) zu berechnen, gehen Sie bitte wie folgt vor:<\/p>\n\n\n\n<p>Zuerst legen Sie sich eine neue Lohnart an und f\u00fcllen die Eingabemaske wie auf dem Screenshot dargestellt aus: <\/p>\n\n\n\n<figure class=\"wp-block-image size-full is-resized\"><img loading=\"lazy\" decoding=\"async\" width=\"669\" height=\"587\" src=\"https:\/\/abc-cloud.de\/attina\/f1-hilfe\/wp-content\/uploads\/2024\/07\/image-24.png\" alt=\"\" class=\"wp-image-1775\" style=\"width:687px;height:auto\" srcset=\"https:\/\/abc-cloud.de\/attina\/f1-hilfe\/wp-content\/uploads\/2024\/07\/image-24.png 669w, https:\/\/abc-cloud.de\/attina\/f1-hilfe\/wp-content\/uploads\/2024\/07\/image-24-300x263.png 300w\" sizes=\"auto, (max-width: 669px) 100vw, 669px\" \/><\/figure>\n\n\n\n<p>Die Lohnartnummer gleichen Sie bitte mit Ihrem Steuerb\u00fcro ab. <br>Wenn Sie nicht mehr genau wissen, wie Sie das Lohnartenmodul \u00f6ffnen, so schauen Sie bitte<a href=\"https:\/\/abc-cloud.de\/attina\/f1-hilfe\/lohnarten-kunden-zuschlaege\/\"> hier <\/a><br>Speichern Sie mit Klick auf den schwarzen Haken die neue Lohnart ab!<br><\/p>\n\n\n\n<figure class=\"wp-block-image size-full is-resized\"><img loading=\"lazy\" decoding=\"async\" width=\"342\" height=\"63\" src=\"https:\/\/abc-cloud.de\/attina\/f1-hilfe\/wp-content\/uploads\/2024\/07\/image-29.png\" alt=\"\" class=\"wp-image-1780\" style=\"width:277px;height:auto\" srcset=\"https:\/\/abc-cloud.de\/attina\/f1-hilfe\/wp-content\/uploads\/2024\/07\/image-29.png 342w, https:\/\/abc-cloud.de\/attina\/f1-hilfe\/wp-content\/uploads\/2024\/07\/image-29-300x55.png 300w\" sizes=\"auto, (max-width: 342px) 100vw, 342px\" \/><\/figure>\n\n\n\n<p>Klicken Sie nun im Men\u00fcband von attina auf:<\/p>\n\n\n\n<p><strong>Datei \/ Konfig \/ Allgemein \/ Dynamische Zuschl\u00e4ge<\/strong><\/p>\n\n\n\n<figure class=\"wp-block-image size-full is-resized\"><img loading=\"lazy\" decoding=\"async\" width=\"624\" height=\"558\" src=\"https:\/\/abc-cloud.de\/attina\/f1-hilfe\/wp-content\/uploads\/2024\/07\/image-25.png\" alt=\"\" class=\"wp-image-1776\" style=\"width:395px;height:auto\" srcset=\"https:\/\/abc-cloud.de\/attina\/f1-hilfe\/wp-content\/uploads\/2024\/07\/image-25.png 624w, https:\/\/abc-cloud.de\/attina\/f1-hilfe\/wp-content\/uploads\/2024\/07\/image-25-300x268.png 300w\" sizes=\"auto, (max-width: 624px) 100vw, 624px\" \/><\/figure>\n\n\n\n<p>F\u00fcgen Sie der Liste durch einen Klick auf das &#8222;+&#8220; (unten links im Modulfenster) eine neue Zeile hinzu und benennen Sie sie (z. B. Fahrgeld Kilometer). Klicken Sie unter &#8222;Lohnart&#8220; in die leere Zelle. Nun werden drei kleine Punkte in der Zeile sichtbar.<\/p>\n\n\n\n<figure class=\"wp-block-image size-full\"><img loading=\"lazy\" decoding=\"async\" width=\"945\" height=\"142\" src=\"https:\/\/abc-cloud.de\/attina\/f1-hilfe\/wp-content\/uploads\/2024\/07\/image-27.png\" alt=\"\" class=\"wp-image-1778\" srcset=\"https:\/\/abc-cloud.de\/attina\/f1-hilfe\/wp-content\/uploads\/2024\/07\/image-27.png 945w, https:\/\/abc-cloud.de\/attina\/f1-hilfe\/wp-content\/uploads\/2024\/07\/image-27-300x45.png 300w, https:\/\/abc-cloud.de\/attina\/f1-hilfe\/wp-content\/uploads\/2024\/07\/image-27-768x115.png 768w\" sizes=\"auto, (max-width: 945px) 100vw, 945px\" \/><\/figure>\n\n\n\n<p>Klicken Sie darauf und w\u00e4hlen Sie aus der Liste die neu erstellte Lohnart &#8222;Fahrgeld Kilometer&#8220; aus und f\u00fcgen Sie sie mit &#8222;OK&#8220; hinzu. Speichern Sie die Angaben unbedingt mit Klick auf den schwarzen Haken ab! <br><\/p>\n\n\n\n<figure class=\"wp-block-image size-full is-resized\"><img loading=\"lazy\" decoding=\"async\" width=\"342\" height=\"63\" src=\"https:\/\/abc-cloud.de\/attina\/f1-hilfe\/wp-content\/uploads\/2024\/07\/image-28.png\" alt=\"\" class=\"wp-image-1779\" style=\"width:292px;height:auto\" srcset=\"https:\/\/abc-cloud.de\/attina\/f1-hilfe\/wp-content\/uploads\/2024\/07\/image-28.png 342w, https:\/\/abc-cloud.de\/attina\/f1-hilfe\/wp-content\/uploads\/2024\/07\/image-28-300x55.png 300w\" sizes=\"auto, (max-width: 342px) 100vw, 342px\" \/><\/figure>\n\n\n\n<p>Wenn Sie nun Auftr\u00e4ge erstellen, k\u00f6nnen Sie im Auftrag im ersten Reiter des Registers, die Anzahl der Kilometer eintragen:<\/p>\n\n\n\n<figure class=\"wp-block-image size-full\"><img loading=\"lazy\" decoding=\"async\" width=\"952\" height=\"651\" src=\"https:\/\/abc-cloud.de\/attina\/f1-hilfe\/wp-content\/uploads\/2024\/07\/image-33.png\" alt=\"\" class=\"wp-image-1785\" srcset=\"https:\/\/abc-cloud.de\/attina\/f1-hilfe\/wp-content\/uploads\/2024\/07\/image-33.png 952w, https:\/\/abc-cloud.de\/attina\/f1-hilfe\/wp-content\/uploads\/2024\/07\/image-33-300x205.png 300w, https:\/\/abc-cloud.de\/attina\/f1-hilfe\/wp-content\/uploads\/2024\/07\/image-33-768x525.png 768w\" sizes=\"auto, (max-width: 952px) 100vw, 952px\" \/><\/figure>\n\n\n\n<p>Ebenfalls im Auftrag, im Reiter &#8222;dynamische Zuschl\u00e4ge&#8220;, tragen Sie den Zuschlag mit einer G\u00fcltigkeit ab einem bestimmten Datum ein. <br>Klicken Sie auf das &#8222;+&#8220; und w\u00e4hlen Sie den Typ der Lohnart, ein G\u00fcltigkeitsdatum und den Betrag ein, den Sie pro Einheit (also z. B. pro Kilometer) zahlen m\u00f6chten. Sind noch Anmerkungen wichtig, so k\u00f6nnen Sie auch diese dort eingeben. <br>Denken Sie bitte unbedingt daran, Ihre Angaben mit Klick auf den kleinen schwarzen Haken abzuspeichern! <\/p>\n\n\n\n<figure class=\"wp-block-image size-full is-resized\"><img loading=\"lazy\" decoding=\"async\" width=\"949\" height=\"716\" src=\"https:\/\/abc-cloud.de\/attina\/f1-hilfe\/wp-content\/uploads\/2024\/07\/image-34.png\" alt=\"\" class=\"wp-image-1786\" style=\"width:673px;height:auto\" srcset=\"https:\/\/abc-cloud.de\/attina\/f1-hilfe\/wp-content\/uploads\/2024\/07\/image-34.png 949w, https:\/\/abc-cloud.de\/attina\/f1-hilfe\/wp-content\/uploads\/2024\/07\/image-34-300x226.png 300w, https:\/\/abc-cloud.de\/attina\/f1-hilfe\/wp-content\/uploads\/2024\/07\/image-34-768x579.png 768w\" sizes=\"auto, (max-width: 949px) 100vw, 949px\" \/><\/figure>\n\n\n\n<p>Soll ab einem bestimmten Zeitpunkt kein Zuschlag mehr berechnet werden, so geben Sie unter &#8222;g\u00fcltig ab&#8220; eine &#8222;0&#8220; (null) ein. Auch diese \u00c4nderung unbedingt speichern! <\/p>\n\n\n\n<p>&#8212;&#8212;&#8212;&#8212;&#8212;&#8212;&#8212;&#8212;&#8212;&#8212;&#8212;&#8212;&#8212;&#8212;&#8212;&#8212;&#8212;&#8212;&#8212;&#8212;&#8212;&#8212;&#8212;&#8212;&#8212;&#8212;&#8212;&#8212;&#8212;&#8212;&#8211;<\/p>\n\n\n\n<p>Weitere Informationen zu \u201eDynamische Zuschl\u00e4ge \/ Zusammenfassung\u201c finden Sie unter: <a href=\"https:\/\/abc-cloud.de\/attina\/f1-hilfe\/konfig-allgemein\/\">https:\/\/abc-cloud.de\/attina\/f1-hilfe\/konfig-allgemein\/<\/a><\/p>\n\n\n\n<p>Scrollen Sie dort bis zum Abschnitt <strong>\u201eDynamische Zuschl\u00e4ge\u201c<\/strong>.<\/p>\n\n\n\n<p><\/p>\n","protected":false},"excerpt":{"rendered":"<p>Um f\u00fcr den Mitarbeiter Fahrtkosten (Anfahrt zum Kunden x Kilometer \/ pro Kilometer x \u20ac Lohnzuschlag) zu berechnen, gehen Sie bitte wie folgt vor: Zuerst legen Sie sich eine neue Lohnart an und f\u00fcllen die Eingabemaske wie auf dem Screenshot dargestellt aus: Die Lohnartnummer gleichen Sie bitte mit Ihrem Steuerb\u00fcro ab. Wenn Sie nicht mehr [&hellip;]<\/p>\n","protected":false},"author":4,"featured_media":0,"parent":0,"menu_order":0,"comment_status":"closed","ping_status":"closed","template":"","meta":{"footnotes":""},"class_list":["post-1772","page","type-page","status-publish","hentry"],"_links":{"self":[{"href":"https:\/\/abc-cloud.de\/attina\/f1-hilfe\/wp-json\/wp\/v2\/pages\/1772","targetHints":{"allow":["GET"]}}],"collection":[{"href":"https:\/\/abc-cloud.de\/attina\/f1-hilfe\/wp-json\/wp\/v2\/pages"}],"about":[{"href":"https:\/\/abc-cloud.de\/attina\/f1-hilfe\/wp-json\/wp\/v2\/types\/page"}],"author":[{"embeddable":true,"href":"https:\/\/abc-cloud.de\/attina\/f1-hilfe\/wp-json\/wp\/v2\/users\/4"}],"replies":[{"embeddable":true,"href":"https:\/\/abc-cloud.de\/attina\/f1-hilfe\/wp-json\/wp\/v2\/comments?post=1772"}],"version-history":[{"count":7,"href":"https:\/\/abc-cloud.de\/attina\/f1-hilfe\/wp-json\/wp\/v2\/pages\/1772\/revisions"}],"predecessor-version":[{"id":2916,"href":"https:\/\/abc-cloud.de\/attina\/f1-hilfe\/wp-json\/wp\/v2\/pages\/1772\/revisions\/2916"}],"wp:attachment":[{"href":"https:\/\/abc-cloud.de\/attina\/f1-hilfe\/wp-json\/wp\/v2\/media?parent=1772"}],"curies":[{"name":"wp","href":"https:\/\/api.w.org\/{rel}","templated":true}]}}