{"id":1789,"date":"2024-07-19T15:49:54","date_gmt":"2024-07-19T13:49:54","guid":{"rendered":"https:\/\/abc-cloud.de\/attina\/f1-hilfe\/?page_id=1789"},"modified":"2025-03-18T15:21:09","modified_gmt":"2025-03-18T14:21:09","slug":"gutschrift-rechnungskorrektur","status":"publish","type":"page","link":"https:\/\/abc-cloud.de\/attina\/f1-hilfe\/gutschrift-rechnungskorrektur\/","title":{"rendered":"(Teil-)Gutschrift \/ Rechnungskorrektur erstellen"},"content":{"rendered":"\n<p>Gutschriften, bzw. Rechnungskorrekturen k\u00f6nnen Sie f\u00fcr die Gesamtrechnung erstellen (Rechnungskorrektur), oder auch nur f\u00fcr einzelne Positionen (Teilgutschrift).<\/p>\n\n\n\n<p>\u00d6ffnen Sie das Modul &#8222;Rechnungsverwaltung&#8220;. Entweder mit Klick auf die Modulkachel im Dashboard von attina, oder \u00fcber das Men\u00fcband unter &#8222;Abl\u00e4ufe&#8220;<\/p>\n\n\n\n<figure class=\"wp-block-image size-full is-resized\"><img loading=\"lazy\" decoding=\"async\" width=\"234\" height=\"593\" src=\"https:\/\/abc-cloud.de\/attina\/f1-hilfe\/wp-content\/uploads\/2024\/07\/image-35.png\" alt=\"\" class=\"wp-image-1790\" style=\"width:193px;height:auto\" srcset=\"https:\/\/abc-cloud.de\/attina\/f1-hilfe\/wp-content\/uploads\/2024\/07\/image-35.png 234w, https:\/\/abc-cloud.de\/attina\/f1-hilfe\/wp-content\/uploads\/2024\/07\/image-35-118x300.png 118w\" sizes=\"auto, (max-width: 234px) 100vw, 234px\" \/><\/figure>\n\n\n\n<div class=\"spoiler-wrap\">\n\t\t\t\t<div class=\"spoiler-head folded\">Rechnungskorrektur Gesamtrechnung<\/div>\n\t\t\t\t<div class=\"spoiler-body\"><\/p>\n\n\n\n<p>Suchen Sie in der Rechnungsverwaltung nach der Rechnung, die Sie in vollem Umfang gutschreiben m\u00f6chten. Nutzen Sie f\u00fcr die Suche nach bestimmten Rechnungen die M\u00f6glichkeiten links im Fenster des Moduls. <br>Haben Sie die Rechnung gefunden und aufgerufen, so machen Sie einen Rechtklick auf eine beliebige Rechnungsposition und w\u00e4hlen dann &#8222;Rechnungskorrektur&#8220;. <br>Anschlie\u00dfend \u00f6ffnet sich ein kleines Fenster. Dort klicken Sie auf &#8222;Ja&#8220;<\/p>\n\n\n\n<figure class=\"wp-block-image size-full is-resized\"><img loading=\"lazy\" decoding=\"async\" width=\"541\" height=\"245\" src=\"https:\/\/abc-cloud.de\/attina\/f1-hilfe\/wp-content\/uploads\/2024\/07\/image-38.png\" alt=\"\" class=\"wp-image-1793\" style=\"width:339px;height:auto\" srcset=\"https:\/\/abc-cloud.de\/attina\/f1-hilfe\/wp-content\/uploads\/2024\/07\/image-38.png 541w, https:\/\/abc-cloud.de\/attina\/f1-hilfe\/wp-content\/uploads\/2024\/07\/image-38-300x136.png 300w\" sizes=\"auto, (max-width: 541px) 100vw, 541px\" \/><\/figure>\n\n\n\n<p>Nun haben Sie automatisch die Rechnungskorrektur, also den neuen Vorgang, offen. Im Feld &#8222;Vorgang&#8220; steht in Rot der Status &#8222;Rechnungskorrektur&#8220;.<\/p>\n\n\n\n<figure class=\"wp-block-image size-full is-resized\"><img loading=\"lazy\" decoding=\"async\" width=\"479\" height=\"307\" src=\"https:\/\/abc-cloud.de\/attina\/f1-hilfe\/wp-content\/uploads\/2024\/07\/image-39.png\" alt=\"\" class=\"wp-image-1794\" style=\"width:347px;height:auto\" srcset=\"https:\/\/abc-cloud.de\/attina\/f1-hilfe\/wp-content\/uploads\/2024\/07\/image-39.png 479w, https:\/\/abc-cloud.de\/attina\/f1-hilfe\/wp-content\/uploads\/2024\/07\/image-39-300x192.png 300w\" sizes=\"auto, (max-width: 479px) 100vw, 479px\" \/><\/figure>\n\n\n\n<p>Sie k\u00f6nnen im offenen Vorgang einzelne Positionen l\u00f6schen, indem Sie sie mit einem Klick markieren und dann das Minus in der Toolbar in der Mitte des Fensters klicken.<\/p>\n\n\n\n<figure class=\"wp-block-image size-full is-resized\"><img loading=\"lazy\" decoding=\"async\" width=\"698\" height=\"165\" src=\"https:\/\/abc-cloud.de\/attina\/f1-hilfe\/wp-content\/uploads\/2024\/07\/image-40.png\" alt=\"\" class=\"wp-image-1795\" style=\"width:389px;height:auto\" srcset=\"https:\/\/abc-cloud.de\/attina\/f1-hilfe\/wp-content\/uploads\/2024\/07\/image-40.png 698w, https:\/\/abc-cloud.de\/attina\/f1-hilfe\/wp-content\/uploads\/2024\/07\/image-40-300x71.png 300w\" sizes=\"auto, (max-width: 698px) 100vw, 698px\" \/><\/figure>\n\n\n\n<p>Wollen Sie den Text, die Anzahl, oder den Betrag der Gutschriftspositionen \u00e4ndern, so klicken Sie in betreffendes Feld der Positionen und schreiben die gew\u00fcnschte \u00c4nderung hinein. <br>Anschlie\u00dfend klicken Sie auf den Taschenrechner-Button (Toolbar in der Mitte des Modulfensters), um alles neu berechnen zu lassen:<\/p>\n\n\n\n<figure class=\"wp-block-image size-full is-resized\"><img loading=\"lazy\" decoding=\"async\" width=\"674\" height=\"109\" src=\"https:\/\/abc-cloud.de\/attina\/f1-hilfe\/wp-content\/uploads\/2024\/07\/image-41.png\" alt=\"\" class=\"wp-image-1796\" style=\"width:486px;height:auto\" srcset=\"https:\/\/abc-cloud.de\/attina\/f1-hilfe\/wp-content\/uploads\/2024\/07\/image-41.png 674w, https:\/\/abc-cloud.de\/attina\/f1-hilfe\/wp-content\/uploads\/2024\/07\/image-41-300x49.png 300w\" sizes=\"auto, (max-width: 674px) 100vw, 674px\" \/><\/figure>\n\n\n\n<p>Wenn alle \u00c4nderungen stimmen, dann speichern Sie diese ab mit einem Klick auf den kleinen schwarzen Haken. <\/p>\n\n\n\n<p>Zum Drucken klicken Sie einfach oben links im Modulfenster auf den Drucker-Button, w\u00e4hlen den passenden Gutschrift-Report aus und drucken sich Ihr Dokument.<\/p>\n\n\n\n<p>Bitte beachten Sie: solang noch nicht gedruckt wurde, kann man Rechnungen, Gutschriften\/Korrekturen noch l\u00f6schen und bearbeiten. Sobald es einmal gedruckt ist, l\u00e4sst sich nicht mehr \u00e4ndern.<\/p>\n\n\n\n<p>Ist die Rechnungskorrektur bereits gedruckt und beim Kunden schon verbucht, bzw. im Buchungsprozess, so gibt es nur die M\u00f6glichkeit eine manuelle Rechnung zu erstellen mit der Rechnungsposition &#8222;Nachberechnung von Rechnung xy \/ Gutschrift xy&#8220;<\/p>\n\n\n\n<p><\/div>\n\t\t\t<\/div>\n\n\n\n<div class=\"spoiler-wrap\">\n\t\t\t\t<div class=\"spoiler-head folded\">Teilgutschrift erstellen<\/div>\n\t\t\t\t<div class=\"spoiler-body\"><\/p>\n\n\n\n<p>Rufen Sie die Rechnungsverwaltung auf und w\u00e4hlen Sie die Rechnung aus, um die es Ihnen geht. <br>Markieren Sie mit einem Klick die Rechnungsposition, f\u00fcr die Sie eine Gutschrift erstellen wollen. Geht es Ihnen um mehrere Positionen, so halten Sie beim Klicken die Strg-Taste gedr\u00fcckt. Machen Sie nun einen Rechtsklick auf den markierten Bereich. Es \u00f6ffnet sich ein Kontextmen\u00fc:<\/p>\n\n\n\n<figure class=\"wp-block-image size-full\"><img loading=\"lazy\" decoding=\"async\" width=\"807\" height=\"366\" src=\"https:\/\/abc-cloud.de\/attina\/f1-hilfe\/wp-content\/uploads\/2025\/03\/image-27.png\" alt=\"\" class=\"wp-image-2390\" srcset=\"https:\/\/abc-cloud.de\/attina\/f1-hilfe\/wp-content\/uploads\/2025\/03\/image-27.png 807w, https:\/\/abc-cloud.de\/attina\/f1-hilfe\/wp-content\/uploads\/2025\/03\/image-27-300x136.png 300w, https:\/\/abc-cloud.de\/attina\/f1-hilfe\/wp-content\/uploads\/2025\/03\/image-27-768x348.png 768w\" sizes=\"auto, (max-width: 807px) 100vw, 807px\" \/><\/figure>\n\n\n\n<p>Klicken Sie auf &#8222;Markierung&#8220; und dann auf &#8222;Teilgutschrift erstellen&#8220;. Es \u00f6ffnet sich ein kleines Fenster:<\/p>\n\n\n\n<figure class=\"wp-block-image size-full is-resized\"><img loading=\"lazy\" decoding=\"async\" width=\"349\" height=\"157\" src=\"https:\/\/abc-cloud.de\/attina\/f1-hilfe\/wp-content\/uploads\/2025\/03\/image-28.png\" alt=\"\" class=\"wp-image-2391\" style=\"width:283px;height:auto\" srcset=\"https:\/\/abc-cloud.de\/attina\/f1-hilfe\/wp-content\/uploads\/2025\/03\/image-28.png 349w, https:\/\/abc-cloud.de\/attina\/f1-hilfe\/wp-content\/uploads\/2025\/03\/image-28-300x135.png 300w\" sizes=\"auto, (max-width: 349px) 100vw, 349px\" \/><\/figure>\n\n\n\n<p>Klicken Sie auf &#8222;Ja&#8220;, um die Gutschrift zu erstellen.<\/p>\n\n\n\n<p>Sie k\u00f6nnen einzelne Positionen l\u00f6schen, indem Sie sie mit einem Klick  markieren und dann das Minus in der Toolbar in der Mitte des Fensters klicken.<\/p>\n\n\n\n<figure class=\"wp-block-image size-full is-resized\"><img loading=\"lazy\" decoding=\"async\" width=\"698\" height=\"165\" src=\"https:\/\/abc-cloud.de\/attina\/f1-hilfe\/wp-content\/uploads\/2025\/03\/image-29.png\" alt=\"\" class=\"wp-image-2392\" style=\"width:434px;height:auto\" srcset=\"https:\/\/abc-cloud.de\/attina\/f1-hilfe\/wp-content\/uploads\/2025\/03\/image-29.png 698w, https:\/\/abc-cloud.de\/attina\/f1-hilfe\/wp-content\/uploads\/2025\/03\/image-29-300x71.png 300w\" sizes=\"auto, (max-width: 698px) 100vw, 698px\" \/><\/figure>\n\n\n\n<p>Wollen Sie den Text, die Anzahl, oder den Betrag der Gutschriftspositionen \u00e4ndern, so klicken Sie in betreffendes Feld der Positionen und schreiben die gew\u00fcnschte \u00c4nderung hinein. <br>Anschlie\u00dfend klicken Sie auf den Taschenrechner-Button (in der Toolbar in der Mitte des Modulfensters), um alles neu berechnen zu lassen:<\/p>\n\n\n\n<figure class=\"wp-block-image size-full is-resized\"><img loading=\"lazy\" decoding=\"async\" width=\"674\" height=\"109\" src=\"https:\/\/abc-cloud.de\/attina\/f1-hilfe\/wp-content\/uploads\/2025\/03\/image-30.png\" alt=\"\" class=\"wp-image-2393\" style=\"width:436px;height:auto\" srcset=\"https:\/\/abc-cloud.de\/attina\/f1-hilfe\/wp-content\/uploads\/2025\/03\/image-30.png 674w, https:\/\/abc-cloud.de\/attina\/f1-hilfe\/wp-content\/uploads\/2025\/03\/image-30-300x49.png 300w\" sizes=\"auto, (max-width: 674px) 100vw, 674px\" \/><\/figure>\n\n\n\n<p>Wenn alle \u00c4nderungen stimmen, dann speichern Sie diese ab mit einem Klick auf den kleinen schwarzen Haken.<\/p>\n\n\n\n<p>Zum Drucken klicken Sie einfach oben links im Modulfenster auf den Drucker-Button, w\u00e4hlen den passenden Gutschrift-Report aus und drucken sich Ihr Dokument.<\/p>\n\n\n\n<p>Bitte beachten Sie: solang noch nicht gedruckt wurde, kann man Rechnungen, Gutschriften\/Korrekturen noch l\u00f6schen und bearbeiten. Sobald es einmal gedruckt ist, l\u00e4sst sich nicht mehr \u00e4ndern.<\/p>\n\n\n\n<p>Ist die Rechnungskorrektur bereits gedruckt und beim Kunden schon verbucht, bzw. im Buchungsprozess, so gibt es nur die M\u00f6glichkeit eine manuelle Rechnung zu erstellen mit der Rechnungsposition &#8222;Nachberechnung von Rechnung xy\/ Gutschrift xy&#8220;<\/p>\n\n\n\n<p><\/div>\n\t\t\t<\/div>\n","protected":false},"excerpt":{"rendered":"<p>Gutschriften, bzw. Rechnungskorrekturen k\u00f6nnen Sie f\u00fcr die Gesamtrechnung erstellen (Rechnungskorrektur), oder auch nur f\u00fcr einzelne Positionen (Teilgutschrift). \u00d6ffnen Sie das Modul &#8222;Rechnungsverwaltung&#8220;. Entweder mit Klick auf die Modulkachel im Dashboard von attina, oder \u00fcber das Men\u00fcband unter &#8222;Abl\u00e4ufe&#8220;<\/p>\n","protected":false},"author":4,"featured_media":0,"parent":0,"menu_order":0,"comment_status":"closed","ping_status":"closed","template":"","meta":{"footnotes":""},"class_list":["post-1789","page","type-page","status-publish","hentry"],"_links":{"self":[{"href":"https:\/\/abc-cloud.de\/attina\/f1-hilfe\/wp-json\/wp\/v2\/pages\/1789","targetHints":{"allow":["GET"]}}],"collection":[{"href":"https:\/\/abc-cloud.de\/attina\/f1-hilfe\/wp-json\/wp\/v2\/pages"}],"about":[{"href":"https:\/\/abc-cloud.de\/attina\/f1-hilfe\/wp-json\/wp\/v2\/types\/page"}],"author":[{"embeddable":true,"href":"https:\/\/abc-cloud.de\/attina\/f1-hilfe\/wp-json\/wp\/v2\/users\/4"}],"replies":[{"embeddable":true,"href":"https:\/\/abc-cloud.de\/attina\/f1-hilfe\/wp-json\/wp\/v2\/comments?post=1789"}],"version-history":[{"count":5,"href":"https:\/\/abc-cloud.de\/attina\/f1-hilfe\/wp-json\/wp\/v2\/pages\/1789\/revisions"}],"predecessor-version":[{"id":2675,"href":"https:\/\/abc-cloud.de\/attina\/f1-hilfe\/wp-json\/wp\/v2\/pages\/1789\/revisions\/2675"}],"wp:attachment":[{"href":"https:\/\/abc-cloud.de\/attina\/f1-hilfe\/wp-json\/wp\/v2\/media?parent=1789"}],"curies":[{"name":"wp","href":"https:\/\/api.w.org\/{rel}","templated":true}]}}