{"id":1869,"date":"2024-08-08T13:56:10","date_gmt":"2024-08-08T11:56:10","guid":{"rendered":"https:\/\/abc-cloud.de\/attina\/f1-hilfe\/?page_id=1869"},"modified":"2024-08-08T13:56:10","modified_gmt":"2024-08-08T11:56:10","slug":"lohnartenauswertung","status":"publish","type":"page","link":"https:\/\/abc-cloud.de\/attina\/f1-hilfe\/lohnartenauswertung\/","title":{"rendered":"Lohnartenauswertung"},"content":{"rendered":"\n<p>Diese Liste dient Ihnen dazu, sich einen schnellen \u00dcberblick \u00fcber die berechneten Lohnarten bestimmter Mitarbeiter zu verschaffen. Vielleicht ist Ihnen ja das Detail wichtig, auf einem Blick zu sehen, ob bestimmte Mitarbeitende die <a href=\"https:\/\/abc-cloud.de\/attina\/f1-hilfe\/inflationsausgleichspraemie-iap\/\">IAP<\/a> berechnet wurde und ob diese auch wirklich und bei jedem als steuerfrei eingetragen ist. <\/p>\n\n\n\n<p>Um diese Liste aufzurufen, klicken Sie hierzu bitte im attina-Men\u00fc auf &#8222;<strong>Auswertungen<\/strong>&#8222;, dann auf &#8222;<strong>Lohn<\/strong>&#8220; und zuletzt auf &#8222;<strong>Lohnartenauswertung<\/strong>&#8222;<\/p>\n\n\n\n<figure class=\"wp-block-image size-full\"><img loading=\"lazy\" decoding=\"async\" width=\"949\" height=\"281\" src=\"https:\/\/abc-cloud.de\/attina\/f1-hilfe\/wp-content\/uploads\/2024\/08\/image-34.png\" alt=\"\" class=\"wp-image-1871\" srcset=\"https:\/\/abc-cloud.de\/attina\/f1-hilfe\/wp-content\/uploads\/2024\/08\/image-34.png 949w, https:\/\/abc-cloud.de\/attina\/f1-hilfe\/wp-content\/uploads\/2024\/08\/image-34-300x89.png 300w, https:\/\/abc-cloud.de\/attina\/f1-hilfe\/wp-content\/uploads\/2024\/08\/image-34-768x227.png 768w\" sizes=\"auto, (max-width: 949px) 100vw, 949px\" \/><\/figure>\n\n\n\n<p> Wie alle unserer Listen in attina, k\u00f6nnen Sie diese Liste ganz nach Ihren eigenen W\u00fcnschen und Anforderungen gestalten:<\/p>\n\n\n\n<figure class=\"wp-block-image size-full\"><img loading=\"lazy\" decoding=\"async\" width=\"949\" height=\"324\" src=\"https:\/\/abc-cloud.de\/attina\/f1-hilfe\/wp-content\/uploads\/2024\/08\/image-35.png\" alt=\"\" class=\"wp-image-1872\" srcset=\"https:\/\/abc-cloud.de\/attina\/f1-hilfe\/wp-content\/uploads\/2024\/08\/image-35.png 949w, https:\/\/abc-cloud.de\/attina\/f1-hilfe\/wp-content\/uploads\/2024\/08\/image-35-300x102.png 300w, https:\/\/abc-cloud.de\/attina\/f1-hilfe\/wp-content\/uploads\/2024\/08\/image-35-768x262.png 768w\" sizes=\"auto, (max-width: 949px) 100vw, 949px\" \/><\/figure>\n\n\n\n<p>W\u00e4hlen Sie zun\u00e4chst in der oberen Leiste Ihre <strong>Filiale<\/strong> und einen <strong>Zeitraum<\/strong> aus. Es erscheinen links im Fenster alle <a href=\"https:\/\/abc-cloud.de\/attina\/f1-hilfe\/mitarbeiter\/\" data-type=\"link\" data-id=\"https:\/\/abc-cloud.de\/attina\/f1-hilfe\/mitarbeiter\/\">Mitarbeitenden<\/a>, die f\u00fcr den Monat fakturiert wurden. Setzen Sie Haken bei allen Mitarbeitenden, f\u00fcr die Sie gerade etwas pr\u00fcfen m\u00f6chten. <em>Tipp:<\/em> falls Sie alle ausw\u00e4hlen wollen, machen Sie einen Rechtsklick auf einen beliebigen Haken, dann \u00f6ffnet sich ein kleines Fenster und dort k\u00f6nnen Sie &#8222;Alle ausw\u00e4hlen&#8220; anklicken. <br>In den <strong>Einstellungen<\/strong> (Button mit Werkzeugsymbol) k\u00f6nnen Sie w\u00e4hlen, was Sie angezeigt haben wollen, was bei einem Ausdruck eventuell mit ausgedruckt werden soll (falls es Anh\u00e4nge und Notizen zu einem Vorgang gibt) und ob Sie den Rest- oder Jahresurlaubsanspruch angezeigt haben wollen.<br>Sollten Sie die <strong>Spalten<\/strong> anpassen wollen (verl\u00e4ngern oder verk\u00fcrzen), so klicken Sie mit der rechten Maustaste auf die Spalten\u00fcberschrift und w\u00e4hlen Anpassungsoptionen aus. <br>In der <strong>oberen Leiste<\/strong> haben Sie noch weitere Optionen, f\u00fcr Ihre Liste, wie z. B. die summierte Ansicht und das Zubuchen einer Mehraufwandsentsch\u00e4digung. <br>Sie haben die M\u00f6glichkeit, die Liste <strong>selbst zu aktualisieren<\/strong> (bleuer Kreispfeil-Button), oder die Berechnung durch setzen des Hakens in der oberen Leiste <strong>automatisch durchf\u00fchren<\/strong> zu lassen. <br>Mit Klick auf das<strong> Drucker<\/strong>-Icon haben Sie die Wahl, die Auswertungsliste  und\/oder die Mehraufwandsentsch\u00e4digungliste zu <strong>drucken<\/strong>, als <strong>pdf <\/strong>abzulegen, oder per <strong>E-Mail<\/strong> zu versenden. <\/p>\n","protected":false},"excerpt":{"rendered":"<p>Diese Liste dient Ihnen dazu, sich einen schnellen \u00dcberblick \u00fcber die berechneten Lohnarten bestimmter Mitarbeiter zu verschaffen. Vielleicht ist Ihnen ja das Detail wichtig, auf einem Blick zu sehen, ob bestimmte Mitarbeitende die IAP berechnet wurde und ob diese auch wirklich und bei jedem als steuerfrei eingetragen ist. Um diese Liste aufzurufen, klicken Sie hierzu [&hellip;]<\/p>\n","protected":false},"author":4,"featured_media":0,"parent":0,"menu_order":0,"comment_status":"closed","ping_status":"closed","template":"","meta":{"footnotes":""},"class_list":["post-1869","page","type-page","status-publish","hentry"],"_links":{"self":[{"href":"https:\/\/abc-cloud.de\/attina\/f1-hilfe\/wp-json\/wp\/v2\/pages\/1869","targetHints":{"allow":["GET"]}}],"collection":[{"href":"https:\/\/abc-cloud.de\/attina\/f1-hilfe\/wp-json\/wp\/v2\/pages"}],"about":[{"href":"https:\/\/abc-cloud.de\/attina\/f1-hilfe\/wp-json\/wp\/v2\/types\/page"}],"author":[{"embeddable":true,"href":"https:\/\/abc-cloud.de\/attina\/f1-hilfe\/wp-json\/wp\/v2\/users\/4"}],"replies":[{"embeddable":true,"href":"https:\/\/abc-cloud.de\/attina\/f1-hilfe\/wp-json\/wp\/v2\/comments?post=1869"}],"version-history":[{"count":2,"href":"https:\/\/abc-cloud.de\/attina\/f1-hilfe\/wp-json\/wp\/v2\/pages\/1869\/revisions"}],"predecessor-version":[{"id":1874,"href":"https:\/\/abc-cloud.de\/attina\/f1-hilfe\/wp-json\/wp\/v2\/pages\/1869\/revisions\/1874"}],"wp:attachment":[{"href":"https:\/\/abc-cloud.de\/attina\/f1-hilfe\/wp-json\/wp\/v2\/media?parent=1869"}],"curies":[{"name":"wp","href":"https:\/\/api.w.org\/{rel}","templated":true}]}}