{"id":2442,"date":"2025-04-14T13:14:27","date_gmt":"2025-04-14T11:14:27","guid":{"rendered":"https:\/\/abc-cloud.de\/attina\/f1-hilfe\/?page_id=2442"},"modified":"2025-04-14T14:38:09","modified_gmt":"2025-04-14T12:38:09","slug":"mailliste","status":"publish","type":"page","link":"https:\/\/abc-cloud.de\/attina\/f1-hilfe\/mailliste\/","title":{"rendered":"Mailliste"},"content":{"rendered":"\n<p>Unter <em>Datei &#8211; Mailliste<\/em> k\u00f6nnen Sie Ihren E-Mailverkehr \u00fcberblicken, den Sie aus Attina heraus get\u00e4tigt haben:<\/p>\n\n\n\n<figure class=\"wp-block-image size-full is-resized\"><img loading=\"lazy\" decoding=\"async\" width=\"179\" height=\"314\" src=\"https:\/\/abc-cloud.de\/attina\/f1-hilfe\/wp-content\/uploads\/2025\/04\/image-25.png\" alt=\"\" class=\"wp-image-2477\" style=\"width:138px;height:auto\" srcset=\"https:\/\/abc-cloud.de\/attina\/f1-hilfe\/wp-content\/uploads\/2025\/04\/image-25.png 179w, https:\/\/abc-cloud.de\/attina\/f1-hilfe\/wp-content\/uploads\/2025\/04\/image-25-171x300.png 171w\" sizes=\"auto, (max-width: 179px) 100vw, 179px\" \/><\/figure>\n\n\n\n<p>Es \u00f6ffnet sich ein neues Fenster, in dem Sie in der oberen Zeile ersteinmal bestimmte Parameter einstellen (Filiale und Zeitraum), f\u00fcr den Sie den Mailversand \u00fcberpr\u00fcfen wollen. <\/p>\n\n\n\n<figure class=\"wp-block-image size-large\"><img loading=\"lazy\" decoding=\"async\" width=\"1024\" height=\"486\" src=\"https:\/\/abc-cloud.de\/attina\/f1-hilfe\/wp-content\/uploads\/2025\/04\/image-21-1024x486.png\" alt=\"\" class=\"wp-image-2444\" srcset=\"https:\/\/abc-cloud.de\/attina\/f1-hilfe\/wp-content\/uploads\/2025\/04\/image-21-1024x486.png 1024w, https:\/\/abc-cloud.de\/attina\/f1-hilfe\/wp-content\/uploads\/2025\/04\/image-21-300x143.png 300w, https:\/\/abc-cloud.de\/attina\/f1-hilfe\/wp-content\/uploads\/2025\/04\/image-21-768x365.png 768w, https:\/\/abc-cloud.de\/attina\/f1-hilfe\/wp-content\/uploads\/2025\/04\/image-21-1200x570.png 1200w, https:\/\/abc-cloud.de\/attina\/f1-hilfe\/wp-content\/uploads\/2025\/04\/image-21.png 1263w\" sizes=\"auto, (max-width: 1024px) 100vw, 1024px\" \/><\/figure>\n\n\n\n<p>Sind diese Parameter eingestellt, so werden alle ausgehenden Mails der Filiale f\u00fcr diesen Zeitraum aufgelistet.<\/p>\n\n\n\n<p>In der oberen Zeile haben Sie mit dem Werkzeugbutton (Einstellungen) und dem Filterbutton (Trichter) weitere M\u00f6glichkeiten, die Liste zu verfeinern. <\/p>\n\n\n\n<p>In der Spalte <strong>Status<\/strong> k\u00f6nnen Sie ablesen, ob die betreffende Mail an Outlook \u00fcbertragen wurde, oder nicht, oder ob es einen Fehler gab. Sie k\u00f6nnen ablesen, wer die Mail versendet hat, oder versucht hat, sie zu versenden, wer der Empf\u00e4nger ist, ob und welche Dateien angef\u00fcgt sind und an welchem Datum die Mail rausgehen sollte, oder vesandt wurde. <\/p>\n\n\n\n<p>Wollen Sie eine Mail erneut an Outlook \u00fcbertragen, so markieren Sie die entsprechende Zeile und klicken Sie auf den Button ganz rechts in der oberen Leiste (Kreise mit gr\u00fcnem Pfeil-Symbol). <br>Dieser Vorgang ist auch m\u00f6glich, um eine nicht \u00fcbertragene Mail nachtr\u00e4glich an Outlook zu senden. <\/p>\n","protected":false},"excerpt":{"rendered":"<p>Unter Datei &#8211; Mailliste k\u00f6nnen Sie Ihren E-Mailverkehr \u00fcberblicken, den Sie aus Attina heraus get\u00e4tigt haben: Es \u00f6ffnet sich ein neues Fenster, in dem Sie in der oberen Zeile ersteinmal bestimmte Parameter einstellen (Filiale und Zeitraum), f\u00fcr den Sie den Mailversand \u00fcberpr\u00fcfen wollen. Sind diese Parameter eingestellt, so werden alle ausgehenden Mails der Filiale f\u00fcr [&hellip;]<\/p>\n","protected":false},"author":4,"featured_media":0,"parent":0,"menu_order":0,"comment_status":"closed","ping_status":"closed","template":"","meta":{"footnotes":""},"class_list":["post-2442","page","type-page","status-publish","hentry"],"_links":{"self":[{"href":"https:\/\/abc-cloud.de\/attina\/f1-hilfe\/wp-json\/wp\/v2\/pages\/2442","targetHints":{"allow":["GET"]}}],"collection":[{"href":"https:\/\/abc-cloud.de\/attina\/f1-hilfe\/wp-json\/wp\/v2\/pages"}],"about":[{"href":"https:\/\/abc-cloud.de\/attina\/f1-hilfe\/wp-json\/wp\/v2\/types\/page"}],"author":[{"embeddable":true,"href":"https:\/\/abc-cloud.de\/attina\/f1-hilfe\/wp-json\/wp\/v2\/users\/4"}],"replies":[{"embeddable":true,"href":"https:\/\/abc-cloud.de\/attina\/f1-hilfe\/wp-json\/wp\/v2\/comments?post=2442"}],"version-history":[{"count":2,"href":"https:\/\/abc-cloud.de\/attina\/f1-hilfe\/wp-json\/wp\/v2\/pages\/2442\/revisions"}],"predecessor-version":[{"id":2478,"href":"https:\/\/abc-cloud.de\/attina\/f1-hilfe\/wp-json\/wp\/v2\/pages\/2442\/revisions\/2478"}],"wp:attachment":[{"href":"https:\/\/abc-cloud.de\/attina\/f1-hilfe\/wp-json\/wp\/v2\/media?parent=2442"}],"curies":[{"name":"wp","href":"https:\/\/api.w.org\/{rel}","templated":true}]}}