{"id":256,"date":"2025-01-22T14:50:25","date_gmt":"2025-01-22T13:50:25","guid":{"rendered":"https:\/\/abc-cloud.de\/attina\/f1-hilfe\/?page_id=256"},"modified":"2025-01-27T16:13:23","modified_gmt":"2025-01-27T15:13:23","slug":"systemverwaltung","status":"publish","type":"page","link":"https:\/\/abc-cloud.de\/attina\/f1-hilfe\/systemverwaltung\/","title":{"rendered":"Systemverwaltung"},"content":{"rendered":"\n<h2 class=\"wp-block-heading\">Hier sind \u00c4nderungen an den Systemdaten m\u00f6glich.<\/h2>\n\n\n\n<p>\u00dcber den Pfad <em>Datei &#8211; Einstellungen &#8211; Systemverwaltung<\/em> k\u00f6nnen Sie verschiedene Systemdaten aufrufen, \u00e4ndern und\/oder hinzuf\u00fcgen.<\/p>\n\n\n\n<p>Nachdem Sie die \u00c4nderungen gespeichert haben und das Modul wieder geschlossen haben, starten Sie am besten attina neu, damit die \u00c4nderungen greifen.<\/p>\n\n\n\n<figure class=\"wp-block-image size-full is-resized\"><img loading=\"lazy\" decoding=\"async\" width=\"654\" height=\"329\" src=\"https:\/\/abc-cloud.de\/attina\/f1-hilfe\/wp-content\/uploads\/2025\/01\/image-16.png\" alt=\"\" class=\"wp-image-2097\" style=\"width:430px;height:auto\" srcset=\"https:\/\/abc-cloud.de\/attina\/f1-hilfe\/wp-content\/uploads\/2025\/01\/image-16.png 654w, https:\/\/abc-cloud.de\/attina\/f1-hilfe\/wp-content\/uploads\/2025\/01\/image-16-300x151.png 300w\" sizes=\"auto, (max-width: 654px) 100vw, 654px\" \/><\/figure>\n\n\n\n<div class=\"spoiler-wrap\">\n\t\t\t\t<div class=\"spoiler-head folded\">Allgemeines<\/div>\n\t\t\t\t<div class=\"spoiler-body\"><\/p>\n\n\n\n<figure class=\"wp-block-image size-full\"><img loading=\"lazy\" decoding=\"async\" width=\"1024\" height=\"536\" src=\"https:\/\/abc-cloud.de\/attina\/f1-hilfe\/wp-content\/uploads\/2025\/01\/image-15.png\" alt=\"\" class=\"wp-image-2095\" srcset=\"https:\/\/abc-cloud.de\/attina\/f1-hilfe\/wp-content\/uploads\/2025\/01\/image-15.png 1024w, https:\/\/abc-cloud.de\/attina\/f1-hilfe\/wp-content\/uploads\/2025\/01\/image-15-300x157.png 300w, https:\/\/abc-cloud.de\/attina\/f1-hilfe\/wp-content\/uploads\/2025\/01\/image-15-768x402.png 768w\" sizes=\"auto, (max-width: 1024px) 100vw, 1024px\" \/><\/figure>\n\n\n\n<p>Unter dem Reiter &#8222;Allgemeines&#8220; k\u00f6nnen Sie (1) Daten zu Ihren Filialen \u00e4ndern, sowie (2) das Arbeitszeitmodell \u00e4ndern und (3) ein Logo-Bild hinterlegen. <\/p>\n\n\n\n<p>In den Zeilen zu &#8222;RD-Name, RD-Nummer und RD-Erlaubnis&#8220; k\u00f6nnen Sie Angaben zu Ihrer \u00dcberlassungserlaubnis machen (RD bedeutet &#8222;RegionalDirektion&#8220; und meint damit die f\u00fcr Sie zust\u00e4ndige Arbeitsagentur. <\/p>\n\n\n\n<p>Es sind NUR die WEISS HINTERLEGTEN Felder zur Bearbeitung frei! <\/p>\n\n\n\n<p>Mit Klick auf &#8222;OK&#8220; werden die \u00c4nderungen gespeichert. <\/p>\n\n\n\n<p><\/div>\n\t\t\t<\/div>\n\n\n\n<div class=\"spoiler-wrap\">\n\t\t\t\t<div class=\"spoiler-head folded\">Arbeitsschutzdefinition<\/div>\n\t\t\t\t<div class=\"spoiler-body\"><\/p>\n\n\n\n<figure class=\"wp-block-image size-full is-resized\"><img loading=\"lazy\" decoding=\"async\" width=\"949\" height=\"462\" src=\"https:\/\/abc-cloud.de\/attina\/f1-hilfe\/wp-content\/uploads\/2025\/01\/image-17.png\" alt=\"\" class=\"wp-image-2101\" style=\"width:636px;height:auto\" srcset=\"https:\/\/abc-cloud.de\/attina\/f1-hilfe\/wp-content\/uploads\/2025\/01\/image-17.png 949w, https:\/\/abc-cloud.de\/attina\/f1-hilfe\/wp-content\/uploads\/2025\/01\/image-17-300x146.png 300w, https:\/\/abc-cloud.de\/attina\/f1-hilfe\/wp-content\/uploads\/2025\/01\/image-17-768x374.png 768w\" sizes=\"auto, (max-width: 949px) 100vw, 949px\" \/><\/figure>\n\n\n\n<p>Hier k\u00f6nnen Sie Daten zum Thema Arbeitsschutz eingeben und abspeichern. Diese sind hilfreich, wenn Sie im Mitarbeitermodul, im Reiter &#8222;Arbeitsschutz&#8220;, die Herausgabe und Wiederannahme von Arbeitsschutzmitteln \u00fcberwachen wollen. <\/p>\n\n\n\n<p>zu 1: hier legen Sie fest, wie die Schutzkleidung hei\u00dft, welche Lohnart verkn\u00fcpft werden soll und welchen Preis pro St\u00fcck dieser Typ hat. <br>Bitte speichern Sie die neuen Eintr\u00e4ge in diesem Sektor mit dem H\u00e4kchen. <\/p>\n\n\n\n<p>zu 2: hier k\u00f6nnen Sie angeben, wie hoch der Bestand in Ihren Lagerr\u00e4umen in den jeweiligen Filialen ist. Bitte speichern Sie den neuen Eintrag in diesem Sektor mit dem H\u00e4kchen. <\/p>\n\n\n\n<p>zu 3: Der jeweilige Arbeitsschutztyp kann hier noch n\u00e4her beschrieben werden. Zum Beispiel bekommt &#8222;Ohropax&#8220; die Beschreibung &#8222;Geh\u00f6rschutz&#8220;. Man kann hier auch verschiedene Typen in Kategorien einteilen. Bitte speichern Sie die neuen Eintr\u00e4ge in diesem Sektor mit dem H\u00e4kchen. <\/p>\n\n\n\n<p>Sind alle Angaben gemacht und\/oder ver\u00e4ndert UND GESPEICHERT worden, so schlie\u00dfen Sie das Fenster bitte mit Klick auf &#8222;OK&#8220;.<\/p>\n\n\n\n<p><\/div>\n\t\t\t<\/div>\n\n\n\n<div class=\"spoiler-wrap\">\n\t\t\t\t<div class=\"spoiler-head folded\">Dokumentationsdefinition<\/div>\n\t\t\t\t<div class=\"spoiler-body\"><\/p>\n\n\n\n<figure class=\"wp-block-image size-full\"><img loading=\"lazy\" decoding=\"async\" width=\"949\" height=\"463\" src=\"https:\/\/abc-cloud.de\/attina\/f1-hilfe\/wp-content\/uploads\/2025\/01\/image-20.png\" alt=\"\" class=\"wp-image-2157\" srcset=\"https:\/\/abc-cloud.de\/attina\/f1-hilfe\/wp-content\/uploads\/2025\/01\/image-20.png 949w, https:\/\/abc-cloud.de\/attina\/f1-hilfe\/wp-content\/uploads\/2025\/01\/image-20-300x146.png 300w, https:\/\/abc-cloud.de\/attina\/f1-hilfe\/wp-content\/uploads\/2025\/01\/image-20-768x375.png 768w\" sizes=\"auto, (max-width: 949px) 100vw, 949px\" \/><\/figure>\n\n\n\n<p>In diesem Abschnitt der Systemverwaltung k\u00f6nnen Sie die Liste der Dokumentationen f\u00fcr die Mitarbeiterverwaltung erweitern. (<a href=\"https:\/\/abc-cloud.de\/attina\/f1-hilfe\/mitarbeiter\/#dokumentation\">Mitarbeiter \u2013 Attina Hilfe<\/a>) <br>F\u00fcgen Sie mit dem dicken Plus &#8222;<strong>+<\/strong>&#8220; der Liste etwas hinzu und geben Sie bei Bedarf einen Text ein. Speichern Sie alle Angaben und verlassen Sie das  Modul mit Klick auf &#8222;OK&#8220;.<\/p>\n\n\n\n<p><\/div>\n\t\t\t<\/div>\n\n\n\n<div class=\"spoiler-wrap\">\n\t\t\t\t<div class=\"spoiler-head folded\">spezielle Lohnarten<\/div>\n\t\t\t\t<div class=\"spoiler-body\"><\/p>\n\n\n\n<p>Dieser Teil des Moduls wird gerade bearbeitet. Eine n\u00e4here Erkl\u00e4rung zu den Funktionen werden bald hier ver\u00f6ffentlicht.<\/p>\n\n\n\n<p>Bei Fragen dazu, rufen Sie gerne unser Supportteam an. <\/p>\n\n\n\n<p><\/div>\n\t\t\t<\/div>\n\n\n\n<div class=\"spoiler-wrap\">\n\t\t\t\t<div class=\"spoiler-head folded\">Equal Pay<\/div>\n\t\t\t\t<div class=\"spoiler-body\"><\/p>\n\n\n\n<figure class=\"wp-block-image size-full\"><img loading=\"lazy\" decoding=\"async\" width=\"949\" height=\"463\" src=\"https:\/\/abc-cloud.de\/attina\/f1-hilfe\/wp-content\/uploads\/2025\/01\/image-22.png\" alt=\"\" class=\"wp-image-2162\" srcset=\"https:\/\/abc-cloud.de\/attina\/f1-hilfe\/wp-content\/uploads\/2025\/01\/image-22.png 949w, https:\/\/abc-cloud.de\/attina\/f1-hilfe\/wp-content\/uploads\/2025\/01\/image-22-300x146.png 300w, https:\/\/abc-cloud.de\/attina\/f1-hilfe\/wp-content\/uploads\/2025\/01\/image-22-768x375.png 768w\" sizes=\"auto, (max-width: 949px) 100vw, 949px\" \/><\/figure>\n\n\n\n<p>Ordnen Sie hier die angelegten Equal-Pay-Lohnarten zu. <br>Geben Sie in der Liste die Lohnarten\/Zusch\u00fcsse an, die bei der Berechnung des Equal Pay auszulassen sein sollen. Mit Klick auf das dicke Plus &#8222;<strong>+<\/strong>&#8220; erg\u00e4nzen Sie die Liste, mit dem dicken Minus &#8222;<strong>&#8211;<\/strong>&#8220; l\u00f6schen Sie die Eintr\u00e4ge. <br>Klicken Sie auf die drei kleinen Punkte am Ende der Zeile, \u00f6ffnet sich die Liste aller Lohnarten und sie k\u00f6nnen die passende heraussuchen. <\/p>\n\n\n\n<p>Speichern Sie mit Klick auf den Haken Ihre \u00c4nderungen unbedingt ab, bevor Sie mit Klick auf &#8222;OK&#8220; das Modul verlassen. <\/p>\n\n\n\n<p><\/div>\n\t\t\t<\/div>\n\n\n\n<div class=\"spoiler-wrap\">\n\t\t\t\t<div class=\"spoiler-head folded\">Farben \/ Schriften<\/div>\n\t\t\t\t<div class=\"spoiler-body\"><\/p>\n\n\n\n<figure class=\"wp-block-image size-full\"><img loading=\"lazy\" decoding=\"async\" width=\"949\" height=\"465\" src=\"https:\/\/abc-cloud.de\/attina\/f1-hilfe\/wp-content\/uploads\/2025\/01\/image-25.png\" alt=\"\" class=\"wp-image-2166\" srcset=\"https:\/\/abc-cloud.de\/attina\/f1-hilfe\/wp-content\/uploads\/2025\/01\/image-25.png 949w, https:\/\/abc-cloud.de\/attina\/f1-hilfe\/wp-content\/uploads\/2025\/01\/image-25-300x147.png 300w, https:\/\/abc-cloud.de\/attina\/f1-hilfe\/wp-content\/uploads\/2025\/01\/image-25-768x376.png 768w\" sizes=\"auto, (max-width: 949px) 100vw, 949px\" \/><\/figure>\n\n\n\n<p>Im letzten Reiter k\u00f6nnen Sie Farben ausw\u00e4hlen, um bestimmte Mitarbeiter, Kunden und Lohnarten in der Fakturierung hervorzuheben. <\/p>\n\n\n\n<p>Die \u00c4nderungen hier werden gespeichert, indem Sie auf &#8222;OK&#8220; klicken und  somit auch das Modul verlassen. <\/p>\n\n\n\n<p><\/div>\n\t\t\t<\/div>\n","protected":false},"excerpt":{"rendered":"<p>Hier sind \u00c4nderungen an den Systemdaten m\u00f6glich. \u00dcber den Pfad Datei &#8211; Einstellungen &#8211; Systemverwaltung k\u00f6nnen Sie verschiedene Systemdaten aufrufen, \u00e4ndern und\/oder hinzuf\u00fcgen. Nachdem Sie die \u00c4nderungen gespeichert haben und das Modul wieder geschlossen haben, starten Sie am besten attina neu, damit die \u00c4nderungen greifen.<\/p>\n","protected":false},"author":4,"featured_media":0,"parent":0,"menu_order":0,"comment_status":"closed","ping_status":"closed","template":"","meta":{"footnotes":""},"class_list":["post-256","page","type-page","status-publish","hentry"],"_links":{"self":[{"href":"https:\/\/abc-cloud.de\/attina\/f1-hilfe\/wp-json\/wp\/v2\/pages\/256","targetHints":{"allow":["GET"]}}],"collection":[{"href":"https:\/\/abc-cloud.de\/attina\/f1-hilfe\/wp-json\/wp\/v2\/pages"}],"about":[{"href":"https:\/\/abc-cloud.de\/attina\/f1-hilfe\/wp-json\/wp\/v2\/types\/page"}],"author":[{"embeddable":true,"href":"https:\/\/abc-cloud.de\/attina\/f1-hilfe\/wp-json\/wp\/v2\/users\/4"}],"replies":[{"embeddable":true,"href":"https:\/\/abc-cloud.de\/attina\/f1-hilfe\/wp-json\/wp\/v2\/comments?post=256"}],"version-history":[{"count":20,"href":"https:\/\/abc-cloud.de\/attina\/f1-hilfe\/wp-json\/wp\/v2\/pages\/256\/revisions"}],"predecessor-version":[{"id":2178,"href":"https:\/\/abc-cloud.de\/attina\/f1-hilfe\/wp-json\/wp\/v2\/pages\/256\/revisions\/2178"}],"wp:attachment":[{"href":"https:\/\/abc-cloud.de\/attina\/f1-hilfe\/wp-json\/wp\/v2\/media?parent=256"}],"curies":[{"name":"wp","href":"https:\/\/api.w.org\/{rel}","templated":true}]}}