{"id":267,"date":"2022-05-25T10:30:03","date_gmt":"2022-05-25T08:30:03","guid":{"rendered":"https:\/\/abc-cloud.de\/attina\/f1-hilfe\/?page_id=267"},"modified":"2025-04-14T10:45:03","modified_gmt":"2025-04-14T08:45:03","slug":"desktop","status":"publish","type":"page","link":"https:\/\/abc-cloud.de\/attina\/f1-hilfe\/desktop\/","title":{"rendered":"Desktop"},"content":{"rendered":"\n<p>Im Desktop sehen Sie alles Wichtige auf einen Blick. Und auch hier k\u00f6nnen Sie individuelle Einstellungen vornehmen. <\/p>\n\n\n\n<figure class=\"wp-block-image size-large\"><img loading=\"lazy\" decoding=\"async\" width=\"1024\" height=\"527\" src=\"https:\/\/abc-cloud.de\/attina\/f1-hilfe\/wp-content\/uploads\/2025\/04\/image-19-1024x527.png\" alt=\"\" class=\"wp-image-2440\" srcset=\"https:\/\/abc-cloud.de\/attina\/f1-hilfe\/wp-content\/uploads\/2025\/04\/image-19-1024x527.png 1024w, https:\/\/abc-cloud.de\/attina\/f1-hilfe\/wp-content\/uploads\/2025\/04\/image-19-300x154.png 300w, https:\/\/abc-cloud.de\/attina\/f1-hilfe\/wp-content\/uploads\/2025\/04\/image-19-768x395.png 768w, https:\/\/abc-cloud.de\/attina\/f1-hilfe\/wp-content\/uploads\/2025\/04\/image-19-1200x618.png 1200w, https:\/\/abc-cloud.de\/attina\/f1-hilfe\/wp-content\/uploads\/2025\/04\/image-19.png 1342w\" sizes=\"auto, (max-width: 1024px) 100vw, 1024px\" \/><\/figure>\n\n\n\n<p>Auf der <strong>linken Seite<\/strong> stehen die gr\u00fcnen Kacheln. Sie sind der Schnellzugriff zu den Hauptmodulen. Klicken Sie einmal darauf, so \u00f6ffnet sich das gew\u00fcnschte Modul. <\/p>\n\n\n\n<p><strong>Mittig<\/strong> stehen die blauen Infokacheln. Klicken Sie darauf, so \u00f6ffnet sich das sog. <strong>Widget<\/strong>, die detaillierte Auflistung des jeweiligen Themas der Kachel. In der rechten Ecke der Kachel sehen Sie, wieviele Nachrichten f\u00fcr dieses Thema aktuell hinterlegt sind. Klicken Sie erneut auf die Kachel, so verschwindet das Widget wieder. <\/p>\n\n\n\n<p>Ganz <strong>rechts<\/strong> im Fenster sehen Sie alle wichtigen Daten und Kontaktinformationen zu unserem <strong>Support<\/strong>. <\/p>\n\n\n\n<p><strong>Unten rechts<\/strong> befindet sich die Schaltfl\u00e4che zu den <strong>Einstellungen<\/strong> des Desktops. Dort haben Sie die M\u00f6glichkeit, ein Hintergrundbild f\u00fcr den Desktop auszuw\u00e4hlen, die Kacheln anders anzuordnen, oder sie auszublenden. Dort k\u00f6nnen Sie auch die Widgets so konfigurieren, wie es f\u00fcr Ihren Arbeitsalltag am besten ist. <\/p>\n","protected":false},"excerpt":{"rendered":"<p>Im Desktop sehen Sie alles Wichtige auf einen Blick. Und auch hier k\u00f6nnen Sie individuelle Einstellungen vornehmen. Auf der linken Seite stehen die gr\u00fcnen Kacheln. Sie sind der Schnellzugriff zu den Hauptmodulen. Klicken Sie einmal darauf, so \u00f6ffnet sich das gew\u00fcnschte Modul. Mittig stehen die blauen Infokacheln. Klicken Sie darauf, so \u00f6ffnet sich das sog. [&hellip;]<\/p>\n","protected":false},"author":3,"featured_media":0,"parent":0,"menu_order":0,"comment_status":"closed","ping_status":"closed","template":"","meta":{"footnotes":""},"class_list":["post-267","page","type-page","status-publish","hentry"],"_links":{"self":[{"href":"https:\/\/abc-cloud.de\/attina\/f1-hilfe\/wp-json\/wp\/v2\/pages\/267","targetHints":{"allow":["GET"]}}],"collection":[{"href":"https:\/\/abc-cloud.de\/attina\/f1-hilfe\/wp-json\/wp\/v2\/pages"}],"about":[{"href":"https:\/\/abc-cloud.de\/attina\/f1-hilfe\/wp-json\/wp\/v2\/types\/page"}],"author":[{"embeddable":true,"href":"https:\/\/abc-cloud.de\/attina\/f1-hilfe\/wp-json\/wp\/v2\/users\/3"}],"replies":[{"embeddable":true,"href":"https:\/\/abc-cloud.de\/attina\/f1-hilfe\/wp-json\/wp\/v2\/comments?post=267"}],"version-history":[{"count":84,"href":"https:\/\/abc-cloud.de\/attina\/f1-hilfe\/wp-json\/wp\/v2\/pages\/267\/revisions"}],"predecessor-version":[{"id":2441,"href":"https:\/\/abc-cloud.de\/attina\/f1-hilfe\/wp-json\/wp\/v2\/pages\/267\/revisions\/2441"}],"wp:attachment":[{"href":"https:\/\/abc-cloud.de\/attina\/f1-hilfe\/wp-json\/wp\/v2\/media?parent=267"}],"curies":[{"name":"wp","href":"https:\/\/api.w.org\/{rel}","templated":true}]}}