{"id":2732,"date":"2025-07-23T09:11:19","date_gmt":"2025-07-23T07:11:19","guid":{"rendered":"https:\/\/abc-cloud.de\/attina\/f1-hilfe\/?page_id=2732"},"modified":"2025-09-02T08:27:59","modified_gmt":"2025-09-02T06:27:59","slug":"einsatzstelle-equalpay-einmalzahlung","status":"publish","type":"page","link":"https:\/\/abc-cloud.de\/attina\/f1-hilfe\/einsatzstelle-equalpay-einmalzahlung\/","title":{"rendered":"Bezeichnungen f\u00fcr Einmalzahlungen anlegen \u2013 Equal Pay"},"content":{"rendered":"\n<h2 class=\"wp-block-heading\">Bezeichnungen f\u00fcr Einmalzahlungen anlegen \u2013 Equal Pay<\/h2>\n\n\n\n<p><strong>Modul Kunde<\/strong> \/ <strong>Reiter Einsatzstellen<\/strong> \/<br>\u00d6ffnen Sie per Doppelklick eine gew\u00fcnschte Einsatzstelle.<br>Im unteren Bereich <strong>\u201eEqual Pay\u201c<\/strong> l\u00e4sst sich \u00fcber den <strong>Bearbeiten-Button <\/strong>(Symbol: Zettel und Stift) ein neues Fenster \u00f6ffnen.<br>Im Abschnitt <strong>\u201eEinmalzahlungen\u201c<\/strong> kann \u00fcber das <strong>Pluszeichen<\/strong> (+) eine neue Bezeichnung hinzugef\u00fcgt werden.<br>Damit in diesem Bereich \u00fcberhaupt eine Auswahl an Bezeichnungen zur Verf\u00fcgung steht, ist eine vorherige Konfiguration notwendig.<\/p>\n\n\n\n<p><strong>Frage:<\/strong><br><strong>Wo werden diese Bezeichnungen hinterlegt?<\/strong><\/p>\n\n\n\n<p><strong>Antwort:<\/strong><br>Damit in der Einsatzstelle unter <strong>Equal Pay &gt; Einmalzahlungen<\/strong> eine Bezeichnung zur Auswahl steht, muss zuvor die entsprechende <strong>Lohnart <\/strong>\u00fcberarbeitet und korrekt gepflegt werden. Erst dann wird die Bezeichnung im Auswahlfeld angezeigt.<\/p>\n\n\n\n<p>Zu Einmalzahlungen geh\u00f6ren z.B.<br>o EP Weihnachts\/Urlaubsgeld<br>o Feiertagszuschlag Weihnachten<\/p>\n\n\n\n<p>Gehen Sie \u00fcber die Men\u00fcleiste auf <strong>Stammdaten <\/strong>\/ <strong>Lohnarten u. Kundenzuschl\u00e4ge<\/strong> in die entsprechende Lohnart und setzen den Auswahlpunkt bei <strong>&#8222;Abh\u00e4ngig von&#8220;<\/strong> auf <strong>&#8222;Datum&#8220;<\/strong> und speichern Ihre Eingabe mit dem schwarzen Haken.<\/p>\n\n\n\n<figure class=\"wp-block-image size-full is-resized\"><a href=\"https:\/\/abc-cloud.de\/attina\/f1-hilfe\/wp-content\/uploads\/2025\/07\/Bezeichnungen-fuer-Einmalzahlungen-anlegen-\u2013-Equal-Pay-01.png\"><img loading=\"lazy\" decoding=\"async\" width=\"791\" height=\"758\" src=\"https:\/\/abc-cloud.de\/attina\/f1-hilfe\/wp-content\/uploads\/2025\/07\/Bezeichnungen-fuer-Einmalzahlungen-anlegen-\u2013-Equal-Pay-01.png\" alt=\"\" class=\"wp-image-2738\" style=\"width:610px;height:auto\" srcset=\"https:\/\/abc-cloud.de\/attina\/f1-hilfe\/wp-content\/uploads\/2025\/07\/Bezeichnungen-fuer-Einmalzahlungen-anlegen-\u2013-Equal-Pay-01.png 791w, https:\/\/abc-cloud.de\/attina\/f1-hilfe\/wp-content\/uploads\/2025\/07\/Bezeichnungen-fuer-Einmalzahlungen-anlegen-\u2013-Equal-Pay-01-300x287.png 300w, https:\/\/abc-cloud.de\/attina\/f1-hilfe\/wp-content\/uploads\/2025\/07\/Bezeichnungen-fuer-Einmalzahlungen-anlegen-\u2013-Equal-Pay-01-768x736.png 768w\" sizes=\"auto, (max-width: 791px) 100vw, 791px\" \/><\/a><\/figure>\n\n\n\n<p>Danach wird diese Lohnart in der Bezeichnung bei Einmalzahlungen mit angezeigt.<\/p>\n\n\n\n<figure class=\"wp-block-image size-full\"><a href=\"https:\/\/abc-cloud.de\/attina\/f1-hilfe\/wp-content\/uploads\/2025\/07\/Bezeichnungen-fuer-Einmalzahlungen-anlegen-\u2013-Equal-Pay-02.png\"><img loading=\"lazy\" decoding=\"async\" width=\"667\" height=\"565\" src=\"https:\/\/abc-cloud.de\/attina\/f1-hilfe\/wp-content\/uploads\/2025\/07\/Bezeichnungen-fuer-Einmalzahlungen-anlegen-\u2013-Equal-Pay-02.png\" alt=\"\" class=\"wp-image-2739\" srcset=\"https:\/\/abc-cloud.de\/attina\/f1-hilfe\/wp-content\/uploads\/2025\/07\/Bezeichnungen-fuer-Einmalzahlungen-anlegen-\u2013-Equal-Pay-02.png 667w, https:\/\/abc-cloud.de\/attina\/f1-hilfe\/wp-content\/uploads\/2025\/07\/Bezeichnungen-fuer-Einmalzahlungen-anlegen-\u2013-Equal-Pay-02-300x254.png 300w\" sizes=\"auto, (max-width: 667px) 100vw, 667px\" \/><\/a><\/figure>\n","protected":false},"excerpt":{"rendered":"<p>Bezeichnungen f\u00fcr Einmalzahlungen anlegen \u2013 Equal Pay Modul Kunde \/ Reiter Einsatzstellen \/\u00d6ffnen Sie per Doppelklick eine gew\u00fcnschte Einsatzstelle.Im unteren Bereich \u201eEqual Pay\u201c l\u00e4sst sich \u00fcber den Bearbeiten-Button (Symbol: Zettel und Stift) ein neues Fenster \u00f6ffnen.Im Abschnitt \u201eEinmalzahlungen\u201c kann \u00fcber das Pluszeichen (+) eine neue Bezeichnung hinzugef\u00fcgt werden.Damit in diesem Bereich \u00fcberhaupt eine Auswahl an [&hellip;]<\/p>\n","protected":false},"author":3,"featured_media":0,"parent":0,"menu_order":0,"comment_status":"closed","ping_status":"closed","template":"","meta":{"footnotes":""},"class_list":["post-2732","page","type-page","status-publish","hentry"],"_links":{"self":[{"href":"https:\/\/abc-cloud.de\/attina\/f1-hilfe\/wp-json\/wp\/v2\/pages\/2732","targetHints":{"allow":["GET"]}}],"collection":[{"href":"https:\/\/abc-cloud.de\/attina\/f1-hilfe\/wp-json\/wp\/v2\/pages"}],"about":[{"href":"https:\/\/abc-cloud.de\/attina\/f1-hilfe\/wp-json\/wp\/v2\/types\/page"}],"author":[{"embeddable":true,"href":"https:\/\/abc-cloud.de\/attina\/f1-hilfe\/wp-json\/wp\/v2\/users\/3"}],"replies":[{"embeddable":true,"href":"https:\/\/abc-cloud.de\/attina\/f1-hilfe\/wp-json\/wp\/v2\/comments?post=2732"}],"version-history":[{"count":6,"href":"https:\/\/abc-cloud.de\/attina\/f1-hilfe\/wp-json\/wp\/v2\/pages\/2732\/revisions"}],"predecessor-version":[{"id":2835,"href":"https:\/\/abc-cloud.de\/attina\/f1-hilfe\/wp-json\/wp\/v2\/pages\/2732\/revisions\/2835"}],"wp:attachment":[{"href":"https:\/\/abc-cloud.de\/attina\/f1-hilfe\/wp-json\/wp\/v2\/media?parent=2732"}],"curies":[{"name":"wp","href":"https:\/\/api.w.org\/{rel}","templated":true}]}}