{"id":2792,"date":"2025-08-28T09:30:13","date_gmt":"2025-08-28T07:30:13","guid":{"rendered":"https:\/\/abc-cloud.de\/attina\/f1-hilfe\/?page_id=2792"},"modified":"2025-08-28T09:30:13","modified_gmt":"2025-08-28T07:30:13","slug":"aufzehren-bedeutet","status":"publish","type":"page","link":"https:\/\/abc-cloud.de\/attina\/f1-hilfe\/aufzehren-bedeutet\/","title":{"rendered":"Aufzehren bedeutet"},"content":{"rendered":"\n<h2 class=\"wp-block-heading has-normal-font-size\">Was bedeutet &#8222;Aufzehren&#8220;?<\/h2>\n\n\n\n<p>Beim Aufzehren wird eine au\u00dfertarifliche Zulage reduziert, wenn sich der Tariflohn erh\u00f6ht \u2013 und zwar genau um den Betrag der Tariferh\u00f6hung.<\/p>\n\n\n\n<p>Das hei\u00dft: Der Gesamtlohn bleibt gleich, weil die Zulage in dem Ma\u00df gek\u00fcrzt wird, in dem der Tariflohn steigt. Die Tariferh\u00f6hung \u201efrisst\u201c also einen Teil (oder die ganze) Zulage auf \u2013 sie wird aufgezehrt.<\/p>\n\n\n\n<p><strong><u>Beispiel zur Verdeutlichung:<\/u><\/strong><\/p>\n\n\n\n<p>Alter Tariflohn: 14,00\u202f\u20ac<\/p>\n\n\n\n<p>Au\u00dfertarifliche Zulage: 0,70\u202f\u20ac<\/p>\n\n\n\n<p>Gesamtlohn: 14,70\u202f\u20ac<\/p>\n\n\n\n<p>\u2192 Neuer Tariflohn: 14,50\u202f\u20ac<\/p>\n\n\n\n<p><strong>Mit Aufzehrung:<\/strong><\/p>\n\n\n\n<p>Tariferh\u00f6hung um 0,50 \u20ac, au\u00dfertarifliche Zulage sinkt auf 0,20\u202f\u20ac, Gesamtlohn bleibt 14,70\u202f\u20ac<\/p>\n\n\n\n<p>Der Mitarbeiter bekommt nicht mehr Geld, da die Tariferh\u00f6hung nur einen Teil der Zulage ersetzt.<\/p>\n\n\n\n<p><strong>Ohne Aufzehrung:<\/strong><\/p>\n\n\n\n<p>Tariferh\u00f6hung um 0,50 \u20ac, au\u00dfertarifliche Zulage bleibt bei 0,70\u20ac, Gesamtlohn von 15,20\u20ac<\/p>\n\n\n\n<p>Der Mitarbeiter profitiert von der Tariferh\u00f6hung, weil die Zulage unangetastet bleibt.<\/p>\n","protected":false},"excerpt":{"rendered":"<p>Was bedeutet &#8222;Aufzehren&#8220;? Beim Aufzehren wird eine au\u00dfertarifliche Zulage reduziert, wenn sich der Tariflohn erh\u00f6ht \u2013 und zwar genau um den Betrag der Tariferh\u00f6hung. Das hei\u00dft: Der Gesamtlohn bleibt gleich, weil die Zulage in dem Ma\u00df gek\u00fcrzt wird, in dem der Tariflohn steigt. Die Tariferh\u00f6hung \u201efrisst\u201c also einen Teil (oder die ganze) Zulage auf \u2013 [&hellip;]<\/p>\n","protected":false},"author":3,"featured_media":0,"parent":0,"menu_order":0,"comment_status":"closed","ping_status":"closed","template":"","meta":{"footnotes":""},"class_list":["post-2792","page","type-page","status-publish","hentry"],"_links":{"self":[{"href":"https:\/\/abc-cloud.de\/attina\/f1-hilfe\/wp-json\/wp\/v2\/pages\/2792","targetHints":{"allow":["GET"]}}],"collection":[{"href":"https:\/\/abc-cloud.de\/attina\/f1-hilfe\/wp-json\/wp\/v2\/pages"}],"about":[{"href":"https:\/\/abc-cloud.de\/attina\/f1-hilfe\/wp-json\/wp\/v2\/types\/page"}],"author":[{"embeddable":true,"href":"https:\/\/abc-cloud.de\/attina\/f1-hilfe\/wp-json\/wp\/v2\/users\/3"}],"replies":[{"embeddable":true,"href":"https:\/\/abc-cloud.de\/attina\/f1-hilfe\/wp-json\/wp\/v2\/comments?post=2792"}],"version-history":[{"count":1,"href":"https:\/\/abc-cloud.de\/attina\/f1-hilfe\/wp-json\/wp\/v2\/pages\/2792\/revisions"}],"predecessor-version":[{"id":2793,"href":"https:\/\/abc-cloud.de\/attina\/f1-hilfe\/wp-json\/wp\/v2\/pages\/2792\/revisions\/2793"}],"wp:attachment":[{"href":"https:\/\/abc-cloud.de\/attina\/f1-hilfe\/wp-json\/wp\/v2\/media?parent=2792"}],"curies":[{"name":"wp","href":"https:\/\/api.w.org\/{rel}","templated":true}]}}