{"id":2872,"date":"2025-11-24T11:19:41","date_gmt":"2025-11-24T10:19:41","guid":{"rendered":"https:\/\/abc-cloud.de\/attina\/f1-hilfe\/?page_id=2872"},"modified":"2025-11-24T11:23:59","modified_gmt":"2025-11-24T10:23:59","slug":"gvp","status":"publish","type":"page","link":"https:\/\/abc-cloud.de\/attina\/f1-hilfe\/gvp\/","title":{"rendered":"GVP"},"content":{"rendered":"\n<h2 class=\"wp-block-heading\">Anleitung: Lohnarten \u2013 Nachtzuschlag \u00e4ndern<\/h2>\n\n\n\n<p><strong>Nachtzuschlag<\/strong><br>\u2022 Bisher galt bei iGZ: <strong>Zuschlag erst ab 2 Stunden Nachtarbeit.<\/strong><br>\u2022 Diese Einschr\u00e4nkung entf\u00e4llt \u2192 <strong>Anpassung in den Lohnarten erforderlich.<\/strong><\/p>\n\n\n\n<p><strong>\u00c4nderung vornehmen:<\/strong><br>\u00dcber die Men\u00fcleiste zu <strong>Stammdaten \u2192 Lohnarten &amp; Kundenzuschl\u00e4ge<\/strong> navigieren.<\/p>\n\n\n\n<figure class=\"wp-block-image size-full\"><a href=\"https:\/\/abc-cloud.de\/attina\/f1-hilfe\/wp-content\/uploads\/2025\/11\/zu-GVP-Anleitung-Lohnarten-\u2013-Nachtzuschlag-aendern-01.png\"><img loading=\"lazy\" decoding=\"async\" width=\"367\" height=\"327\" src=\"https:\/\/abc-cloud.de\/attina\/f1-hilfe\/wp-content\/uploads\/2025\/11\/zu-GVP-Anleitung-Lohnarten-\u2013-Nachtzuschlag-aendern-01.png\" alt=\"\" class=\"wp-image-2873\" srcset=\"https:\/\/abc-cloud.de\/attina\/f1-hilfe\/wp-content\/uploads\/2025\/11\/zu-GVP-Anleitung-Lohnarten-\u2013-Nachtzuschlag-aendern-01.png 367w, https:\/\/abc-cloud.de\/attina\/f1-hilfe\/wp-content\/uploads\/2025\/11\/zu-GVP-Anleitung-Lohnarten-\u2013-Nachtzuschlag-aendern-01-300x267.png 300w\" sizes=\"auto, (max-width: 367px) 100vw, 367px\" \/><\/a><\/figure>\n\n\n\n<p>In der <strong>linken Spalte<\/strong> die Lohnarten f\u00fcr <strong>Nachtzuschl\u00e4ge<\/strong> ausw\u00e4hlen.<\/p>\n\n\n\n<figure class=\"wp-block-image size-full\"><a href=\"https:\/\/abc-cloud.de\/attina\/f1-hilfe\/wp-content\/uploads\/2025\/11\/zu-GVP-Anleitung-Lohnarten-\u2013-Nachtzuschlag-aendern-02.png\"><img loading=\"lazy\" decoding=\"async\" width=\"418\" height=\"278\" src=\"https:\/\/abc-cloud.de\/attina\/f1-hilfe\/wp-content\/uploads\/2025\/11\/zu-GVP-Anleitung-Lohnarten-\u2013-Nachtzuschlag-aendern-02.png\" alt=\"\" class=\"wp-image-2874\" srcset=\"https:\/\/abc-cloud.de\/attina\/f1-hilfe\/wp-content\/uploads\/2025\/11\/zu-GVP-Anleitung-Lohnarten-\u2013-Nachtzuschlag-aendern-02.png 418w, https:\/\/abc-cloud.de\/attina\/f1-hilfe\/wp-content\/uploads\/2025\/11\/zu-GVP-Anleitung-Lohnarten-\u2013-Nachtzuschlag-aendern-02-300x200.png 300w\" sizes=\"auto, (max-width: 418px) 100vw, 418px\" \/><\/a><\/figure>\n\n\n\n<p>Im Bereich<strong> \u201eAbh\u00e4ngig von\u201c<\/strong> die Zahl<strong> 2 <\/strong>aus allen Nachtzuschlags-Lohnarten entfernen.<\/p>\n\n\n\n<figure class=\"wp-block-image size-full\"><a href=\"https:\/\/abc-cloud.de\/attina\/f1-hilfe\/wp-content\/uploads\/2025\/11\/zu-GVP-Anleitung-Lohnarten-\u2013-Nachtzuschlag-aendern-03.png\"><img loading=\"lazy\" decoding=\"async\" width=\"806\" height=\"757\" src=\"https:\/\/abc-cloud.de\/attina\/f1-hilfe\/wp-content\/uploads\/2025\/11\/zu-GVP-Anleitung-Lohnarten-\u2013-Nachtzuschlag-aendern-03.png\" alt=\"\" class=\"wp-image-2875\" srcset=\"https:\/\/abc-cloud.de\/attina\/f1-hilfe\/wp-content\/uploads\/2025\/11\/zu-GVP-Anleitung-Lohnarten-\u2013-Nachtzuschlag-aendern-03.png 806w, https:\/\/abc-cloud.de\/attina\/f1-hilfe\/wp-content\/uploads\/2025\/11\/zu-GVP-Anleitung-Lohnarten-\u2013-Nachtzuschlag-aendern-03-300x282.png 300w, https:\/\/abc-cloud.de\/attina\/f1-hilfe\/wp-content\/uploads\/2025\/11\/zu-GVP-Anleitung-Lohnarten-\u2013-Nachtzuschlag-aendern-03-768x721.png 768w\" sizes=\"auto, (max-width: 806px) 100vw, 806px\" \/><\/a><\/figure>\n\n\n\n<p>Die \u00c4nderungen mit einem Klick auf den <strong>schwarzen Haken<\/strong> speichern.<\/p>\n\n\n\n<figure class=\"wp-block-image size-full\"><a href=\"https:\/\/abc-cloud.de\/attina\/f1-hilfe\/wp-content\/uploads\/2025\/11\/zu-GVP-Anleitung-Lohnarten-\u2013-Nachtzuschlag-aendern-04.png\"><img loading=\"lazy\" decoding=\"async\" width=\"370\" height=\"160\" src=\"https:\/\/abc-cloud.de\/attina\/f1-hilfe\/wp-content\/uploads\/2025\/11\/zu-GVP-Anleitung-Lohnarten-\u2013-Nachtzuschlag-aendern-04.png\" alt=\"\" class=\"wp-image-2876\" srcset=\"https:\/\/abc-cloud.de\/attina\/f1-hilfe\/wp-content\/uploads\/2025\/11\/zu-GVP-Anleitung-Lohnarten-\u2013-Nachtzuschlag-aendern-04.png 370w, https:\/\/abc-cloud.de\/attina\/f1-hilfe\/wp-content\/uploads\/2025\/11\/zu-GVP-Anleitung-Lohnarten-\u2013-Nachtzuschlag-aendern-04-300x130.png 300w\" sizes=\"auto, (max-width: 370px) 100vw, 370px\" \/><\/a><\/figure>\n\n\n\n<p><strong>Fertig!<\/strong><br>Der Nachtzuschlag wird nun <strong>unabh\u00e4ngig von der Mindeststundenzahl<\/strong> berechnet.<\/p>\n\n\n\n<p><\/p>\n","protected":false},"excerpt":{"rendered":"<p>Anleitung: Lohnarten \u2013 Nachtzuschlag \u00e4ndern Nachtzuschlag\u2022 Bisher galt bei iGZ: Zuschlag erst ab 2 Stunden Nachtarbeit.\u2022 Diese Einschr\u00e4nkung entf\u00e4llt \u2192 Anpassung in den Lohnarten erforderlich. \u00c4nderung vornehmen:\u00dcber die Men\u00fcleiste zu Stammdaten \u2192 Lohnarten &amp; Kundenzuschl\u00e4ge navigieren. In der linken Spalte die Lohnarten f\u00fcr Nachtzuschl\u00e4ge ausw\u00e4hlen. Im Bereich \u201eAbh\u00e4ngig von\u201c die Zahl 2 aus allen Nachtzuschlags-Lohnarten [&hellip;]<\/p>\n","protected":false},"author":3,"featured_media":0,"parent":0,"menu_order":0,"comment_status":"closed","ping_status":"closed","template":"","meta":{"footnotes":""},"class_list":["post-2872","page","type-page","status-publish","hentry"],"_links":{"self":[{"href":"https:\/\/abc-cloud.de\/attina\/f1-hilfe\/wp-json\/wp\/v2\/pages\/2872","targetHints":{"allow":["GET"]}}],"collection":[{"href":"https:\/\/abc-cloud.de\/attina\/f1-hilfe\/wp-json\/wp\/v2\/pages"}],"about":[{"href":"https:\/\/abc-cloud.de\/attina\/f1-hilfe\/wp-json\/wp\/v2\/types\/page"}],"author":[{"embeddable":true,"href":"https:\/\/abc-cloud.de\/attina\/f1-hilfe\/wp-json\/wp\/v2\/users\/3"}],"replies":[{"embeddable":true,"href":"https:\/\/abc-cloud.de\/attina\/f1-hilfe\/wp-json\/wp\/v2\/comments?post=2872"}],"version-history":[{"count":2,"href":"https:\/\/abc-cloud.de\/attina\/f1-hilfe\/wp-json\/wp\/v2\/pages\/2872\/revisions"}],"predecessor-version":[{"id":2879,"href":"https:\/\/abc-cloud.de\/attina\/f1-hilfe\/wp-json\/wp\/v2\/pages\/2872\/revisions\/2879"}],"wp:attachment":[{"href":"https:\/\/abc-cloud.de\/attina\/f1-hilfe\/wp-json\/wp\/v2\/media?parent=2872"}],"curies":[{"name":"wp","href":"https:\/\/api.w.org\/{rel}","templated":true}]}}