{"id":2881,"date":"2025-12-05T09:30:07","date_gmt":"2025-12-05T08:30:07","guid":{"rendered":"https:\/\/abc-cloud.de\/attina\/f1-hilfe\/?page_id=2881"},"modified":"2025-12-09T11:41:40","modified_gmt":"2025-12-09T10:41:40","slug":"branchenzuschlag-bz-einstellungen","status":"publish","type":"page","link":"https:\/\/abc-cloud.de\/attina\/f1-hilfe\/branchenzuschlag-bz-einstellungen\/","title":{"rendered":"Branchenzuschlag (BZ) Einstellungen"},"content":{"rendered":"\n<p><strong>Modul Mitarbeiter<\/strong><\/p>\n\n\n\n<p><strong>Bearbeiten (Symbol: Zettel und Stift) \/ \u201eBranchentarif \/Equal Pay &#8211; Quereinsteieger\u201c<\/strong><\/p>\n\n\n\n<p>Eine Anleitung zu den Einstellungen f\u00fcr Quereinsteiger finden Sie hier:<\/p>\n\n\n\n<p><a href=\"https:\/\/abc-cloud.de\/attina\/f1-hilfe\/quereinsteiger\/\">Quereinsteiger \u2013 Attina Hilfe<\/a><\/p>\n\n\n\n<figure class=\"wp-block-image size-full\"><a href=\"https:\/\/abc-cloud.de\/attina\/f1-hilfe\/wp-content\/uploads\/2025\/12\/Branchenzuschlag-BZ-Einstellungen-01.png\"><img loading=\"lazy\" decoding=\"async\" width=\"377\" height=\"718\" src=\"https:\/\/abc-cloud.de\/attina\/f1-hilfe\/wp-content\/uploads\/2025\/12\/Branchenzuschlag-BZ-Einstellungen-01.png\" alt=\"\" class=\"wp-image-2894\" srcset=\"https:\/\/abc-cloud.de\/attina\/f1-hilfe\/wp-content\/uploads\/2025\/12\/Branchenzuschlag-BZ-Einstellungen-01.png 377w, https:\/\/abc-cloud.de\/attina\/f1-hilfe\/wp-content\/uploads\/2025\/12\/Branchenzuschlag-BZ-Einstellungen-01-158x300.png 158w\" sizes=\"auto, (max-width: 377px) 100vw, 377px\" \/><\/a><\/figure>\n\n\n\n<p>&#8212;&#8212;&#8212;&#8212;&#8212;&#8212;&#8212;&#8212;&#8212;&#8212;&#8212;&#8212;&#8212;&#8212;&#8212;&#8212;&#8212;&#8212;&#8212;&#8212;&#8212;&#8212;&#8212;&#8212;&#8212;&#8212;&#8212;&#8212;&#8212;&#8212;&#8211;<\/p>\n\n\n\n<p><strong>Modul Kunde<\/strong><\/p>\n\n\n\n<p><strong>Reiter \u201eStammdaten\u201c \u2013 Bereich \u201eAllgemein\u201c<\/strong><br>Tragen Sie Branche und Tarifgebiet ein.<br>Setzen Sie bei Branchentarif einen Haken.<br>Speichern Sie die Angaben mit dem schwarzen Haken.<\/p>\n\n\n\n<figure class=\"wp-block-image size-full\"><a href=\"https:\/\/abc-cloud.de\/attina\/f1-hilfe\/wp-content\/uploads\/2025\/12\/Branchenzuschlag-BZ-Einstellungen-02.png\"><img loading=\"lazy\" decoding=\"async\" width=\"733\" height=\"901\" src=\"https:\/\/abc-cloud.de\/attina\/f1-hilfe\/wp-content\/uploads\/2025\/12\/Branchenzuschlag-BZ-Einstellungen-02.png\" alt=\"\" class=\"wp-image-2895\" srcset=\"https:\/\/abc-cloud.de\/attina\/f1-hilfe\/wp-content\/uploads\/2025\/12\/Branchenzuschlag-BZ-Einstellungen-02.png 733w, https:\/\/abc-cloud.de\/attina\/f1-hilfe\/wp-content\/uploads\/2025\/12\/Branchenzuschlag-BZ-Einstellungen-02-244x300.png 244w\" sizes=\"auto, (max-width: 733px) 100vw, 733px\" \/><\/a><\/figure>\n\n\n\n<p><strong>Reiter \u201eEinsatzstelle\u201c<\/strong><br>\u00d6ffnen Sie die gew\u00fcnschte Einsatzstelle per Doppelklick.<\/p>\n\n\n\n<p>(Hinweis: Es geht hier nur um den Nachtrag f\u00fcr Branchenzuschlag. Wir gehen davon aus, dass alle anderen Angaben bereits vollst\u00e4ndig ausgef\u00fcllt sind.)<\/p>\n\n\n\n<p><em><strong>Hilfe zur Erstellung von Einsatzstellen, Deckelung, Equal Pay<\/strong><br>\u00dcber folgenden <a href=\"https:\/\/abc-cloud.de\/attina\/f1-hilfe\/kunden-2\/\" data-type=\"page\" data-id=\"718\">Link<\/a> gelangen Sie zu Modul Kunde. Scrollen Sie bis zum Abschnitt:<br>Reiter \u2013 Einsatzstellen<\/em><\/p>\n\n\n\n<p><strong>Branchenzuschlag in der Einsatzstelle hinterlegen<\/strong><br>Im neuen Fenster, mittig im <strong>Bereich \u201eArbeitszeit\u201c<\/strong>, w\u00e4hlen Sie die <strong>Branche<\/strong> \u00fcber die Dropdown-Funktion aus.<br>Pr\u00fcfen Sie im rechten <strong>Bereich \u201eKundenzuschl\u00e4ge\u201c<\/strong>, ob die <strong>Lohnart Branchenzuschlag<\/strong> aufgef\u00fchrt ist.<br>Wenn nicht, bitte hinzuf\u00fcgen.<br><strong>Unten bei Deckelung:<\/strong><br>Klicken Sie auf <strong>Bearbeiten-Symbol<\/strong> (Zettel und Stift) und geben Sie die Deckelung ein.<br>Gegebenenfalls daneben auch <strong>Equal-Pay<\/strong> \u00fcber den <strong>Bearbeiten-Button<\/strong> ausf\u00fcllen.<br>Schlie\u00dfen Sie das Fenster mit <strong>\u201eSpeichern\u201c<\/strong>.<\/p>\n\n\n\n<figure class=\"wp-block-image size-large\"><a href=\"https:\/\/abc-cloud.de\/attina\/f1-hilfe\/wp-content\/uploads\/2025\/12\/Branchenzuschlag-BZ-Einstellungen-03.png\"><img loading=\"lazy\" decoding=\"async\" width=\"1024\" height=\"673\" src=\"https:\/\/abc-cloud.de\/attina\/f1-hilfe\/wp-content\/uploads\/2025\/12\/Branchenzuschlag-BZ-Einstellungen-03-1024x673.png\" alt=\"\" class=\"wp-image-2896\" srcset=\"https:\/\/abc-cloud.de\/attina\/f1-hilfe\/wp-content\/uploads\/2025\/12\/Branchenzuschlag-BZ-Einstellungen-03-1024x673.png 1024w, https:\/\/abc-cloud.de\/attina\/f1-hilfe\/wp-content\/uploads\/2025\/12\/Branchenzuschlag-BZ-Einstellungen-03-300x197.png 300w, https:\/\/abc-cloud.de\/attina\/f1-hilfe\/wp-content\/uploads\/2025\/12\/Branchenzuschlag-BZ-Einstellungen-03-768x505.png 768w, https:\/\/abc-cloud.de\/attina\/f1-hilfe\/wp-content\/uploads\/2025\/12\/Branchenzuschlag-BZ-Einstellungen-03-1200x789.png 1200w, https:\/\/abc-cloud.de\/attina\/f1-hilfe\/wp-content\/uploads\/2025\/12\/Branchenzuschlag-BZ-Einstellungen-03.png 1348w\" sizes=\"auto, (max-width: 1024px) 100vw, 1024px\" \/><\/a><\/figure>\n\n\n\n<p><strong>Automatische \u00dcbernahme in den Auftrag<\/strong><br>Sobald alle relevanten Angaben in der Einsatzstelle hinterlegt sind, \u00fcbernimmt das System diese automatisch in den Auftrag.<br>Pfad im System: <strong>Modul \u201eAuftrag\u201c \/ Reiter \u201eBranchentarif\u201c<\/strong><\/p>\n\n\n\n<p><strong>Wichtig bei nachtr\u00e4glichen \u00c4nderungen:<\/strong><br>Falls \u00c4nderungen vorgenommen wurden, k\u00f6nnen die aktualisierten Daten \u00fcber folgenden Weg geladen werden:<br><strong>Modul &#8222;Auftrag&#8220; \/ Bearbeiten (Symbol: Zettel und Stift) \/ \u201eBranchentarif aus Einsatzstelle laden\u201c<\/strong><\/p>\n\n\n\n<p>&#8212;&#8212;&#8212;&#8212;&#8212;&#8212;&#8212;&#8212;&#8212;&#8212;&#8212;&#8212;&#8212;&#8212;&#8212;&#8212;&#8212;&#8212;&#8212;&#8212;&#8212;&#8212;&#8212;&#8212;&#8212;&#8212;&#8212;&#8212;&#8212;&#8212;&#8211;<\/p>\n\n\n\n<p><strong>Erg\u00e4nzende Hilfe<\/strong><br>Link: <strong><a href=\"https:\/\/abc-cloud.de\/attina\/f1-hilfe\/branchenzuschlag-wird-nicht-berechnet\/\" data-type=\"page\" data-id=\"2899\">Branchenzuschlag wird nicht berechnet<\/a><\/strong><\/p>\n\n\n\n<p><\/p>\n","protected":false},"excerpt":{"rendered":"<p>Modul Mitarbeiter Bearbeiten (Symbol: Zettel und Stift) \/ \u201eBranchentarif \/Equal Pay &#8211; Quereinsteieger\u201c Eine Anleitung zu den Einstellungen f\u00fcr Quereinsteiger finden Sie hier: Quereinsteiger \u2013 Attina Hilfe &#8212;&#8212;&#8212;&#8212;&#8212;&#8212;&#8212;&#8212;&#8212;&#8212;&#8212;&#8212;&#8212;&#8212;&#8212;&#8212;&#8212;&#8212;&#8212;&#8212;&#8212;&#8212;&#8212;&#8212;&#8212;&#8212;&#8212;&#8212;&#8212;&#8212;&#8211; Modul Kunde Reiter \u201eStammdaten\u201c \u2013 Bereich \u201eAllgemein\u201cTragen Sie Branche und Tarifgebiet ein.Setzen Sie bei Branchentarif einen Haken.Speichern Sie die Angaben mit dem schwarzen Haken. Reiter \u201eEinsatzstelle\u201c\u00d6ffnen Sie [&hellip;]<\/p>\n","protected":false},"author":3,"featured_media":0,"parent":0,"menu_order":0,"comment_status":"closed","ping_status":"closed","template":"","meta":{"footnotes":""},"class_list":["post-2881","page","type-page","status-publish","hentry"],"_links":{"self":[{"href":"https:\/\/abc-cloud.de\/attina\/f1-hilfe\/wp-json\/wp\/v2\/pages\/2881","targetHints":{"allow":["GET"]}}],"collection":[{"href":"https:\/\/abc-cloud.de\/attina\/f1-hilfe\/wp-json\/wp\/v2\/pages"}],"about":[{"href":"https:\/\/abc-cloud.de\/attina\/f1-hilfe\/wp-json\/wp\/v2\/types\/page"}],"author":[{"embeddable":true,"href":"https:\/\/abc-cloud.de\/attina\/f1-hilfe\/wp-json\/wp\/v2\/users\/3"}],"replies":[{"embeddable":true,"href":"https:\/\/abc-cloud.de\/attina\/f1-hilfe\/wp-json\/wp\/v2\/comments?post=2881"}],"version-history":[{"count":6,"href":"https:\/\/abc-cloud.de\/attina\/f1-hilfe\/wp-json\/wp\/v2\/pages\/2881\/revisions"}],"predecessor-version":[{"id":2919,"href":"https:\/\/abc-cloud.de\/attina\/f1-hilfe\/wp-json\/wp\/v2\/pages\/2881\/revisions\/2919"}],"wp:attachment":[{"href":"https:\/\/abc-cloud.de\/attina\/f1-hilfe\/wp-json\/wp\/v2\/media?parent=2881"}],"curies":[{"name":"wp","href":"https:\/\/api.w.org\/{rel}","templated":true}]}}