{"id":2946,"date":"2026-01-15T10:52:58","date_gmt":"2026-01-15T09:52:58","guid":{"rendered":"https:\/\/abc-cloud.de\/attina\/f1-hilfe\/?page_id=2946"},"modified":"2026-01-27T10:37:45","modified_gmt":"2026-01-27T09:37:45","slug":"durchschnitts-berechnung-anhaken","status":"publish","type":"page","link":"https:\/\/abc-cloud.de\/attina\/f1-hilfe\/durchschnitts-berechnung-anhaken\/","title":{"rendered":"Durchschnitts Berechnung anhaken"},"content":{"rendered":"\n<p><strong>Wichtige Information:<\/strong><br>Diese Mitteilung betrifft alle Kunden, die von <strong>IGZ<\/strong> zu <strong>GVP direkt<\/strong> wechseln.<\/p>\n\n\n\n<p>Bitte beachten Sie:<br>Die Lohnarten, die in die Durchschnittsberechnung der jeweiligen LA-Typen einflie\u00dfen sollen, m\u00fcssen <strong>manuell \u00fcbertragen<\/strong> werden.<\/p>\n\n\n\n<p>Zuschl\u00e4ge nach \u00a7 10 b) MTV GVP (ohne Mehrarbeitszuschl\u00e4ge) sowie sonstige Zulagen und Zuschl\u00e4ge gem\u00e4\u00df den Bestimmungen des Bundesurlaubsgesetzes.<\/p>\n\n\n\n<hr class=\"wp-block-separator has-alpha-channel-opacity\"\/>\n\n\n\n<p><strong>Vorgehensweise:<\/strong><\/p>\n\n\n\n<p>1. <strong>Modul Fakturierung<\/strong> \u00f6ffnen. <\/p>\n\n\n\n<p>2. In der Men\u00fcleiste auf <strong>Einstellungen<\/strong> (Symbol mit Werkzeug) klicken.<\/p>\n\n\n\n<figure class=\"wp-block-image size-full\"><img loading=\"lazy\" decoding=\"async\" width=\"725\" height=\"232\" src=\"https:\/\/abc-cloud.de\/attina\/f1-hilfe\/wp-content\/uploads\/2026\/01\/Durchschnittsberechnung-anhaken-01.png\" alt=\"\" class=\"wp-image-2947\" srcset=\"https:\/\/abc-cloud.de\/attina\/f1-hilfe\/wp-content\/uploads\/2026\/01\/Durchschnittsberechnung-anhaken-01.png 725w, https:\/\/abc-cloud.de\/attina\/f1-hilfe\/wp-content\/uploads\/2026\/01\/Durchschnittsberechnung-anhaken-01-300x96.png 300w\" sizes=\"auto, (max-width: 725px) 100vw, 725px\" \/><\/figure>\n\n\n\n<p>3. Im neuen Fenster <strong>\u201eGVP (IGZ Altregelung) \u2013 Sonderlohnberechnung\u2026\u201c<\/strong> \u00f6ffnen.<\/p>\n\n\n\n<figure class=\"wp-block-image size-full\"><img loading=\"lazy\" decoding=\"async\" width=\"477\" height=\"517\" src=\"https:\/\/abc-cloud.de\/attina\/f1-hilfe\/wp-content\/uploads\/2026\/01\/Durchschnittsberechnung-anhaken-02-1.png\" alt=\"\" class=\"wp-image-2963\" srcset=\"https:\/\/abc-cloud.de\/attina\/f1-hilfe\/wp-content\/uploads\/2026\/01\/Durchschnittsberechnung-anhaken-02-1.png 477w, https:\/\/abc-cloud.de\/attina\/f1-hilfe\/wp-content\/uploads\/2026\/01\/Durchschnittsberechnung-anhaken-02-1-277x300.png 277w\" sizes=\"auto, (max-width: 477px) 100vw, 477px\" \/><\/figure>\n\n\n\n<p>4. Die dort hinterlegten Einstellungen (Urlaub, Krankheit, Feiertag) <strong>genauso \u00fcbertragen, <\/strong>in:<\/p>\n\n\n\n<p><span style=\"font-size: revert;\">Men\u00fcleiste \u2192 <\/span><strong style=\"font-size: revert;\">Einstellungen<\/strong><span style=\"font-size: revert;\"> (Symbol mit Werkzeug)<\/span><\/p>\n\n\n\n<p>Fenster <strong>\u201eGVP \u2013 Sonderlohnberechnung\u2026\u201c<\/strong><\/p>\n\n\n\n<figure class=\"wp-block-image size-full\"><img loading=\"lazy\" decoding=\"async\" width=\"482\" height=\"522\" src=\"https:\/\/abc-cloud.de\/attina\/f1-hilfe\/wp-content\/uploads\/2026\/01\/Durchschnittsberechnung-anhaken-03-1.png\" alt=\"\" class=\"wp-image-2966\" srcset=\"https:\/\/abc-cloud.de\/attina\/f1-hilfe\/wp-content\/uploads\/2026\/01\/Durchschnittsberechnung-anhaken-03-1.png 482w, https:\/\/abc-cloud.de\/attina\/f1-hilfe\/wp-content\/uploads\/2026\/01\/Durchschnittsberechnung-anhaken-03-1-277x300.png 277w\" sizes=\"auto, (max-width: 482px) 100vw, 482px\" \/><\/figure>\n\n\n\n<p>5. Nach der \u00c4nderung mit <strong>OK<\/strong> best\u00e4tigen.<\/p>\n\n\n\n<p>6. Damit die \u00c4nderungen aktiv werden, <strong>Attina schlie\u00dfen und neu starten<\/strong>.<\/p>\n\n\n\n<p><strong>Vielen Dank f\u00fcr Ihre Mitarbeit!<\/strong><\/p>\n","protected":false},"excerpt":{"rendered":"<p>Wichtige Information:Diese Mitteilung betrifft alle Kunden, die von IGZ zu GVP direkt wechseln. Bitte beachten Sie:Die Lohnarten, die in die Durchschnittsberechnung der jeweiligen LA-Typen einflie\u00dfen sollen, m\u00fcssen manuell \u00fcbertragen werden. Zuschl\u00e4ge nach \u00a7 10 b) MTV GVP (ohne Mehrarbeitszuschl\u00e4ge) sowie sonstige Zulagen und Zuschl\u00e4ge gem\u00e4\u00df den Bestimmungen des Bundesurlaubsgesetzes. Vorgehensweise: 1. Modul Fakturierung \u00f6ffnen. 2. [&hellip;]<\/p>\n","protected":false},"author":3,"featured_media":0,"parent":0,"menu_order":0,"comment_status":"closed","ping_status":"closed","template":"","meta":{"footnotes":""},"class_list":["post-2946","page","type-page","status-publish","hentry"],"_links":{"self":[{"href":"https:\/\/abc-cloud.de\/attina\/f1-hilfe\/wp-json\/wp\/v2\/pages\/2946","targetHints":{"allow":["GET"]}}],"collection":[{"href":"https:\/\/abc-cloud.de\/attina\/f1-hilfe\/wp-json\/wp\/v2\/pages"}],"about":[{"href":"https:\/\/abc-cloud.de\/attina\/f1-hilfe\/wp-json\/wp\/v2\/types\/page"}],"author":[{"embeddable":true,"href":"https:\/\/abc-cloud.de\/attina\/f1-hilfe\/wp-json\/wp\/v2\/users\/3"}],"replies":[{"embeddable":true,"href":"https:\/\/abc-cloud.de\/attina\/f1-hilfe\/wp-json\/wp\/v2\/comments?post=2946"}],"version-history":[{"count":5,"href":"https:\/\/abc-cloud.de\/attina\/f1-hilfe\/wp-json\/wp\/v2\/pages\/2946\/revisions"}],"predecessor-version":[{"id":2968,"href":"https:\/\/abc-cloud.de\/attina\/f1-hilfe\/wp-json\/wp\/v2\/pages\/2946\/revisions\/2968"}],"wp:attachment":[{"href":"https:\/\/abc-cloud.de\/attina\/f1-hilfe\/wp-json\/wp\/v2\/media?parent=2946"}],"curies":[{"name":"wp","href":"https:\/\/api.w.org\/{rel}","templated":true}]}}