{"id":2990,"date":"2026-02-06T11:08:30","date_gmt":"2026-02-06T10:08:30","guid":{"rendered":"https:\/\/abc-cloud.de\/attina\/f1-hilfe\/?page_id=2990"},"modified":"2026-02-06T11:08:30","modified_gmt":"2026-02-06T10:08:30","slug":"branchenzuschlag-wird-gezogen-aussertarifliche-zulage-nicht","status":"publish","type":"page","link":"https:\/\/abc-cloud.de\/attina\/f1-hilfe\/branchenzuschlag-wird-gezogen-aussertarifliche-zulage-nicht\/","title":{"rendered":"Branchenzuschlag wird gezogen, au\u00dfertarifliche Zulage nicht"},"content":{"rendered":"\n<p>Wenn der Branchenzuschlag (BZ) im Auftrag berechnet wird, die au\u00dfertarifliche Zulage (AZ) jedoch nicht erscheint,\u00a0liegt die Ursache h\u00e4ufig an einer\u00a0<strong>Deckelung<\/strong>. Dabei ist entscheidend, ob der Branchenzuschlag die au\u00dfertarifliche\u00a0Zulage teilweise oder vollst\u00e4ndig\u00a0<strong>aufzehrt<\/strong>.<\/p>\n\n\n\n<p><strong>Pr\u00fcfung der Deckelung im Auftrag<\/strong><\/p>\n\n\n\n<p>Im\u00a0<strong>Modul Auftrag<\/strong>\u00a0l\u00e4sst sich unter dem <strong>Reiter Auftrag<\/strong> in den\u00a0<strong>Lohnarten<\/strong>\u00a0der\u00a0<strong>Verrechnungssatz (V-Satz: Deckelung n.V.)\u00a0<\/strong>einsehen.<\/p>\n\n\n\n<p><strong>Dort vergleichen<\/strong>:<\/p>\n\n\n\n<p>\u2022 den festgelegten Deckelungslohn<\/p>\n\n\n\n<p>\u2022 die Summe aus Grundlohn und au\u00dfertariflicher Zulage<\/p>\n\n\n\n<p>Wenn\u00a0<strong>Grundlohn + AZ h\u00f6her sind als der Deckelungslohn<\/strong>, wird der Branchenzuschlag teilweise oder komplett verbraucht, um die Deckelung einzuhalten. Die Zulagen werden dann automatisch aufgeteilt \u2013 ein Teil als AZ, ein Teil als BZ.<\/p>\n\n\n\n<p><strong>Alternativer Weg zur Pr\u00fcfung<\/strong><\/p>\n\n\n\n<p>Im\u00a0<strong>Modul Fakturierung<\/strong>\u00a0l\u00e4sst sich das betroffene Datum ausw\u00e4hlen. Links klicken, dann im ge\u00f6ffneten Fenster mit Rechtsklick den Punkt\u00a0<strong>\u201eAuftrag aufrufen\u201c<\/strong>\u00a0w\u00e4hlen. Auch hier sind die relevanten Deckelungsdaten ersichtlich.<\/p>\n\n\n\n<p><strong>H\u00f6he der au\u00dfertariflichen Zulage pr\u00fcfen<\/strong><\/p>\n\n\n\n<p>Die konkrete AZ ist im Modul Mitarbeiter unter dem Reiter Lohndaten \u2192&nbsp;<strong>Lohn \u2013 Au\u00dfert.Zulage<\/strong>&nbsp;hinterlegt.<\/p>\n\n\n\n<p><strong>Wichtiger Hinweis zur Lohnart<\/strong><\/p>\n\n\n\n<p>F\u00fcr au\u00dfertarifliche Zulagen muss die Lohnart\u00a0<strong>Au\u00dfertarifliche Zulage<\/strong>\u00a0genutzt werden. F\u00fcr auftragsbezogene Zulagen entsprechend die\u00a0<strong>Auftragszulage.<\/strong> Eine falsche Lohnart f\u00fchrt dazu, dass Zulagen nicht korrekt berechnet werden.<\/p>\n","protected":false},"excerpt":{"rendered":"<p>Wenn der Branchenzuschlag (BZ) im Auftrag berechnet wird, die au\u00dfertarifliche Zulage (AZ) jedoch nicht erscheint,\u00a0liegt die Ursache h\u00e4ufig an einer\u00a0Deckelung. Dabei ist entscheidend, ob der Branchenzuschlag die au\u00dfertarifliche\u00a0Zulage teilweise oder vollst\u00e4ndig\u00a0aufzehrt. Pr\u00fcfung der Deckelung im Auftrag Im\u00a0Modul Auftrag\u00a0l\u00e4sst sich unter dem Reiter Auftrag in den\u00a0Lohnarten\u00a0der\u00a0Verrechnungssatz (V-Satz: Deckelung n.V.)\u00a0einsehen. Dort vergleichen: \u2022 den festgelegten Deckelungslohn \u2022 [&hellip;]<\/p>\n","protected":false},"author":3,"featured_media":0,"parent":0,"menu_order":0,"comment_status":"closed","ping_status":"closed","template":"","meta":{"footnotes":""},"class_list":["post-2990","page","type-page","status-publish","hentry"],"_links":{"self":[{"href":"https:\/\/abc-cloud.de\/attina\/f1-hilfe\/wp-json\/wp\/v2\/pages\/2990","targetHints":{"allow":["GET"]}}],"collection":[{"href":"https:\/\/abc-cloud.de\/attina\/f1-hilfe\/wp-json\/wp\/v2\/pages"}],"about":[{"href":"https:\/\/abc-cloud.de\/attina\/f1-hilfe\/wp-json\/wp\/v2\/types\/page"}],"author":[{"embeddable":true,"href":"https:\/\/abc-cloud.de\/attina\/f1-hilfe\/wp-json\/wp\/v2\/users\/3"}],"replies":[{"embeddable":true,"href":"https:\/\/abc-cloud.de\/attina\/f1-hilfe\/wp-json\/wp\/v2\/comments?post=2990"}],"version-history":[{"count":1,"href":"https:\/\/abc-cloud.de\/attina\/f1-hilfe\/wp-json\/wp\/v2\/pages\/2990\/revisions"}],"predecessor-version":[{"id":2991,"href":"https:\/\/abc-cloud.de\/attina\/f1-hilfe\/wp-json\/wp\/v2\/pages\/2990\/revisions\/2991"}],"wp:attachment":[{"href":"https:\/\/abc-cloud.de\/attina\/f1-hilfe\/wp-json\/wp\/v2\/media?parent=2990"}],"curies":[{"name":"wp","href":"https:\/\/api.w.org\/{rel}","templated":true}]}}