{"id":2993,"date":"2026-02-11T12:06:51","date_gmt":"2026-02-11T11:06:51","guid":{"rendered":"https:\/\/abc-cloud.de\/attina\/f1-hilfe\/?page_id=2993"},"modified":"2026-02-11T12:09:01","modified_gmt":"2026-02-11T11:09:01","slug":"erstellung-von-proberechnungen-und-rechnungen","status":"publish","type":"page","link":"https:\/\/abc-cloud.de\/attina\/f1-hilfe\/erstellung-von-proberechnungen-und-rechnungen\/","title":{"rendered":"Anleitung: Erstellung von Proberechnungen und Rechnungen"},"content":{"rendered":"\n<p><strong>Rechnungsvorbereitung \u00f6ffnen<\/strong><\/p>\n\n\n\n<p>Zur Erstellung von Proberechnungen oder Rechnungen \u00f6ffnen Sie die <strong>Rechnungsvorbereitung<\/strong>.<br>Daf\u00fcr stehen Ihnen verschiedene Zugangswege zur Verf\u00fcgung:<\/p>\n\n\n\n<ul class=\"wp-block-list\">\n<li>\u00dcber den <strong>Attina Desktop<\/strong> k\u00f6nnen Sie die Kachel <strong>\u201eRechnungsvorbereitung\u201c<\/strong> ausw\u00e4hlen.<\/li>\n<\/ul>\n\n\n\n<figure class=\"wp-block-image size-large\"><img loading=\"lazy\" decoding=\"async\" width=\"1024\" height=\"438\" src=\"https:\/\/abc-cloud.de\/attina\/f1-hilfe\/wp-content\/uploads\/2026\/02\/Erstellung-von-Proberechnungen-und-Rechnungen-01-1024x438.png\" alt=\"\" class=\"wp-image-2996\" srcset=\"https:\/\/abc-cloud.de\/attina\/f1-hilfe\/wp-content\/uploads\/2026\/02\/Erstellung-von-Proberechnungen-und-Rechnungen-01-1024x438.png 1024w, https:\/\/abc-cloud.de\/attina\/f1-hilfe\/wp-content\/uploads\/2026\/02\/Erstellung-von-Proberechnungen-und-Rechnungen-01-300x128.png 300w, https:\/\/abc-cloud.de\/attina\/f1-hilfe\/wp-content\/uploads\/2026\/02\/Erstellung-von-Proberechnungen-und-Rechnungen-01-768x328.png 768w, https:\/\/abc-cloud.de\/attina\/f1-hilfe\/wp-content\/uploads\/2026\/02\/Erstellung-von-Proberechnungen-und-Rechnungen-01-1536x656.png 1536w, https:\/\/abc-cloud.de\/attina\/f1-hilfe\/wp-content\/uploads\/2026\/02\/Erstellung-von-Proberechnungen-und-Rechnungen-01-1200x513.png 1200w, https:\/\/abc-cloud.de\/attina\/f1-hilfe\/wp-content\/uploads\/2026\/02\/Erstellung-von-Proberechnungen-und-Rechnungen-01.png 1912w\" sizes=\"auto, (max-width: 1024px) 100vw, 1024px\" \/><\/figure>\n\n\n\n<ul class=\"wp-block-list\">\n<li>Alternativ \u00fcber die <strong>Men\u00fcleiste, <\/strong>w\u00e4hlen Sie <strong>Abl\u00e4ufe \u2192 Rechnungsvorbereitung<\/strong><\/li>\n<\/ul>\n\n\n\n<figure class=\"wp-block-image size-full\"><img loading=\"lazy\" decoding=\"async\" width=\"672\" height=\"775\" src=\"https:\/\/abc-cloud.de\/attina\/f1-hilfe\/wp-content\/uploads\/2026\/02\/Erstellung-von-Proberechnungen-und-Rechnungen-02.png\" alt=\"\" class=\"wp-image-2997\" srcset=\"https:\/\/abc-cloud.de\/attina\/f1-hilfe\/wp-content\/uploads\/2026\/02\/Erstellung-von-Proberechnungen-und-Rechnungen-02.png 672w, https:\/\/abc-cloud.de\/attina\/f1-hilfe\/wp-content\/uploads\/2026\/02\/Erstellung-von-Proberechnungen-und-Rechnungen-02-260x300.png 260w\" sizes=\"auto, (max-width: 672px) 100vw, 672px\" \/><\/figure>\n\n\n\n<ul class=\"wp-block-list\">\n<li>Wenn Sie Ihre Stunden gerade in der <strong>Fakturierung<\/strong> erfasst haben, k\u00f6nnen Sie au\u00dferdem \u00fcber den Button <strong>\u201eRuft die Rechnungsvorbereitung auf\u201c<\/strong> direkt in die Rechnungsvorbereitung wechseln.<\/li>\n<\/ul>\n\n\n\n<p><strong><u>Wichtig:<\/u><\/strong> Man muss vorher einen Wochentag ausw\u00e4hlen, an dem <strong>LA-Typ:<\/strong> <strong>Auftrag<\/strong> vorhanden ist. Nur dann \u00f6ffnet sich die passende Rechnungsvorbereitung f\u00fcr den richtigen Mitarbeiter und den richtigen Kunden. Wird stattdessen z.B. <strong>LA-Typ: Wochenende<\/strong> ausgew\u00e4hlt, \u00f6ffnet sich zwar ebenfalls die Rechnungsvorbereitung, jedoch nicht f\u00fcr den korrekten Mitarbeiter bzw. Kunden.<\/p>\n\n\n\n<figure class=\"wp-block-image size-full\"><img loading=\"lazy\" decoding=\"async\" width=\"832\" height=\"211\" src=\"https:\/\/abc-cloud.de\/attina\/f1-hilfe\/wp-content\/uploads\/2026\/02\/Erstellung-von-Proberechnungen-und-Rechnungen-03.png\" alt=\"\" class=\"wp-image-2998\" srcset=\"https:\/\/abc-cloud.de\/attina\/f1-hilfe\/wp-content\/uploads\/2026\/02\/Erstellung-von-Proberechnungen-und-Rechnungen-03.png 832w, https:\/\/abc-cloud.de\/attina\/f1-hilfe\/wp-content\/uploads\/2026\/02\/Erstellung-von-Proberechnungen-und-Rechnungen-03-300x76.png 300w, https:\/\/abc-cloud.de\/attina\/f1-hilfe\/wp-content\/uploads\/2026\/02\/Erstellung-von-Proberechnungen-und-Rechnungen-03-768x195.png 768w\" sizes=\"auto, (max-width: 832px) 100vw, 832px\" \/><\/figure>\n\n\n\n<p><strong>Voreinstellungen in der Rechnungsvorbereitung vornehmen<\/strong><\/p>\n\n\n\n<p>In der <strong>Rechnungsvorbereitung<\/strong> w\u00e4hlen Sie in der oberen Leiste zun\u00e4chst die gew\u00fcnschte Gruppierung aus.<\/p>\n\n\n\n<figure class=\"wp-block-image size-full\"><img loading=\"lazy\" decoding=\"async\" width=\"466\" height=\"303\" src=\"https:\/\/abc-cloud.de\/attina\/f1-hilfe\/wp-content\/uploads\/2026\/02\/Erstellung-von-Proberechnungen-und-Rechnungen-03-00.png\" alt=\"\" class=\"wp-image-2999\" srcset=\"https:\/\/abc-cloud.de\/attina\/f1-hilfe\/wp-content\/uploads\/2026\/02\/Erstellung-von-Proberechnungen-und-Rechnungen-03-00.png 466w, https:\/\/abc-cloud.de\/attina\/f1-hilfe\/wp-content\/uploads\/2026\/02\/Erstellung-von-Proberechnungen-und-Rechnungen-03-00-300x195.png 300w\" sizes=\"auto, (max-width: 466px) 100vw, 466px\" \/><\/figure>\n\n\n\n<p>Im Bereich Einstellungen legen Sie anschlie\u00dfend fest:<\/p>\n\n\n\n<ul class=\"wp-block-list\">\n<li>Filialauswahl<\/li>\n\n\n\n<li>Zeitbereich<\/li>\n\n\n\n<li>Kommission<\/li>\n\n\n\n<li>Auswahl (nach Einsatzstelle oder nach Projektnummer)<\/li>\n<\/ul>\n\n\n\n<figure class=\"wp-block-image size-full\"><img loading=\"lazy\" decoding=\"async\" width=\"912\" height=\"542\" src=\"https:\/\/abc-cloud.de\/attina\/f1-hilfe\/wp-content\/uploads\/2026\/02\/Erstellung-von-Proberechnungen-und-Rechnungen-03-01.png\" alt=\"\" class=\"wp-image-3000\" srcset=\"https:\/\/abc-cloud.de\/attina\/f1-hilfe\/wp-content\/uploads\/2026\/02\/Erstellung-von-Proberechnungen-und-Rechnungen-03-01.png 912w, https:\/\/abc-cloud.de\/attina\/f1-hilfe\/wp-content\/uploads\/2026\/02\/Erstellung-von-Proberechnungen-und-Rechnungen-03-01-300x178.png 300w, https:\/\/abc-cloud.de\/attina\/f1-hilfe\/wp-content\/uploads\/2026\/02\/Erstellung-von-Proberechnungen-und-Rechnungen-03-01-768x456.png 768w\" sizes=\"auto, (max-width: 912px) 100vw, 912px\" \/><\/figure>\n\n\n\n<p>Direkt darunter w\u00e4hlen Sie den <strong>Kunden <\/strong>und\/oder die <strong>Einsatzstelle(n)<\/strong> aus, die auf der Rechnung erscheinen sollen. Anschlie\u00dfend markieren Sie die <strong>Person(en)<\/strong>, die f\u00fcr Ihren Kunden abgerechnet werden sollen.<\/p>\n\n\n\n<figure class=\"wp-block-image size-full\"><img loading=\"lazy\" decoding=\"async\" width=\"643\" height=\"697\" src=\"https:\/\/abc-cloud.de\/attina\/f1-hilfe\/wp-content\/uploads\/2026\/02\/Erstellung-von-Proberechnungen-und-Rechnungen-03-02.png\" alt=\"\" class=\"wp-image-3001\" srcset=\"https:\/\/abc-cloud.de\/attina\/f1-hilfe\/wp-content\/uploads\/2026\/02\/Erstellung-von-Proberechnungen-und-Rechnungen-03-02.png 643w, https:\/\/abc-cloud.de\/attina\/f1-hilfe\/wp-content\/uploads\/2026\/02\/Erstellung-von-Proberechnungen-und-Rechnungen-03-02-277x300.png 277w\" sizes=\"auto, (max-width: 643px) 100vw, 643px\" \/><\/figure>\n\n\n\n<p>Danach legen Sie fest, ob die Rechnung als <strong>Typ: Sammelrechnung<\/strong> (summierte Ansicht) oder <strong>Typ: Einzelrechnung<\/strong> (detaillierte Ansicht) erstellt werden soll.<\/p>\n\n\n\n<p>Pr\u00fcfen Sie au\u00dferdem das <strong>Rechnungsdatum<\/strong> sowie das <strong>Auftragsdatum.<\/strong><\/p>\n\n\n\n<p>Um die Daten zu <strong>aktualisieren<\/strong>, klicken Sie in der oberen Leiste auf <strong>\u201eDaten neu laden\u201c<\/strong> (gr\u00fcner Kreis-Pfeil).<\/p>\n\n\n\n<figure class=\"wp-block-image size-large\"><img loading=\"lazy\" decoding=\"async\" width=\"1024\" height=\"169\" src=\"https:\/\/abc-cloud.de\/attina\/f1-hilfe\/wp-content\/uploads\/2026\/02\/Erstellung-von-Proberechnungen-und-Rechnungen-03-03-1024x169.png\" alt=\"\" class=\"wp-image-3002\" srcset=\"https:\/\/abc-cloud.de\/attina\/f1-hilfe\/wp-content\/uploads\/2026\/02\/Erstellung-von-Proberechnungen-und-Rechnungen-03-03-1024x169.png 1024w, https:\/\/abc-cloud.de\/attina\/f1-hilfe\/wp-content\/uploads\/2026\/02\/Erstellung-von-Proberechnungen-und-Rechnungen-03-03-300x50.png 300w, https:\/\/abc-cloud.de\/attina\/f1-hilfe\/wp-content\/uploads\/2026\/02\/Erstellung-von-Proberechnungen-und-Rechnungen-03-03-768x127.png 768w, https:\/\/abc-cloud.de\/attina\/f1-hilfe\/wp-content\/uploads\/2026\/02\/Erstellung-von-Proberechnungen-und-Rechnungen-03-03-1200x198.png 1200w, https:\/\/abc-cloud.de\/attina\/f1-hilfe\/wp-content\/uploads\/2026\/02\/Erstellung-von-Proberechnungen-und-Rechnungen-03-03.png 1248w\" sizes=\"auto, (max-width: 1024px) 100vw, 1024px\" \/><\/figure>\n\n\n\n<p>Damit sind alle notwendigen Voreinstellungen abgeschlossen.<\/p>\n\n\n\n<p>&#8212;<\/p>\n\n\n\n<p><strong>Proberechnung erzeugen<\/strong><\/p>\n\n\n\n<p>Mit dem Button <strong>\u201eProberechnung erzeugen\u201c<\/strong> wird eine <strong>vorl\u00e4ufige Rechnung<\/strong> erstellt. Diese kann \u00fcberpr\u00fcft und \u00fcber das <strong>Druckersymbol<\/strong> als Report angezeigt oder ausgedruckt werden.<\/p>\n\n\n\n<figure class=\"wp-block-image size-large\"><img loading=\"lazy\" decoding=\"async\" width=\"1024\" height=\"517\" src=\"https:\/\/abc-cloud.de\/attina\/f1-hilfe\/wp-content\/uploads\/2026\/02\/Erstellung-von-Proberechnungen-und-Rechnungen-04-1024x517.png\" alt=\"\" class=\"wp-image-3003\" srcset=\"https:\/\/abc-cloud.de\/attina\/f1-hilfe\/wp-content\/uploads\/2026\/02\/Erstellung-von-Proberechnungen-und-Rechnungen-04-1024x517.png 1024w, https:\/\/abc-cloud.de\/attina\/f1-hilfe\/wp-content\/uploads\/2026\/02\/Erstellung-von-Proberechnungen-und-Rechnungen-04-300x152.png 300w, https:\/\/abc-cloud.de\/attina\/f1-hilfe\/wp-content\/uploads\/2026\/02\/Erstellung-von-Proberechnungen-und-Rechnungen-04-768x388.png 768w, https:\/\/abc-cloud.de\/attina\/f1-hilfe\/wp-content\/uploads\/2026\/02\/Erstellung-von-Proberechnungen-und-Rechnungen-04-1200x606.png 1200w, https:\/\/abc-cloud.de\/attina\/f1-hilfe\/wp-content\/uploads\/2026\/02\/Erstellung-von-Proberechnungen-und-Rechnungen-04.png 1342w\" sizes=\"auto, (max-width: 1024px) 100vw, 1024px\" \/><\/figure>\n\n\n\n<p><strong>Aus der Proberechnung eine endg\u00fcltige Rechnung erzeugen<\/strong><\/p>\n\n\n\n<p>Ist alles korrekt, kann aus der <strong>Proberechnung<\/strong> direkt \u00fcber <strong>\u201eRechnung erzeugen\u201c<\/strong> eine endg\u00fcltige Rechnung erstellt werden. Der Status KD, in der Fakturierung \u00e4ndert sich dabei von <strong>\u201eProbe-RG\u201c<\/strong> zu <strong>\u201eRechnung\u201c.<\/strong><\/p>\n\n\n\n<figure class=\"wp-block-image size-large\"><img loading=\"lazy\" decoding=\"async\" width=\"1024\" height=\"492\" src=\"https:\/\/abc-cloud.de\/attina\/f1-hilfe\/wp-content\/uploads\/2026\/02\/Erstellung-von-Proberechnungen-und-Rechnungen-05-1024x492.png\" alt=\"\" class=\"wp-image-3004\" srcset=\"https:\/\/abc-cloud.de\/attina\/f1-hilfe\/wp-content\/uploads\/2026\/02\/Erstellung-von-Proberechnungen-und-Rechnungen-05-1024x492.png 1024w, https:\/\/abc-cloud.de\/attina\/f1-hilfe\/wp-content\/uploads\/2026\/02\/Erstellung-von-Proberechnungen-und-Rechnungen-05-300x144.png 300w, https:\/\/abc-cloud.de\/attina\/f1-hilfe\/wp-content\/uploads\/2026\/02\/Erstellung-von-Proberechnungen-und-Rechnungen-05-768x369.png 768w, https:\/\/abc-cloud.de\/attina\/f1-hilfe\/wp-content\/uploads\/2026\/02\/Erstellung-von-Proberechnungen-und-Rechnungen-05.png 1157w\" sizes=\"auto, (max-width: 1024px) 100vw, 1024px\" \/><\/figure>\n\n\n\n<p><strong>Fehlerhafte Proberechnung l\u00f6schen<\/strong><\/p>\n\n\n\n<p>Soll eine Proberechnung gel\u00f6scht werden, kann dies in der Proberechnung selbst \u00fcber das <strong>Minuszeichen<\/strong> erfolgen. In diesem Fall erscheint in der Fakturierung wieder der Status KD <strong>\u201eOK\u201c.<\/strong><\/p>\n\n\n\n<figure class=\"wp-block-image size-full\"><img loading=\"lazy\" decoding=\"async\" width=\"680\" height=\"477\" src=\"https:\/\/abc-cloud.de\/attina\/f1-hilfe\/wp-content\/uploads\/2026\/02\/Erstellung-von-Proberechnungen-und-Rechnungen-06.png\" alt=\"\" class=\"wp-image-3005\" srcset=\"https:\/\/abc-cloud.de\/attina\/f1-hilfe\/wp-content\/uploads\/2026\/02\/Erstellung-von-Proberechnungen-und-Rechnungen-06.png 680w, https:\/\/abc-cloud.de\/attina\/f1-hilfe\/wp-content\/uploads\/2026\/02\/Erstellung-von-Proberechnungen-und-Rechnungen-06-300x210.png 300w\" sizes=\"auto, (max-width: 680px) 100vw, 680px\" \/><\/figure>\n\n\n\n<p><strong>Bereits erstellte Rechnungen aufrufen<\/strong><\/p>\n\n\n\n<p>Bereits erstellte Rechnungen sind in der <strong>Rechnungsverwaltung<\/strong> zu finden.<\/p>\n\n\n\n<p>Daf\u00fcr stehen Ihnen ebenfalls verschiedene Zugangswege zur Verf\u00fcgung:<\/p>\n\n\n\n<ul class=\"wp-block-list\">\n<li>\u00dcber den Attina Desktop<\/li>\n<\/ul>\n\n\n\n<figure class=\"wp-block-image size-large\"><img loading=\"lazy\" decoding=\"async\" width=\"1024\" height=\"405\" src=\"https:\/\/abc-cloud.de\/attina\/f1-hilfe\/wp-content\/uploads\/2026\/02\/Erstellung-von-Proberechnungen-und-Rechnungen-06-00-1024x405.png\" alt=\"\" class=\"wp-image-3006\" srcset=\"https:\/\/abc-cloud.de\/attina\/f1-hilfe\/wp-content\/uploads\/2026\/02\/Erstellung-von-Proberechnungen-und-Rechnungen-06-00-1024x405.png 1024w, https:\/\/abc-cloud.de\/attina\/f1-hilfe\/wp-content\/uploads\/2026\/02\/Erstellung-von-Proberechnungen-und-Rechnungen-06-00-300x119.png 300w, https:\/\/abc-cloud.de\/attina\/f1-hilfe\/wp-content\/uploads\/2026\/02\/Erstellung-von-Proberechnungen-und-Rechnungen-06-00-768x304.png 768w, https:\/\/abc-cloud.de\/attina\/f1-hilfe\/wp-content\/uploads\/2026\/02\/Erstellung-von-Proberechnungen-und-Rechnungen-06-00-1536x607.png 1536w, https:\/\/abc-cloud.de\/attina\/f1-hilfe\/wp-content\/uploads\/2026\/02\/Erstellung-von-Proberechnungen-und-Rechnungen-06-00-1200x474.png 1200w, https:\/\/abc-cloud.de\/attina\/f1-hilfe\/wp-content\/uploads\/2026\/02\/Erstellung-von-Proberechnungen-und-Rechnungen-06-00.png 1917w\" sizes=\"auto, (max-width: 1024px) 100vw, 1024px\" \/><\/figure>\n\n\n\n<ul class=\"wp-block-list\">\n<li>Alternativ \u00fcber die Men\u00fcleiste w\u00e4hlen Sie <strong>Abl\u00e4ufe \u2192<\/strong> <strong>Rechnungsverwaltung<\/strong><\/li>\n<\/ul>\n\n\n\n<figure class=\"wp-block-image size-full\"><img loading=\"lazy\" decoding=\"async\" width=\"667\" height=\"772\" src=\"https:\/\/abc-cloud.de\/attina\/f1-hilfe\/wp-content\/uploads\/2026\/02\/Erstellung-von-Proberechnungen-und-Rechnungen-06-01.png\" alt=\"\" class=\"wp-image-3007\" srcset=\"https:\/\/abc-cloud.de\/attina\/f1-hilfe\/wp-content\/uploads\/2026\/02\/Erstellung-von-Proberechnungen-und-Rechnungen-06-01.png 667w, https:\/\/abc-cloud.de\/attina\/f1-hilfe\/wp-content\/uploads\/2026\/02\/Erstellung-von-Proberechnungen-und-Rechnungen-06-01-259x300.png 259w\" sizes=\"auto, (max-width: 667px) 100vw, 667px\" \/><\/figure>\n\n\n\n<p><strong>\u00c4ltere Proberechnungen aufrufen<\/strong><br>Offene oder \u00e4ltere Proberechnungen k\u00f6nnen \u00fcber <strong>Abl\u00e4ufe \u2192 Proberechnung<\/strong> ge\u00f6ffnet, gepr\u00fcft und bei Bedarf in endg\u00fcltige Rechnungen umgewandelt werden.<\/p>\n\n\n\n<figure class=\"wp-block-image size-full\"><img loading=\"lazy\" decoding=\"async\" width=\"553\" height=\"488\" src=\"https:\/\/abc-cloud.de\/attina\/f1-hilfe\/wp-content\/uploads\/2026\/02\/Erstellung-von-Proberechnungen-und-Rechnungen-07.png\" alt=\"\" class=\"wp-image-3008\" srcset=\"https:\/\/abc-cloud.de\/attina\/f1-hilfe\/wp-content\/uploads\/2026\/02\/Erstellung-von-Proberechnungen-und-Rechnungen-07.png 553w, https:\/\/abc-cloud.de\/attina\/f1-hilfe\/wp-content\/uploads\/2026\/02\/Erstellung-von-Proberechnungen-und-Rechnungen-07-300x265.png 300w\" sizes=\"auto, (max-width: 553px) 100vw, 553px\" \/><\/figure>\n\n\n\n<p><strong><u>Hinweis:<\/u><\/strong> Statt zwischen Datens\u00e4tzen zu wechseln, kann auch der Aktualisieren-Button verwendet werden, um die Anzeige in der Fakturierung zu aktualisieren.<\/p>\n\n\n\n<figure class=\"wp-block-image size-large\"><img loading=\"lazy\" decoding=\"async\" width=\"1024\" height=\"536\" src=\"https:\/\/abc-cloud.de\/attina\/f1-hilfe\/wp-content\/uploads\/2026\/02\/Erstellung-von-Proberechnungen-und-Rechnungen-08-1024x536.png\" alt=\"\" class=\"wp-image-3009\" srcset=\"https:\/\/abc-cloud.de\/attina\/f1-hilfe\/wp-content\/uploads\/2026\/02\/Erstellung-von-Proberechnungen-und-Rechnungen-08-1024x536.png 1024w, https:\/\/abc-cloud.de\/attina\/f1-hilfe\/wp-content\/uploads\/2026\/02\/Erstellung-von-Proberechnungen-und-Rechnungen-08-300x157.png 300w, https:\/\/abc-cloud.de\/attina\/f1-hilfe\/wp-content\/uploads\/2026\/02\/Erstellung-von-Proberechnungen-und-Rechnungen-08-768x402.png 768w, https:\/\/abc-cloud.de\/attina\/f1-hilfe\/wp-content\/uploads\/2026\/02\/Erstellung-von-Proberechnungen-und-Rechnungen-08-1200x628.png 1200w, https:\/\/abc-cloud.de\/attina\/f1-hilfe\/wp-content\/uploads\/2026\/02\/Erstellung-von-Proberechnungen-und-Rechnungen-08.png 1465w\" sizes=\"auto, (max-width: 1024px) 100vw, 1024px\" \/><\/figure>\n\n\n\n<p><strong>Direkt eine Rechnung erzeugen<\/strong><\/p>\n\n\n\n<p>In der Rechnungsvorbereitung kann mit dem Button <strong>\u201eRechnung erzeugen\u201c<\/strong> auch direkt eine<strong> Rechnung<\/strong> erstellt werden.<\/p>\n\n\n\n<p>Diese Rechnung kann \u00fcber die <strong>Rechnungsverwaltung<\/strong> \u00fcber das <strong>Druckersymbol<\/strong> ausgedruckt werden.<\/p>\n\n\n\n<figure class=\"wp-block-image size-large\"><img loading=\"lazy\" decoding=\"async\" width=\"1024\" height=\"368\" src=\"https:\/\/abc-cloud.de\/attina\/f1-hilfe\/wp-content\/uploads\/2026\/02\/Erstellung-von-Proberechnungen-und-Rechnungen-09-1024x368.png\" alt=\"\" class=\"wp-image-3010\" srcset=\"https:\/\/abc-cloud.de\/attina\/f1-hilfe\/wp-content\/uploads\/2026\/02\/Erstellung-von-Proberechnungen-und-Rechnungen-09-1024x368.png 1024w, https:\/\/abc-cloud.de\/attina\/f1-hilfe\/wp-content\/uploads\/2026\/02\/Erstellung-von-Proberechnungen-und-Rechnungen-09-300x108.png 300w, https:\/\/abc-cloud.de\/attina\/f1-hilfe\/wp-content\/uploads\/2026\/02\/Erstellung-von-Proberechnungen-und-Rechnungen-09-768x276.png 768w, https:\/\/abc-cloud.de\/attina\/f1-hilfe\/wp-content\/uploads\/2026\/02\/Erstellung-von-Proberechnungen-und-Rechnungen-09-1200x431.png 1200w, https:\/\/abc-cloud.de\/attina\/f1-hilfe\/wp-content\/uploads\/2026\/02\/Erstellung-von-Proberechnungen-und-Rechnungen-09.png 1510w\" sizes=\"auto, (max-width: 1024px) 100vw, 1024px\" \/><\/figure>\n\n\n\n<p><\/p>\n","protected":false},"excerpt":{"rendered":"<p>Rechnungsvorbereitung \u00f6ffnen Zur Erstellung von Proberechnungen oder Rechnungen \u00f6ffnen Sie die Rechnungsvorbereitung.Daf\u00fcr stehen Ihnen verschiedene Zugangswege zur Verf\u00fcgung: Wichtig: Man muss vorher einen Wochentag ausw\u00e4hlen, an dem LA-Typ: Auftrag vorhanden ist. Nur dann \u00f6ffnet sich die passende Rechnungsvorbereitung f\u00fcr den richtigen Mitarbeiter und den richtigen Kunden. Wird stattdessen z.B. LA-Typ: Wochenende ausgew\u00e4hlt, \u00f6ffnet sich zwar [&hellip;]<\/p>\n","protected":false},"author":3,"featured_media":0,"parent":0,"menu_order":0,"comment_status":"closed","ping_status":"closed","template":"","meta":{"footnotes":""},"class_list":["post-2993","page","type-page","status-publish","hentry"],"_links":{"self":[{"href":"https:\/\/abc-cloud.de\/attina\/f1-hilfe\/wp-json\/wp\/v2\/pages\/2993","targetHints":{"allow":["GET"]}}],"collection":[{"href":"https:\/\/abc-cloud.de\/attina\/f1-hilfe\/wp-json\/wp\/v2\/pages"}],"about":[{"href":"https:\/\/abc-cloud.de\/attina\/f1-hilfe\/wp-json\/wp\/v2\/types\/page"}],"author":[{"embeddable":true,"href":"https:\/\/abc-cloud.de\/attina\/f1-hilfe\/wp-json\/wp\/v2\/users\/3"}],"replies":[{"embeddable":true,"href":"https:\/\/abc-cloud.de\/attina\/f1-hilfe\/wp-json\/wp\/v2\/comments?post=2993"}],"version-history":[{"count":3,"href":"https:\/\/abc-cloud.de\/attina\/f1-hilfe\/wp-json\/wp\/v2\/pages\/2993\/revisions"}],"predecessor-version":[{"id":3013,"href":"https:\/\/abc-cloud.de\/attina\/f1-hilfe\/wp-json\/wp\/v2\/pages\/2993\/revisions\/3013"}],"wp:attachment":[{"href":"https:\/\/abc-cloud.de\/attina\/f1-hilfe\/wp-json\/wp\/v2\/media?parent=2993"}],"curies":[{"name":"wp","href":"https:\/\/api.w.org\/{rel}","templated":true}]}}