{"id":3033,"date":"2026-03-05T11:54:47","date_gmt":"2026-03-05T10:54:47","guid":{"rendered":"https:\/\/abc-cloud.de\/attina\/f1-hilfe\/?page_id=3033"},"modified":"2026-03-05T11:54:47","modified_gmt":"2026-03-05T10:54:47","slug":"anleitung-anzeige-der-gearbeiteten-stunden-ohne-urlaub-und-krank-in-der-fakturierung","status":"publish","type":"page","link":"https:\/\/abc-cloud.de\/attina\/f1-hilfe\/anleitung-anzeige-der-gearbeiteten-stunden-ohne-urlaub-und-krank-in-der-fakturierung\/","title":{"rendered":"Anleitung: Anzeige der gearbeiteten Stunden (ohne Urlaub und Krank) in der Fakturierung"},"content":{"rendered":"\n<p>In der Fakturierung besteht die M\u00f6glichkeit, sich <strong>nur die tats\u00e4chlich gearbeiteten Stunden<\/strong> anzeigen zu lassen \u2013 <strong>ohne<\/strong> Urlaubs oder Krankheitszeiten.<br>Im Folgenden wird beschrieben, wie Sie diese Ansicht einstellen k\u00f6nnen.<\/p>\n\n\n\n<p><br><strong>Bereich \u201eStunden\u201c in der Fakturierung<\/strong><br>Im Feld <strong>\u201eStunden\u201c<\/strong> werden <strong>alle erfassten Stunden zusammengefasst <\/strong>dargestellt. Dazu geh\u00f6ren auch Urlaubs- und Krankheitszeiten.<br>Falls diese Summierungen nicht sichtbar sind, kann der Bereich \u00fcber den Button <strong>\u201eZeigt\/Versteckt die Summierungen\u201c<\/strong> eingeblendet werden.<\/p>\n\n\n\n<figure class=\"wp-block-image size-full\"><img loading=\"lazy\" decoding=\"async\" width=\"1011\" height=\"352\" src=\"https:\/\/abc-cloud.de\/attina\/f1-hilfe\/wp-content\/uploads\/2026\/03\/Anleitung-Anzeige-der-gearbeiteten-Stunden-ohne-Urlaub-und-Krank-in-der-Fakturierung-01.png\" alt=\"\" class=\"wp-image-3034\" srcset=\"https:\/\/abc-cloud.de\/attina\/f1-hilfe\/wp-content\/uploads\/2026\/03\/Anleitung-Anzeige-der-gearbeiteten-Stunden-ohne-Urlaub-und-Krank-in-der-Fakturierung-01.png 1011w, https:\/\/abc-cloud.de\/attina\/f1-hilfe\/wp-content\/uploads\/2026\/03\/Anleitung-Anzeige-der-gearbeiteten-Stunden-ohne-Urlaub-und-Krank-in-der-Fakturierung-01-300x104.png 300w, https:\/\/abc-cloud.de\/attina\/f1-hilfe\/wp-content\/uploads\/2026\/03\/Anleitung-Anzeige-der-gearbeiteten-Stunden-ohne-Urlaub-und-Krank-in-der-Fakturierung-01-768x267.png 768w\" sizes=\"auto, (max-width: 1011px) 100vw, 1011px\" \/><\/figure>\n\n\n\n<p><strong>Bereich \u201eSumme nach LA Typ\u201c<\/strong><br>Neben dem allgemeinen Stundenfeld befindet sich der Bereich<strong> \u201eSumme nach LA Typ\u201c <\/strong>(Kennzeichnung 1. im Screenshot).<br>Hier kann eingestellt werden, <strong>welche Lohnarten<\/strong> in der Summenanzeige ber\u00fccksichtigt werden sollen.<\/p>\n\n\n\n<figure class=\"wp-block-image size-full\"><img loading=\"lazy\" decoding=\"async\" width=\"781\" height=\"757\" src=\"https:\/\/abc-cloud.de\/attina\/f1-hilfe\/wp-content\/uploads\/2026\/03\/Anleitung-Anzeige-der-gearbeiteten-Stunden-ohne-Urlaub-und-Krank-in-der-Fakturierung-02.png\" alt=\"\" class=\"wp-image-3035\" srcset=\"https:\/\/abc-cloud.de\/attina\/f1-hilfe\/wp-content\/uploads\/2026\/03\/Anleitung-Anzeige-der-gearbeiteten-Stunden-ohne-Urlaub-und-Krank-in-der-Fakturierung-02.png 781w, https:\/\/abc-cloud.de\/attina\/f1-hilfe\/wp-content\/uploads\/2026\/03\/Anleitung-Anzeige-der-gearbeiteten-Stunden-ohne-Urlaub-und-Krank-in-der-Fakturierung-02-300x291.png 300w, https:\/\/abc-cloud.de\/attina\/f1-hilfe\/wp-content\/uploads\/2026\/03\/Anleitung-Anzeige-der-gearbeiteten-Stunden-ohne-Urlaub-und-Krank-in-der-Fakturierung-02-768x744.png 768w\" sizes=\"auto, (max-width: 781px) 100vw, 781px\" \/><\/figure>\n\n\n\n<p>\u00dcber den <strong>Werkzeug Button<\/strong> (Kennzeichnung 2. im Screenshot) \u00f6ffnet sich das Men\u00fc zur Auswahl der darzustellenden Lohnarten.<\/p>\n\n\n\n<figure class=\"wp-block-image size-full\"><img loading=\"lazy\" decoding=\"async\" width=\"486\" height=\"535\" src=\"https:\/\/abc-cloud.de\/attina\/f1-hilfe\/wp-content\/uploads\/2026\/03\/Anleitung-Anzeige-der-gearbeiteten-Stunden-ohne-Urlaub-und-Krank-in-der-Fakturierung-03.png\" alt=\"\" class=\"wp-image-3036\" srcset=\"https:\/\/abc-cloud.de\/attina\/f1-hilfe\/wp-content\/uploads\/2026\/03\/Anleitung-Anzeige-der-gearbeiteten-Stunden-ohne-Urlaub-und-Krank-in-der-Fakturierung-03.png 486w, https:\/\/abc-cloud.de\/attina\/f1-hilfe\/wp-content\/uploads\/2026\/03\/Anleitung-Anzeige-der-gearbeiteten-Stunden-ohne-Urlaub-und-Krank-in-der-Fakturierung-03-273x300.png 273w\" sizes=\"auto, (max-width: 486px) 100vw, 486px\" \/><\/figure>\n\n\n\n<p><strong>Auswahl der anzuzeigenden Stunden<\/strong><br>Im ge\u00f6ffneten Fenster k\u00f6nnen Sie festlegen, <strong>welche Lohnarten ber\u00fccksichtigt<\/strong> werden sollen.<br>Die gew\u00fcnschten Lohnarten einfach anhaken und mit <strong>OK<\/strong> speichern.<\/p>\n\n\n\n<figure class=\"wp-block-image size-full\"><img loading=\"lazy\" decoding=\"async\" width=\"333\" height=\"256\" src=\"https:\/\/abc-cloud.de\/attina\/f1-hilfe\/wp-content\/uploads\/2026\/03\/Anleitung-Anzeige-der-gearbeiteten-Stunden-ohne-Urlaub-und-Krank-in-der-Fakturierung-04.png\" alt=\"\" class=\"wp-image-3037\" srcset=\"https:\/\/abc-cloud.de\/attina\/f1-hilfe\/wp-content\/uploads\/2026\/03\/Anleitung-Anzeige-der-gearbeiteten-Stunden-ohne-Urlaub-und-Krank-in-der-Fakturierung-04.png 333w, https:\/\/abc-cloud.de\/attina\/f1-hilfe\/wp-content\/uploads\/2026\/03\/Anleitung-Anzeige-der-gearbeiteten-Stunden-ohne-Urlaub-und-Krank-in-der-Fakturierung-04-300x231.png 300w\" sizes=\"auto, (max-width: 333px) 100vw, 333px\" \/><\/figure>\n\n\n\n<p><strong>Ergebnis<\/strong><br>Nach der Anpassung werden im Bereich <strong>\u201eSumme nach LA Typ\u201c<\/strong> nur die ausgew\u00e4hlten Stunden angezeigt \u2013 also <strong>beispielsweise ausschlie\u00dflich gearbeitete Stunden ohne Urlaub und Krank<\/strong>.<\/p>\n","protected":false},"excerpt":{"rendered":"<p>In der Fakturierung besteht die M\u00f6glichkeit, sich nur die tats\u00e4chlich gearbeiteten Stunden anzeigen zu lassen \u2013 ohne Urlaubs oder Krankheitszeiten.Im Folgenden wird beschrieben, wie Sie diese Ansicht einstellen k\u00f6nnen. Bereich \u201eStunden\u201c in der FakturierungIm Feld \u201eStunden\u201c werden alle erfassten Stunden zusammengefasst dargestellt. Dazu geh\u00f6ren auch Urlaubs- und Krankheitszeiten.Falls diese Summierungen nicht sichtbar sind, kann der [&hellip;]<\/p>\n","protected":false},"author":3,"featured_media":0,"parent":0,"menu_order":0,"comment_status":"closed","ping_status":"closed","template":"","meta":{"footnotes":""},"class_list":["post-3033","page","type-page","status-publish","hentry"],"_links":{"self":[{"href":"https:\/\/abc-cloud.de\/attina\/f1-hilfe\/wp-json\/wp\/v2\/pages\/3033","targetHints":{"allow":["GET"]}}],"collection":[{"href":"https:\/\/abc-cloud.de\/attina\/f1-hilfe\/wp-json\/wp\/v2\/pages"}],"about":[{"href":"https:\/\/abc-cloud.de\/attina\/f1-hilfe\/wp-json\/wp\/v2\/types\/page"}],"author":[{"embeddable":true,"href":"https:\/\/abc-cloud.de\/attina\/f1-hilfe\/wp-json\/wp\/v2\/users\/3"}],"replies":[{"embeddable":true,"href":"https:\/\/abc-cloud.de\/attina\/f1-hilfe\/wp-json\/wp\/v2\/comments?post=3033"}],"version-history":[{"count":1,"href":"https:\/\/abc-cloud.de\/attina\/f1-hilfe\/wp-json\/wp\/v2\/pages\/3033\/revisions"}],"predecessor-version":[{"id":3038,"href":"https:\/\/abc-cloud.de\/attina\/f1-hilfe\/wp-json\/wp\/v2\/pages\/3033\/revisions\/3038"}],"wp:attachment":[{"href":"https:\/\/abc-cloud.de\/attina\/f1-hilfe\/wp-json\/wp\/v2\/media?parent=3033"}],"curies":[{"name":"wp","href":"https:\/\/api.w.org\/{rel}","templated":true}]}}