{"id":427,"date":"2022-05-25T12:53:04","date_gmt":"2022-05-25T10:53:04","guid":{"rendered":"https:\/\/abc-cloud.de\/attina\/f1-hilfe\/?page_id=427"},"modified":"2025-04-14T08:53:09","modified_gmt":"2025-04-14T06:53:09","slug":"skineditor","status":"publish","type":"page","link":"https:\/\/abc-cloud.de\/attina\/f1-hilfe\/skineditor\/","title":{"rendered":"Skineditor"},"content":{"rendered":"\n<p>Sie haben die M\u00f6glichkeit, das Erscheinungsbild von Attina nach Wunsch zu \u00e4ndern. <\/p>\n\n\n\n<p>Folgen Sie dem Pfad: Datei &#8211; System &#8211; Skineditor<\/p>\n\n\n\n<figure class=\"wp-block-image size-full is-resized\"><img loading=\"lazy\" decoding=\"async\" width=\"645\" height=\"282\" src=\"https:\/\/abc-cloud.de\/attina\/f1-hilfe\/wp-content\/uploads\/2025\/04\/image-17.png\" alt=\"\" class=\"wp-image-2436\" style=\"width:473px;height:auto\" srcset=\"https:\/\/abc-cloud.de\/attina\/f1-hilfe\/wp-content\/uploads\/2025\/04\/image-17.png 645w, https:\/\/abc-cloud.de\/attina\/f1-hilfe\/wp-content\/uploads\/2025\/04\/image-17-300x131.png 300w\" sizes=\"auto, (max-width: 645px) 100vw, 645px\" \/><\/figure>\n\n\n\n<p>Im PopUp-Fenster k\u00f6nnen Sie zwischen vielen verschiedenen Skins w\u00e4hlen, je nach Laune, Jahreszeit, etc&#8230;<\/p>\n\n\n\n<figure class=\"wp-block-image size-full is-resized\"><img loading=\"lazy\" decoding=\"async\" width=\"313\" height=\"394\" src=\"https:\/\/abc-cloud.de\/attina\/f1-hilfe\/wp-content\/uploads\/2025\/04\/image-18.png\" alt=\"\" class=\"wp-image-2437\" style=\"width:278px;height:auto\" srcset=\"https:\/\/abc-cloud.de\/attina\/f1-hilfe\/wp-content\/uploads\/2025\/04\/image-18.png 313w, https:\/\/abc-cloud.de\/attina\/f1-hilfe\/wp-content\/uploads\/2025\/04\/image-18-238x300.png 238w\" sizes=\"auto, (max-width: 313px) 100vw, 313px\" \/><\/figure>\n\n\n\n<p><\/p>\n","protected":false},"excerpt":{"rendered":"<p>Sie haben die M\u00f6glichkeit, das Erscheinungsbild von Attina nach Wunsch zu \u00e4ndern. Folgen Sie dem Pfad: Datei &#8211; System &#8211; Skineditor Im PopUp-Fenster k\u00f6nnen Sie zwischen vielen verschiedenen Skins w\u00e4hlen, je nach Laune, Jahreszeit, etc&#8230;<\/p>\n","protected":false},"author":3,"featured_media":0,"parent":0,"menu_order":0,"comment_status":"closed","ping_status":"closed","template":"","meta":{"footnotes":""},"class_list":["post-427","page","type-page","status-publish","hentry"],"_links":{"self":[{"href":"https:\/\/abc-cloud.de\/attina\/f1-hilfe\/wp-json\/wp\/v2\/pages\/427","targetHints":{"allow":["GET"]}}],"collection":[{"href":"https:\/\/abc-cloud.de\/attina\/f1-hilfe\/wp-json\/wp\/v2\/pages"}],"about":[{"href":"https:\/\/abc-cloud.de\/attina\/f1-hilfe\/wp-json\/wp\/v2\/types\/page"}],"author":[{"embeddable":true,"href":"https:\/\/abc-cloud.de\/attina\/f1-hilfe\/wp-json\/wp\/v2\/users\/3"}],"replies":[{"embeddable":true,"href":"https:\/\/abc-cloud.de\/attina\/f1-hilfe\/wp-json\/wp\/v2\/comments?post=427"}],"version-history":[{"count":7,"href":"https:\/\/abc-cloud.de\/attina\/f1-hilfe\/wp-json\/wp\/v2\/pages\/427\/revisions"}],"predecessor-version":[{"id":2438,"href":"https:\/\/abc-cloud.de\/attina\/f1-hilfe\/wp-json\/wp\/v2\/pages\/427\/revisions\/2438"}],"wp:attachment":[{"href":"https:\/\/abc-cloud.de\/attina\/f1-hilfe\/wp-json\/wp\/v2\/media?parent=427"}],"curies":[{"name":"wp","href":"https:\/\/api.w.org\/{rel}","templated":true}]}}