{"id":447,"date":"2022-03-22T09:20:08","date_gmt":"2022-03-22T08:20:08","guid":{"rendered":"https:\/\/abc-cloud.de\/attina\/f1-hilfe\/?page_id=447"},"modified":"2022-09-28T13:22:18","modified_gmt":"2022-09-28T11:22:18","slug":"dokumenten-management-teil-1-von-4","status":"publish","type":"page","link":"https:\/\/abc-cloud.de\/attina\/f1-hilfe\/dokumenten-management-teil-1-von-4\/","title":{"rendered":"Dokumenten &#8211; Management Teil 1 von 4"},"content":{"rendered":"\n<p>Inhalt:<br><a href=\"#drag-and-drop\" data-type=\"internal\" data-id=\"#drag-and-drop\">Dateien per Drag and Drop hinzuf\u00fcgen<\/a><br><a href=\"#details-bearbeiten\" data-type=\"internal\" data-id=\"#details-bearbeiten\">Details bearbeiten<\/a><br><a href=\"#dateien-hinzuf\u00fcgen\">Dateien hinzuf\u00fcgen<\/a><br><a href=\"#datei-entfernen\">Datei entfernen<\/a><br><a href=\"#dateien-schneller-finden\" data-type=\"internal\" data-id=\"#dateien-schneller-finden\">Dateien schneller finden<\/a><br><a href=\"#spalten-sortieren\">Spalten sortieren<\/a><br><a href=\"#spalten-gruppieren\">Spalten gruppieren<\/a><\/p>\n\n\n\n<p id=\"drag-and-drop\"><div class=\"spoiler-wrap\">\n\t\t\t\t<div class=\"spoiler-head folded\">Dateien per Drag and Drop hinzuf\u00fcgen<\/div>\n\t\t\t\t<div class=\"spoiler-body\"><\/p>\n\n\n\n<h2 class=\"wp-block-heading\" id=\"drag-and-drop\">Dateien per Drag and Drop hinzuf\u00fcgen<\/h2>\n\n\n\n<p style=\"font-size:20px\"><strong>Wir zeigen hier, wie einzelne Dokumente in den Modulen Mitarbeiter und Kunden verwaltet werden.<\/strong><\/p>\n\n\n\n<figure class=\"wp-block-video w-50\"><video height=\"720\" style=\"aspect-ratio: 1280 \/ 720\" width=\"1280\" controls src=\"https:\/\/abc-cloud.de\/attina\/f1-hilfe\/wp-content\/uploads\/2022\/03\/Drag-and-Drop.mp4\"><\/video><\/figure>\n\n\n\n<p style=\"font-size:20px\">\u00d6ffnen Sie das Mitarbeiter Modul.<\/p>\n\n\n\n<p style=\"font-size:20px\">Rechts unten haben wir den Reiter Dateien, wo Dateien hinzugef\u00fcgt werden k\u00f6nnen.<\/p>\n\n\n\n<figure class=\"wp-block-image size-large is-resized\"><a href=\"https:\/\/abc-cloud.de\/attina\/f1-hilfe\/wp-content\/uploads\/2022\/03\/Bild-01-DMS-MA-Dateien.png\"><img loading=\"lazy\" decoding=\"async\" src=\"https:\/\/abc-cloud.de\/attina\/f1-hilfe\/wp-content\/uploads\/2022\/03\/Bild-01-DMS-MA-Dateien-1024x591.png\" alt=\"\" class=\"wp-image-449\" width=\"768\" height=\"443\" srcset=\"https:\/\/abc-cloud.de\/attina\/f1-hilfe\/wp-content\/uploads\/2022\/03\/Bild-01-DMS-MA-Dateien-1024x591.png 1024w, https:\/\/abc-cloud.de\/attina\/f1-hilfe\/wp-content\/uploads\/2022\/03\/Bild-01-DMS-MA-Dateien-300x173.png 300w, https:\/\/abc-cloud.de\/attina\/f1-hilfe\/wp-content\/uploads\/2022\/03\/Bild-01-DMS-MA-Dateien-768x444.png 768w, https:\/\/abc-cloud.de\/attina\/f1-hilfe\/wp-content\/uploads\/2022\/03\/Bild-01-DMS-MA-Dateien-1536x887.png 1536w, https:\/\/abc-cloud.de\/attina\/f1-hilfe\/wp-content\/uploads\/2022\/03\/Bild-01-DMS-MA-Dateien-1200x693.png 1200w, https:\/\/abc-cloud.de\/attina\/f1-hilfe\/wp-content\/uploads\/2022\/03\/Bild-01-DMS-MA-Dateien.png 1709w\" sizes=\"auto, (max-width: 768px) 100vw, 768px\" \/><\/a><\/figure>\n\n\n\n<p style=\"font-size:20px\">Das hei\u00dft, man kann Dateien entweder per Drag and Drop von einem Datei Ort zum anderen, mit gehaltener linker Maustaste, ziehen. Sobald man die Maustaste losl\u00e4sst, \u00f6ffnet sich das Kontex Men\u00fc.<\/p>\n\n\n\n<figure class=\"wp-block-image size-large is-resized\"><a href=\"https:\/\/abc-cloud.de\/attina\/f1-hilfe\/wp-content\/uploads\/2022\/03\/Bild-02-DMS-MA-Kontexmenue.png\"><img loading=\"lazy\" decoding=\"async\" src=\"https:\/\/abc-cloud.de\/attina\/f1-hilfe\/wp-content\/uploads\/2022\/03\/Bild-02-DMS-MA-Kontexmenue-1024x586.png\" alt=\"\" class=\"wp-image-451\" width=\"768\" height=\"440\" srcset=\"https:\/\/abc-cloud.de\/attina\/f1-hilfe\/wp-content\/uploads\/2022\/03\/Bild-02-DMS-MA-Kontexmenue-1024x586.png 1024w, https:\/\/abc-cloud.de\/attina\/f1-hilfe\/wp-content\/uploads\/2022\/03\/Bild-02-DMS-MA-Kontexmenue-300x172.png 300w, https:\/\/abc-cloud.de\/attina\/f1-hilfe\/wp-content\/uploads\/2022\/03\/Bild-02-DMS-MA-Kontexmenue-768x440.png 768w, https:\/\/abc-cloud.de\/attina\/f1-hilfe\/wp-content\/uploads\/2022\/03\/Bild-02-DMS-MA-Kontexmenue-1536x880.png 1536w, https:\/\/abc-cloud.de\/attina\/f1-hilfe\/wp-content\/uploads\/2022\/03\/Bild-02-DMS-MA-Kontexmenue-1200x687.png 1200w, https:\/\/abc-cloud.de\/attina\/f1-hilfe\/wp-content\/uploads\/2022\/03\/Bild-02-DMS-MA-Kontexmenue.png 1561w\" sizes=\"auto, (max-width: 768px) 100vw, 768px\" \/><\/a><\/figure>\n\n\n\n<p style=\"font-size:20px\">In der oberen Zeile sehen sie Optionen, Datei, Zuordnung, Verkn\u00fcpfung, Gruppe, Datei l\u00f6schen und Info.<\/p>\n\n\n\n<p style=\"font-size:20px\">Unter Zuordnung steht Person, das hei\u00dft, die Datei wird beim Mitarbeiter abgelegt.<\/p>\n\n\n\n<p style=\"font-size:20px\">Unter Verkn\u00fcpfung steht, bei welchem Mitarbeiter die Datei abgelegt wird.<\/p>\n\n\n\n<p style=\"font-size:20px\">Die Gruppe steht standardm\u00e4\u00dfig immer erstmal auf \u201eungruppiert\u201c.<\/p>\n\n\n\n<p style=\"font-size:20px\">Wenn sie Dateigruppen haben (z. B. Bewerbungsunterlagen, Vertr\u00e4ge, eingehende Dokumente, oder ausgehende Dokumente) dann k\u00f6nnen sie die Dokumente den einzelnen Gruppen zuordnen, indem sie in die Dokumentenzeile unter Gruppe klicken.<\/p>\n\n\n\n<figure class=\"wp-block-image size-large is-resized\"><a href=\"https:\/\/abc-cloud.de\/attina\/f1-hilfe\/wp-content\/uploads\/2022\/03\/Bild-03-DMS-MA-Dateien-hinzufuegen-Kontexmenue-drei-Punkte.png\"><img loading=\"lazy\" decoding=\"async\" src=\"https:\/\/abc-cloud.de\/attina\/f1-hilfe\/wp-content\/uploads\/2022\/03\/Bild-03-DMS-MA-Dateien-hinzufuegen-Kontexmenue-drei-Punkte-1024x460.png\" alt=\"\" class=\"wp-image-452\" width=\"768\" height=\"345\" srcset=\"https:\/\/abc-cloud.de\/attina\/f1-hilfe\/wp-content\/uploads\/2022\/03\/Bild-03-DMS-MA-Dateien-hinzufuegen-Kontexmenue-drei-Punkte-1024x460.png 1024w, https:\/\/abc-cloud.de\/attina\/f1-hilfe\/wp-content\/uploads\/2022\/03\/Bild-03-DMS-MA-Dateien-hinzufuegen-Kontexmenue-drei-Punkte-300x135.png 300w, https:\/\/abc-cloud.de\/attina\/f1-hilfe\/wp-content\/uploads\/2022\/03\/Bild-03-DMS-MA-Dateien-hinzufuegen-Kontexmenue-drei-Punkte-768x345.png 768w, https:\/\/abc-cloud.de\/attina\/f1-hilfe\/wp-content\/uploads\/2022\/03\/Bild-03-DMS-MA-Dateien-hinzufuegen-Kontexmenue-drei-Punkte-1200x539.png 1200w, https:\/\/abc-cloud.de\/attina\/f1-hilfe\/wp-content\/uploads\/2022\/03\/Bild-03-DMS-MA-Dateien-hinzufuegen-Kontexmenue-drei-Punkte.png 1348w\" sizes=\"auto, (max-width: 768px) 100vw, 768px\" \/><\/a><\/figure>\n\n\n\n<p style=\"font-size:20px\">Dann werden rechts im Feld 3 Punkte sichtbar.<\/p>\n\n\n\n<p style=\"font-size:20px\">Klicken sie da drauf,<\/p>\n\n\n\n<figure class=\"wp-block-image size-large is-resized\"><a href=\"https:\/\/abc-cloud.de\/attina\/f1-hilfe\/wp-content\/uploads\/2022\/03\/Bild-04-DMS-MA-Dateien-hinzufuegen-Kontexmenue-drei-Punkte-Gruppe.png\"><img loading=\"lazy\" decoding=\"async\" src=\"https:\/\/abc-cloud.de\/attina\/f1-hilfe\/wp-content\/uploads\/2022\/03\/Bild-04-DMS-MA-Dateien-hinzufuegen-Kontexmenue-drei-Punkte-Gruppe-1024x446.png\" alt=\"\" class=\"wp-image-453\" width=\"768\" height=\"335\" srcset=\"https:\/\/abc-cloud.de\/attina\/f1-hilfe\/wp-content\/uploads\/2022\/03\/Bild-04-DMS-MA-Dateien-hinzufuegen-Kontexmenue-drei-Punkte-Gruppe-1024x446.png 1024w, https:\/\/abc-cloud.de\/attina\/f1-hilfe\/wp-content\/uploads\/2022\/03\/Bild-04-DMS-MA-Dateien-hinzufuegen-Kontexmenue-drei-Punkte-Gruppe-300x131.png 300w, https:\/\/abc-cloud.de\/attina\/f1-hilfe\/wp-content\/uploads\/2022\/03\/Bild-04-DMS-MA-Dateien-hinzufuegen-Kontexmenue-drei-Punkte-Gruppe-768x335.png 768w, https:\/\/abc-cloud.de\/attina\/f1-hilfe\/wp-content\/uploads\/2022\/03\/Bild-04-DMS-MA-Dateien-hinzufuegen-Kontexmenue-drei-Punkte-Gruppe-1200x523.png 1200w, https:\/\/abc-cloud.de\/attina\/f1-hilfe\/wp-content\/uploads\/2022\/03\/Bild-04-DMS-MA-Dateien-hinzufuegen-Kontexmenue-drei-Punkte-Gruppe.png 1326w\" sizes=\"auto, (max-width: 768px) 100vw, 768px\" \/><\/a><\/figure>\n\n\n\n<p style=\"font-size:20px\">\u00f6ffnet sich ein neues Fenster mit den aufgelisteten Gruppen, die individuell hinterlegt werden k\u00f6nnen.<\/p>\n\n\n\n<p style=\"font-size:20px\">W\u00e4hlen Sie die passende Gruppe f\u00fcr das Dokument mit einem Klick darauf und best\u00e4tigen sie mit \u201eOK\u201c.<\/p>\n\n\n\n<p style=\"font-size:20px\">Unter Info haben sie die M\u00f6glichkeit eine Information oder ein Datum einzugeben.<\/p>\n\n\n\n<figure class=\"wp-block-image size-large is-resized\"><a href=\"https:\/\/abc-cloud.de\/attina\/f1-hilfe\/wp-content\/uploads\/2022\/03\/Bild-05-DMS-MA-Dateien-hinzufuegen-Info.png\"><img loading=\"lazy\" decoding=\"async\" src=\"https:\/\/abc-cloud.de\/attina\/f1-hilfe\/wp-content\/uploads\/2022\/03\/Bild-05-DMS-MA-Dateien-hinzufuegen-Info-1024x433.png\" alt=\"\" class=\"wp-image-454\" width=\"768\" height=\"325\" srcset=\"https:\/\/abc-cloud.de\/attina\/f1-hilfe\/wp-content\/uploads\/2022\/03\/Bild-05-DMS-MA-Dateien-hinzufuegen-Info-1024x433.png 1024w, https:\/\/abc-cloud.de\/attina\/f1-hilfe\/wp-content\/uploads\/2022\/03\/Bild-05-DMS-MA-Dateien-hinzufuegen-Info-300x127.png 300w, https:\/\/abc-cloud.de\/attina\/f1-hilfe\/wp-content\/uploads\/2022\/03\/Bild-05-DMS-MA-Dateien-hinzufuegen-Info-768x325.png 768w, https:\/\/abc-cloud.de\/attina\/f1-hilfe\/wp-content\/uploads\/2022\/03\/Bild-05-DMS-MA-Dateien-hinzufuegen-Info-1200x507.png 1200w, https:\/\/abc-cloud.de\/attina\/f1-hilfe\/wp-content\/uploads\/2022\/03\/Bild-05-DMS-MA-Dateien-hinzufuegen-Info.png 1356w\" sizes=\"auto, (max-width: 768px) 100vw, 768px\" \/><\/a><\/figure>\n\n\n\n<p style=\"font-size:20px\">Wenn sie alle Angaben vorgenommen haben, best\u00e4tigen sie auch hier mit \u201eOK\u201c und die gew\u00fcnschte Datei ist beim Mitarbeiter hinterlegt.<\/p>\n\n\n\n<p><\/div>\n\t\t\t<\/div><\/p>\n\n\n\n<p id=\"details-bearbeiten\"><div class=\"spoiler-wrap\">\n\t\t\t\t<div class=\"spoiler-head folded\">Details bearbeiten<\/div>\n\t\t\t\t<div class=\"spoiler-body\"><\/p>\n\n\n\n<h2 class=\"wp-block-heading\" id=\"details-bearbeiten\">Details bearbeiten<\/h2>\n\n\n\n<figure class=\"wp-block-video w-50\"><video height=\"720\" style=\"aspect-ratio: 1280 \/ 720\" width=\"1280\" controls src=\"https:\/\/abc-cloud.de\/attina\/f1-hilfe\/wp-content\/uploads\/2022\/03\/Details-bearbeiten.mp4\"><\/video><\/figure>\n\n\n\n<p style=\"font-size:20px\"><strong>Zum Nachbearbeiten<\/strong> einfach einen Rechtsklick in die Dokumentenzeile und auf \u201eDetails bearbeiten\u201c.<\/p>\n\n\n\n<figure class=\"wp-block-image size-full is-resized\"><a href=\"https:\/\/abc-cloud.de\/attina\/f1-hilfe\/wp-content\/uploads\/2022\/03\/Bild-06-DMS-MA-bearbeiten.png\"><img loading=\"lazy\" decoding=\"async\" src=\"https:\/\/abc-cloud.de\/attina\/f1-hilfe\/wp-content\/uploads\/2022\/03\/Bild-06-DMS-MA-bearbeiten.png\" alt=\"\" class=\"wp-image-456\" width=\"395\" height=\"350\" srcset=\"https:\/\/abc-cloud.de\/attina\/f1-hilfe\/wp-content\/uploads\/2022\/03\/Bild-06-DMS-MA-bearbeiten.png 527w, https:\/\/abc-cloud.de\/attina\/f1-hilfe\/wp-content\/uploads\/2022\/03\/Bild-06-DMS-MA-bearbeiten-300x265.png 300w\" sizes=\"auto, (max-width: 395px) 100vw, 395px\" \/><\/a><\/figure>\n\n\n\n<p style=\"font-size:20px\">Falls sie die Datei im falschen Mitarbeiter abgelegt haben, oder sie m\u00f6chten die Gruppe \u00e4ndern oder die Zuordnung z.B. von Person in Firma, wenn das Dokument dem Kunden und nicht dem Mitarbeiter zugeordnet werden soll, dann ist eine Nachbearbeitung hier m\u00f6glich.<\/p>\n\n\n\n<figure class=\"wp-block-image size-full is-resized\"><a href=\"https:\/\/abc-cloud.de\/attina\/f1-hilfe\/wp-content\/uploads\/2022\/03\/Bild-07-DMS-MA-Details-bearbeiten.png\"><img loading=\"lazy\" decoding=\"async\" src=\"https:\/\/abc-cloud.de\/attina\/f1-hilfe\/wp-content\/uploads\/2022\/03\/Bild-07-DMS-MA-Details-bearbeiten.png\" alt=\"\" class=\"wp-image-457\" width=\"701\" height=\"349\" srcset=\"https:\/\/abc-cloud.de\/attina\/f1-hilfe\/wp-content\/uploads\/2022\/03\/Bild-07-DMS-MA-Details-bearbeiten.png 934w, https:\/\/abc-cloud.de\/attina\/f1-hilfe\/wp-content\/uploads\/2022\/03\/Bild-07-DMS-MA-Details-bearbeiten-300x149.png 300w, https:\/\/abc-cloud.de\/attina\/f1-hilfe\/wp-content\/uploads\/2022\/03\/Bild-07-DMS-MA-Details-bearbeiten-768x382.png 768w\" sizes=\"auto, (max-width: 701px) 100vw, 701px\" \/><\/a><\/figure>\n\n\n\n<p style=\"font-size:20px\">Anschlie\u00dfend die \u00c4nderungen wieder mit \u201eOK\u201c best\u00e4tigen.<\/p>\n\n\n\n<p><\/div>\n\t\t\t<\/div><\/p>\n\n\n\n<p id=\"dateien-hinzuf\u00fcgen\"><div class=\"spoiler-wrap\">\n\t\t\t\t<div class=\"spoiler-head folded\">Dateien hinzuf\u00fcgen<\/div>\n\t\t\t\t<div class=\"spoiler-body\"><\/p>\n\n\n\n<h2 class=\"wp-block-heading\" id=\"dateien-hinzuf\u00fcgen\">Dateien hinzuf\u00fcgen<\/h2>\n\n\n\n<figure class=\"wp-block-video w-50\"><video height=\"720\" style=\"aspect-ratio: 1280 \/ 720\" width=\"1280\" controls src=\"https:\/\/abc-cloud.de\/attina\/f1-hilfe\/wp-content\/uploads\/2022\/03\/Dateien-hinzufuegen.mp4\"><\/video><\/figure>\n\n\n\n<p style=\"font-size:20px\">Eine andere M\u00f6glichkeit, Dateien zu hinterlegen besteht, indem sie einen Rechtsklick in die Dokumentenzeile und auf \u201eDatei(en) hinzuf\u00fcgen\u201c machen.<\/p>\n\n\n\n<figure class=\"wp-block-image size-full is-resized\"><a href=\"https:\/\/abc-cloud.de\/attina\/f1-hilfe\/wp-content\/uploads\/2022\/03\/Bild-08-DMS-MA-Dateien-hinzufuegen.png\"><img loading=\"lazy\" decoding=\"async\" src=\"https:\/\/abc-cloud.de\/attina\/f1-hilfe\/wp-content\/uploads\/2022\/03\/Bild-08-DMS-MA-Dateien-hinzufuegen.png\" alt=\"\" class=\"wp-image-458\" width=\"362\" height=\"360\" srcset=\"https:\/\/abc-cloud.de\/attina\/f1-hilfe\/wp-content\/uploads\/2022\/03\/Bild-08-DMS-MA-Dateien-hinzufuegen.png 483w, https:\/\/abc-cloud.de\/attina\/f1-hilfe\/wp-content\/uploads\/2022\/03\/Bild-08-DMS-MA-Dateien-hinzufuegen-300x298.png 300w, https:\/\/abc-cloud.de\/attina\/f1-hilfe\/wp-content\/uploads\/2022\/03\/Bild-08-DMS-MA-Dateien-hinzufuegen-150x150.png 150w\" sizes=\"auto, (max-width: 362px) 100vw, 362px\" \/><\/a><\/figure>\n\n\n\n<p style=\"font-size:20px\">Es \u00f6ffnet sich ebenfalls das Kontex Men\u00fc.<\/p>\n\n\n\n<figure class=\"wp-block-image size-large is-resized\"><a href=\"https:\/\/abc-cloud.de\/attina\/f1-hilfe\/wp-content\/uploads\/2022\/03\/Bild-09-DMS-MA-Dateien-hinzufuegen-Kontexmenue.png\"><img loading=\"lazy\" decoding=\"async\" src=\"https:\/\/abc-cloud.de\/attina\/f1-hilfe\/wp-content\/uploads\/2022\/03\/Bild-09-DMS-MA-Dateien-hinzufuegen-Kontexmenue-1024x452.png\" alt=\"\" class=\"wp-image-459\" width=\"768\" height=\"339\" srcset=\"https:\/\/abc-cloud.de\/attina\/f1-hilfe\/wp-content\/uploads\/2022\/03\/Bild-09-DMS-MA-Dateien-hinzufuegen-Kontexmenue-1024x452.png 1024w, https:\/\/abc-cloud.de\/attina\/f1-hilfe\/wp-content\/uploads\/2022\/03\/Bild-09-DMS-MA-Dateien-hinzufuegen-Kontexmenue-300x132.png 300w, https:\/\/abc-cloud.de\/attina\/f1-hilfe\/wp-content\/uploads\/2022\/03\/Bild-09-DMS-MA-Dateien-hinzufuegen-Kontexmenue-768x339.png 768w, https:\/\/abc-cloud.de\/attina\/f1-hilfe\/wp-content\/uploads\/2022\/03\/Bild-09-DMS-MA-Dateien-hinzufuegen-Kontexmenue-1200x529.png 1200w, https:\/\/abc-cloud.de\/attina\/f1-hilfe\/wp-content\/uploads\/2022\/03\/Bild-09-DMS-MA-Dateien-hinzufuegen-Kontexmenue.png 1322w\" sizes=\"auto, (max-width: 768px) 100vw, 768px\" \/><\/a><\/figure>\n\n\n\n<p style=\"font-size:20px\">Unten links im ge\u00f6ffneten Fenster, finden sie unter \u201eDateien hinzuf\u00fcgen\u201c alle Ordner auf ihrem Computer und sie k\u00f6nnen eine Datei ausw\u00e4hlen und entweder per Doppelklick oder mit einem Klick und \u201e\u00f6ffnen\u201c das Dokument im Dokumentenmanager hinterlegen.<\/p>\n\n\n\n<p><\/div>\n\t\t\t<\/div><\/p>\n\n\n\n<p id=\"datei-entfernen\"><div class=\"spoiler-wrap\">\n\t\t\t\t<div class=\"spoiler-head folded\">Datei entfernen<\/div>\n\t\t\t\t<div class=\"spoiler-body\"><\/p>\n\n\n\n<h2 class=\"wp-block-heading\" id=\"datei-entfernen\">Datei entfernen<\/h2>\n\n\n\n<figure class=\"wp-block-video w-50\"><video height=\"720\" style=\"aspect-ratio: 1280 \/ 720\" width=\"1280\" controls src=\"https:\/\/abc-cloud.de\/attina\/f1-hilfe\/wp-content\/uploads\/2022\/03\/Datei-entfernen.mp4\"><\/video><\/figure>\n\n\n\n<p style=\"font-size:20px\">Falsch hinzugef\u00fcgte Dateien ganz einfach mit dem roten X links unter Optionen wieder entfernen und mit \u201eJa\u201c best\u00e4tigen.<\/p>\n\n\n\n<figure class=\"wp-block-image size-large is-resized\"><a href=\"https:\/\/abc-cloud.de\/attina\/f1-hilfe\/wp-content\/uploads\/2022\/03\/Bild-10-DMS-MA-falsche-Dateien-entfernen.png\"><img loading=\"lazy\" decoding=\"async\" src=\"https:\/\/abc-cloud.de\/attina\/f1-hilfe\/wp-content\/uploads\/2022\/03\/Bild-10-DMS-MA-falsche-Dateien-entfernen-1024x458.png\" alt=\"\" class=\"wp-image-460\" width=\"768\" height=\"344\" srcset=\"https:\/\/abc-cloud.de\/attina\/f1-hilfe\/wp-content\/uploads\/2022\/03\/Bild-10-DMS-MA-falsche-Dateien-entfernen-1024x458.png 1024w, https:\/\/abc-cloud.de\/attina\/f1-hilfe\/wp-content\/uploads\/2022\/03\/Bild-10-DMS-MA-falsche-Dateien-entfernen-300x134.png 300w, https:\/\/abc-cloud.de\/attina\/f1-hilfe\/wp-content\/uploads\/2022\/03\/Bild-10-DMS-MA-falsche-Dateien-entfernen-768x343.png 768w, https:\/\/abc-cloud.de\/attina\/f1-hilfe\/wp-content\/uploads\/2022\/03\/Bild-10-DMS-MA-falsche-Dateien-entfernen-1200x536.png 1200w, https:\/\/abc-cloud.de\/attina\/f1-hilfe\/wp-content\/uploads\/2022\/03\/Bild-10-DMS-MA-falsche-Dateien-entfernen.png 1340w\" sizes=\"auto, (max-width: 768px) 100vw, 768px\" \/><\/a><\/figure>\n\n\n\n<p><\/div>\n\t\t\t<\/div><\/p>\n\n\n\n<p id=\"dateien-schneller-finden\"><div class=\"spoiler-wrap\">\n\t\t\t\t<div class=\"spoiler-head folded\">Dateien schneller finden<\/div>\n\t\t\t\t<div class=\"spoiler-body\"><\/p>\n\n\n\n<h2 class=\"wp-block-heading\" id=\"dateien-schneller-finden\">Dateien schneller finden<\/h2>\n\n\n\n<figure class=\"wp-block-video w-50\"><video height=\"720\" style=\"aspect-ratio: 1280 \/ 720\" width=\"1280\" controls src=\"https:\/\/abc-cloud.de\/attina\/f1-hilfe\/wp-content\/uploads\/2022\/03\/Dateien-schneller-finden.mp4\"><\/video><\/figure>\n\n\n\n<p style=\"font-size:20px\">Um einzelne Dateien schneller zu finden, kann man \u00fcber die Vorsuche nach den Dateinamen suchen. Daf\u00fcr schreibt man den Namen der gesuchten Datei in die Zeile unter dem Dateinamen. Automatisch wird nur das angezeigt, was mit dem eingegebenen Namen \u00fcbereinstimmt.<\/p>\n\n\n\n<figure class=\"wp-block-image size-large is-resized\"><a href=\"https:\/\/abc-cloud.de\/attina\/f1-hilfe\/wp-content\/uploads\/2022\/03\/Bild-11-DMS-MA-Vorsuche.png\"><img loading=\"lazy\" decoding=\"async\" src=\"https:\/\/abc-cloud.de\/attina\/f1-hilfe\/wp-content\/uploads\/2022\/03\/Bild-11-DMS-MA-Vorsuche-1024x319.png\" alt=\"\" class=\"wp-image-462\" width=\"768\" height=\"239\" srcset=\"https:\/\/abc-cloud.de\/attina\/f1-hilfe\/wp-content\/uploads\/2022\/03\/Bild-11-DMS-MA-Vorsuche-1024x319.png 1024w, https:\/\/abc-cloud.de\/attina\/f1-hilfe\/wp-content\/uploads\/2022\/03\/Bild-11-DMS-MA-Vorsuche-300x94.png 300w, https:\/\/abc-cloud.de\/attina\/f1-hilfe\/wp-content\/uploads\/2022\/03\/Bild-11-DMS-MA-Vorsuche-768x240.png 768w, https:\/\/abc-cloud.de\/attina\/f1-hilfe\/wp-content\/uploads\/2022\/03\/Bild-11-DMS-MA-Vorsuche.png 1109w\" sizes=\"auto, (max-width: 768px) 100vw, 768px\" \/><\/a><\/figure>\n\n\n\n<p><\/div>\n\t\t\t<\/div><\/p>\n\n\n\n<p id=\"spalten-sortieren\"><div class=\"spoiler-wrap\">\n\t\t\t\t<div class=\"spoiler-head folded\">Spalten sortieren<\/div>\n\t\t\t\t<div class=\"spoiler-body\"><\/p>\n\n\n\n<h2 class=\"wp-block-heading\" id=\"spalten-sortieren\">Spalten sortieren<\/h2>\n\n\n\n<figure class=\"wp-block-video w-50\"><video height=\"720\" style=\"aspect-ratio: 1280 \/ 720\" width=\"1280\" controls src=\"https:\/\/abc-cloud.de\/attina\/f1-hilfe\/wp-content\/uploads\/2022\/03\/Spalten-sortieren.mp4\"><\/video><\/figure>\n\n\n\n<p style=\"font-size:20px\">Auch das Reinklicken in die einzelnen Spaltenk\u00f6pfe hilft beim Suchen, denn dadurch wird alles unter der Spalte alphabetisch nach Anfangsbuchstaben sortiert oder nach Datum \/ Uhrzeit.<\/p>\n\n\n\n<figure class=\"wp-block-image size-large is-resized\"><a href=\"https:\/\/abc-cloud.de\/attina\/f1-hilfe\/wp-content\/uploads\/2022\/03\/Bild-12-DMS-MA-Dateien-sortieren.png\"><img loading=\"lazy\" decoding=\"async\" src=\"https:\/\/abc-cloud.de\/attina\/f1-hilfe\/wp-content\/uploads\/2022\/03\/Bild-12-DMS-MA-Dateien-sortieren-1024x322.png\" alt=\"\" class=\"wp-image-463\" width=\"768\" height=\"242\" srcset=\"https:\/\/abc-cloud.de\/attina\/f1-hilfe\/wp-content\/uploads\/2022\/03\/Bild-12-DMS-MA-Dateien-sortieren-1024x322.png 1024w, https:\/\/abc-cloud.de\/attina\/f1-hilfe\/wp-content\/uploads\/2022\/03\/Bild-12-DMS-MA-Dateien-sortieren-300x94.png 300w, https:\/\/abc-cloud.de\/attina\/f1-hilfe\/wp-content\/uploads\/2022\/03\/Bild-12-DMS-MA-Dateien-sortieren-768x241.png 768w, https:\/\/abc-cloud.de\/attina\/f1-hilfe\/wp-content\/uploads\/2022\/03\/Bild-12-DMS-MA-Dateien-sortieren.png 1181w\" sizes=\"auto, (max-width: 768px) 100vw, 768px\" \/><\/a><\/figure>\n\n\n\n<p><\/div>\n\t\t\t<\/div><\/p>\n\n\n\n<p id=\"spalten-gruppieren\"><div class=\"spoiler-wrap\">\n\t\t\t\t<div class=\"spoiler-head folded\">Spalten gruppieren<\/div>\n\t\t\t\t<div class=\"spoiler-body\"><\/p>\n\n\n\n<h2 class=\"wp-block-heading\" id=\"spalten-gruppieren\">Spalten gruppieren<\/h2>\n\n\n\n<figure class=\"wp-block-video w-50\"><video height=\"720\" style=\"aspect-ratio: 1280 \/ 720\" width=\"1280\" controls src=\"https:\/\/abc-cloud.de\/attina\/f1-hilfe\/wp-content\/uploads\/2022\/03\/Spalten-gruppieren.mp4\"><\/video><\/figure>\n\n\n\n<p style=\"font-size:20px\">Man kann sogar nach den einzelnen Spalten gruppieren.<\/p>\n\n\n\n<p style=\"font-size:20px\">Einfach die gew\u00fcnschte Spalte, mit gehaltener linker Maustaste, in die oberste Zeile ziehen.<\/p>\n\n\n\n<figure class=\"wp-block-image size-large is-resized\"><a href=\"https:\/\/abc-cloud.de\/attina\/f1-hilfe\/wp-content\/uploads\/2022\/03\/Bild-13-DMS-MA-ziehen.png\"><img loading=\"lazy\" decoding=\"async\" src=\"https:\/\/abc-cloud.de\/attina\/f1-hilfe\/wp-content\/uploads\/2022\/03\/Bild-13-DMS-MA-ziehen-1024x357.png\" alt=\"\" class=\"wp-image-464\" width=\"768\" height=\"268\" srcset=\"https:\/\/abc-cloud.de\/attina\/f1-hilfe\/wp-content\/uploads\/2022\/03\/Bild-13-DMS-MA-ziehen-1024x357.png 1024w, https:\/\/abc-cloud.de\/attina\/f1-hilfe\/wp-content\/uploads\/2022\/03\/Bild-13-DMS-MA-ziehen-300x105.png 300w, https:\/\/abc-cloud.de\/attina\/f1-hilfe\/wp-content\/uploads\/2022\/03\/Bild-13-DMS-MA-ziehen-768x268.png 768w, https:\/\/abc-cloud.de\/attina\/f1-hilfe\/wp-content\/uploads\/2022\/03\/Bild-13-DMS-MA-ziehen.png 1154w\" sizes=\"auto, (max-width: 768px) 100vw, 768px\" \/><\/a><\/figure>\n\n\n\n<p style=\"font-size:20px\">In der obersten Zeile steht: <em>Ziehen Sie eine Spalten\u00fcberschrift hierher, um nach dieser Spalte zu gruppieren.<\/em><\/p>\n\n\n\n<p style=\"font-size:20px\">Die erste Ansicht zeigt die einzelnen \u00dcbergruppen.<\/p>\n\n\n\n<figure class=\"wp-block-image size-full is-resized\"><a href=\"https:\/\/abc-cloud.de\/attina\/f1-hilfe\/wp-content\/uploads\/2022\/03\/Bild-14-DMS-MA-ziehen-Ansicht-1.png\"><img loading=\"lazy\" decoding=\"async\" src=\"https:\/\/abc-cloud.de\/attina\/f1-hilfe\/wp-content\/uploads\/2022\/03\/Bild-14-DMS-MA-ziehen-Ansicht-1.png\" alt=\"\" class=\"wp-image-466\" width=\"669\" height=\"181\" srcset=\"https:\/\/abc-cloud.de\/attina\/f1-hilfe\/wp-content\/uploads\/2022\/03\/Bild-14-DMS-MA-ziehen-Ansicht-1.png 892w, https:\/\/abc-cloud.de\/attina\/f1-hilfe\/wp-content\/uploads\/2022\/03\/Bild-14-DMS-MA-ziehen-Ansicht-1-300x81.png 300w, https:\/\/abc-cloud.de\/attina\/f1-hilfe\/wp-content\/uploads\/2022\/03\/Bild-14-DMS-MA-ziehen-Ansicht-1-768x207.png 768w\" sizes=\"auto, (max-width: 669px) 100vw, 669px\" \/><\/a><\/figure>\n\n\n\n<p style=\"font-size:20px\">Mit einem Klick auf die Pfeile ganz links, werden die einzelnen Untergruppen aufgelistet.<\/p>\n\n\n\n<figure class=\"wp-block-image size-full is-resized\"><a href=\"https:\/\/abc-cloud.de\/attina\/f1-hilfe\/wp-content\/uploads\/2022\/03\/Bild-15-DMS-MA-ziehen-Ansicht-2.png\"><img loading=\"lazy\" decoding=\"async\" src=\"https:\/\/abc-cloud.de\/attina\/f1-hilfe\/wp-content\/uploads\/2022\/03\/Bild-15-DMS-MA-ziehen-Ansicht-2.png\" alt=\"\" class=\"wp-image-467\" width=\"755\" height=\"221\" srcset=\"https:\/\/abc-cloud.de\/attina\/f1-hilfe\/wp-content\/uploads\/2022\/03\/Bild-15-DMS-MA-ziehen-Ansicht-2.png 1007w, https:\/\/abc-cloud.de\/attina\/f1-hilfe\/wp-content\/uploads\/2022\/03\/Bild-15-DMS-MA-ziehen-Ansicht-2-300x88.png 300w, https:\/\/abc-cloud.de\/attina\/f1-hilfe\/wp-content\/uploads\/2022\/03\/Bild-15-DMS-MA-ziehen-Ansicht-2-768x225.png 768w\" sizes=\"auto, (max-width: 755px) 100vw, 755px\" \/><\/a><\/figure>\n\n\n\n<p style=\"font-size:20px\">R\u00fcckg\u00e4ngig macht man diese Ansicht, indem man die Spalte wieder mit gehaltener, linker Maustaste in die Spalten\u00fcberschrift zur\u00fcckzieht.<\/p>\n\n\n\n<figure class=\"wp-block-image size-full is-resized\"><a href=\"https:\/\/abc-cloud.de\/attina\/f1-hilfe\/wp-content\/uploads\/2022\/03\/Bild-16-DMS-MA-zurueck-ziehen.png\"><img loading=\"lazy\" decoding=\"async\" src=\"https:\/\/abc-cloud.de\/attina\/f1-hilfe\/wp-content\/uploads\/2022\/03\/Bild-16-DMS-MA-zurueck-ziehen.png\" alt=\"\" class=\"wp-image-468\" width=\"614\" height=\"247\" srcset=\"https:\/\/abc-cloud.de\/attina\/f1-hilfe\/wp-content\/uploads\/2022\/03\/Bild-16-DMS-MA-zurueck-ziehen.png 818w, https:\/\/abc-cloud.de\/attina\/f1-hilfe\/wp-content\/uploads\/2022\/03\/Bild-16-DMS-MA-zurueck-ziehen-300x121.png 300w, https:\/\/abc-cloud.de\/attina\/f1-hilfe\/wp-content\/uploads\/2022\/03\/Bild-16-DMS-MA-zurueck-ziehen-768x309.png 768w\" sizes=\"auto, (max-width: 614px) 100vw, 614px\" \/><\/a><\/figure>\n\n\n\n<p style=\"font-size:20px\">Das ist die Dateiablage des Mitarbeitermoduls.<\/p>\n\n\n\n<p style=\"font-size:20px\">Im Kundenmodul ist die Vorgehensweise <strong><u>exakt<\/u><\/strong> die gleiche.<\/p>\n\n\n\n<p><\/div>\n\t\t\t<\/div><\/p>\n","protected":false},"excerpt":{"rendered":"<p>Inhalt:Dateien per Drag and Drop hinzuf\u00fcgenDetails bearbeitenDateien hinzuf\u00fcgenDatei entfernenDateien schneller findenSpalten sortierenSpalten gruppieren<\/p>\n","protected":false},"author":3,"featured_media":0,"parent":0,"menu_order":0,"comment_status":"closed","ping_status":"closed","template":"","meta":{"footnotes":""},"class_list":["post-447","page","type-page","status-publish","hentry"],"_links":{"self":[{"href":"https:\/\/abc-cloud.de\/attina\/f1-hilfe\/wp-json\/wp\/v2\/pages\/447","targetHints":{"allow":["GET"]}}],"collection":[{"href":"https:\/\/abc-cloud.de\/attina\/f1-hilfe\/wp-json\/wp\/v2\/pages"}],"about":[{"href":"https:\/\/abc-cloud.de\/attina\/f1-hilfe\/wp-json\/wp\/v2\/types\/page"}],"author":[{"embeddable":true,"href":"https:\/\/abc-cloud.de\/attina\/f1-hilfe\/wp-json\/wp\/v2\/users\/3"}],"replies":[{"embeddable":true,"href":"https:\/\/abc-cloud.de\/attina\/f1-hilfe\/wp-json\/wp\/v2\/comments?post=447"}],"version-history":[{"count":38,"href":"https:\/\/abc-cloud.de\/attina\/f1-hilfe\/wp-json\/wp\/v2\/pages\/447\/revisions"}],"predecessor-version":[{"id":1423,"href":"https:\/\/abc-cloud.de\/attina\/f1-hilfe\/wp-json\/wp\/v2\/pages\/447\/revisions\/1423"}],"wp:attachment":[{"href":"https:\/\/abc-cloud.de\/attina\/f1-hilfe\/wp-json\/wp\/v2\/media?parent=447"}],"curies":[{"name":"wp","href":"https:\/\/api.w.org\/{rel}","templated":true}]}}