{"id":45,"date":"2020-08-06T08:09:39","date_gmt":"2020-08-06T06:09:39","guid":{"rendered":"https:\/\/abc-cloud.de\/attina\/f1-hilfe\/?page_id=45"},"modified":"2020-08-11T11:39:23","modified_gmt":"2020-08-11T09:39:23","slug":"impressum","status":"publish","type":"page","link":"https:\/\/abc-cloud.de\/attina\/f1-hilfe\/impressum\/","title":{"rendered":"Impressum"},"content":{"rendered":"<header class=\"entry-header\">\n<h2 class=\"entry-title\"><span style=\"letter-spacing: -0.0415625em;\">Angaben gem\u00e4\u00df \u00a7 5 TMG:<\/span><\/h2>\n<\/header>\n<div class=\"entry-content\">\n<p>ABC GmbH Professionelle Softwarel\u00f6sungen<br \/>\nLise-Meitner-Str. 3<br \/>\n46446 Emmerich am Rhein<\/p>\n<h2>Vertreten durch:<\/h2>\n<p>ABC GmbH Professionelle Softwarel\u00f6sungen, vertreten durch den Gesch\u00e4ftsf\u00fchrer Herr Andr\u00e9 Beier<\/p>\n<h2>Kontakt:<\/h2>\n<p>Telefon: +49 (0) 2822 9762930<br \/>\nTelefax: +49 (0)2822 976293-99<br \/>\nE-Mail: info@abc-software.biz<\/p>\n<h2>Registereintrag:<\/h2>\n<p>Eintragung im Handelsregister.<br \/>\nRegistergericht:Amtsgericht Kleve<br \/>\nRegisternummer: HRB 3151<\/p>\n<h2>Umsatzsteuer:<\/h2>\n<p>Umsatzsteuer-Identifikationsnummer gem\u00e4\u00df \u00a727 a Umsatzsteuergesetz:<br \/>\nDE184029844<\/p>\n<h2>Streitschlichtung<\/h2>\n<p>Die Europ\u00e4ische Kommission stellt eine Plattform zur Online-Streitbeilegung (OS) bereit:\u00a0<a href=\"https:\/\/ec.europa.eu\/consumers\/odr\" target=\"_blank\" rel=\"noopener noreferrer\">https:\/\/ec.europa.eu\/consumers\/odr<\/a>.<br \/>\nUnsere E-Mail-Adresse finden Sie oben im Impressum.<\/p>\n<p>Wir sind nicht bereit oder verpflichtet, an Streitbeilegungsverfahren vor einer Verbraucherschlichtungsstelle teilzunehmen.<\/p>\n<\/div>\n","protected":false},"excerpt":{"rendered":"<p>Angaben gem\u00e4\u00df \u00a7 5 TMG: ABC GmbH Professionelle Softwarel\u00f6sungen Lise-Meitner-Str. 3 46446 Emmerich am Rhein Vertreten durch: ABC GmbH Professionelle Softwarel\u00f6sungen, vertreten durch den Gesch\u00e4ftsf\u00fchrer Herr Andr\u00e9 Beier Kontakt: Telefon: +49 (0) 2822 9762930 Telefax: +49 (0)2822 976293-99 E-Mail: info@abc-software.biz Registereintrag: Eintragung im Handelsregister. Registergericht:Amtsgericht Kleve Registernummer: HRB 3151 Umsatzsteuer: Umsatzsteuer-Identifikationsnummer gem\u00e4\u00df \u00a727 a Umsatzsteuergesetz: [&hellip;]<\/p>\n","protected":false},"author":1,"featured_media":0,"parent":0,"menu_order":0,"comment_status":"closed","ping_status":"closed","template":"","meta":{"footnotes":""},"class_list":["post-45","page","type-page","status-publish","hentry"],"_links":{"self":[{"href":"https:\/\/abc-cloud.de\/attina\/f1-hilfe\/wp-json\/wp\/v2\/pages\/45","targetHints":{"allow":["GET"]}}],"collection":[{"href":"https:\/\/abc-cloud.de\/attina\/f1-hilfe\/wp-json\/wp\/v2\/pages"}],"about":[{"href":"https:\/\/abc-cloud.de\/attina\/f1-hilfe\/wp-json\/wp\/v2\/types\/page"}],"author":[{"embeddable":true,"href":"https:\/\/abc-cloud.de\/attina\/f1-hilfe\/wp-json\/wp\/v2\/users\/1"}],"replies":[{"embeddable":true,"href":"https:\/\/abc-cloud.de\/attina\/f1-hilfe\/wp-json\/wp\/v2\/comments?post=45"}],"version-history":[{"count":3,"href":"https:\/\/abc-cloud.de\/attina\/f1-hilfe\/wp-json\/wp\/v2\/pages\/45\/revisions"}],"predecessor-version":[{"id":1234,"href":"https:\/\/abc-cloud.de\/attina\/f1-hilfe\/wp-json\/wp\/v2\/pages\/45\/revisions\/1234"}],"wp:attachment":[{"href":"https:\/\/abc-cloud.de\/attina\/f1-hilfe\/wp-json\/wp\/v2\/media?parent=45"}],"curies":[{"name":"wp","href":"https:\/\/api.w.org\/{rel}","templated":true}]}}