{"id":536,"date":"2022-03-22T09:23:30","date_gmt":"2022-03-22T08:23:30","guid":{"rendered":"https:\/\/abc-cloud.de\/attina\/f1-hilfe\/?page_id=536"},"modified":"2022-09-28T14:16:03","modified_gmt":"2022-09-28T12:16:03","slug":"dokumentenmanagement-teil-3-3-von-4","status":"publish","type":"page","link":"https:\/\/abc-cloud.de\/attina\/f1-hilfe\/dokumentenmanagement-teil-3-3-von-4\/","title":{"rendered":"Dokumenten &#8211; Management Teil 3.3 von 4"},"content":{"rendered":"\n<h2 class=\"wp-block-heading\">Vorlagen speichern im Modul Kunde<\/h2>\n\n\n\n<p style=\"font-size:20px\"><strong><u>Alle Dokumente, die in Attina erstellt werden, werden automatisch auch in Attina abgelegt, WENN der Haken bei <em>Dokument speichern<\/em> gesetzt wurde.<\/u><\/strong><\/p>\n\n\n\n<p style=\"font-size:20px\">Den Haken setzen Sie in den <strong>Modulen Mitarbeiter, Kunden<\/strong> und <strong>Auftrag<\/strong>.<\/p>\n\n\n\n<figure class=\"wp-block-video w-50\"><video height=\"720\" style=\"aspect-ratio: 1280 \/ 720;\" width=\"1280\" controls src=\"https:\/\/abc-cloud.de\/attina\/f1-hilfe\/wp-content\/uploads\/2022\/03\/3.3-Vorlage-speichern-KD.mp4\"><\/video><\/figure>\n\n\n\n<p style=\"font-size:20px\">\u00d6ffnen Sie das <strong>Modul Kunden<\/strong> und klicken oben rechts auf die <strong>Diskette<\/strong>.<\/p>\n\n\n\n<figure class=\"wp-block-image size-large is-resized\"><a href=\"https:\/\/abc-cloud.de\/attina\/f1-hilfe\/wp-content\/uploads\/2022\/03\/Bild-01-DMS-fuer-KD-KD-01.png\"><img loading=\"lazy\" decoding=\"async\" src=\"https:\/\/abc-cloud.de\/attina\/f1-hilfe\/wp-content\/uploads\/2022\/03\/Bild-01-DMS-fuer-KD-KD-01-1024x146.png\" alt=\"\" class=\"wp-image-538\" width=\"768\" height=\"110\" srcset=\"https:\/\/abc-cloud.de\/attina\/f1-hilfe\/wp-content\/uploads\/2022\/03\/Bild-01-DMS-fuer-KD-KD-01-1024x146.png 1024w, https:\/\/abc-cloud.de\/attina\/f1-hilfe\/wp-content\/uploads\/2022\/03\/Bild-01-DMS-fuer-KD-KD-01-300x43.png 300w, https:\/\/abc-cloud.de\/attina\/f1-hilfe\/wp-content\/uploads\/2022\/03\/Bild-01-DMS-fuer-KD-KD-01-768x109.png 768w, https:\/\/abc-cloud.de\/attina\/f1-hilfe\/wp-content\/uploads\/2022\/03\/Bild-01-DMS-fuer-KD-KD-01-1200x171.png 1200w, https:\/\/abc-cloud.de\/attina\/f1-hilfe\/wp-content\/uploads\/2022\/03\/Bild-01-DMS-fuer-KD-KD-01.png 1403w\" sizes=\"auto, (max-width: 768px) 100vw, 768px\" \/><\/a><\/figure>\n\n\n\n<p style=\"font-size:20px\">Es \u00f6ffnet sich ein neues Fenster.<\/p>\n\n\n\n<figure class=\"wp-block-image size-large is-resized\"><a href=\"https:\/\/abc-cloud.de\/attina\/f1-hilfe\/wp-content\/uploads\/2022\/03\/Bild-02-DMS-fuer-KD-KD-02.png\"><img loading=\"lazy\" decoding=\"async\" src=\"https:\/\/abc-cloud.de\/attina\/f1-hilfe\/wp-content\/uploads\/2022\/03\/Bild-02-DMS-fuer-KD-KD-02-1024x240.png\" alt=\"\" class=\"wp-image-539\" width=\"768\" height=\"180\" srcset=\"https:\/\/abc-cloud.de\/attina\/f1-hilfe\/wp-content\/uploads\/2022\/03\/Bild-02-DMS-fuer-KD-KD-02-1024x240.png 1024w, https:\/\/abc-cloud.de\/attina\/f1-hilfe\/wp-content\/uploads\/2022\/03\/Bild-02-DMS-fuer-KD-KD-02-300x70.png 300w, https:\/\/abc-cloud.de\/attina\/f1-hilfe\/wp-content\/uploads\/2022\/03\/Bild-02-DMS-fuer-KD-KD-02-768x180.png 768w, https:\/\/abc-cloud.de\/attina\/f1-hilfe\/wp-content\/uploads\/2022\/03\/Bild-02-DMS-fuer-KD-KD-02-1200x282.png 1200w, https:\/\/abc-cloud.de\/attina\/f1-hilfe\/wp-content\/uploads\/2022\/03\/Bild-02-DMS-fuer-KD-KD-02.png 1342w\" sizes=\"auto, (max-width: 768px) 100vw, 768px\" \/><\/a><\/figure>\n\n\n\n<p style=\"font-size:20px\">Klicken Sie ganz unten auf <strong>Neue Vorlage erzeugen<\/strong>.<\/p>\n\n\n\n<p style=\"font-size:20px\">Es \u00f6ffnet sich der Office Export.<\/p>\n\n\n\n<figure class=\"wp-block-image size-full is-resized\"><a href=\"https:\/\/abc-cloud.de\/attina\/f1-hilfe\/wp-content\/uploads\/2022\/03\/Bild-03-DMS-fuer-KD-KD-03.png\"><img loading=\"lazy\" decoding=\"async\" src=\"https:\/\/abc-cloud.de\/attina\/f1-hilfe\/wp-content\/uploads\/2022\/03\/Bild-03-DMS-fuer-KD-KD-03.png\" alt=\"\" class=\"wp-image-540\" width=\"346\" height=\"392\" srcset=\"https:\/\/abc-cloud.de\/attina\/f1-hilfe\/wp-content\/uploads\/2022\/03\/Bild-03-DMS-fuer-KD-KD-03.png 461w, https:\/\/abc-cloud.de\/attina\/f1-hilfe\/wp-content\/uploads\/2022\/03\/Bild-03-DMS-fuer-KD-KD-03-264x300.png 264w\" sizes=\"auto, (max-width: 346px) 100vw, 346px\" \/><\/a><\/figure>\n\n\n\n<p style=\"font-size:20px\">Klicken Sie nun auf die <strong>Mappe<\/strong> neben der Zeile<\/p>\n\n\n\n<p style=\"font-size:20px\"><strong>aus Dokument erzeugen<\/strong><\/p>\n\n\n\n<p style=\"font-size:20px\">und es \u00f6ffnet sich ein neues Fenster.<\/p>\n\n\n\n<figure class=\"wp-block-image size-full is-resized\"><a href=\"https:\/\/abc-cloud.de\/attina\/f1-hilfe\/wp-content\/uploads\/2022\/03\/Bild-04-DMS-fuer-KD-KD-04.png\"><img loading=\"lazy\" decoding=\"async\" src=\"https:\/\/abc-cloud.de\/attina\/f1-hilfe\/wp-content\/uploads\/2022\/03\/Bild-04-DMS-fuer-KD-KD-04.png\" alt=\"\" class=\"wp-image-543\" width=\"721\" height=\"618\" srcset=\"https:\/\/abc-cloud.de\/attina\/f1-hilfe\/wp-content\/uploads\/2022\/03\/Bild-04-DMS-fuer-KD-KD-04.png 961w, https:\/\/abc-cloud.de\/attina\/f1-hilfe\/wp-content\/uploads\/2022\/03\/Bild-04-DMS-fuer-KD-KD-04-300x257.png 300w, https:\/\/abc-cloud.de\/attina\/f1-hilfe\/wp-content\/uploads\/2022\/03\/Bild-04-DMS-fuer-KD-KD-04-768x659.png 768w\" sizes=\"auto, (max-width: 721px) 100vw, 721px\" \/><\/a><\/figure>\n\n\n\n<p style=\"font-size:20px\">Stellen Sie die Ansicht zuerst auf <strong>Alle Dateien<\/strong>, denn dadurch werden Ihnen auch Worddokumente angezeigt.<\/p>\n\n\n\n<figure class=\"wp-block-image size-full is-resized\"><a href=\"https:\/\/abc-cloud.de\/attina\/f1-hilfe\/wp-content\/uploads\/2022\/03\/Bild-05-DMS-fuer-KD-KD-05.png\"><img loading=\"lazy\" decoding=\"async\" src=\"https:\/\/abc-cloud.de\/attina\/f1-hilfe\/wp-content\/uploads\/2022\/03\/Bild-05-DMS-fuer-KD-KD-05.png\" alt=\"\" class=\"wp-image-544\" width=\"716\" height=\"575\" srcset=\"https:\/\/abc-cloud.de\/attina\/f1-hilfe\/wp-content\/uploads\/2022\/03\/Bild-05-DMS-fuer-KD-KD-05.png 954w, https:\/\/abc-cloud.de\/attina\/f1-hilfe\/wp-content\/uploads\/2022\/03\/Bild-05-DMS-fuer-KD-KD-05-300x241.png 300w, https:\/\/abc-cloud.de\/attina\/f1-hilfe\/wp-content\/uploads\/2022\/03\/Bild-05-DMS-fuer-KD-KD-05-768x617.png 768w\" sizes=\"auto, (max-width: 716px) 100vw, 716px\" \/><\/a><\/figure>\n\n\n\n<p style=\"font-size:20px\">Hier k\u00f6nnen Sie, von Ihrem PC das gew\u00fcnschte Dokument ausw\u00e4hlen und klicken Sie auf <strong>\u00d6ffnen<\/strong>.<\/p>\n\n\n\n<figure class=\"wp-block-image size-full is-resized\"><a href=\"https:\/\/abc-cloud.de\/attina\/f1-hilfe\/wp-content\/uploads\/2022\/03\/Bild-06-DMS-fuer-KD-KD-06.png\"><img loading=\"lazy\" decoding=\"async\" src=\"https:\/\/abc-cloud.de\/attina\/f1-hilfe\/wp-content\/uploads\/2022\/03\/Bild-06-DMS-fuer-KD-KD-06.png\" alt=\"\" class=\"wp-image-545\" width=\"342\" height=\"392\" srcset=\"https:\/\/abc-cloud.de\/attina\/f1-hilfe\/wp-content\/uploads\/2022\/03\/Bild-06-DMS-fuer-KD-KD-06.png 456w, https:\/\/abc-cloud.de\/attina\/f1-hilfe\/wp-content\/uploads\/2022\/03\/Bild-06-DMS-fuer-KD-KD-06-262x300.png 262w\" sizes=\"auto, (max-width: 342px) 100vw, 342px\" \/><\/a><\/figure>\n\n\n\n<p style=\"font-size:20px\">Geben Sie neben Vorlagenname den gew\u00fcnschten Namen f\u00fcr das Dokument ein und klicken Sie f\u00fcr den Speicherpfad in das wei\u00dfe Feld daneben.<\/p>\n\n\n\n<p style=\"font-size:20px\">Da Sie sich im Modul Kunden befinden, wird als Gruppierungstyp&nbsp;<strong>Kunden<\/strong> angezeigt.<\/p>\n\n\n\n<figure class=\"wp-block-image size-full is-resized\"><a href=\"https:\/\/abc-cloud.de\/attina\/f1-hilfe\/wp-content\/uploads\/2022\/03\/Bild-07-DMS-fuer-KD-KD-07.png\"><img loading=\"lazy\" decoding=\"async\" src=\"https:\/\/abc-cloud.de\/attina\/f1-hilfe\/wp-content\/uploads\/2022\/03\/Bild-07-DMS-fuer-KD-KD-07.png\" alt=\"\" class=\"wp-image-546\" width=\"335\" height=\"388\" srcset=\"https:\/\/abc-cloud.de\/attina\/f1-hilfe\/wp-content\/uploads\/2022\/03\/Bild-07-DMS-fuer-KD-KD-07.png 447w, https:\/\/abc-cloud.de\/attina\/f1-hilfe\/wp-content\/uploads\/2022\/03\/Bild-07-DMS-fuer-KD-KD-07-259x300.png 259w\" sizes=\"auto, (max-width: 335px) 100vw, 335px\" \/><\/a><\/figure>\n\n\n\n<p style=\"font-size:20px\">Ganz rechts neben Gruppe k\u00f6nnen Sie eine Auswahl \u00f6ffnen, indem Sie auf den kleinen Pfeil klicken.&nbsp; Sie k\u00f6nnen w\u00e4hlen, ob das Dokument als <strong>ausgehend<\/strong>, <strong>eingehend, ungruppiert <\/strong>oder als<strong> Vorg\u00e4nge<\/strong> hinterlegt werden soll.<\/p>\n\n\n\n<figure class=\"wp-block-image size-full is-resized\"><a href=\"https:\/\/abc-cloud.de\/attina\/f1-hilfe\/wp-content\/uploads\/2022\/03\/Bild-08-DMS-fuer-KD-KD-08.png\"><img loading=\"lazy\" decoding=\"async\" src=\"https:\/\/abc-cloud.de\/attina\/f1-hilfe\/wp-content\/uploads\/2022\/03\/Bild-08-DMS-fuer-KD-KD-08.png\" alt=\"\" class=\"wp-image-548\" width=\"338\" height=\"389\" srcset=\"https:\/\/abc-cloud.de\/attina\/f1-hilfe\/wp-content\/uploads\/2022\/03\/Bild-08-DMS-fuer-KD-KD-08.png 450w, https:\/\/abc-cloud.de\/attina\/f1-hilfe\/wp-content\/uploads\/2022\/03\/Bild-08-DMS-fuer-KD-KD-08-261x300.png 261w\" sizes=\"auto, (max-width: 338px) 100vw, 338px\" \/><\/a><\/figure>\n\n\n\n<p style=\"font-size:20px\">Zum Schluss setzen Sie den Haken neben <strong>Dokument speichern<\/strong> und schlie\u00dfen mit <strong>Ok<\/strong>.<\/p>\n\n\n\n<p style=\"font-size:20px\">Da wir zu Beginn <strong>Neue Vorlage erzeugen <\/strong>gew\u00e4hlt hatten, \u00f6ffnet sich nun das gew\u00fcnschte Word Dokument.<\/p>\n\n\n\n<figure class=\"wp-block-image size-large is-resized\"><a href=\"https:\/\/abc-cloud.de\/attina\/f1-hilfe\/wp-content\/uploads\/2022\/03\/Bild-09-DMS-fuer-KD-KD-09.png\"><img loading=\"lazy\" decoding=\"async\" src=\"https:\/\/abc-cloud.de\/attina\/f1-hilfe\/wp-content\/uploads\/2022\/03\/Bild-09-DMS-fuer-KD-KD-09-1024x553.png\" alt=\"\" class=\"wp-image-550\" width=\"768\" height=\"415\" srcset=\"https:\/\/abc-cloud.de\/attina\/f1-hilfe\/wp-content\/uploads\/2022\/03\/Bild-09-DMS-fuer-KD-KD-09-1024x553.png 1024w, https:\/\/abc-cloud.de\/attina\/f1-hilfe\/wp-content\/uploads\/2022\/03\/Bild-09-DMS-fuer-KD-KD-09-300x162.png 300w, https:\/\/abc-cloud.de\/attina\/f1-hilfe\/wp-content\/uploads\/2022\/03\/Bild-09-DMS-fuer-KD-KD-09-768x415.png 768w, https:\/\/abc-cloud.de\/attina\/f1-hilfe\/wp-content\/uploads\/2022\/03\/Bild-09-DMS-fuer-KD-KD-09-1200x648.png 1200w, https:\/\/abc-cloud.de\/attina\/f1-hilfe\/wp-content\/uploads\/2022\/03\/Bild-09-DMS-fuer-KD-KD-09.png 1274w\" sizes=\"auto, (max-width: 768px) 100vw, 768px\" \/><\/a><\/figure>\n\n\n\n<p style=\"font-size:20px\">Wenn im Bild das Fenster <strong>Warte auf Ende der Bearbeitung<\/strong> erscheint, kann unten schon das Word Dokument mit einem Klick ge\u00f6ffnet werden.<\/p>\n","protected":false},"excerpt":{"rendered":"<p>Vorlagen speichern im Modul Kunde Alle Dokumente, die in Attina erstellt werden, werden automatisch auch in Attina abgelegt, WENN der Haken bei Dokument speichern gesetzt wurde. Den Haken setzen Sie in den Modulen Mitarbeiter, Kunden und Auftrag. \u00d6ffnen Sie das Modul Kunden und klicken oben rechts auf die Diskette. Es \u00f6ffnet sich ein neues Fenster. [&hellip;]<\/p>\n","protected":false},"author":3,"featured_media":0,"parent":0,"menu_order":0,"comment_status":"closed","ping_status":"closed","template":"","meta":{"footnotes":""},"class_list":["post-536","page","type-page","status-publish","hentry"],"_links":{"self":[{"href":"https:\/\/abc-cloud.de\/attina\/f1-hilfe\/wp-json\/wp\/v2\/pages\/536","targetHints":{"allow":["GET"]}}],"collection":[{"href":"https:\/\/abc-cloud.de\/attina\/f1-hilfe\/wp-json\/wp\/v2\/pages"}],"about":[{"href":"https:\/\/abc-cloud.de\/attina\/f1-hilfe\/wp-json\/wp\/v2\/types\/page"}],"author":[{"embeddable":true,"href":"https:\/\/abc-cloud.de\/attina\/f1-hilfe\/wp-json\/wp\/v2\/users\/3"}],"replies":[{"embeddable":true,"href":"https:\/\/abc-cloud.de\/attina\/f1-hilfe\/wp-json\/wp\/v2\/comments?post=536"}],"version-history":[{"count":11,"href":"https:\/\/abc-cloud.de\/attina\/f1-hilfe\/wp-json\/wp\/v2\/pages\/536\/revisions"}],"predecessor-version":[{"id":1431,"href":"https:\/\/abc-cloud.de\/attina\/f1-hilfe\/wp-json\/wp\/v2\/pages\/536\/revisions\/1431"}],"wp:attachment":[{"href":"https:\/\/abc-cloud.de\/attina\/f1-hilfe\/wp-json\/wp\/v2\/media?parent=536"}],"curies":[{"name":"wp","href":"https:\/\/api.w.org\/{rel}","templated":true}]}}