{"id":624,"date":"2022-05-25T10:29:28","date_gmt":"2022-05-25T08:29:28","guid":{"rendered":"https:\/\/abc-cloud.de\/attina\/f1-hilfe\/?page_id=624"},"modified":"2022-09-28T14:28:41","modified_gmt":"2022-09-28T12:28:41","slug":"bewerber-anonymisieren","status":"publish","type":"page","link":"https:\/\/abc-cloud.de\/attina\/f1-hilfe\/bewerber-anonymisieren\/","title":{"rendered":"Bewerber anonymisieren"},"content":{"rendered":"\n<p class=\"has-small-font-size\">Im Zuge der <strong>EU-DS-GVO<\/strong> haben wir das Modul Mitarbeiter\/Bewerber erweitert.<\/p>\n\n\n\n<div class=\"spoiler-wrap\">\n\t\t\t\t<div class=\"spoiler-head folded\">Bewerber anonymisieren<\/div>\n\t\t\t\t<div class=\"spoiler-body\"><\/p>\n\n\n\n<h3 class=\"wp-block-heading\"><strong>Bewerber anonymisieren<\/strong><\/h3>\n\n\n\n<p>Beim Bewerber anonymisieren kann der Hauptuser bestimmen, ob die Auswahl f\u00fcr das Anonymisieren automatisch oder manuell durchgef\u00fchrt wird. Unsere Supporter\/In werden bei einer Neuinstallation bzw. bei Aktivierung des neuen Updates behilflich sein. Bitte vereinbaren Sie einen Telefontermin.<\/p>\n\n\n\n<p>Im 1. Fall wird ein Config-Eintrag vom Supporter\/In gesetzt und die Bewerber werden automatisch gel\u00f6scht.<\/p>\n\n\n\n<p>Beim 2. Fall wird ein Modul mit dem Namen \u201eBewerber anonymisieren\u201c eingebunden. Dort werden alle Bewerber aufgelistet, die ab dem aktuellen Tag l\u00e4nger als 6 Monate in der Datenbank vorhanden sind. Diese kann man per Knopfdruck auf \u201eBewerber reinigen\u201c l\u00f6schen\/anonymisieren lassen. Dabei werden auch bereits gel\u00f6schte Bewerber wieder angezeigt, da diese ebenfalls in der Datenbank bereinigt werden m\u00fcssen.<\/p>\n\n\n\n<figure class=\"wp-block-image size-full is-resized\"><a href=\"https:\/\/abc-cloud.de\/attina\/f1-hilfe\/wp-content\/uploads\/2022\/04\/bild1.png\"><img loading=\"lazy\" decoding=\"async\" src=\"https:\/\/abc-cloud.de\/attina\/f1-hilfe\/wp-content\/uploads\/2022\/04\/bild1.png\" alt=\"\" class=\"wp-image-625\" width=\"930\" height=\"153\" srcset=\"https:\/\/abc-cloud.de\/attina\/f1-hilfe\/wp-content\/uploads\/2022\/04\/bild1.png 1010w, https:\/\/abc-cloud.de\/attina\/f1-hilfe\/wp-content\/uploads\/2022\/04\/bild1-300x49.png 300w, https:\/\/abc-cloud.de\/attina\/f1-hilfe\/wp-content\/uploads\/2022\/04\/bild1-768x126.png 768w\" sizes=\"auto, (max-width: 930px) 100vw, 930px\" \/><\/a><\/figure>\n\n\n\n<p><\/div>\n\t\t\t<\/div>\n\n\n\n<div class=\"spoiler-wrap\">\n\t\t\t\t<div class=\"spoiler-head folded\">Was bedeutet Bewerber anonymisieren?<\/div>\n\t\t\t\t<div class=\"spoiler-body\"><\/p>\n\n\n\n<h3 class=\"wp-block-heading\"><strong>Was bedeutet Bewerber anonymisieren?<\/strong><\/h3>\n\n\n\n<p>Es werden alle Daten unkenntlich gemacht und abgespeicherte Dokumente vom Bewerber gel\u00f6scht. Einzelne Daten (Herkunft und PLZ) bleiben f\u00fcr die statistischen Auswertungen erhalten.<\/p>\n\n\n\n<p>Bei der Anlage eines Bewerbers wird automatisch das Kennzeichen (Datenschutzerkl\u00e4rung bis zu 6 Monate)&nbsp; gesetzt.<\/p>\n\n\n\n<p>Sobald eine erweiterte Datenschutzerkl\u00e4rung vorhanden ist, die es erlaubt, die Daten l\u00e4nger als 6 Monate zu speichern, kann dies \u00fcber folgende Funktion gesetzt werden.<\/p>\n\n\n\n<figure class=\"wp-block-image size-full\"><a href=\"https:\/\/abc-cloud.de\/attina\/f1-hilfe\/wp-content\/uploads\/2022\/04\/bild2.png\"><img loading=\"lazy\" decoding=\"async\" width=\"787\" height=\"637\" src=\"https:\/\/abc-cloud.de\/attina\/f1-hilfe\/wp-content\/uploads\/2022\/04\/bild2.png\" alt=\"\" class=\"wp-image-626\" srcset=\"https:\/\/abc-cloud.de\/attina\/f1-hilfe\/wp-content\/uploads\/2022\/04\/bild2.png 787w, https:\/\/abc-cloud.de\/attina\/f1-hilfe\/wp-content\/uploads\/2022\/04\/bild2-300x243.png 300w, https:\/\/abc-cloud.de\/attina\/f1-hilfe\/wp-content\/uploads\/2022\/04\/bild2-768x622.png 768w\" sizes=\"auto, (max-width: 787px) 100vw, 787px\" \/><\/a><\/figure>\n\n\n\n<p>Um dies festzulegen, dr\u00fcckt man auf das Symbol mit dem \u201e<strong>Zettel &amp; Stift<\/strong>\u201c und w\u00e4hlt dort den Punkt <strong>Datenschutz<\/strong> aus. Dort gibt es die bereits genannten 2 Optionen \u201eDatenschutzerkl\u00e4rung\u201c und \u201eerweiterte Datenschutzerkl\u00e4rung\u201c.<\/p>\n\n\n\n<figure class=\"wp-block-image size-full\"><a href=\"https:\/\/abc-cloud.de\/attina\/f1-hilfe\/wp-content\/uploads\/2022\/04\/bild3.png\"><img loading=\"lazy\" decoding=\"async\" width=\"571\" height=\"545\" src=\"https:\/\/abc-cloud.de\/attina\/f1-hilfe\/wp-content\/uploads\/2022\/04\/bild3.png\" alt=\"\" class=\"wp-image-627\" srcset=\"https:\/\/abc-cloud.de\/attina\/f1-hilfe\/wp-content\/uploads\/2022\/04\/bild3.png 571w, https:\/\/abc-cloud.de\/attina\/f1-hilfe\/wp-content\/uploads\/2022\/04\/bild3-300x286.png 300w\" sizes=\"auto, (max-width: 571px) 100vw, 571px\" \/><\/a><\/figure>\n\n\n\n<p>Dabei wechselt der Text \u201cEs liegt keine Zustimmung zur Datenaufbewahrung \u2026. vor\u201c&nbsp; von rot zu gr\u00fcn und gibt an, dass eine Zustimmung vorliegt.<\/p>\n\n\n\n<figure class=\"wp-block-image size-full\"><a href=\"https:\/\/abc-cloud.de\/attina\/f1-hilfe\/wp-content\/uploads\/2022\/04\/bild4.png\"><img loading=\"lazy\" decoding=\"async\" width=\"625\" height=\"53\" src=\"https:\/\/abc-cloud.de\/attina\/f1-hilfe\/wp-content\/uploads\/2022\/04\/bild4.png\" alt=\"\" class=\"wp-image-628\" srcset=\"https:\/\/abc-cloud.de\/attina\/f1-hilfe\/wp-content\/uploads\/2022\/04\/bild4.png 625w, https:\/\/abc-cloud.de\/attina\/f1-hilfe\/wp-content\/uploads\/2022\/04\/bild4-300x25.png 300w\" sizes=\"auto, (max-width: 625px) 100vw, 625px\" \/><\/a><\/figure>\n\n\n\n<p>Nutzen Sie die attina-Beweberpage oder den Mitarbeiterstamm als Webmodul, so werden die Daten automatisch vom Bewerber gesetzt und importiert.<\/p>\n\n\n\n<p>Dr\u00fcckt man die Optionen unter \u201eDatenschutz\u201c erneut wird die jeweilige Zustimmung widerrufen.<\/p>\n\n\n\n<p>d.h. in Attina werden 4 Felder zum Datenschutz gepflegt:<\/p>\n\n\n\n<ol class=\"wp-block-list\"><li>Datenaufbewahrung bis zu 6 Monaten \u2013 bei der Anlage automatisch<\/li><li>Widerruf der Datenaufbewahrung. Wichtig: Sollte der Bewerber innerhalb der ersten 6 Monate widerrufen, wird eine L\u00f6schung erst nach 3 Monaten erfolgen bzgl. AGG (Allgemeines Gleichbehandlungsgesetz).<\/li><li>Datenaufbewahrung bis auf Widerruf<\/li><li>Widerruf der Datenaufbewahrung (L\u00e4nger als 6 Monate)<\/li><\/ol>\n\n\n\n<p><\/div>\n\t\t\t<\/div>\n\n\n\n<div class=\"spoiler-wrap\">\n\t\t\t\t<div class=\"spoiler-head folded\">Ausgetretene Mitarbeiter l\u00f6schen<\/div>\n\t\t\t\t<div class=\"spoiler-body\"><\/p>\n\n\n\n<h3 class=\"wp-block-heading\"><strong>Ausgetretene Mitarbeiter l\u00f6schen nach 10 Jahren<\/strong><\/h3>\n\n\n\n<p>Bei Mitarbeitern die l\u00e4nger als 10 Jahre dem Unternehmen nicht mehr&nbsp; angeh\u00f6ren, werden die Stammdaten anonymisiert.&nbsp; Dies wird ebenfalls \u00fcber die o.g. Auswahlliste (automatisch oder manuell)&nbsp; durchgef\u00fchrt.<\/p>\n\n\n\n<p><\/div>\n\t\t\t<\/div>\n\n\n\n<div class=\"spoiler-wrap\">\n\t\t\t\t<div class=\"spoiler-head folded\">Recht auf Auskunft<\/div>\n\t\t\t\t<div class=\"spoiler-body\"><\/p>\n\n\n\n<h3 class=\"wp-block-heading\"><strong>Recht auf Auskunft<\/strong><\/h3>\n\n\n\n<p>Verlangt der Bewerber oder Mitarbeiter Auskunft \u00fcber seine abgespeicherten Daten, so kann ein neu hinzugef\u00fcgtes Worddokument \u201eDatenauskunft\u201c aktiviert und ausgedruckt werden. Die Gestaltung des Dokumentes kann der Anwender selber durchf\u00fchren.<\/p>\n\n\n\n<p>Einfacher geht es mit dem Report: Stammdatenblatt.<\/p>\n\n\n\n<p>Dar\u00fcber hinaus lassen sich die Daten \u00fcber die Mitarbeiterliste nach MS Excel- bzw. CSV-Datei exportieren.<\/p>\n\n\n\n<p><\/div>\n\t\t\t<\/div>\n","protected":false},"excerpt":{"rendered":"<p>Im Zuge der EU-DS-GVO haben wir das Modul Mitarbeiter\/Bewerber erweitert.<\/p>\n","protected":false},"author":1,"featured_media":0,"parent":0,"menu_order":0,"comment_status":"closed","ping_status":"closed","template":"","meta":{"footnotes":""},"class_list":["post-624","page","type-page","status-publish","hentry"],"_links":{"self":[{"href":"https:\/\/abc-cloud.de\/attina\/f1-hilfe\/wp-json\/wp\/v2\/pages\/624","targetHints":{"allow":["GET"]}}],"collection":[{"href":"https:\/\/abc-cloud.de\/attina\/f1-hilfe\/wp-json\/wp\/v2\/pages"}],"about":[{"href":"https:\/\/abc-cloud.de\/attina\/f1-hilfe\/wp-json\/wp\/v2\/types\/page"}],"author":[{"embeddable":true,"href":"https:\/\/abc-cloud.de\/attina\/f1-hilfe\/wp-json\/wp\/v2\/users\/1"}],"replies":[{"embeddable":true,"href":"https:\/\/abc-cloud.de\/attina\/f1-hilfe\/wp-json\/wp\/v2\/comments?post=624"}],"version-history":[{"count":6,"href":"https:\/\/abc-cloud.de\/attina\/f1-hilfe\/wp-json\/wp\/v2\/pages\/624\/revisions"}],"predecessor-version":[{"id":1437,"href":"https:\/\/abc-cloud.de\/attina\/f1-hilfe\/wp-json\/wp\/v2\/pages\/624\/revisions\/1437"}],"wp:attachment":[{"href":"https:\/\/abc-cloud.de\/attina\/f1-hilfe\/wp-json\/wp\/v2\/media?parent=624"}],"curies":[{"name":"wp","href":"https:\/\/api.w.org\/{rel}","templated":true}]}}