{"id":632,"date":"2022-05-25T10:31:05","date_gmt":"2022-05-25T08:31:05","guid":{"rendered":"https:\/\/abc-cloud.de\/attina\/f1-hilfe\/?page_id=632"},"modified":"2022-09-28T14:26:38","modified_gmt":"2022-09-28T12:26:38","slug":"dokumenten-management-teil-4-von-4","status":"publish","type":"page","link":"https:\/\/abc-cloud.de\/attina\/f1-hilfe\/dokumenten-management-teil-4-von-4\/","title":{"rendered":"Dokumenten &#8211; Management Teil 4 von 4"},"content":{"rendered":"\n<h2 class=\"wp-block-heading\"><strong>Scannerfunktionen und Dokumentenmanagement<\/strong><\/h2>\n\n\n\n<p style=\"font-size:20px\">Das ist unser Brother Scanner und Etikettendrucker.<\/p>\n\n\n\n<figure class=\"wp-block-image size-full is-resized\"><a href=\"https:\/\/abc-cloud.de\/attina\/f1-hilfe\/wp-content\/uploads\/2022\/04\/bild5.png\"><img loading=\"lazy\" decoding=\"async\" src=\"https:\/\/abc-cloud.de\/attina\/f1-hilfe\/wp-content\/uploads\/2022\/04\/bild5.png\" alt=\"\" class=\"wp-image-635\" width=\"608\" height=\"515\" srcset=\"https:\/\/abc-cloud.de\/attina\/f1-hilfe\/wp-content\/uploads\/2022\/04\/bild5.png 825w, https:\/\/abc-cloud.de\/attina\/f1-hilfe\/wp-content\/uploads\/2022\/04\/bild5-300x255.png 300w, https:\/\/abc-cloud.de\/attina\/f1-hilfe\/wp-content\/uploads\/2022\/04\/bild5-768x652.png 768w\" sizes=\"auto, (max-width: 608px) 100vw, 608px\" \/><\/a><\/figure>\n\n\n\n<p style=\"font-size:20px\">Ob Arbeitsvertr\u00e4ge, A\u00dcVs, Krankmeldungen oder einfache Korrespondenzen mit Ihren Mitarbeitern oder Kunden.<br>Verzichten Sie auf das m\u00fchselige Einsortieren der Dokumente. Mithilfe unseres Scanners und einem QR Code, der bei jedem Dokument hinterlegt werden kann, ersparen Sie sich dieses Einsortieren.<br>Die Dokumente werden automatisch dem richtigen Mitarbeiter \/ Kunden zugeordnet.<br>Sie k\u00f6nnen mehrere Dokumente gleichzeitig scannen.<br>Ihre Vorteile:<\/p>\n\n\n\n<ul class=\"wp-block-list\" style=\"font-size:20px\"><li>Durch das Entfallen des manuellen Einsortierens werden alle Dokumente in Attina hinterlegt<\/li><li>jeder Mitarbeiter hat sofort Zugriff auf diese Dokumente<\/li><li>Besonderheit beim Einsortieren des A\u00dcVs<ul><li>Beim Scannen des A\u00dcVs wird automatisch das Feld &#8222;A\u00dcV zur\u00fcck&#8220; mit entsprechendem Datum gesetzt. Verabschieden Sie sich von Ihrer Excel Tabelle und lassen Sie attina diesen Prozess \u00fcbernehmen.<\/li><\/ul><\/li><\/ul>\n\n\n\n<p style=\"font-size:20px\">F\u00fcr einen ersten Eindruck \u00fcber den Nutzen des Dokumentenmanagements schauen Sie sich einfach folgendes Video an.<br><\/p>\n\n\n\n<figure class=\"wp-block-video\"><video height=\"1080\" style=\"aspect-ratio: 1920 \/ 1080;\" width=\"1920\" controls src=\"https:\/\/abc-cloud.de\/attina\/f1-hilfe\/wp-content\/uploads\/2022\/04\/ScannerRealV2.mp4\"><\/video><\/figure>\n\n\n\n<p><\/p>\n","protected":false},"excerpt":{"rendered":"<p>Scannerfunktionen und Dokumentenmanagement Das ist unser Brother Scanner und Etikettendrucker. Ob Arbeitsvertr\u00e4ge, A\u00dcVs, Krankmeldungen oder einfache Korrespondenzen mit Ihren Mitarbeitern oder Kunden.Verzichten Sie auf das m\u00fchselige Einsortieren der Dokumente. Mithilfe unseres Scanners und einem QR Code, der bei jedem Dokument hinterlegt werden kann, ersparen Sie sich dieses Einsortieren.Die Dokumente werden automatisch dem richtigen Mitarbeiter \/ [&hellip;]<\/p>\n","protected":false},"author":1,"featured_media":0,"parent":0,"menu_order":0,"comment_status":"closed","ping_status":"closed","template":"","meta":{"footnotes":""},"class_list":["post-632","page","type-page","status-publish","hentry"],"_links":{"self":[{"href":"https:\/\/abc-cloud.de\/attina\/f1-hilfe\/wp-json\/wp\/v2\/pages\/632","targetHints":{"allow":["GET"]}}],"collection":[{"href":"https:\/\/abc-cloud.de\/attina\/f1-hilfe\/wp-json\/wp\/v2\/pages"}],"about":[{"href":"https:\/\/abc-cloud.de\/attina\/f1-hilfe\/wp-json\/wp\/v2\/types\/page"}],"author":[{"embeddable":true,"href":"https:\/\/abc-cloud.de\/attina\/f1-hilfe\/wp-json\/wp\/v2\/users\/1"}],"replies":[{"embeddable":true,"href":"https:\/\/abc-cloud.de\/attina\/f1-hilfe\/wp-json\/wp\/v2\/comments?post=632"}],"version-history":[{"count":6,"href":"https:\/\/abc-cloud.de\/attina\/f1-hilfe\/wp-json\/wp\/v2\/pages\/632\/revisions"}],"predecessor-version":[{"id":1433,"href":"https:\/\/abc-cloud.de\/attina\/f1-hilfe\/wp-json\/wp\/v2\/pages\/632\/revisions\/1433"}],"wp:attachment":[{"href":"https:\/\/abc-cloud.de\/attina\/f1-hilfe\/wp-json\/wp\/v2\/media?parent=632"}],"curies":[{"name":"wp","href":"https:\/\/api.w.org\/{rel}","templated":true}]}}