{"id":652,"date":"2025-04-14T14:50:37","date_gmt":"2025-04-14T12:50:37","guid":{"rendered":"https:\/\/abc-cloud.de\/attina\/f1-hilfe\/?page_id=652"},"modified":"2025-04-14T14:51:28","modified_gmt":"2025-04-14T12:51:28","slug":"haupt-konfiguration","status":"publish","type":"page","link":"https:\/\/abc-cloud.de\/attina\/f1-hilfe\/haupt-konfiguration\/","title":{"rendered":"Haupt-Konfiguration"},"content":{"rendered":"\n<p>In der Hauptkonfiguration k\u00f6nnen Sie z. B. Freidef-Felder in den einzelnen Modulen nach Ihren W\u00fcnschen definieren. <\/p>\n\n\n\n<figure class=\"wp-block-image size-full\"><img loading=\"lazy\" decoding=\"async\" width=\"376\" height=\"409\" src=\"https:\/\/abc-cloud.de\/attina\/f1-hilfe\/wp-content\/uploads\/2025\/02\/image-28.png\" alt=\"\" class=\"wp-image-2242\" srcset=\"https:\/\/abc-cloud.de\/attina\/f1-hilfe\/wp-content\/uploads\/2025\/02\/image-28.png 376w, https:\/\/abc-cloud.de\/attina\/f1-hilfe\/wp-content\/uploads\/2025\/02\/image-28-276x300.png 276w\" sizes=\"auto, (max-width: 376px) 100vw, 376px\" \/><\/figure>\n\n\n\n<p>Jede Ver\u00e4nderung in dieser Konfig ist mit Vorsicht vorzunehmen!! <\/p>\n\n\n\n<p>Das Verstellen von Konfigurationswerten kann zu unvorhergesehenen Programmabbr\u00fcchen oder Programmfehlfunktionen f\u00fchren!<\/p>\n\n\n\n<p>Daher bitten wir Sie, hier nur die von uns in diesem Handbuch vorgestellten Konfigurationspunkte einzustellen.<\/p>\n\n\n\n<p>Alle anderen Konfigurationspunkte sollten ausschlie\u00dflich vom Support-Team der Abc GmbH bearbeitet werden.<\/p>\n\n\n\n<p>Die Konfigurationspunkte, die vom Programmnutzer eingestellt werden k\u00f6nnen sind: <strong>AKQUISEAKTIONEN, AKQUISEKATEGORIEN, LA-ERW, KD-KAT, Freidef AT, Freidef KD, Freidef MA, Firmeninfo (Kundeninfo) und Personeninfo (Mitarbeiterinfo)<\/strong>.<\/p>\n\n\n\n<p><\/p>\n","protected":false},"excerpt":{"rendered":"<p>In der Hauptkonfiguration k\u00f6nnen Sie z. B. Freidef-Felder in den einzelnen Modulen nach Ihren W\u00fcnschen definieren. Jede Ver\u00e4nderung in dieser Konfig ist mit Vorsicht vorzunehmen!! Das Verstellen von Konfigurationswerten kann zu unvorhergesehenen Programmabbr\u00fcchen oder Programmfehlfunktionen f\u00fchren! Daher bitten wir Sie, hier nur die von uns in diesem Handbuch vorgestellten Konfigurationspunkte einzustellen. Alle anderen Konfigurationspunkte sollten [&hellip;]<\/p>\n","protected":false},"author":1,"featured_media":0,"parent":0,"menu_order":0,"comment_status":"closed","ping_status":"closed","template":"","meta":{"footnotes":""},"class_list":["post-652","page","type-page","status-publish","hentry"],"_links":{"self":[{"href":"https:\/\/abc-cloud.de\/attina\/f1-hilfe\/wp-json\/wp\/v2\/pages\/652","targetHints":{"allow":["GET"]}}],"collection":[{"href":"https:\/\/abc-cloud.de\/attina\/f1-hilfe\/wp-json\/wp\/v2\/pages"}],"about":[{"href":"https:\/\/abc-cloud.de\/attina\/f1-hilfe\/wp-json\/wp\/v2\/types\/page"}],"author":[{"embeddable":true,"href":"https:\/\/abc-cloud.de\/attina\/f1-hilfe\/wp-json\/wp\/v2\/users\/1"}],"replies":[{"embeddable":true,"href":"https:\/\/abc-cloud.de\/attina\/f1-hilfe\/wp-json\/wp\/v2\/comments?post=652"}],"version-history":[{"count":7,"href":"https:\/\/abc-cloud.de\/attina\/f1-hilfe\/wp-json\/wp\/v2\/pages\/652\/revisions"}],"predecessor-version":[{"id":2482,"href":"https:\/\/abc-cloud.de\/attina\/f1-hilfe\/wp-json\/wp\/v2\/pages\/652\/revisions\/2482"}],"wp:attachment":[{"href":"https:\/\/abc-cloud.de\/attina\/f1-hilfe\/wp-json\/wp\/v2\/media?parent=652"}],"curies":[{"name":"wp","href":"https:\/\/api.w.org\/{rel}","templated":true}]}}