{"id":715,"date":"2022-05-25T10:29:15","date_gmt":"2022-05-25T08:29:15","guid":{"rendered":"https:\/\/abc-cloud.de\/attina\/f1-hilfe\/?page_id=715"},"modified":"2025-05-12T12:05:36","modified_gmt":"2025-05-12T10:05:36","slug":"bewerberimportliste","status":"publish","type":"page","link":"https:\/\/abc-cloud.de\/attina\/f1-hilfe\/bewerberimportliste\/","title":{"rendered":"Bewerberimport"},"content":{"rendered":"\n<p>Gehen Sie \u00fcber das Men\u00fc in attina: <br><em>Stammdaten &#8211; Bewerberimport<\/em><\/p>\n\n\n\n<figure class=\"wp-block-image size-full is-resized\"><img loading=\"lazy\" decoding=\"async\" width=\"577\" height=\"445\" src=\"https:\/\/abc-cloud.de\/attina\/f1-hilfe\/wp-content\/uploads\/2025\/05\/image.png\" alt=\"\" class=\"wp-image-2532\" style=\"width:332px;height:auto\" srcset=\"https:\/\/abc-cloud.de\/attina\/f1-hilfe\/wp-content\/uploads\/2025\/05\/image.png 577w, https:\/\/abc-cloud.de\/attina\/f1-hilfe\/wp-content\/uploads\/2025\/05\/image-300x231.png 300w\" sizes=\"auto, (max-width: 577px) 100vw, 577px\" \/><\/figure>\n\n\n\n<p class=\"has-normal-font-size\">In diesem Modul haben Sie die M\u00f6glichkeit, die Stammdaten f\u00fcr Bewerber aus verschiedenen Quellen zu importieren. <\/p>\n\n\n\n<p>F\u00fcr mehr Informationen zum Bewerberimport sprechen Sie uns bitte an, wir navigieren Sie gerne durch den Prozess.<\/p>\n","protected":false},"excerpt":{"rendered":"<p>Gehen Sie \u00fcber das Men\u00fc in attina: Stammdaten &#8211; Bewerberimport In diesem Modul haben Sie die M\u00f6glichkeit, die Stammdaten f\u00fcr Bewerber aus verschiedenen Quellen zu importieren. F\u00fcr mehr Informationen zum Bewerberimport sprechen Sie uns bitte an, wir navigieren Sie gerne durch den Prozess.<\/p>\n","protected":false},"author":1,"featured_media":0,"parent":0,"menu_order":0,"comment_status":"closed","ping_status":"closed","template":"","meta":{"footnotes":""},"class_list":["post-715","page","type-page","status-publish","hentry"],"_links":{"self":[{"href":"https:\/\/abc-cloud.de\/attina\/f1-hilfe\/wp-json\/wp\/v2\/pages\/715","targetHints":{"allow":["GET"]}}],"collection":[{"href":"https:\/\/abc-cloud.de\/attina\/f1-hilfe\/wp-json\/wp\/v2\/pages"}],"about":[{"href":"https:\/\/abc-cloud.de\/attina\/f1-hilfe\/wp-json\/wp\/v2\/types\/page"}],"author":[{"embeddable":true,"href":"https:\/\/abc-cloud.de\/attina\/f1-hilfe\/wp-json\/wp\/v2\/users\/1"}],"replies":[{"embeddable":true,"href":"https:\/\/abc-cloud.de\/attina\/f1-hilfe\/wp-json\/wp\/v2\/comments?post=715"}],"version-history":[{"count":7,"href":"https:\/\/abc-cloud.de\/attina\/f1-hilfe\/wp-json\/wp\/v2\/pages\/715\/revisions"}],"predecessor-version":[{"id":2533,"href":"https:\/\/abc-cloud.de\/attina\/f1-hilfe\/wp-json\/wp\/v2\/pages\/715\/revisions\/2533"}],"wp:attachment":[{"href":"https:\/\/abc-cloud.de\/attina\/f1-hilfe\/wp-json\/wp\/v2\/media?parent=715"}],"curies":[{"name":"wp","href":"https:\/\/api.w.org\/{rel}","templated":true}]}}