{"id":756,"date":"2022-05-25T10:54:47","date_gmt":"2022-05-25T08:54:47","guid":{"rendered":"https:\/\/abc-cloud.de\/attina\/f1-hilfe\/?page_id=756"},"modified":"2025-04-15T09:51:55","modified_gmt":"2025-04-15T07:51:55","slug":"lohnarten-kunden-zuschlaege","status":"publish","type":"page","link":"https:\/\/abc-cloud.de\/attina\/f1-hilfe\/lohnarten-kunden-zuschlaege\/","title":{"rendered":"Lohnarten\/Kunden-zuschl\u00e4ge"},"content":{"rendered":"\n<h2 class=\"wp-block-heading has-large-font-size\">Lohnarten und Kundenzuschl\u00e4ge<\/h2>\n\n\n\n<p>In diesem Men\u00fc ist es m\u00f6glich verschiedene Lohnarten &amp; Kundenzuschl\u00e4ge zu definieren.<\/p>\n\n\n\n<p>\u00d6ffnen Sie das Lohnarten-Modul \u00fcber den Pfad: <br>Stammdaten &#8211; Lohnarten u. Kundenzuschl\u00e4ge<br><\/p>\n\n\n\n<figure class=\"wp-block-image size-full is-resized\"><img loading=\"lazy\" decoding=\"async\" width=\"500\" height=\"427\" src=\"https:\/\/abc-cloud.de\/attina\/f1-hilfe\/wp-content\/uploads\/2025\/01\/image-4.png\" alt=\"\" class=\"wp-image-2056\" style=\"width:217px;height:auto\" srcset=\"https:\/\/abc-cloud.de\/attina\/f1-hilfe\/wp-content\/uploads\/2025\/01\/image-4.png 500w, https:\/\/abc-cloud.de\/attina\/f1-hilfe\/wp-content\/uploads\/2025\/01\/image-4-300x256.png 300w\" sizes=\"auto, (max-width: 500px) 100vw, 500px\" \/><\/figure>\n\n\n\n<p id=\"Bezeichnung\"><div class=\"spoiler-wrap\">\n\t\t\t\t<div class=\"spoiler-head folded\">Bezeichnung<\/div>\n\t\t\t\t<div class=\"spoiler-body\"><\/p>\n\n\n\n<h2 class=\"wp-block-heading has-normal-font-size\">Bezeichnung<\/h2>\n\n\n\n<p>Jede Lohnart oder Kundenzuschlag sollte einen eindeutigen, aussagekr\u00e4ftigen Namen bekommen. <\/p>\n\n\n\n<p>Mit Klick auf das Plus &#8222;+&#8220; in der Toolbar k\u00f6nnen Sie neue Lohnarten und Zuschl\u00e4ge hinzuf\u00fcgen. <\/p>\n\n\n\n<figure class=\"wp-block-image size-full\"><img loading=\"lazy\" decoding=\"async\" width=\"949\" height=\"659\" src=\"https:\/\/abc-cloud.de\/attina\/f1-hilfe\/wp-content\/uploads\/2025\/01\/image-6.png\" alt=\"\" class=\"wp-image-2061\" srcset=\"https:\/\/abc-cloud.de\/attina\/f1-hilfe\/wp-content\/uploads\/2025\/01\/image-6.png 949w, https:\/\/abc-cloud.de\/attina\/f1-hilfe\/wp-content\/uploads\/2025\/01\/image-6-300x208.png 300w, https:\/\/abc-cloud.de\/attina\/f1-hilfe\/wp-content\/uploads\/2025\/01\/image-6-768x533.png 768w\" sizes=\"auto, (max-width: 949px) 100vw, 949px\" \/><\/figure>\n\n\n\n<p>Sie k\u00f6nnen auch aus der Liste links im Fenster eine Lohnart aussuchen und  ver\u00e4ndern. Alle \u00c4nderungen werden mit Klick auf den Haken in der Toolbar gespeichert. <\/p>\n\n\n\n<p><\/div>\n\t\t\t<\/div><\/p>\n\n\n\n<p id=\"Export-Schl\u00fcssel\"><div class=\"spoiler-wrap\">\n\t\t\t\t<div class=\"spoiler-head folded\">Export-Schl\u00fcssel<\/div>\n\t\t\t\t<div class=\"spoiler-body\"><\/p>\n\n\n\n<h2 class=\"wp-block-heading has-normal-font-size\">Export-Schl\u00fcssel<\/h2>\n\n\n\n<figure class=\"wp-block-image size-full is-resized\"><img loading=\"lazy\" decoding=\"async\" width=\"393\" height=\"112\" src=\"https:\/\/abc-cloud.de\/attina\/f1-hilfe\/wp-content\/uploads\/2025\/01\/image-7.png\" alt=\"\" class=\"wp-image-2063\" style=\"width:265px;height:auto\" srcset=\"https:\/\/abc-cloud.de\/attina\/f1-hilfe\/wp-content\/uploads\/2025\/01\/image-7.png 393w, https:\/\/abc-cloud.de\/attina\/f1-hilfe\/wp-content\/uploads\/2025\/01\/image-7-300x85.png 300w\" sizes=\"auto, (max-width: 393px) 100vw, 393px\" \/><\/figure>\n\n\n\n<p>Der Export-Schl\u00fcssel dient dem \u201eExportieren\u201c von Daten. Um die Lohnarten &amp; Kundenzuschl\u00e4ge auch in anderen Programmen zu nutzen, muss der Exportschl\u00fcssel eingetragen werden.<\/p>\n\n\n\n<p>In der \u00dcbergabe der Lohnarten an das Lohnsystem, werden bei Export 0,1 Menge und Betrag(teilweise, abh\u00e4ngig von der \u00dcbergabe, auch nur Menge) \u00fcbergeben. Bei 2 werden die Summe und bei 3 die Nettoabz\u00fcge \u00fcbergeben.<br>101 \u00fcbergibt den Betrag * -1, 102 die Summe * -1 und 103 die Menge * -1.<\/p>\n\n\n\n<p><\/div>\n\t\t\t<\/div><\/p>\n\n\n\n<p id=\"Lohnarten-Nummer\"><div class=\"spoiler-wrap\">\n\t\t\t\t<div class=\"spoiler-head folded\">Lohnarten-Nummer<\/div>\n\t\t\t\t<div class=\"spoiler-body\"><\/p>\n\n\n\n<h2 class=\"wp-block-heading has-normal-font-size\">LA-Nummer (Lohnarten-Nummer)<\/h2>\n\n\n\n<figure class=\"wp-block-image size-full is-resized\"><img loading=\"lazy\" decoding=\"async\" width=\"707\" height=\"143\" src=\"https:\/\/abc-cloud.de\/attina\/f1-hilfe\/wp-content\/uploads\/2025\/01\/image-8.png\" alt=\"\" class=\"wp-image-2065\" style=\"width:451px;height:auto\" srcset=\"https:\/\/abc-cloud.de\/attina\/f1-hilfe\/wp-content\/uploads\/2025\/01\/image-8.png 707w, https:\/\/abc-cloud.de\/attina\/f1-hilfe\/wp-content\/uploads\/2025\/01\/image-8-300x61.png 300w\" sizes=\"auto, (max-width: 707px) 100vw, 707px\" \/><\/figure>\n\n\n\n<p>Die Lohnartennummer ist eine eindeutige Nummer die den Arbeitsablauf in Ihrem Betrieb verk\u00fcrzen soll.<br>Diese kann frei definiert werden und dient in Sammellisten dem schnelleren Auffinden der gew\u00fcnschten Lohnart bzw. des Kundenzuschlags.<br>Hier sollte darauf geachtet werden keine doppelten Nummern zu verwenden.<\/p>\n\n\n\n<p><\/div>\n\t\t\t<\/div><\/p>\n\n\n\n<p id=\"Generierung\"><div class=\"spoiler-wrap\">\n\t\t\t\t<div class=\"spoiler-head folded\">Generierung<\/div>\n\t\t\t\t<div class=\"spoiler-body\"><\/p>\n\n\n\n<h2 class=\"wp-block-heading has-normal-font-size\">Generierung<\/h2>\n\n\n\n<figure class=\"wp-block-image size-full is-resized\"><img loading=\"lazy\" decoding=\"async\" width=\"707\" height=\"143\" src=\"https:\/\/abc-cloud.de\/attina\/f1-hilfe\/wp-content\/uploads\/2025\/01\/image-9.png\" alt=\"\" class=\"wp-image-2067\" style=\"width:453px;height:auto\" srcset=\"https:\/\/abc-cloud.de\/attina\/f1-hilfe\/wp-content\/uploads\/2025\/01\/image-9.png 707w, https:\/\/abc-cloud.de\/attina\/f1-hilfe\/wp-content\/uploads\/2025\/01\/image-9-300x61.png 300w\" sizes=\"auto, (max-width: 707px) 100vw, 707px\" \/><\/figure>\n\n\n\n<p>Jede Lohnart oder jeder Kundenzuschlag soll bei einer speziellen Aktion oder in einem vordefinierten Zeitablauf zu gebucht werden.<br>Hierzu dient das Feld Generierung in dem Sie angeben k\u00f6nnen wann die Zubuchung erfolgen soll.<br>Zur Auswahl stehen: arbeitst\u00e4glich, tagesabh\u00e4ngig, 1 x pro Woche, 1 x pro Monat, 1 x pro Auftrag, 1 x pro Einsatzstelle.<\/p>\n\n\n\n<p><\/div>\n\t\t\t<\/div><\/p>\n\n\n\n<p id=\"FiBu-Schl\u00fcssel\"><div class=\"spoiler-wrap\">\n\t\t\t\t<div class=\"spoiler-head folded\">FiBu Schl\u00fcssel<\/div>\n\t\t\t\t<div class=\"spoiler-body\"><\/p>\n\n\n\n<h2 class=\"wp-block-heading has-normal-font-size\">FiBu Schl\u00fcssel<\/h2>\n\n\n\n<p>Auch dieser Schl\u00fcssel dient der Verbindung zu einer Schnittstelle zu einem von Ihnen ausgew\u00e4hlten Finanzbuchhaltungsprogramm. <\/p>\n\n\n\n<p>Den korrekten FiBu-Schl\u00fcssel entnehmen Sie bitte dem Handbuch Ihres FiBu-Programms. <\/p>\n\n\n\n<figure class=\"wp-block-image size-full is-resized\"><img loading=\"lazy\" decoding=\"async\" width=\"379\" height=\"112\" src=\"https:\/\/abc-cloud.de\/attina\/f1-hilfe\/wp-content\/uploads\/2025\/01\/image-10.png\" alt=\"\" class=\"wp-image-2068\" style=\"width:287px;height:auto\" srcset=\"https:\/\/abc-cloud.de\/attina\/f1-hilfe\/wp-content\/uploads\/2025\/01\/image-10.png 379w, https:\/\/abc-cloud.de\/attina\/f1-hilfe\/wp-content\/uploads\/2025\/01\/image-10-300x89.png 300w\" sizes=\"auto, (max-width: 379px) 100vw, 379px\" \/><\/figure>\n\n\n\n<p><\/div>\n\t\t\t<\/div><\/p>\n\n\n\n<p id=\"Wochentage\"><div class=\"spoiler-wrap\">\n\t\t\t\t<div class=\"spoiler-head folded\">Wochentage<\/div>\n\t\t\t\t<div class=\"spoiler-body\"><\/p>\n\n\n\n<h2 class=\"wp-block-heading has-normal-font-size\">Wochentage<\/h2>\n\n\n\n<figure class=\"wp-block-image size-full is-resized\"><img loading=\"lazy\" decoding=\"async\" width=\"249\" height=\"336\" src=\"https:\/\/abc-cloud.de\/attina\/f1-hilfe\/wp-content\/uploads\/2025\/01\/image-11.png\" alt=\"\" class=\"wp-image-2070\" style=\"width:182px;height:auto\" srcset=\"https:\/\/abc-cloud.de\/attina\/f1-hilfe\/wp-content\/uploads\/2025\/01\/image-11.png 249w, https:\/\/abc-cloud.de\/attina\/f1-hilfe\/wp-content\/uploads\/2025\/01\/image-11-222x300.png 222w\" sizes=\"auto, (max-width: 249px) 100vw, 249px\" \/><\/figure>\n\n\n\n<p>In diesem Feld k\u00f6nnen sie anhaken, f\u00fcr welche Wochentage die betreffende Lohnart gelten soll. Nehmen Sie den Haken wieder heraus, wenn die Lohnart an bestimmten Tagen *nicht* gezogen werden soll. <\/p>\n\n\n\n<p><\/div>\n\t\t\t<\/div><\/p>\n\n\n\n<p id=\"Lohnart-ist\"><div class=\"spoiler-wrap\">\n\t\t\t\t<div class=\"spoiler-head folded\">Lohnart ist<\/div>\n\t\t\t\t<div class=\"spoiler-body\"><\/p>\n\n\n\n<h2 class=\"wp-block-heading has-normal-font-size\">Lohnart ist<\/h2>\n\n\n\n<figure class=\"wp-block-image size-full is-resized\"><img loading=\"lazy\" decoding=\"async\" width=\"247\" height=\"362\" src=\"https:\/\/abc-cloud.de\/attina\/f1-hilfe\/wp-content\/uploads\/2025\/01\/image-12.png\" alt=\"\" class=\"wp-image-2072\" style=\"width:164px;height:auto\" srcset=\"https:\/\/abc-cloud.de\/attina\/f1-hilfe\/wp-content\/uploads\/2025\/01\/image-12.png 247w, https:\/\/abc-cloud.de\/attina\/f1-hilfe\/wp-content\/uploads\/2025\/01\/image-12-205x300.png 205w\" sizes=\"auto, (max-width: 247px) 100vw, 247px\" \/><\/figure>\n\n\n\n<p>Im Men\u00fc \u201eLohnart ist\u201c k\u00f6nnen Sie weitere Merkmale zu der Lohnart bestimmen. <\/p>\n\n\n\n<p><\/div>\n\t\t\t<\/div><\/p>\n\n\n\n<p id=\"Generieren-f\u00fcr\"><div class=\"spoiler-wrap\">\n\t\t\t\t<div class=\"spoiler-head folded\">Generieren f\u00fcr<\/div>\n\t\t\t\t<div class=\"spoiler-body\"><\/p>\n\n\n\n<h2 class=\"wp-block-heading has-normal-font-size\">Generieren f\u00fcr<\/h2>\n\n\n\n<figure class=\"wp-block-image size-full is-resized\"><img loading=\"lazy\" decoding=\"async\" width=\"282\" height=\"371\" src=\"https:\/\/abc-cloud.de\/attina\/f1-hilfe\/wp-content\/uploads\/2025\/01\/image-13.png\" alt=\"\" class=\"wp-image-2075\" style=\"width:170px;height:auto\" srcset=\"https:\/\/abc-cloud.de\/attina\/f1-hilfe\/wp-content\/uploads\/2025\/01\/image-13.png 282w, https:\/\/abc-cloud.de\/attina\/f1-hilfe\/wp-content\/uploads\/2025\/01\/image-13-228x300.png 228w\" sizes=\"auto, (max-width: 282px) 100vw, 282px\" \/><\/figure>\n\n\n\n<p>Im Feld \u201eGenerieren f\u00fcr\u201c k\u00f6nnen Sie eine Zubuchung direkt an ein Ereignis koppeln.<br>So ist es z. B. m\u00f6glich, die Lohnart mit allen Auftr\u00e4gen und\/oder anderen Ereignissen zu verkn\u00fcpfen. <br>Bei der Fakturierung wird diese Zubuchung dann automatisch dem ausgew\u00e4hlten Ereignis hinzugebucht.<\/p>\n\n\n\n<p><\/div>\n\t\t\t<\/div><\/p>\n\n\n\n<p id=\"Abh\u00e4ngig-von\"><div class=\"spoiler-wrap\">\n\t\t\t\t<div class=\"spoiler-head folded\">Abh\u00e4ngig von<\/div>\n\t\t\t\t<div class=\"spoiler-body\"><\/p>\n\n\n\n<h2 class=\"wp-block-heading has-normal-font-size\">Abh\u00e4ngig von<\/h2>\n\n\n\n<figure class=\"wp-block-image size-full is-resized\"><img loading=\"lazy\" decoding=\"async\" width=\"336\" height=\"535\" src=\"https:\/\/abc-cloud.de\/attina\/f1-hilfe\/wp-content\/uploads\/2025\/01\/image-14.png\" alt=\"\" class=\"wp-image-2077\" style=\"width:194px;height:auto\" srcset=\"https:\/\/abc-cloud.de\/attina\/f1-hilfe\/wp-content\/uploads\/2025\/01\/image-14.png 336w, https:\/\/abc-cloud.de\/attina\/f1-hilfe\/wp-content\/uploads\/2025\/01\/image-14-188x300.png 188w\" sizes=\"auto, (max-width: 336px) 100vw, 336px\" \/><\/figure>\n\n\n\n<p><br>Je nach Auswahl sind die Eingabefelder unterschiedlich.<br>Soll die Lohnart z. B. f\u00fcr einen gewissen Zeitraum gelten, so markieren Sie &#8222;Uhrzeit&#8220; und geben Sie den Zeitraum an (Beispiel LA Nachtschicht: gilt von 22 Uhr bis 6 Uhr). <br>Wird das \u201evon\u201c Feld leer gelassen folgert das Attina daraus den Wert \u201e0\u201c.<\/p>\n\n\n\n<p><\/div>\n\t\t\t<\/div><\/p>\n\n\n\n<p id=\"Einheit\"><div class=\"spoiler-wrap\">\n\t\t\t\t<div class=\"spoiler-head folded\">Einheit<\/div>\n\t\t\t\t<div class=\"spoiler-body\"><\/p>\n\n\n\n<h2 class=\"wp-block-heading has-normal-font-size\">Einheit<\/h2>\n\n\n\n<p>Bei der Einstellung \u201eEinheit\u201c ist es nun m\u00f6glich die eigentliche Zuzahlung zu definieren.<br>Hier kann ein Prozentsatz in Abh\u00e4ngigkeit vom Lohn des Mitarbeiters im Feld \u201eProzent\u201c, wie auch ein Festbetrag im Feld \u201eBetrag\u201c eingegeben werden.<br>Auch ist es m\u00f6glich diesen Prozentsatz oder Betrag als \u201eEinmalzahlung\u201c zu deklarieren oder auch in der endg\u00fcltigen Rechnung aufzuf\u00fchren wenn die Summe der Zuzahlung 0 betr\u00e4gt.<br>Hierzu aktivieren Sie die betreffenden K\u00e4stchen.<\/p>\n\n\n\n<figure class=\"wp-block-image size-full\"><a href=\"https:\/\/abc-cloud.de\/attina\/f1-hilfe\/wp-content\/uploads\/2022\/05\/LK11.png\"><img loading=\"lazy\" decoding=\"async\" width=\"174\" height=\"134\" src=\"https:\/\/abc-cloud.de\/attina\/f1-hilfe\/wp-content\/uploads\/2022\/05\/LK11.png\" alt=\"\" class=\"wp-image-767\" \/><\/a><\/figure>\n\n\n\n<p><\/div>\n\t\t\t<\/div><\/p>\n\n\n\n<p id=\"Verf\u00fcgbar-f\u00fcr\"><div class=\"spoiler-wrap\">\n\t\t\t\t<div class=\"spoiler-head folded\">Verf\u00fcgbar f\u00fcr<\/div>\n\t\t\t\t<div class=\"spoiler-body\"><\/p>\n\n\n\n<h2 class=\"wp-block-heading has-normal-font-size\">Verf\u00fcgbar f\u00fcr<\/h2>\n\n\n\n<p>In den Feldern \u201eVerf\u00fcgbar f\u00fcr\u201c k\u00f6nnen sie definieren ob die Lohnart oder der Kundenzuschlag f\u00fcr eine bestimmte Gruppe bestimmt ist.<br>Falls die Lohnart f\u00fcr Mitarbeiter bestimmt ist und bei einer Neuanlage eines Mitarbeiters in Kraft tritt, aktivieren Sie die selbsterkl\u00e4renden Felder.<br>Ist die Lohnart bzw. der Kundenzuschlag f\u00fcr einen Kunden bestimmt und soll er auch zutreffen bei einer Neuanlage eines Kunden, aktivieren Sie die K\u00e4stchen \u201eKunden\u201c &amp; \u201eBei Neuanlage zuordnen\u201c.<\/p>\n\n\n\n<figure class=\"wp-block-image size-full\"><a href=\"https:\/\/abc-cloud.de\/attina\/f1-hilfe\/wp-content\/uploads\/2022\/05\/LK12.png\"><img loading=\"lazy\" decoding=\"async\" width=\"175\" height=\"134\" src=\"https:\/\/abc-cloud.de\/attina\/f1-hilfe\/wp-content\/uploads\/2022\/05\/LK12.png\" alt=\"\" class=\"wp-image-768\" \/><\/a><\/figure>\n\n\n\n<p><\/div>\n\t\t\t<\/div><\/p>\n\n\n\n<p id=\"Berechnungsbasis\"><div class=\"spoiler-wrap\">\n\t\t\t\t<div class=\"spoiler-head folded\">Berechnungsbasis<\/div>\n\t\t\t\t<div class=\"spoiler-body\"><\/p>\n\n\n\n<h2 class=\"wp-block-heading has-normal-font-size\">Berechnungsbasis<\/h2>\n\n\n\n<p>Hier kann dem Lohnzuschlag bzw. der Kundenzuschlag eine Berechnungsbasis zugeordnet werden.<br>Bitte aktivieren Sie eines der beiden K\u00e4stchen sofern der Lohnzuschlag bzw. Kundenzuschlag auf einem \u201eNormallohn\/Verechnungssatz\u201c oder auf einem \u201e\u00dcberstundenlohn\/\u00dcberstundensatz\u201c basiert.<\/p>\n\n\n\n<figure class=\"wp-block-image size-full\"><a href=\"https:\/\/abc-cloud.de\/attina\/f1-hilfe\/wp-content\/uploads\/2022\/05\/LK13.png\"><img loading=\"lazy\" decoding=\"async\" width=\"291\" height=\"78\" src=\"https:\/\/abc-cloud.de\/attina\/f1-hilfe\/wp-content\/uploads\/2022\/05\/LK13.png\" alt=\"\" class=\"wp-image-769\" \/><\/a><\/figure>\n\n\n\n<p><\/div>\n\t\t\t<\/div><\/p>\n\n\n\n<p id=\"Tarifzuschlagsberechnung\"><div class=\"spoiler-wrap\">\n\t\t\t\t<div class=\"spoiler-head folded\">Tarifzuschlagsberechnung<\/div>\n\t\t\t\t<div class=\"spoiler-body\"><\/p>\n\n\n\n<h2 class=\"wp-block-heading has-normal-font-size\">Tarifzuschlagsberechnung<\/h2>\n\n\n\n<p>Neben der Angabe der Zuschlagssumme ist es auch noch m\u00f6glich eine Tarifzuschlagsberechnung einzubeziehen. Die Tarife werden zu einem sp\u00e4teren Zeitpunkt in dieser Anleitung behandelt, jedoch ist es bereits hier m\u00f6glich den Zuschlag an einen Standardtarifsatz, vordefinierte Tarife oder keinen Tarif zu binden.<\/p>\n\n\n\n<p><strong>Standard:<\/strong> bei der Berechnung wird der Tarifzuschlag einbezogen wenn der Wert, bedingt durch eine \u00e4ltere Lohnart, gleich 0 ist.<\/p>\n\n\n\n<p><strong>Einbeziehen:<\/strong> wie Standard<\/p>\n\n\n\n<p><strong>Auslassen:<\/strong> der Tarifzuschlag wird nicht mit in die Berechnung einbezogen.<br>Beispiel: f\u00fcr eine Zuschlagsberechnung soll nur der tats\u00e4chliche Tariflohn und nicht die au\u00dfertarifliche Zulage ber\u00fccksichtigt werden.<\/p>\n\n\n\n<p>Bitte aktivieren sie das dementsprechende K\u00e4stchen.<\/p>\n\n\n\n<figure class=\"wp-block-image size-full\"><a href=\"https:\/\/abc-cloud.de\/attina\/f1-hilfe\/wp-content\/uploads\/2022\/05\/LK14.png\"><img loading=\"lazy\" decoding=\"async\" width=\"291\" height=\"58\" src=\"https:\/\/abc-cloud.de\/attina\/f1-hilfe\/wp-content\/uploads\/2022\/05\/LK14.png\" alt=\"\" class=\"wp-image-770\" \/><\/a><\/figure>\n\n\n\n<p><\/div>\n\t\t\t<\/div><\/p>\n\n\n\n<p id=\"Rechnungstext\"><div class=\"spoiler-wrap\">\n\t\t\t\t<div class=\"spoiler-head folded\">Rechnungstext<\/div>\n\t\t\t\t<div class=\"spoiler-body\"><\/p>\n\n\n\n<h2 class=\"wp-block-heading has-normal-font-size\">Rechnungstext<\/h2>\n\n\n\n<p>Im Feld Rechnungstext k\u00f6nnen Sie frei definieren wie die Position \u201eLohnart &amp; Kundenzuschlag\u201c in der Rechnung erscheinen soll.<br>Geben Sie hier den Text an der in Ihrer Rechnung aufgelistet werden soll.<br>Standardm\u00e4\u00dfig steht hier die von Ihnen oben angegebene Bezeichnung.<\/p>\n\n\n\n<figure class=\"wp-block-image size-full\"><a href=\"https:\/\/abc-cloud.de\/attina\/f1-hilfe\/wp-content\/uploads\/2022\/05\/LK15-300x27-1.png\"><img loading=\"lazy\" decoding=\"async\" width=\"300\" height=\"27\" src=\"https:\/\/abc-cloud.de\/attina\/f1-hilfe\/wp-content\/uploads\/2022\/05\/LK15-300x27-1.png\" alt=\"\" class=\"wp-image-771\" \/><\/a><\/figure>\n\n\n\n<h2 class=\"wp-block-heading has-normal-font-size\"><strong>Lohnarten in der Fakturierung<\/strong><\/h2>\n\n\n\n<figure class=\"wp-block-image size-full\"><a href=\"https:\/\/abc-cloud.de\/attina\/f1-hilfe\/wp-content\/uploads\/2022\/05\/Unbenannt-300x130-1.png\"><img loading=\"lazy\" decoding=\"async\" width=\"300\" height=\"130\" src=\"https:\/\/abc-cloud.de\/attina\/f1-hilfe\/wp-content\/uploads\/2022\/05\/Unbenannt-300x130-1.png\" alt=\"\" class=\"wp-image-772\" \/><\/a><\/figure>\n\n\n\n<p>Damit in so einem Fall zum Beispiel ab 0 Uhr der Sonntagszuschlag gezahlt wird, ganz gleich ob der Prozentsatz verschieden ist oder nicht, m\u00fcssen die Tage wie folgt aufgeteilt werden:<\/p>\n\n\n\n<figure class=\"wp-block-image size-full\"><a href=\"https:\/\/abc-cloud.de\/attina\/f1-hilfe\/wp-content\/uploads\/2022\/05\/Unbenannt1-300x150-1.png\"><img loading=\"lazy\" decoding=\"async\" width=\"300\" height=\"150\" src=\"https:\/\/abc-cloud.de\/attina\/f1-hilfe\/wp-content\/uploads\/2022\/05\/Unbenannt1-300x150-1.png\" alt=\"\" class=\"wp-image-773\" \/><\/a><\/figure>\n\n\n\n<p>Statt von 22:00 Uhr \u2013 06:00 Uhr muss man angeben, dass der Mitarbeiter Samstag von 22:00 Uhr \u2013 00:00 Uhr gearbeitet hat und Sontag von 00:00 Uhr bis 06:00 Uhr<\/p>\n\n\n\n<p>Das gleiche gilt f\u00fcr alle weiteren Lohnarten die sich auf einen Tages wechsel beziehen.<\/p>\n\n\n\n<p><\/div>\n\t\t\t<\/div><\/p>\n","protected":false},"excerpt":{"rendered":"<p>Lohnarten und Kundenzuschl\u00e4ge In diesem Men\u00fc ist es m\u00f6glich verschiedene Lohnarten &amp; Kundenzuschl\u00e4ge zu definieren. \u00d6ffnen Sie das Lohnarten-Modul \u00fcber den Pfad: Stammdaten &#8211; Lohnarten u. Kundenzuschl\u00e4ge<\/p>\n","protected":false},"author":1,"featured_media":0,"parent":0,"menu_order":0,"comment_status":"closed","ping_status":"closed","template":"","meta":{"footnotes":""},"class_list":["post-756","page","type-page","status-publish","hentry"],"_links":{"self":[{"href":"https:\/\/abc-cloud.de\/attina\/f1-hilfe\/wp-json\/wp\/v2\/pages\/756","targetHints":{"allow":["GET"]}}],"collection":[{"href":"https:\/\/abc-cloud.de\/attina\/f1-hilfe\/wp-json\/wp\/v2\/pages"}],"about":[{"href":"https:\/\/abc-cloud.de\/attina\/f1-hilfe\/wp-json\/wp\/v2\/types\/page"}],"author":[{"embeddable":true,"href":"https:\/\/abc-cloud.de\/attina\/f1-hilfe\/wp-json\/wp\/v2\/users\/1"}],"replies":[{"embeddable":true,"href":"https:\/\/abc-cloud.de\/attina\/f1-hilfe\/wp-json\/wp\/v2\/comments?post=756"}],"version-history":[{"count":21,"href":"https:\/\/abc-cloud.de\/attina\/f1-hilfe\/wp-json\/wp\/v2\/pages\/756\/revisions"}],"predecessor-version":[{"id":2488,"href":"https:\/\/abc-cloud.de\/attina\/f1-hilfe\/wp-json\/wp\/v2\/pages\/756\/revisions\/2488"}],"wp:attachment":[{"href":"https:\/\/abc-cloud.de\/attina\/f1-hilfe\/wp-json\/wp\/v2\/media?parent=756"}],"curies":[{"name":"wp","href":"https:\/\/api.w.org\/{rel}","templated":true}]}}