{"id":775,"date":"2022-05-25T10:18:24","date_gmt":"2022-05-25T08:18:24","guid":{"rendered":"https:\/\/abc-cloud.de\/attina\/f1-hilfe\/?page_id=775"},"modified":"2025-01-22T16:08:15","modified_gmt":"2025-01-22T15:08:15","slug":"artikel","status":"publish","type":"page","link":"https:\/\/abc-cloud.de\/attina\/f1-hilfe\/artikel\/","title":{"rendered":"Artikel"},"content":{"rendered":"\n<h2 class=\"wp-block-heading has-large-font-size\">Artikelverwaltung<\/h2>\n\n\n\n<p>Um dahin zu gelangen, gehen Sie \u00fcber das attina Men\u00fc:<br><em>Stammdaten &#8211; Artikel <\/em><\/p>\n\n\n\n<figure class=\"wp-block-image size-full is-resized\"><img loading=\"lazy\" decoding=\"async\" width=\"488\" height=\"409\" src=\"https:\/\/abc-cloud.de\/attina\/f1-hilfe\/wp-content\/uploads\/2025\/01\/image-28.png\" alt=\"\" class=\"wp-image-2175\" style=\"width:223px;height:auto\" srcset=\"https:\/\/abc-cloud.de\/attina\/f1-hilfe\/wp-content\/uploads\/2025\/01\/image-28.png 488w, https:\/\/abc-cloud.de\/attina\/f1-hilfe\/wp-content\/uploads\/2025\/01\/image-28-300x251.png 300w\" sizes=\"auto, (max-width: 488px) 100vw, 488px\" \/><\/figure>\n\n\n\n<p>Um z. B. in einer Rechnung Artikel hinzuf\u00fcgen zu k\u00f6nnen, definieren Sie bitte in diesem Modul alles n\u00f6tige zu den einzelnen Artikeln.<\/p>\n\n\n\n<figure class=\"wp-block-image size-full\"><img loading=\"lazy\" decoding=\"async\" width=\"949\" height=\"545\" src=\"https:\/\/abc-cloud.de\/attina\/f1-hilfe\/wp-content\/uploads\/2025\/01\/image-27.png\" alt=\"\" class=\"wp-image-2174\" srcset=\"https:\/\/abc-cloud.de\/attina\/f1-hilfe\/wp-content\/uploads\/2025\/01\/image-27.png 949w, https:\/\/abc-cloud.de\/attina\/f1-hilfe\/wp-content\/uploads\/2025\/01\/image-27-300x172.png 300w, https:\/\/abc-cloud.de\/attina\/f1-hilfe\/wp-content\/uploads\/2025\/01\/image-27-768x441.png 768w\" sizes=\"auto, (max-width: 949px) 100vw, 949px\" \/><\/figure>\n\n\n\n<p>Mit dem dicken Plus &#8222;+&#8220; f\u00fcgen Sie Artikel hinzu, mit dem Minus &#8222;-&#8220; entfernen Sie Eintr\u00e4ge aus der Liste. Sobald Sie neue Eintr\u00e4ge erstellt haben, oder an bestehenden Eintr\u00e4gen \u00c4nderungen vorgenommen haben, speichern Sie diese bitte unbedingt mit dem H\u00e4kchen ab. <\/p>\n\n\n\n<p>Rechts im Fenster finden Sie allerlei M\u00f6glichkeiten um Ihre Artikel zu definieren. Vergeben Sie Artikelnummern, legen Sie Preise fest, ordnen Sie Ihre Artikel verschiedenen Konten zu. <\/p>\n","protected":false},"excerpt":{"rendered":"<p>Artikelverwaltung Um dahin zu gelangen, gehen Sie \u00fcber das attina Men\u00fc:Stammdaten &#8211; Artikel Um z. B. in einer Rechnung Artikel hinzuf\u00fcgen zu k\u00f6nnen, definieren Sie bitte in diesem Modul alles n\u00f6tige zu den einzelnen Artikeln. Mit dem dicken Plus &#8222;+&#8220; f\u00fcgen Sie Artikel hinzu, mit dem Minus &#8222;-&#8220; entfernen Sie Eintr\u00e4ge aus der Liste. Sobald [&hellip;]<\/p>\n","protected":false},"author":1,"featured_media":0,"parent":0,"menu_order":0,"comment_status":"closed","ping_status":"closed","template":"","meta":{"footnotes":""},"class_list":["post-775","page","type-page","status-publish","hentry"],"_links":{"self":[{"href":"https:\/\/abc-cloud.de\/attina\/f1-hilfe\/wp-json\/wp\/v2\/pages\/775","targetHints":{"allow":["GET"]}}],"collection":[{"href":"https:\/\/abc-cloud.de\/attina\/f1-hilfe\/wp-json\/wp\/v2\/pages"}],"about":[{"href":"https:\/\/abc-cloud.de\/attina\/f1-hilfe\/wp-json\/wp\/v2\/types\/page"}],"author":[{"embeddable":true,"href":"https:\/\/abc-cloud.de\/attina\/f1-hilfe\/wp-json\/wp\/v2\/users\/1"}],"replies":[{"embeddable":true,"href":"https:\/\/abc-cloud.de\/attina\/f1-hilfe\/wp-json\/wp\/v2\/comments?post=775"}],"version-history":[{"count":4,"href":"https:\/\/abc-cloud.de\/attina\/f1-hilfe\/wp-json\/wp\/v2\/pages\/775\/revisions"}],"predecessor-version":[{"id":2176,"href":"https:\/\/abc-cloud.de\/attina\/f1-hilfe\/wp-json\/wp\/v2\/pages\/775\/revisions\/2176"}],"wp:attachment":[{"href":"https:\/\/abc-cloud.de\/attina\/f1-hilfe\/wp-json\/wp\/v2\/media?parent=775"}],"curies":[{"name":"wp","href":"https:\/\/api.w.org\/{rel}","templated":true}]}}