{"id":788,"date":"2022-05-11T13:36:55","date_gmt":"2022-05-11T11:36:55","guid":{"rendered":"https:\/\/abc-cloud.de\/attina\/f1-hilfe\/?page_id=788"},"modified":"2025-01-21T09:30:12","modified_gmt":"2025-01-21T08:30:12","slug":"opos","status":"publish","type":"page","link":"https:\/\/abc-cloud.de\/attina\/f1-hilfe\/opos\/","title":{"rendered":"Offene Posten &#8222;Opos&#8220; &#8211; und mehr&#8230;"},"content":{"rendered":"\n<p><\/p>\n\n\n\n<p>Um sich alle offenen Posten, die Sie vielleicht anmahnen m\u00fcssen, anzeigen zu lassen, klicken SIe bitte im attina-Man\u00fc auf Finanzen und dann Opos (=offene Posten). Allerdings kann Ihnen diese Liste jegliche Rechnungen anzeigen, die sie jemals erstellt haben. <br><strong>Sie finden diese Liste unter: Finanzen &#8211; Opos <\/strong><\/p>\n\n\n\n<figure class=\"wp-block-image size-full\"><a href=\"https:\/\/abc-cloud.de\/attina\/f1-hilfe\/wp-content\/uploads\/2022\/05\/Opos1-300x190-1.png\"><img loading=\"lazy\" decoding=\"async\" width=\"300\" height=\"190\" src=\"https:\/\/abc-cloud.de\/attina\/f1-hilfe\/wp-content\/uploads\/2022\/05\/Opos1-300x190-1.png\" alt=\"\" class=\"wp-image-789\"\/><\/a><\/figure>\n\n\n\n<h2 class=\"wp-block-heading has-normal-font-size\">Offene Posten<\/h2>\n\n\n\n<p>Es besteht die M\u00f6glichkeit die Filterregeln f\u00fcr einzelne Monate des aktuellen Jahres, des kompletten Vorjahres oder auch manuelle Angaben zu machen.<br>Des Weiteren kann man sich die offenen Posten einer bestimmten Firma anzeigen lassen.<br>Hierzu klicken Sie in eine der Zeilen in der die entsprechende Firma angezeigt wird. Danach klicken Sie links oben auf den Schalter \u201eAlle\/Nur diese Firma\u201c. Beim ersten Anklicken erscheint nun die von Ihnen ausgew\u00e4hlte Firma, beim 2ten Anklicken wird wieder die komplette Liste ohne Filter angezeigt.<br>Das Auswahlfeld neben dem Schalter \u201eAlle\/Nur diese Firma\u201c kann zur weiteren Filterung benutzt werden. Hier besteht die M\u00f6glichkeit jeden Monat des aktuellen Jahres zu Filtern oder die kompletten offenen Posten des Vorjahres anzuschauen.<\/p>\n\n\n\n<figure class=\"wp-block-image size-large is-resized\"><a href=\"https:\/\/abc-cloud.de\/attina\/f1-hilfe\/wp-content\/uploads\/2022\/09\/Screenshot-Opos-w.webp\"><img loading=\"lazy\" decoding=\"async\" width=\"1024\" height=\"506\" src=\"https:\/\/abc-cloud.de\/attina\/f1-hilfe\/wp-content\/uploads\/2022\/09\/Screenshot-Opos-w-1024x506.webp\" alt=\"\" class=\"wp-image-1282\" style=\"width:708px;height:349px\" srcset=\"https:\/\/abc-cloud.de\/attina\/f1-hilfe\/wp-content\/uploads\/2022\/09\/Screenshot-Opos-w-1024x506.webp 1024w, https:\/\/abc-cloud.de\/attina\/f1-hilfe\/wp-content\/uploads\/2022\/09\/Screenshot-Opos-w-300x148.webp 300w, https:\/\/abc-cloud.de\/attina\/f1-hilfe\/wp-content\/uploads\/2022\/09\/Screenshot-Opos-w-768x379.webp 768w, https:\/\/abc-cloud.de\/attina\/f1-hilfe\/wp-content\/uploads\/2022\/09\/Screenshot-Opos-w-1536x758.webp 1536w, https:\/\/abc-cloud.de\/attina\/f1-hilfe\/wp-content\/uploads\/2022\/09\/Screenshot-Opos-w-1200x592.webp 1200w, https:\/\/abc-cloud.de\/attina\/f1-hilfe\/wp-content\/uploads\/2022\/09\/Screenshot-Opos-w.webp 1916w\" sizes=\"auto, (max-width: 1024px) 100vw, 1024px\" \/><\/a><\/figure>\n\n\n\n<p>Um die Filterregelung einzustellen, klicken Sie hierzu auf das Feld \u201eManuelle Einstellungen\u201c und es \u00f6ffnet sich ein weiteres Fenster in dem Sie Filterregeln einstellen k\u00f6nnen.<\/p>\n\n\n\n<figure class=\"wp-block-image size-full\"><img loading=\"lazy\" decoding=\"async\" width=\"408\" height=\"54\" src=\"https:\/\/abc-cloud.de\/attina\/f1-hilfe\/wp-content\/uploads\/2024\/08\/image-58.png\" alt=\"\" class=\"wp-image-1949\" srcset=\"https:\/\/abc-cloud.de\/attina\/f1-hilfe\/wp-content\/uploads\/2024\/08\/image-58.png 408w, https:\/\/abc-cloud.de\/attina\/f1-hilfe\/wp-content\/uploads\/2024\/08\/image-58-300x40.png 300w\" sizes=\"auto, (max-width: 408px) 100vw, 408px\" \/><\/figure>\n\n\n\n<p><br>Neben der Einstellung eines Zeitfensters in dem Sie das Anfangs- und Enddatum eingeben k\u00f6nnen, ist es m\u00f6glich auch bereits erledigte Rechnungen anzuzeigen in dem Sie das K\u00e4stchen \u201eErledigte anzeigen\u201c markieren.<br>Auch k\u00f6nnen Sie nach F\u00e4lligkeitsdatum aussortieren oder einen bestimmten Kunden, den Dokumententyp oder die Zahlungsbedingungen angeben um eine von Ihnen spezifizierte Liste zu erhalten.<br>Eine Kombinationsm\u00f6glichkeit der einzelnen Filter ist ebenfalls m\u00f6glich um eine detaillierte Liste zu erhalten.<\/p>\n\n\n\n<figure class=\"wp-block-image size-full\"><a href=\"https:\/\/abc-cloud.de\/attina\/f1-hilfe\/wp-content\/uploads\/2022\/05\/Opos3-252x300-1.png\"><img loading=\"lazy\" decoding=\"async\" width=\"252\" height=\"300\" src=\"https:\/\/abc-cloud.de\/attina\/f1-hilfe\/wp-content\/uploads\/2022\/05\/Opos3-252x300-1.png\" alt=\"\" class=\"wp-image-791\"\/><\/a><\/figure>\n\n\n\n<p>Sobald Sie das Fenster mit dem Schalter \u201eOK\u201c best\u00e4tigen erhalten Sie die Liste der ausgew\u00e4hlten Optionen.<br>Am unteren Fensterrand der Liste k\u00f6nnen Sie dann die noch offene Summe erkennen und bestimmte Posten markieren. Nach dem Klick auf das Summenzeichen werden diese dann ebenfalls angezeigt.<\/p>\n\n\n\n<figure class=\"wp-block-image size-full\"><a href=\"https:\/\/abc-cloud.de\/attina\/f1-hilfe\/wp-content\/uploads\/2022\/05\/Opos4-300x237-1.png\"><img loading=\"lazy\" decoding=\"async\" width=\"300\" height=\"237\" src=\"https:\/\/abc-cloud.de\/attina\/f1-hilfe\/wp-content\/uploads\/2022\/05\/Opos4-300x237-1.png\" alt=\"\" class=\"wp-image-792\"\/><\/a><\/figure>\n\n\n\n<p>In der \u201eOffenen Posten\u201c Liste ist es dann auch m\u00f6glich Mahnungen zu erstellen.<br>Sobald Sie eine Mahnung erstellen m\u00f6chten markieren Sie den jeweiligen Eintrag und klicken Sie im oberen rechten Fensterbereich auf den Schalter \u201eMahnungen erstellen\u201c.<\/p>\n\n\n\n<p>Nun wird die Mahnung erstellt und das Fenster \u201eMahnliste\u201c wird ge\u00f6ffnet.<\/p>\n\n\n\n<p>Auch Zahlungseing\u00e4nge k\u00f6nnen in der Tabelle der offenen Posten verbucht werden.<br>W\u00e4hlen Sie mit der rechten Maustaste die Position(en) f\u00fcr den Zahlungseingang aus. Es k\u00f6nnen auch mit der STRG-Taste mehrere Rechnungen zum Zahlungseingang ausgew\u00e4hlt werden. Diese folgen dann in einem Stapel.<\/p>\n\n\n\n<p>Nun folgt ein Zahlungsdialog in dem Sie das Konto (Beispiel Bank A oder Bank B) und tippen den Betrag ein bzw. bei \u00dcbereinstimmung best\u00e4tigen Sie mit OK: Das Zahldatum, neben dem Betrag, kann ge\u00e4ndert werden und bleibt bis zum n\u00e4chsten Zahlungseingang als Standardwert. Abweichende Betr\u00e4ge k\u00f6nnen ebenfalls eingetragen werden.<\/p>\n\n\n\n<figure class=\"wp-block-image size-full\"><a href=\"https:\/\/abc-cloud.de\/attina\/f1-hilfe\/wp-content\/uploads\/2022\/05\/Opos5.png\"><img loading=\"lazy\" decoding=\"async\" width=\"300\" height=\"250\" src=\"https:\/\/abc-cloud.de\/attina\/f1-hilfe\/wp-content\/uploads\/2022\/05\/Opos5.png\" alt=\"\" class=\"wp-image-801\"\/><\/a><\/figure>\n\n\n\n<p><\/p>\n","protected":false},"excerpt":{"rendered":"<p>Um sich alle offenen Posten, die Sie vielleicht anmahnen m\u00fcssen, anzeigen zu lassen, klicken SIe bitte im attina-Man\u00fc auf Finanzen und dann Opos (=offene Posten). Allerdings kann Ihnen diese Liste jegliche Rechnungen anzeigen, die sie jemals erstellt haben. Sie finden diese Liste unter: Finanzen &#8211; Opos Offene Posten Es besteht die M\u00f6glichkeit die Filterregeln f\u00fcr [&hellip;]<\/p>\n","protected":false},"author":1,"featured_media":0,"parent":0,"menu_order":0,"comment_status":"closed","ping_status":"closed","template":"","meta":{"footnotes":""},"class_list":["post-788","page","type-page","status-publish","hentry"],"_links":{"self":[{"href":"https:\/\/abc-cloud.de\/attina\/f1-hilfe\/wp-json\/wp\/v2\/pages\/788","targetHints":{"allow":["GET"]}}],"collection":[{"href":"https:\/\/abc-cloud.de\/attina\/f1-hilfe\/wp-json\/wp\/v2\/pages"}],"about":[{"href":"https:\/\/abc-cloud.de\/attina\/f1-hilfe\/wp-json\/wp\/v2\/types\/page"}],"author":[{"embeddable":true,"href":"https:\/\/abc-cloud.de\/attina\/f1-hilfe\/wp-json\/wp\/v2\/users\/1"}],"replies":[{"embeddable":true,"href":"https:\/\/abc-cloud.de\/attina\/f1-hilfe\/wp-json\/wp\/v2\/comments?post=788"}],"version-history":[{"count":8,"href":"https:\/\/abc-cloud.de\/attina\/f1-hilfe\/wp-json\/wp\/v2\/pages\/788\/revisions"}],"predecessor-version":[{"id":2104,"href":"https:\/\/abc-cloud.de\/attina\/f1-hilfe\/wp-json\/wp\/v2\/pages\/788\/revisions\/2104"}],"wp:attachment":[{"href":"https:\/\/abc-cloud.de\/attina\/f1-hilfe\/wp-json\/wp\/v2\/media?parent=788"}],"curies":[{"name":"wp","href":"https:\/\/api.w.org\/{rel}","templated":true}]}}