{"id":803,"date":"2022-05-25T12:59:26","date_gmt":"2022-05-25T10:59:26","guid":{"rendered":"https:\/\/abc-cloud.de\/attina\/f1-hilfe\/?page_id=803"},"modified":"2022-09-28T16:02:44","modified_gmt":"2022-09-28T14:02:44","slug":"zahlungseingangsliste","status":"publish","type":"page","link":"https:\/\/abc-cloud.de\/attina\/f1-hilfe\/zahlungseingangsliste\/","title":{"rendered":"Zahlungseingangsliste"},"content":{"rendered":"\n<h2 class=\"has-large-font-size wp-block-heading\">Zahlungseingang<\/h2>\n\n\n\n<p>Die Zahlungseingangsliste soll Ihnen einen \u00dcberblick \u00fcber bereits verbuchte Zahlungseing\u00e4nge verschaffen.<\/p>\n\n\n\n<h2 class=\"has-normal-font-size wp-block-heading\">Anzeige des Zahlungseingangs<\/h2>\n\n\n\n<p>Im oberen Bereich des Fensters ist es in der Toolbar m\u00f6glich verschiedene Anzeigefilter zu benutzen.<br>Neben der Suchfunktion im Feld suchen k\u00f6nnen Sie sich lediglich bestimmte Firmen, bestimmte Zeitabschnitte, Rechnungsnummern oder Auftr\u00e4gen anzeigen lassen.<\/p>\n\n\n\n<figure class=\"wp-block-image size-large is-resized\"><a href=\"https:\/\/abc-cloud.de\/attina\/f1-hilfe\/wp-content\/uploads\/2022\/09\/Screenshot-Zahlungseingaenge-w.webp\"><img loading=\"lazy\" decoding=\"async\" src=\"https:\/\/abc-cloud.de\/attina\/f1-hilfe\/wp-content\/uploads\/2022\/09\/Screenshot-Zahlungseingaenge-w-1024x278.webp\" alt=\"\" class=\"wp-image-1287\" width=\"883\" height=\"239\" srcset=\"https:\/\/abc-cloud.de\/attina\/f1-hilfe\/wp-content\/uploads\/2022\/09\/Screenshot-Zahlungseingaenge-w-1024x278.webp 1024w, https:\/\/abc-cloud.de\/attina\/f1-hilfe\/wp-content\/uploads\/2022\/09\/Screenshot-Zahlungseingaenge-w-300x81.webp 300w, https:\/\/abc-cloud.de\/attina\/f1-hilfe\/wp-content\/uploads\/2022\/09\/Screenshot-Zahlungseingaenge-w-768x208.webp 768w, https:\/\/abc-cloud.de\/attina\/f1-hilfe\/wp-content\/uploads\/2022\/09\/Screenshot-Zahlungseingaenge-w-1200x326.webp 1200w, https:\/\/abc-cloud.de\/attina\/f1-hilfe\/wp-content\/uploads\/2022\/09\/Screenshot-Zahlungseingaenge-w.webp 1271w\" sizes=\"auto, (max-width: 883px) 100vw, 883px\" \/><\/a><\/figure>\n","protected":false},"excerpt":{"rendered":"<p>Zahlungseingang Die Zahlungseingangsliste soll Ihnen einen \u00dcberblick \u00fcber bereits verbuchte Zahlungseing\u00e4nge verschaffen. Anzeige des Zahlungseingangs Im oberen Bereich des Fensters ist es in der Toolbar m\u00f6glich verschiedene Anzeigefilter zu benutzen.Neben der Suchfunktion im Feld suchen k\u00f6nnen Sie sich lediglich bestimmte Firmen, bestimmte Zeitabschnitte, Rechnungsnummern oder Auftr\u00e4gen anzeigen lassen.<\/p>\n","protected":false},"author":1,"featured_media":0,"parent":0,"menu_order":0,"comment_status":"closed","ping_status":"closed","template":"","meta":{"footnotes":""},"class_list":["post-803","page","type-page","status-publish","hentry"],"_links":{"self":[{"href":"https:\/\/abc-cloud.de\/attina\/f1-hilfe\/wp-json\/wp\/v2\/pages\/803","targetHints":{"allow":["GET"]}}],"collection":[{"href":"https:\/\/abc-cloud.de\/attina\/f1-hilfe\/wp-json\/wp\/v2\/pages"}],"about":[{"href":"https:\/\/abc-cloud.de\/attina\/f1-hilfe\/wp-json\/wp\/v2\/types\/page"}],"author":[{"embeddable":true,"href":"https:\/\/abc-cloud.de\/attina\/f1-hilfe\/wp-json\/wp\/v2\/users\/1"}],"replies":[{"embeddable":true,"href":"https:\/\/abc-cloud.de\/attina\/f1-hilfe\/wp-json\/wp\/v2\/comments?post=803"}],"version-history":[{"count":3,"href":"https:\/\/abc-cloud.de\/attina\/f1-hilfe\/wp-json\/wp\/v2\/pages\/803\/revisions"}],"predecessor-version":[{"id":1451,"href":"https:\/\/abc-cloud.de\/attina\/f1-hilfe\/wp-json\/wp\/v2\/pages\/803\/revisions\/1451"}],"wp:attachment":[{"href":"https:\/\/abc-cloud.de\/attina\/f1-hilfe\/wp-json\/wp\/v2\/media?parent=803"}],"curies":[{"name":"wp","href":"https:\/\/api.w.org\/{rel}","templated":true}]}}