{"id":822,"date":"2022-05-25T10:59:29","date_gmt":"2022-05-25T08:59:29","guid":{"rendered":"https:\/\/abc-cloud.de\/attina\/f1-hilfe\/?page_id=822"},"modified":"2025-01-21T13:52:17","modified_gmt":"2025-01-21T12:52:17","slug":"planb","status":"publish","type":"page","link":"https:\/\/abc-cloud.de\/attina\/f1-hilfe\/planb\/","title":{"rendered":"attina-PlanB"},"content":{"rendered":"\n<h2 class=\"wp-block-heading\">Hier finden Sie einige Infos \u00fcber PlanB in attina<\/h2>\n\n\n\n<h3 class=\"wp-block-heading\">Einleitung<\/h3>\n\n\n\n<p>Mit dem Modul \u201ePlan B\u201c haben Sie die M\u00f6glichkeit Attina f\u00fcr den Bereich Event und Pflege Management zu benutzen. Das Hauptaugenmerk f\u00fcr das \u201ePlan B\u201c Modul ist die \u00dcbersicht und die einfache Planung von Auftr\u00e4gen. Mit dem Modul k\u00f6nnen Sie Fahrtkosten planen sowie Tagesnachweise und Rechnungen erzeugen. Au\u00dferdem k\u00f6nnen Sie auf einem Blick einsehen wie viele Mitarbeiter Sie f\u00fcr einen Auftrag brauchen und wie viele Mitarbeiter Ihnen noch fehlen.<\/p>\n\n\n\n<div class=\"spoiler-wrap\">\n\t\t\t\t<div class=\"spoiler-head folded\">Einsatz hinzuf\u00fcgen<\/div>\n\t\t\t\t<div class=\"spoiler-body\"><\/p>\n\n\n\n<h3 class=\"wp-block-heading\">Einsatz hinzuf\u00fcgen<\/h3>\n\n\n\n<figure class=\"wp-block-image size-full is-resized\"><a href=\"https:\/\/abc-cloud.de\/attina\/f1-hilfe\/wp-content\/uploads\/2022\/05\/1-1-300x214-1.png\"><img loading=\"lazy\" decoding=\"async\" width=\"300\" height=\"214\" src=\"https:\/\/abc-cloud.de\/attina\/f1-hilfe\/wp-content\/uploads\/2022\/05\/1-1-300x214-1.png\" alt=\"\" class=\"wp-image-823\" style=\"width:334px;height:238px\" \/><\/a><\/figure>\n\n\n\n<p>Um einen neuen Einsatz hinzuzuf\u00fcgen klicken Sie zu aller erst auf den im Bild rot umrandeten Knopf, dieser \u00f6ffnet eine separate Maske, die wie folgt aussieht.<\/p>\n\n\n\n<figure class=\"wp-block-image size-full\"><a href=\"https:\/\/abc-cloud.de\/attina\/f1-hilfe\/wp-content\/uploads\/2022\/05\/2-1-300x238-1.png\"><img loading=\"lazy\" decoding=\"async\" width=\"300\" height=\"238\" src=\"https:\/\/abc-cloud.de\/attina\/f1-hilfe\/wp-content\/uploads\/2022\/05\/2-1-300x238-1.png\" alt=\"\" class=\"wp-image-824\" \/><\/a><\/figure>\n\n\n\n<p>In dieser Maske k\u00f6nnen Sie dann essenzielle Daten wie Filiale, Kunde und Einsatzstelle eintragen. Die Maske \u00fcbernimmt bereits automatisch den Tag auf den Sie geklickt haben, sollte der Einsatz l\u00e4nger<br>als einen Tag dauern m\u00fcssen Sie dies manuell eintragen. Eine \u201eVon\u201c \u201eBis\u201c Zeit muss auch per Hand eingetragen werden und ist essenziell f\u00fcr das Erstellen des Auftrags.<\/p>\n\n\n\n<p>Nach dem Erstellen des Einsatzes \u00f6ffnet sich dann die \u201eMitarbeiter hinzuf\u00fcgen\u201c Maske.<\/p>\n\n\n\n<figure class=\"wp-block-image size-full is-resized\"><a href=\"https:\/\/abc-cloud.de\/attina\/f1-hilfe\/wp-content\/uploads\/2022\/09\/Screenshot-PlanB-ma-hinzu-w.webp\"><img loading=\"lazy\" decoding=\"async\" width=\"905\" height=\"577\" src=\"https:\/\/abc-cloud.de\/attina\/f1-hilfe\/wp-content\/uploads\/2022\/09\/Screenshot-PlanB-ma-hinzu-w.webp\" alt=\"\" class=\"wp-image-1296\" style=\"width:643px;height:409px\" srcset=\"https:\/\/abc-cloud.de\/attina\/f1-hilfe\/wp-content\/uploads\/2022\/09\/Screenshot-PlanB-ma-hinzu-w.webp 905w, https:\/\/abc-cloud.de\/attina\/f1-hilfe\/wp-content\/uploads\/2022\/09\/Screenshot-PlanB-ma-hinzu-w-300x191.webp 300w, https:\/\/abc-cloud.de\/attina\/f1-hilfe\/wp-content\/uploads\/2022\/09\/Screenshot-PlanB-ma-hinzu-w-768x490.webp 768w\" sizes=\"auto, (max-width: 905px) 100vw, 905px\" \/><\/a><\/figure>\n\n\n\n<p>Hier k\u00f6nnen Sie dann aus der oberen Tabelle mit einem Doppelklick einen Mitarbeiter hinzuf\u00fcgen. Oben rechts \u00fcber der unteren Tabelle (auf dem Bild rot umrandet) sehen Sie wie viele Mitarbeiter Sie bereits haben und wie viele Sie noch brauchen. Sie k\u00f6nnen Mitarbeiter auch im Nachhinein hinzuf\u00fcgen. Auch k\u00f6nnen Sie hier manuell einen Verrechnungssatz hinzuf\u00fcgen. Sollten Sie dies nicht machen sehen Sie im Nachhinein welchem Mitarbeiter kein VR zugewiesen wurde. Dies signalisiert Ihnen \u201ePlan B\u201c \u00fcber folgendes Symbol:<img loading=\"lazy\" decoding=\"async\" src=\"https:\/\/abc-cloud.de\/attina\/help\/DEDE\/wp-content\/uploads\/2015\/04\/KDicon181.png\" alt=\"KDicon18\" width=\"20\" height=\"14\">(Eurozeichen rot)<\/p>\n\n\n\n<p>Nachdem Sie den Auftrag hinzugef\u00fcgt haben erscheint er bei den anderen in der \u00dcbersicht (im Bild rot umrandet).<\/p>\n\n\n\n<figure class=\"wp-block-image size-large is-resized\"><a href=\"https:\/\/abc-cloud.de\/attina\/f1-hilfe\/wp-content\/uploads\/2022\/09\/Screenshot-PlanB-uebersicht-w.webp\"><img loading=\"lazy\" decoding=\"async\" width=\"1024\" height=\"300\" src=\"https:\/\/abc-cloud.de\/attina\/f1-hilfe\/wp-content\/uploads\/2022\/09\/Screenshot-PlanB-uebersicht-w-1024x300.webp\" alt=\"\" class=\"wp-image-1300\" style=\"width:1049px;height:307px\" srcset=\"https:\/\/abc-cloud.de\/attina\/f1-hilfe\/wp-content\/uploads\/2022\/09\/Screenshot-PlanB-uebersicht-w-1024x300.webp 1024w, https:\/\/abc-cloud.de\/attina\/f1-hilfe\/wp-content\/uploads\/2022\/09\/Screenshot-PlanB-uebersicht-w-300x88.webp 300w, https:\/\/abc-cloud.de\/attina\/f1-hilfe\/wp-content\/uploads\/2022\/09\/Screenshot-PlanB-uebersicht-w-768x225.webp 768w, https:\/\/abc-cloud.de\/attina\/f1-hilfe\/wp-content\/uploads\/2022\/09\/Screenshot-PlanB-uebersicht-w-1536x450.webp 1536w, https:\/\/abc-cloud.de\/attina\/f1-hilfe\/wp-content\/uploads\/2022\/09\/Screenshot-PlanB-uebersicht-w-1200x352.webp 1200w, https:\/\/abc-cloud.de\/attina\/f1-hilfe\/wp-content\/uploads\/2022\/09\/Screenshot-PlanB-uebersicht-w.webp 1918w\" sizes=\"auto, (max-width: 1024px) 100vw, 1024px\" \/><\/a><\/figure>\n\n\n\n<p>Der im Bild schwarz umrandete Bereich zeigt Ihnen folgendes.<\/p>\n\n\n\n<figure class=\"wp-block-image size-full\"><img loading=\"lazy\" decoding=\"async\" width=\"267\" height=\"18\" src=\"https:\/\/abc-cloud.de\/attina\/f1-hilfe\/wp-content\/uploads\/2022\/05\/KD51.png\" alt=\"\" class=\"wp-image-827\" \/><\/figure>\n\n\n\n<p>(<strong>7<\/strong>\/x\/x\/x) =&gt; Diese Zahl gibt an wie viele Mitarbeiter Sie brauchen.<br>(x\/<strong>-3<\/strong>\/x\/x)=&gt; Diese Zahl gibt an wie viele Mitarbeiter noch fehlen.<br>(x\/x\/<strong>0<\/strong>\/x) =&gt; Diese Zahl gibt an wie viele Mitarbeiter sich zurzeit im Standby befinden.<br>(x\/x\/x\/<strong>0<\/strong>) =&gt; Diese Zahl gibt an wie viele Trainees vorhanden sind.<\/p>\n\n\n\n<p><\/div>\n\t\t\t<\/div>\n\n\n\n<div class=\"spoiler-wrap\">\n\t\t\t\t<div class=\"spoiler-head folded\">Definitionen der Icons<\/div>\n\t\t\t\t<div class=\"spoiler-body\"><\/p>\n\n\n\n<h2 class=\"wp-block-heading has-normal-font-size\">Definitionen der Icons<\/h2>\n\n\n\n<p>Die folgenden Zeichen erscheinen immer rechts neben den Eins\u00e4tzen in der \u00dcbersicht:<\/p>\n\n\n\n<p>=&gt;Der Auftrag f\u00fcr diesen Einsatz wurde erfolgreich erzeugt<\/p>\n\n\n\n<p>(Rechtsklick&gt;Auftrag erzeugen).<br>=&gt;Die Zeiten f\u00fcr den bereits erzeugten Einsatz wurden best\u00e4tigt<\/p>\n\n\n\n<p>(Mitarbeiter war zu diesen Zeiten am Ort des Auftrages).<br>=&gt;Dieser Mitarbeiter ist der Leiter des Teams.<br>=&gt;Dieser Mitarbeiter ist Trainee.<br>=&gt;(Eurozeichen rot) Mitarbeiter hat noch keinen VR-Satz.<br>=&gt;Dieser Mitarbeiter ist der Fahrer innerhalb des Einsatzstellen-Teams<br>=&gt;Symbol signalisiert, das Fahrtkosten anfallen und diese bereits eingetragen sind (m\u00fcssen per Hand eingetragen werden).<br>=&gt;Auftrag wurde abgesagt.<br>=&gt; Mitarbeiter befindet sich im Standby<br>=&gt; (Eurozeichen gr\u00fcn) Dieses Zeichen zeigt an das die Rechnung bereits erstellt worden ist.<\/p>\n\n\n\n<p>Auf dem folgenden Bild sehen Sie wie diese Symbole aussehen, wenn Sie auf dem Planer verteilt vorhanden sind.<\/p>\n\n\n\n<p><\/div>\n\t\t\t<\/div>\n\n\n\n<div class=\"spoiler-wrap\">\n\t\t\t\t<div class=\"spoiler-head folded\">Erkl\u00e4rung der Men\u00fcpunkte<\/div>\n\t\t\t\t<div class=\"spoiler-body\"><\/p>\n\n\n\n<h2 class=\"wp-block-heading has-normal-font-size\">Erkl\u00e4rung der Men\u00fcpunkte<\/h2>\n\n\n\n<p>Mit einem Doppelklick auf einen Mitarbeiter (linke Maustaste) k\u00f6nnen Sie das Fenster \u201eDetails\u201c aufrufen mit dem Sie Informationen \u00fcber diesen Mitarbeiter einsehen k\u00f6nnen. Hier k\u00f6nnen Sie auch die Zeiten f\u00fcr die Pause \u00e4ndern. Auch k\u00f6nnen Sie in diesem Men\u00fc einstellen ob der Mitarbeiter Teamleiter\/Trainee ist oder ob er der Fahrer ist etc.<\/p>\n\n\n\n<figure class=\"wp-block-image size-full\"><a href=\"https:\/\/abc-cloud.de\/attina\/f1-hilfe\/wp-content\/uploads\/2022\/05\/6-225x300-1.png\"><img loading=\"lazy\" decoding=\"async\" width=\"225\" height=\"300\" src=\"https:\/\/abc-cloud.de\/attina\/f1-hilfe\/wp-content\/uploads\/2022\/05\/6-225x300-1.png\" alt=\"\" class=\"wp-image-828\" \/><\/a><\/figure>\n\n\n\n<p>Mit einem Rechtsklick auf einen Kunden k\u00f6nnen Sie Informationen \u00fcber den Kunden aufrufen oder speziell f\u00fcr diesen einen Einsatz hinzuf\u00fcgen.<\/p>\n\n\n\n<figure class=\"wp-block-image size-full\"><a href=\"https:\/\/abc-cloud.de\/attina\/f1-hilfe\/wp-content\/uploads\/2022\/05\/7-300x40-1.png\"><img loading=\"lazy\" decoding=\"async\" width=\"300\" height=\"40\" src=\"https:\/\/abc-cloud.de\/attina\/f1-hilfe\/wp-content\/uploads\/2022\/05\/7-300x40-1.png\" alt=\"\" class=\"wp-image-829\" \/><\/a><\/figure>\n\n\n\n<p>Oben links k\u00f6nnen Sie die Optionen \u00f6ffnen von hier aus lassen sich Exceltabellen importieren sowie Reporte bearbeiten und Eins\u00e4tze ohne Rechnung erstellen.<\/p>\n\n\n\n<figure class=\"wp-block-image size-full\"><a href=\"https:\/\/abc-cloud.de\/attina\/f1-hilfe\/wp-content\/uploads\/2022\/05\/8.png\"><img loading=\"lazy\" decoding=\"async\" width=\"200\" height=\"179\" src=\"https:\/\/abc-cloud.de\/attina\/f1-hilfe\/wp-content\/uploads\/2022\/05\/8.png\" alt=\"\" class=\"wp-image-830\" \/><\/a><\/figure>\n\n\n\n<p>Mit einem Rechtsklick auf einen Auftrag k\u00f6nnen Sie den Kunden f\u00fcr den der Auftrag ist aufrufen, Eins\u00e4tze sowie Mitarbeiter hinzuf\u00fcgen und Zeiten festlegen. Auch k\u00f6nnen Sie hier spezielle Formulare und Meldungen aufrufen. Diese \u00f6ffnen sich immer in einem separatem Fenster.<\/p>\n\n\n\n<figure class=\"wp-block-image size-full\"><a href=\"https:\/\/abc-cloud.de\/attina\/f1-hilfe\/wp-content\/uploads\/2022\/05\/9-300x275-1.png\"><img loading=\"lazy\" decoding=\"async\" width=\"300\" height=\"275\" src=\"https:\/\/abc-cloud.de\/attina\/f1-hilfe\/wp-content\/uploads\/2022\/05\/9-300x275-1.png\" alt=\"\" class=\"wp-image-831\" \/><\/a><\/figure>\n\n\n\n<p>Dir vorhanden Meldungen und Formulare k\u00f6nnen Sie anhand des nun folgenden Bildes betrachten:<\/p>\n\n\n\n<figure class=\"wp-block-image size-full\"><a href=\"https:\/\/abc-cloud.de\/attina\/f1-hilfe\/wp-content\/uploads\/2022\/05\/10-300x145-1.png\"><img loading=\"lazy\" decoding=\"async\" width=\"300\" height=\"145\" src=\"https:\/\/abc-cloud.de\/attina\/f1-hilfe\/wp-content\/uploads\/2022\/05\/10-300x145-1.png\" alt=\"\" class=\"wp-image-832\" \/><\/a><\/figure>\n\n\n\n<p>Plan B bietet Ihnen zudem die Funktion Ihre Eins\u00e4tze nach Datum zu durchsuchen. Dieses Fenster rufen Sie auf indem Sie auf den unten im Bild rot markierten Button klicken.<\/p>\n\n\n\n<figure class=\"wp-block-image size-full\"><a href=\"https:\/\/abc-cloud.de\/attina\/f1-hilfe\/wp-content\/uploads\/2022\/05\/19-1.png\"><img loading=\"lazy\" decoding=\"async\" width=\"221\" height=\"26\" src=\"https:\/\/abc-cloud.de\/attina\/f1-hilfe\/wp-content\/uploads\/2022\/05\/19-1.png\" alt=\"\" class=\"wp-image-833\" \/><\/a><\/figure>\n\n\n\n<p>Danach \u00f6ffnet sich folgendes Fenster, in diesem haben Sie die M\u00f6glichkeit ein komplettes Quartal, einen Monat oder eine Woche in einem von Ihnen festgelegten Jahr zu durchsuchen. Die Einstellungen best\u00e4tigen Sie mit einem Klick auf \u201eOK\u201c<\/p>\n\n\n\n<figure class=\"wp-block-image size-full\"><a href=\"https:\/\/abc-cloud.de\/attina\/f1-hilfe\/wp-content\/uploads\/2022\/05\/20.png\"><img loading=\"lazy\" decoding=\"async\" width=\"289\" height=\"212\" src=\"https:\/\/abc-cloud.de\/attina\/f1-hilfe\/wp-content\/uploads\/2022\/05\/20.png\" alt=\"\" class=\"wp-image-834\" \/><\/a><\/figure>\n\n\n\n<p>Au\u00dferdem k\u00f6nnen Sie sich mit der Suchfunktion die Wochenplanung f\u00fcr einen einzelnen Mitarbeiter anzeigen lassen, wie dies funktioniert sehen Sie in dem nachfolgenden Bild.<\/p>\n\n\n\n<figure class=\"wp-block-image size-large is-resized\"><a href=\"https:\/\/abc-cloud.de\/attina\/f1-hilfe\/wp-content\/uploads\/2022\/09\/Screenshot-PlanB-suche-w.webp\"><img loading=\"lazy\" decoding=\"async\" width=\"1024\" height=\"123\" src=\"https:\/\/abc-cloud.de\/attina\/f1-hilfe\/wp-content\/uploads\/2022\/09\/Screenshot-PlanB-suche-w-1024x123.webp\" alt=\"\" class=\"wp-image-1302\" style=\"width:1017px;height:122px\" srcset=\"https:\/\/abc-cloud.de\/attina\/f1-hilfe\/wp-content\/uploads\/2022\/09\/Screenshot-PlanB-suche-w-1024x123.webp 1024w, https:\/\/abc-cloud.de\/attina\/f1-hilfe\/wp-content\/uploads\/2022\/09\/Screenshot-PlanB-suche-w-300x36.webp 300w, https:\/\/abc-cloud.de\/attina\/f1-hilfe\/wp-content\/uploads\/2022\/09\/Screenshot-PlanB-suche-w-768x92.webp 768w, https:\/\/abc-cloud.de\/attina\/f1-hilfe\/wp-content\/uploads\/2022\/09\/Screenshot-PlanB-suche-w-1536x184.webp 1536w, https:\/\/abc-cloud.de\/attina\/f1-hilfe\/wp-content\/uploads\/2022\/09\/Screenshot-PlanB-suche-w-1200x144.webp 1200w, https:\/\/abc-cloud.de\/attina\/f1-hilfe\/wp-content\/uploads\/2022\/09\/Screenshot-PlanB-suche-w.webp 1917w\" sizes=\"auto, (max-width: 1024px) 100vw, 1024px\" \/><\/a><\/figure>\n\n\n\n<p>Das Suchfeld ist in diesem Bild rot markiert, die gr\u00fcn umrandeten Eins\u00e4tze sind die Ergebnisse Ihrer Suche die diesem Mitarbeiter zugewiesen wurden.<\/p>\n\n\n\n<p><\/div>\n\t\t\t<\/div>\n","protected":false},"excerpt":{"rendered":"<p>Hier finden Sie einige Infos \u00fcber PlanB in attina Einleitung Mit dem Modul \u201ePlan B\u201c haben Sie die M\u00f6glichkeit Attina f\u00fcr den Bereich Event und Pflege Management zu benutzen. Das Hauptaugenmerk f\u00fcr das \u201ePlan B\u201c Modul ist die \u00dcbersicht und die einfache Planung von Auftr\u00e4gen. Mit dem Modul k\u00f6nnen Sie Fahrtkosten planen sowie Tagesnachweise und [&hellip;]<\/p>\n","protected":false},"author":1,"featured_media":0,"parent":0,"menu_order":0,"comment_status":"closed","ping_status":"closed","template":"","meta":{"footnotes":""},"class_list":["post-822","page","type-page","status-publish","hentry"],"_links":{"self":[{"href":"https:\/\/abc-cloud.de\/attina\/f1-hilfe\/wp-json\/wp\/v2\/pages\/822","targetHints":{"allow":["GET"]}}],"collection":[{"href":"https:\/\/abc-cloud.de\/attina\/f1-hilfe\/wp-json\/wp\/v2\/pages"}],"about":[{"href":"https:\/\/abc-cloud.de\/attina\/f1-hilfe\/wp-json\/wp\/v2\/types\/page"}],"author":[{"embeddable":true,"href":"https:\/\/abc-cloud.de\/attina\/f1-hilfe\/wp-json\/wp\/v2\/users\/1"}],"replies":[{"embeddable":true,"href":"https:\/\/abc-cloud.de\/attina\/f1-hilfe\/wp-json\/wp\/v2\/comments?post=822"}],"version-history":[{"count":15,"href":"https:\/\/abc-cloud.de\/attina\/f1-hilfe\/wp-json\/wp\/v2\/pages\/822\/revisions"}],"predecessor-version":[{"id":2838,"href":"https:\/\/abc-cloud.de\/attina\/f1-hilfe\/wp-json\/wp\/v2\/pages\/822\/revisions\/2838"}],"wp:attachment":[{"href":"https:\/\/abc-cloud.de\/attina\/f1-hilfe\/wp-json\/wp\/v2\/media?parent=822"}],"curies":[{"name":"wp","href":"https:\/\/api.w.org\/{rel}","templated":true}]}}