{"id":856,"date":"2022-05-25T10:33:52","date_gmt":"2022-05-25T08:33:52","guid":{"rendered":"https:\/\/abc-cloud.de\/attina\/f1-hilfe\/?page_id=856"},"modified":"2022-09-28T16:06:52","modified_gmt":"2022-09-28T14:06:52","slug":"fakturierung","status":"publish","type":"page","link":"https:\/\/abc-cloud.de\/attina\/f1-hilfe\/fakturierung\/","title":{"rendered":"Fakturierung"},"content":{"rendered":"\n<h2 class=\"has-normal-font-size wp-block-heading\">Fakturierung<\/h2>\n\n\n\n<figure class=\"wp-block-video\"><video height=\"1080\" style=\"aspect-ratio: 1920 \/ 1080;\" width=\"1920\" controls src=\"https:\/\/abc-cloud.de\/attina\/f1-hilfe\/wp-content\/uploads\/2022\/05\/Endgueltiges-Video-6.mp4\"><\/video><\/figure>\n\n\n\n<p>Neben der Verwaltung der einzelnen Mitarbeiter und Kunden bietet das Attina die M\u00f6glichkeit, die finanzielle Seite Ihrer Dienstleistungen abzudecken.<br>In der Fakturierung k\u00f6nnen neben der Lohn\u00fcbergabe, Rechnungen geschrieben und ein Lohncheck aufgerufen werden.<\/p>\n\n\n\n<p><\/p>\n\n\n\n<div class=\"spoiler-wrap\">\n\t\t\t\t<div class=\"spoiler-head folded\">Anzeige<\/div>\n\t\t\t\t<div class=\"spoiler-body\"><\/p>\n\n\n\n<h2 class=\"has-normal-font-size wp-block-heading\">Anzeige<\/h2>\n\n\n\n<p>Im oberen Bereich der \u201eFakturierung\u201c sehen sie die Toolbar mit den bereits bekannten Funktionen. Hierzu z\u00e4hlen die Funktionen \u201eLA-Typen eines Mitarbeiters\u201c \u201eEqualPay Check\u201c, \u201eAZK-Liste eines Mitarbeiters\u201c, \u201eStunden pro Monat\u201c, \u201eRuft den Lohncheck auf\u201c, \u201eRuft die Lohn\u00fcbergabe auf\u201c und \u201eRuft die Rechnungsvorbereitung auf\u201c.<\/p>\n\n\n\n<p>Diese Funktion k\u00f6nnen lediglich in der Fakturierung aufgerufen werden.<br>Das Fakturierungsfenster beschr\u00e4nkt sich lediglich auf die Anzeige der einzelnen Mitarbeiter, deren Lohnarten und der Berechnung der Dienstleistung.<\/p>\n\n\n\n<p>Hierzu k\u00f6nnen Sie den Zeitbereich und den Mitarbeiter ausw\u00e4hlen um eine Anzeige zu generieren.<br>Dazu k\u00f6nnen Sie eine bestimmte Woche, einen Monat, ein Quartal oder einen selbst, eingestellten Zeitraum w\u00e4hlen.<\/p>\n\n\n\n<figure class=\"wp-block-image size-large is-resized\"><a href=\"https:\/\/abc-cloud.de\/attina\/f1-hilfe\/wp-content\/uploads\/2022\/09\/Screenshot-Fakturierung-w.webp\"><img loading=\"lazy\" decoding=\"async\" src=\"https:\/\/abc-cloud.de\/attina\/f1-hilfe\/wp-content\/uploads\/2022\/09\/Screenshot-Fakturierung-w-1024x257.webp\" alt=\"\" class=\"wp-image-1327\" width=\"730\" height=\"183\" srcset=\"https:\/\/abc-cloud.de\/attina\/f1-hilfe\/wp-content\/uploads\/2022\/09\/Screenshot-Fakturierung-w-1024x257.webp 1024w, https:\/\/abc-cloud.de\/attina\/f1-hilfe\/wp-content\/uploads\/2022\/09\/Screenshot-Fakturierung-w-300x75.webp 300w, https:\/\/abc-cloud.de\/attina\/f1-hilfe\/wp-content\/uploads\/2022\/09\/Screenshot-Fakturierung-w-768x193.webp 768w, https:\/\/abc-cloud.de\/attina\/f1-hilfe\/wp-content\/uploads\/2022\/09\/Screenshot-Fakturierung-w-1536x386.webp 1536w, https:\/\/abc-cloud.de\/attina\/f1-hilfe\/wp-content\/uploads\/2022\/09\/Screenshot-Fakturierung-w-1200x301.webp 1200w, https:\/\/abc-cloud.de\/attina\/f1-hilfe\/wp-content\/uploads\/2022\/09\/Screenshot-Fakturierung-w.webp 1577w\" sizes=\"auto, (max-width: 730px) 100vw, 730px\" \/><\/a><\/figure>\n\n\n\n<p>Nun erscheinen im oberen Bereich die einzelnen Zeitabschnitte der Tage, an denen der Mitarbeiter aktiv war.<\/p>\n\n\n\n<p>Im unteren Bereich wird das Abrechnungsfenster angezeigt.<br>Hier k\u00f6nnen die Summen der Rechnungen, der Status der Rechnungen, sowie Lohnarten und Aufschl\u00e4ge in der Kurzfassung angezeigt.<\/p>\n\n\n\n<p>Um auf dem direkten Wege eine Rechnung schreiben zu k\u00f6nnen, klicken Sie mit der rechten Maustaste auf einen Status.<\/p>\n\n\n\n<figure class=\"wp-block-image size-large is-resized\"><a href=\"https:\/\/abc-cloud.de\/attina\/f1-hilfe\/wp-content\/uploads\/2022\/09\/Screenshot-Fakturierung-rechtsclick-w.webp\"><img loading=\"lazy\" decoding=\"async\" src=\"https:\/\/abc-cloud.de\/attina\/f1-hilfe\/wp-content\/uploads\/2022\/09\/Screenshot-Fakturierung-rechtsclick-w-1024x634.webp\" alt=\"\" class=\"wp-image-1329\" width=\"667\" height=\"412\" srcset=\"https:\/\/abc-cloud.de\/attina\/f1-hilfe\/wp-content\/uploads\/2022\/09\/Screenshot-Fakturierung-rechtsclick-w-1024x634.webp 1024w, https:\/\/abc-cloud.de\/attina\/f1-hilfe\/wp-content\/uploads\/2022\/09\/Screenshot-Fakturierung-rechtsclick-w-300x186.webp 300w, https:\/\/abc-cloud.de\/attina\/f1-hilfe\/wp-content\/uploads\/2022\/09\/Screenshot-Fakturierung-rechtsclick-w-768x475.webp 768w, https:\/\/abc-cloud.de\/attina\/f1-hilfe\/wp-content\/uploads\/2022\/09\/Screenshot-Fakturierung-rechtsclick-w.webp 1126w\" sizes=\"auto, (max-width: 667px) 100vw, 667px\" \/><\/a><\/figure>\n\n\n\n<p>Sobald das Symbol \u201eHebt den ausgew\u00e4hlten Tag hervor\u201c angeklickt wurde, wird der betreffende Bereich gelb unterlegt, damit man eine gute \u00dcbersicht der einzelnen Abrechnungssummen hat.<\/p>\n\n\n\n<figure class=\"wp-block-image size-full is-resized\"><a href=\"https:\/\/abc-cloud.de\/attina\/f1-hilfe\/wp-content\/uploads\/2022\/09\/Screenshot-Fakturierung-Rechnung-hervorheben-w.webp\"><img loading=\"lazy\" decoding=\"async\" src=\"https:\/\/abc-cloud.de\/attina\/f1-hilfe\/wp-content\/uploads\/2022\/09\/Screenshot-Fakturierung-Rechnung-hervorheben-w.webp\" alt=\"\" class=\"wp-image-1331\" width=\"682\" height=\"118\" srcset=\"https:\/\/abc-cloud.de\/attina\/f1-hilfe\/wp-content\/uploads\/2022\/09\/Screenshot-Fakturierung-Rechnung-hervorheben-w.webp 958w, https:\/\/abc-cloud.de\/attina\/f1-hilfe\/wp-content\/uploads\/2022\/09\/Screenshot-Fakturierung-Rechnung-hervorheben-w-300x52.webp 300w, https:\/\/abc-cloud.de\/attina\/f1-hilfe\/wp-content\/uploads\/2022\/09\/Screenshot-Fakturierung-Rechnung-hervorheben-w-768x133.webp 768w\" sizes=\"auto, (max-width: 682px) 100vw, 682px\" \/><\/a><\/figure>\n\n\n\n<p><\/div>\n\t\t\t<\/div>\n\n\n\n<div class=\"spoiler-wrap\">\n\t\t\t\t<div class=\"spoiler-head folded\">Ausf\u00fchren einer Fakturierung<\/div>\n\t\t\t\t<div class=\"spoiler-body\"><\/p>\n\n\n\n<h2 class=\"has-normal-font-size wp-block-heading\">Ausf\u00fchren einer Fakturierung<\/h2>\n\n\n\n<p>Mit dem dicken<\/p>\n\n\n\n<figure class=\"wp-block-image\"><a href=\"https:\/\/abc-cloud.de\/attina\/help\/DEDE\/wp-content\/uploads\/2015\/04\/KDicon17.png\"><img decoding=\"async\" src=\"https:\/\/abc-cloud.de\/attina\/help\/DEDE\/wp-content\/uploads\/2015\/04\/KDicon17.png\" alt=\"KDicon17\" class=\"wp-image-562\" \/><\/a><\/figure>\n\n\n\n<p>Plus-Zeichen, rechts neben dem Navigator, k\u00f6nnen Sie das Programm selbstst\u00e4ndig die Fakturierung f\u00fcr den ausgew\u00e4hlten Mitarbeiter oder f\u00fcr alle Mitarbeiter durchf\u00fchren lassen.<br>Sie entscheiden sich danach f\u00fcr Standardberechnung oder Leer erstellen.<\/p>\n\n\n\n<figure class=\"wp-block-image size-full\"><img loading=\"lazy\" decoding=\"async\" width=\"173\" height=\"97\" src=\"https:\/\/abc-cloud.de\/attina\/f1-hilfe\/wp-content\/uploads\/2022\/05\/KD46.png\" alt=\"\" class=\"wp-image-861\" \/><\/figure>\n\n\n\n<p><strong>Standardberechnung<\/strong>: Das System sucht sich f\u00fcr den eingegeben Zeitbereich alle Auftr\u00e4ge des ausgew\u00e4hlten Mitarbeiters aus und belegt die Tage nach dem Zeitmodell. (Beispiel von Montag bis Freitag jeweils 7,5 Std.).<\/p>\n\n\n\n<p><strong>Mehrere Auftr\u00e4ge pro Mitarbeiter<\/strong>: Hat ein Mitarbeiter mehrere Auftr\u00e4ge an einem Tag, so erscheinen diese Tage mehrfach in der Tabelle. (Beispiel zweimal der Montag)<\/p>\n\n\n\n<p><strong>Leer erstellen<\/strong>: Das System sucht sich f\u00fcr den eingegeben Zeitbereich alle Auftr\u00e4ge des ausgew\u00e4hlten Mitarbeiters aus, belegt jedoch die Tage nicht mit Stunden und ber\u00fccksichtigt nicht das hinterlegte Zeitmodell. Diese Funktion ist gerade interessant f\u00fcr Teilzeitbesch\u00e4ftigte, somit muss nicht jeder Tag belegt werden. In der Jahres\u00fcbersicht und in weiteren Auswertungen werden nur die Tage mit belegten Stunden gez\u00e4hlt.<\/p>\n\n\n\n<p>Wenn der Mitarbeiter aber keinen Auftrag zu einer bestimmten Zeit hat, dann sucht sich das Programm die Lohndaten bei dem Mitarbeiter. Sollte der Mitarbeiter z.B. krank sein, k\u00f6nnen Sie im Feld LA-Typ \u201eKrankheit\u201c ausw\u00e4hlen und f\u00fcr den Mitarbeiter werden nun die Lohndaten bei Krankheit herausgesucht.<br>Sie k\u00f6nnen nat\u00fcrlich auch einzelne Tage bei Bedarf ver\u00e4ndern, indem Sie den jeweiligen Tag ausw\u00e4hlen, oder den ganzen Bereich noch einmal l\u00f6schen. Dazu klicken Sie auf das dicke Minus-Zeichen in der Mitte der oberen Zeile. Nat\u00fcrlich k\u00f6nnen Sie einzelne oder alle Tagesnachweise auch komplett manuell vornehmen, falls die Arbeitszeiten des Mitarbeiters z.B. stark von der Vorgabe im Auftrag abweichen. Dazu k\u00f6nnen Sie die richtigen Werte in den Feldern \u201eVon\u201c, \u201eBis\u201c und \u201ePause\u201c eintragen.<br>Sie k\u00f6nnen auch nur die Stundenzahl im Feld \u201eStd\u201c eingeben. Anfangs- oder Endzeit lassen sich auch neu berechnen, wobei die jeweils andere erhalten bleibt.<br>\u00dcber das Rechtsklick-Men\u00fc oder den Button \u201eBearbeitung\u201c k\u00f6nnen Sie die Stunden eines Tages dem Arbeitszeitkonto abbuchen oder zubuchen. Eine jeweilige Buchung wird auf diesem Tag angezeigt (Beispiel: +2) und als Lohnart im unteren Bereich ausgewiesen.<br>Dar\u00fcber hinaus k\u00f6nnen Sie dort die Lohngarantie, die gew\u00e4hlte Woche oder den Monat bestimmen und die Wochen\u00fcberstunden werden berechnet. Die Wochen\u00fcberstundenberechnung ist abh\u00e4ngig von dem Feld \u201eWochen\u00fcberstundenberechnung\u201c bei der Kunden\/Einsatzstelle<\/p>\n\n\n\n<p><\/div>\n\t\t\t<\/div>\n\n\n\n<div class=\"spoiler-wrap\">\n\t\t\t\t<div class=\"spoiler-head folded\">Rechte Maustaste und Symbolleiste<\/div>\n\t\t\t\t<div class=\"spoiler-body\"><\/p>\n\n\n\n<h2 class=\"has-normal-font-size wp-block-heading\">Rechte Maustaste und Symbolleiste<\/h2>\n\n\n\n<p>Im oberen Bereich w\u00e4hlen Sie folgende Funktionen mit dem Kontextmen\u00fc (rechte Maustaste) aus.<\/p>\n\n\n\n<figure class=\"wp-block-image size-full\"><a href=\"https:\/\/abc-cloud.de\/attina\/f1-hilfe\/wp-content\/uploads\/2022\/05\/F1-276x300-1.png\"><img loading=\"lazy\" decoding=\"async\" width=\"276\" height=\"300\" src=\"https:\/\/abc-cloud.de\/attina\/f1-hilfe\/wp-content\/uploads\/2022\/05\/F1-276x300-1.png\" alt=\"\" class=\"wp-image-862\" \/><\/a><\/figure>\n\n\n\n<p>Datensatznavigation: Per Maus k\u00f6nnen Sie die einzelnen Tage ausw\u00e4hlen<\/p>\n\n\n\n<figure class=\"wp-block-image size-full\"><img loading=\"lazy\" decoding=\"async\" width=\"201\" height=\"24\" src=\"https:\/\/abc-cloud.de\/attina\/f1-hilfe\/wp-content\/uploads\/2022\/05\/F2.png\" alt=\"\" class=\"wp-image-863\" \/><\/figure>\n\n\n\n<p>Status setzen: Die Stati \u201ePr\u00fcfen\u201c k\u00f6nnen gesetzt werden. Haben Sie alle Mitarbeiter durchgearbeitet, besteht die M\u00f6glichkeit oben als Symbol die Liste der zu pr\u00fcfenden Datens\u00e4tze anzuzeigen.<\/p>\n\n\n\n<figure class=\"wp-block-image size-full\"><a href=\"https:\/\/abc-cloud.de\/attina\/f1-hilfe\/wp-content\/uploads\/2022\/05\/F3-300x122-1.png\"><img loading=\"lazy\" decoding=\"async\" width=\"300\" height=\"122\" src=\"https:\/\/abc-cloud.de\/attina\/f1-hilfe\/wp-content\/uploads\/2022\/05\/F3-300x122-1.png\" alt=\"\" class=\"wp-image-864\" \/><\/a><\/figure>\n\n\n\n<figure class=\"wp-block-image size-full\"><a href=\"https:\/\/abc-cloud.de\/attina\/f1-hilfe\/wp-content\/uploads\/2022\/05\/F4.png\"><img loading=\"lazy\" decoding=\"async\" width=\"240\" height=\"102\" src=\"https:\/\/abc-cloud.de\/attina\/f1-hilfe\/wp-content\/uploads\/2022\/05\/F4.png\" alt=\"\" class=\"wp-image-865\" \/><\/a><\/figure>\n\n\n\n<p>Stunden dem AZK (Arbeitszeitkonto) zu- abbuchen, k\u00f6nnen pro Tag durchgef\u00fchrt werden. Die Zu- oder Abbuchung wird unten mit der dazugeh\u00f6rigen Lohnart protokolliert. Dies kann auch automatisch pro Monat mit dem Modul \u201eAutom. AZK-Buchung\u201c erstellt werden. Die AZK-Werte finden Sie in dem Modul Mitarbeiter \u201eAZK-Liste\u201c.<\/p>\n\n\n\n<figure class=\"wp-block-image size-full\"><img loading=\"lazy\" decoding=\"async\" width=\"234\" height=\"29\" src=\"https:\/\/abc-cloud.de\/attina\/f1-hilfe\/wp-content\/uploads\/2022\/05\/F5.png\" alt=\"\" class=\"wp-image-866\" \/><\/figure>\n\n\n\n<p>Nimmt ein Mitarbeiter frei, dann wird f\u00fcr diesen Tag einfach \u201eAZK setzen\u201c genutzt und die bestimmte Zeit von seinem AZK gebucht.<\/p>\n\n\n\n<figure class=\"wp-block-image size-full\"><img loading=\"lazy\" decoding=\"async\" width=\"144\" height=\"23\" src=\"https:\/\/abc-cloud.de\/attina\/f1-hilfe\/wp-content\/uploads\/2022\/05\/F61.png\" alt=\"\" class=\"wp-image-867\" \/><\/figure>\n\n\n\n<p>Die Lohngarantie wird nach Mausklick berechnet.<\/p>\n\n\n\n<figure class=\"wp-block-image size-full\"><img loading=\"lazy\" decoding=\"async\" width=\"178\" height=\"20\" src=\"https:\/\/abc-cloud.de\/attina\/f1-hilfe\/wp-content\/uploads\/2022\/05\/F7.png\" alt=\"\" class=\"wp-image-868\" \/><\/figure>\n\n\n\n<p>Die Wochen\u00fcberstunden werden berechnet (siehe Kunden, Einsatzstelle).<\/p>\n\n\n\n<figure class=\"wp-block-image size-full\"><img loading=\"lazy\" decoding=\"async\" width=\"235\" height=\"23\" src=\"https:\/\/abc-cloud.de\/attina\/f1-hilfe\/wp-content\/uploads\/2022\/05\/F8.png\" alt=\"\" class=\"wp-image-869\" \/><\/figure>\n\n\n\n<figure class=\"wp-block-image size-full\"><img loading=\"lazy\" decoding=\"async\" width=\"234\" height=\"22\" src=\"https:\/\/abc-cloud.de\/attina\/f1-hilfe\/wp-content\/uploads\/2022\/05\/F9.png\" alt=\"\" class=\"wp-image-870\" \/><\/figure>\n\n\n\n<figure class=\"wp-block-image size-full is-resized\"><img loading=\"lazy\" decoding=\"async\" src=\"https:\/\/abc-cloud.de\/attina\/f1-hilfe\/wp-content\/uploads\/2022\/05\/F10.png\" alt=\"\" class=\"wp-image-871\" width=\"234\" height=\"23\" \/><\/figure>\n\n\n\n<p>Stunden pro Monat zeigen<\/p>\n\n\n\n<figure class=\"wp-block-image\"><a href=\"https:\/\/abc-cloud.de\/attina\/help\/DEDE\/wp-content\/uploads\/2015\/04\/I1.png\"><img decoding=\"async\" src=\"https:\/\/abc-cloud.de\/attina\/help\/DEDE\/wp-content\/uploads\/2015\/04\/I1.png\" alt=\"I1\" class=\"wp-image-671\" \/><\/a><\/figure>\n\n\n\n<p>Die einzelnen Werte (Lohnartentypen) werden in Stunden angezeigt und k\u00f6nnen pro Checkbox zusammengefasst werden.<\/p>\n\n\n\n<figure class=\"wp-block-image size-full\"><a href=\"https:\/\/abc-cloud.de\/attina\/f1-hilfe\/wp-content\/uploads\/2022\/05\/F11-300x221-1.png\"><img loading=\"lazy\" decoding=\"async\" width=\"300\" height=\"221\" src=\"https:\/\/abc-cloud.de\/attina\/f1-hilfe\/wp-content\/uploads\/2022\/05\/F11-300x221-1.png\" alt=\"\" class=\"wp-image-872\" \/><\/a><\/figure>\n\n\n\n<p><\/div>\n\t\t\t<\/div>\n\n\n\n<div class=\"spoiler-wrap\">\n\t\t\t\t<div class=\"spoiler-head folded\">Entgeltfortzahlungen<\/div>\n\t\t\t\t<div class=\"spoiler-body\"><\/p>\n\n\n\n<h2 class=\"has-normal-font-size wp-block-heading\">Entgeltfortzahlungen<\/h2>\n\n\n\n<p>Um die Zusammensetzung der Entgeltfortzahlungen besser nachvollziehen zu k\u00f6nnen gibt es den Entgeltfortzahlungsreport.<\/p>\n\n\n\n<figure class=\"wp-block-image size-full\"><a href=\"https:\/\/abc-cloud.de\/attina\/f1-hilfe\/wp-content\/uploads\/2022\/09\/Screenshot-Fakturierung-Entgeltforzahlungsreport-rechtsklick-w.webp\"><img loading=\"lazy\" decoding=\"async\" width=\"701\" height=\"703\" src=\"https:\/\/abc-cloud.de\/attina\/f1-hilfe\/wp-content\/uploads\/2022\/09\/Screenshot-Fakturierung-Entgeltforzahlungsreport-rechtsklick-w.webp\" alt=\"\" class=\"wp-image-1333\" srcset=\"https:\/\/abc-cloud.de\/attina\/f1-hilfe\/wp-content\/uploads\/2022\/09\/Screenshot-Fakturierung-Entgeltforzahlungsreport-rechtsklick-w.webp 701w, https:\/\/abc-cloud.de\/attina\/f1-hilfe\/wp-content\/uploads\/2022\/09\/Screenshot-Fakturierung-Entgeltforzahlungsreport-rechtsklick-w-300x300.webp 300w, https:\/\/abc-cloud.de\/attina\/f1-hilfe\/wp-content\/uploads\/2022\/09\/Screenshot-Fakturierung-Entgeltforzahlungsreport-rechtsklick-w-150x150.webp 150w\" sizes=\"auto, (max-width: 701px) 100vw, 701px\" \/><\/a><\/figure>\n\n\n\n<p>Um diesen zu \u00f6ffnen, klickt man in der Fakturierung beim Mitarbeiter, der zum Beispiel krank war\/ Urlaub hatte, mit einem Rechtsklick auf die Krankheits- oder Urlaubstage. Dort w\u00e4hlt man dann \u201eEntgeltforzahlungsreport\u201c aus um die \u00dcbersicht zu \u00f6ffnen.<\/p>\n\n\n\n<figure class=\"wp-block-image size-full\"><a href=\"https:\/\/abc-cloud.de\/attina\/f1-hilfe\/wp-content\/uploads\/2022\/09\/Screenshot-Fakturierung-Entgeltforzahlungsreport-w.webp\"><img loading=\"lazy\" decoding=\"async\" width=\"654\" height=\"588\" src=\"https:\/\/abc-cloud.de\/attina\/f1-hilfe\/wp-content\/uploads\/2022\/09\/Screenshot-Fakturierung-Entgeltforzahlungsreport-w.webp\" alt=\"\" class=\"wp-image-1334\" srcset=\"https:\/\/abc-cloud.de\/attina\/f1-hilfe\/wp-content\/uploads\/2022\/09\/Screenshot-Fakturierung-Entgeltforzahlungsreport-w.webp 654w, https:\/\/abc-cloud.de\/attina\/f1-hilfe\/wp-content\/uploads\/2022\/09\/Screenshot-Fakturierung-Entgeltforzahlungsreport-w-300x270.webp 300w\" sizes=\"auto, (max-width: 654px) 100vw, 654px\" \/><\/a><\/figure>\n\n\n\n<p><\/div>\n\t\t\t<\/div>\n","protected":false},"excerpt":{"rendered":"<p>Fakturierung Neben der Verwaltung der einzelnen Mitarbeiter und Kunden bietet das Attina die M\u00f6glichkeit, die finanzielle Seite Ihrer Dienstleistungen abzudecken.In der Fakturierung k\u00f6nnen neben der Lohn\u00fcbergabe, Rechnungen geschrieben und ein Lohncheck aufgerufen werden.<\/p>\n","protected":false},"author":1,"featured_media":0,"parent":0,"menu_order":0,"comment_status":"closed","ping_status":"closed","template":"","meta":{"footnotes":""},"class_list":["post-856","page","type-page","status-publish","hentry"],"_links":{"self":[{"href":"https:\/\/abc-cloud.de\/attina\/f1-hilfe\/wp-json\/wp\/v2\/pages\/856","targetHints":{"allow":["GET"]}}],"collection":[{"href":"https:\/\/abc-cloud.de\/attina\/f1-hilfe\/wp-json\/wp\/v2\/pages"}],"about":[{"href":"https:\/\/abc-cloud.de\/attina\/f1-hilfe\/wp-json\/wp\/v2\/types\/page"}],"author":[{"embeddable":true,"href":"https:\/\/abc-cloud.de\/attina\/f1-hilfe\/wp-json\/wp\/v2\/users\/1"}],"replies":[{"embeddable":true,"href":"https:\/\/abc-cloud.de\/attina\/f1-hilfe\/wp-json\/wp\/v2\/comments?post=856"}],"version-history":[{"count":6,"href":"https:\/\/abc-cloud.de\/attina\/f1-hilfe\/wp-json\/wp\/v2\/pages\/856\/revisions"}],"predecessor-version":[{"id":1458,"href":"https:\/\/abc-cloud.de\/attina\/f1-hilfe\/wp-json\/wp\/v2\/pages\/856\/revisions\/1458"}],"wp:attachment":[{"href":"https:\/\/abc-cloud.de\/attina\/f1-hilfe\/wp-json\/wp\/v2\/media?parent=856"}],"curies":[{"name":"wp","href":"https:\/\/api.w.org\/{rel}","templated":true}]}}