{"id":876,"date":"2022-05-25T10:33:06","date_gmt":"2022-05-25T08:33:06","guid":{"rendered":"https:\/\/abc-cloud.de\/attina\/f1-hilfe\/?page_id=876"},"modified":"2022-09-28T16:05:48","modified_gmt":"2022-09-28T14:05:48","slug":"einsatzplan","status":"publish","type":"page","link":"https:\/\/abc-cloud.de\/attina\/f1-hilfe\/einsatzplan\/","title":{"rendered":"Einsatzplan"},"content":{"rendered":"\n<h2 class=\"has-normal-font-size wp-block-heading\">Einsatzplan<\/h2>\n\n\n\n<figure class=\"wp-block-video\"><video height=\"1080\" style=\"aspect-ratio: 1920 \/ 1080;\" width=\"1920\" controls src=\"https:\/\/abc-cloud.de\/attina\/f1-hilfe\/wp-content\/uploads\/2022\/05\/Endgueltiges-Video-8.mp4\"><\/video><\/figure>\n\n\n\n<p>Beim Men\u00fc \/ Abl\u00e4ufe \/Einsatzplan handelt es sich um ein Modul, das dazu dient, Kunden, Mitarbeiter und Auftr\u00e4ge \u00fcbersichtlich anzuzeigen. Es lassen sich darin auch schnell bestimmte Details, wie Urlaub oder Krankheit, bearbeiten. Verschiedene<br>Filterfunktionen erm\u00f6glichen es, nach Mitarbeitern oder Auftr\u00e4gen, zu filtern.<br>Dazu klickt man auf einen Kunden, Beruf oder Mitarbeiter und auf den Schnellfilter<a href=\"https:\/\/abc-cloud.de\/attina\/help\/DEDE\/wp-content\/uploads\/2015\/04\/KDicon20.png\"><\/a>. Dann erhalten sie beispielsweise die Mitarbeiter, die in dem Zeitbereich bei einem Kunden sind. Mit dem Summenzeichen lassen sich die Anzahl der LA-Typen (Auftrag<a href=\"https:\/\/abc-cloud.de\/attina\/help\/DEDE\/wp-content\/uploads\/2015\/04\/KDicon211.png\"><\/a> , Urlaub<a href=\"https:\/\/abc-cloud.de\/attina\/help\/DEDE\/wp-content\/uploads\/2015\/04\/KDicon22.png\"><\/a> , etc<a href=\"https:\/\/abc-cloud.de\/attina\/help\/DEDE\/wp-content\/uploads\/2015\/04\/KDicon23.png\"><\/a>. ) anzeigen bzw. ausblenden. Im linken Bereich kann dieses Benutzer-individuell eingestellt werden. Die einzelnen Lohnarten-Typen k\u00f6nnen angeklickt und dem Mitarbeiter f\u00fcr den Tag, bzw. Bereich, zugeordnet werden. Diese Daten erscheinen dann in der Fakturierung und m\u00fcssen nicht mehr manuell erfasst werden.<\/p>\n\n\n\n<p>Die Felder k\u00f6nnen angepasst werden. D.h. mit der rechten Maustaste auf eine Tabellenspalte klicken und \u201eSpalten anpassen\u201c w\u00e4hlen. Die einzelnen Felder k\u00f6nnen aktiviert und deaktiviert werden.<\/p>\n\n\n\n<figure class=\"wp-block-image size-full\"><a href=\"https:\/\/abc-cloud.de\/attina\/f1-hilfe\/wp-content\/uploads\/2022\/05\/KD60-196x300-1.png\"><img loading=\"lazy\" decoding=\"async\" width=\"196\" height=\"300\" src=\"https:\/\/abc-cloud.de\/attina\/f1-hilfe\/wp-content\/uploads\/2022\/05\/KD60-196x300-1.png\" alt=\"\" class=\"wp-image-878\"\/><\/a><\/figure>\n\n\n\n<figure class=\"wp-block-image size-full\"><a href=\"https:\/\/abc-cloud.de\/attina\/f1-hilfe\/wp-content\/uploads\/2022\/09\/Screenshot-Einsatzplan.jpg\"><img loading=\"lazy\" decoding=\"async\" width=\"900\" height=\"825\" src=\"https:\/\/abc-cloud.de\/attina\/f1-hilfe\/wp-content\/uploads\/2022\/09\/Screenshot-Einsatzplan.jpg\" alt=\"\" class=\"wp-image-1318\" srcset=\"https:\/\/abc-cloud.de\/attina\/f1-hilfe\/wp-content\/uploads\/2022\/09\/Screenshot-Einsatzplan.jpg 900w, https:\/\/abc-cloud.de\/attina\/f1-hilfe\/wp-content\/uploads\/2022\/09\/Screenshot-Einsatzplan-300x275.jpg 300w, https:\/\/abc-cloud.de\/attina\/f1-hilfe\/wp-content\/uploads\/2022\/09\/Screenshot-Einsatzplan-768x704.jpg 768w\" sizes=\"auto, (max-width: 900px) 100vw, 900px\" \/><\/a><\/figure>\n","protected":false},"excerpt":{"rendered":"<p>Einsatzplan Beim Men\u00fc \/ Abl\u00e4ufe \/Einsatzplan handelt es sich um ein Modul, das dazu dient, Kunden, Mitarbeiter und Auftr\u00e4ge \u00fcbersichtlich anzuzeigen. Es lassen sich darin auch schnell bestimmte Details, wie Urlaub oder Krankheit, bearbeiten. VerschiedeneFilterfunktionen erm\u00f6glichen es, nach Mitarbeitern oder Auftr\u00e4gen, zu filtern.Dazu klickt man auf einen Kunden, Beruf oder Mitarbeiter und auf den Schnellfilter. [&hellip;]<\/p>\n","protected":false},"author":1,"featured_media":0,"parent":0,"menu_order":0,"comment_status":"closed","ping_status":"closed","template":"","meta":{"footnotes":""},"class_list":["post-876","page","type-page","status-publish","hentry"],"_links":{"self":[{"href":"https:\/\/abc-cloud.de\/attina\/f1-hilfe\/wp-json\/wp\/v2\/pages\/876","targetHints":{"allow":["GET"]}}],"collection":[{"href":"https:\/\/abc-cloud.de\/attina\/f1-hilfe\/wp-json\/wp\/v2\/pages"}],"about":[{"href":"https:\/\/abc-cloud.de\/attina\/f1-hilfe\/wp-json\/wp\/v2\/types\/page"}],"author":[{"embeddable":true,"href":"https:\/\/abc-cloud.de\/attina\/f1-hilfe\/wp-json\/wp\/v2\/users\/1"}],"replies":[{"embeddable":true,"href":"https:\/\/abc-cloud.de\/attina\/f1-hilfe\/wp-json\/wp\/v2\/comments?post=876"}],"version-history":[{"count":3,"href":"https:\/\/abc-cloud.de\/attina\/f1-hilfe\/wp-json\/wp\/v2\/pages\/876\/revisions"}],"predecessor-version":[{"id":1457,"href":"https:\/\/abc-cloud.de\/attina\/f1-hilfe\/wp-json\/wp\/v2\/pages\/876\/revisions\/1457"}],"wp:attachment":[{"href":"https:\/\/abc-cloud.de\/attina\/f1-hilfe\/wp-json\/wp\/v2\/media?parent=876"}],"curies":[{"name":"wp","href":"https:\/\/api.w.org\/{rel}","templated":true}]}}