{"id":881,"date":"2022-05-25T12:51:33","date_gmt":"2022-05-25T10:51:33","guid":{"rendered":"https:\/\/abc-cloud.de\/attina\/f1-hilfe\/?page_id=881"},"modified":"2024-08-12T10:03:27","modified_gmt":"2024-08-12T08:03:27","slug":"rechnungsvorbereitung","status":"publish","type":"page","link":"https:\/\/abc-cloud.de\/attina\/f1-hilfe\/rechnungsvorbereitung\/","title":{"rendered":"Rechnungsvorbereitung"},"content":{"rendered":"\n<p class=\"has-normal-font-size\">Gehen Sie direkt aus der Fakturierung heraus zur Rechnungsvorbereitung (siehe Bild) <\/p>\n\n\n\n<figure class=\"wp-block-image size-full\"><img loading=\"lazy\" decoding=\"async\" width=\"993\" height=\"85\" src=\"https:\/\/abc-cloud.de\/attina\/f1-hilfe\/wp-content\/uploads\/2024\/08\/image-46.png\" alt=\"\" class=\"wp-image-1911\" srcset=\"https:\/\/abc-cloud.de\/attina\/f1-hilfe\/wp-content\/uploads\/2024\/08\/image-46.png 993w, https:\/\/abc-cloud.de\/attina\/f1-hilfe\/wp-content\/uploads\/2024\/08\/image-46-300x26.png 300w, https:\/\/abc-cloud.de\/attina\/f1-hilfe\/wp-content\/uploads\/2024\/08\/image-46-768x66.png 768w\" sizes=\"auto, (max-width: 993px) 100vw, 993px\" \/><\/figure>\n\n\n\n<p class=\"has-normal-font-size\"><br>oder gehen Sie im attina Men\u00fc unter &#8222;Abl\u00e4ufe&#8220; auf die &#8222;Rechnungsvorbereitung&#8220;, oder klicken Sie im Dashboard auf die entsprechende Kachel.<\/p>\n\n\n\n<figure class=\"wp-block-image size-large is-resized\"><img loading=\"lazy\" decoding=\"async\" width=\"1024\" height=\"161\" src=\"https:\/\/abc-cloud.de\/attina\/f1-hilfe\/wp-content\/uploads\/2024\/08\/image-44-1024x161.png\" alt=\"\" class=\"wp-image-1909\" style=\"width:658px;height:auto\" srcset=\"https:\/\/abc-cloud.de\/attina\/f1-hilfe\/wp-content\/uploads\/2024\/08\/image-44-1024x161.png 1024w, https:\/\/abc-cloud.de\/attina\/f1-hilfe\/wp-content\/uploads\/2024\/08\/image-44-300x47.png 300w, https:\/\/abc-cloud.de\/attina\/f1-hilfe\/wp-content\/uploads\/2024\/08\/image-44-768x121.png 768w, https:\/\/abc-cloud.de\/attina\/f1-hilfe\/wp-content\/uploads\/2024\/08\/image-44.png 1080w\" sizes=\"auto, (max-width: 1024px) 100vw, 1024px\" \/><\/figure>\n\n\n\n<p>In den Einstellungen k\u00f6nnen Sie einstellen, welche Daten sp\u00e4ter in die Rechnung \u00fcbernommen werden sollen. <br>Direkt darunter w\u00e4hlen Sie den Kunden und\/oder die Einsatzstellen(n) aus, die auf der Rechnung aufgef\u00fchrt werden sollen. <br>Anschlie\u00dfend haken Sie die Person(en) an, die auf der Rechnung f\u00fcr Ihren Kunden erscheinen soll(en).<\/p>\n\n\n\n<p>Geben Sie in der oberen Leiste an, ob es eine Sammelrechnung (summierte  Ansicht) oder eine Einzelrechnung (detaillierte Ansicht) werden soll. <\/p>\n\n\n\n<p>Klicken Sie in der oberen Leiste auf &#8222;Daten neu laden&#8220; (gr\u00fcner Kreis-Pfeil), um die Liste der Daten zu aktualisieren.<\/p>\n\n\n\n<div class=\"spoiler-wrap\">\n\t\t\t\t<div class=\"spoiler-head folded\">Proberechnung\/ordentliche Rechnung<\/div>\n\t\t\t\t<div class=\"spoiler-body\"><\/p>\n\n\n\n<p>Aus der Rechnungsvorbereitung heraus erstellen Sie eine Proberechnung. Klicken Sie auf das Icon ganz rechts im Vorbereitungsmodul und erzeugen Sie eine Proberechnung. <\/p>\n\n\n\n<p>Wenn Sie sich allerdings schon sicher mit allem sind, k\u00f6nnen Sie direkt eine ordentliche Rechnung erstellen, indem Sie auf den mittleren Button klicken.<\/p>\n\n\n\n<p><\/div>\n\t\t\t<\/div>\n\n\n\n<p><br><\/p>\n","protected":false},"excerpt":{"rendered":"<p>Gehen Sie direkt aus der Fakturierung heraus zur Rechnungsvorbereitung (siehe Bild) oder gehen Sie im attina Men\u00fc unter &#8222;Abl\u00e4ufe&#8220; auf die &#8222;Rechnungsvorbereitung&#8220;, oder klicken Sie im Dashboard auf die entsprechende Kachel. In den Einstellungen k\u00f6nnen Sie einstellen, welche Daten sp\u00e4ter in die Rechnung \u00fcbernommen werden sollen. Direkt darunter w\u00e4hlen Sie den Kunden und\/oder die Einsatzstellen(n) [&hellip;]<\/p>\n","protected":false},"author":1,"featured_media":0,"parent":0,"menu_order":0,"comment_status":"closed","ping_status":"closed","template":"","meta":{"footnotes":""},"class_list":["post-881","page","type-page","status-publish","hentry"],"_links":{"self":[{"href":"https:\/\/abc-cloud.de\/attina\/f1-hilfe\/wp-json\/wp\/v2\/pages\/881","targetHints":{"allow":["GET"]}}],"collection":[{"href":"https:\/\/abc-cloud.de\/attina\/f1-hilfe\/wp-json\/wp\/v2\/pages"}],"about":[{"href":"https:\/\/abc-cloud.de\/attina\/f1-hilfe\/wp-json\/wp\/v2\/types\/page"}],"author":[{"embeddable":true,"href":"https:\/\/abc-cloud.de\/attina\/f1-hilfe\/wp-json\/wp\/v2\/users\/1"}],"replies":[{"embeddable":true,"href":"https:\/\/abc-cloud.de\/attina\/f1-hilfe\/wp-json\/wp\/v2\/comments?post=881"}],"version-history":[{"count":15,"href":"https:\/\/abc-cloud.de\/attina\/f1-hilfe\/wp-json\/wp\/v2\/pages\/881\/revisions"}],"predecessor-version":[{"id":1913,"href":"https:\/\/abc-cloud.de\/attina\/f1-hilfe\/wp-json\/wp\/v2\/pages\/881\/revisions\/1913"}],"wp:attachment":[{"href":"https:\/\/abc-cloud.de\/attina\/f1-hilfe\/wp-json\/wp\/v2\/media?parent=881"}],"curies":[{"name":"wp","href":"https:\/\/api.w.org\/{rel}","templated":true}]}}