{"id":905,"date":"2022-05-25T10:56:58","date_gmt":"2022-05-25T08:56:58","guid":{"rendered":"https:\/\/abc-cloud.de\/attina\/f1-hilfe\/?page_id=905"},"modified":"2024-08-06T10:54:42","modified_gmt":"2024-08-06T08:54:42","slug":"lohncheck","status":"publish","type":"page","link":"https:\/\/abc-cloud.de\/attina\/f1-hilfe\/lohncheck\/","title":{"rendered":"Lohncheck"},"content":{"rendered":"\n<h2 class=\"wp-block-heading\">Lohncheck<\/h2>\n\n\n\n<p>F\u00fcr die monatlichen Kontrollen des Lohns bietet sich das Modul \u201eLohncheck\u201c an. <br><em>(unter dem Video finden Sie auch eine schriftliche Anleitung)<\/em><\/p>\n\n\n\n<figure class=\"wp-block-video\"><video height=\"1080\" style=\"aspect-ratio: 1920 \/ 1080;\" width=\"1920\" controls src=\"https:\/\/abc-cloud.de\/attina\/f1-hilfe\/wp-content\/uploads\/2022\/05\/Endgueltiges-video-1.mp4\"><\/video><\/figure>\n\n\n\n<p><br>\u00d6ffnen Sie das Modul \u201cLohncheck\u201d, indem Sie in der Fakturierung auf das Euro-Zeichen klicken:<\/p>\n\n\n\n<figure class=\"wp-block-image size-full\"><img loading=\"lazy\" decoding=\"async\" width=\"945\" height=\"144\" src=\"https:\/\/abc-cloud.de\/attina\/f1-hilfe\/wp-content\/uploads\/2024\/08\/image.png\" alt=\"\" class=\"wp-image-1805\" srcset=\"https:\/\/abc-cloud.de\/attina\/f1-hilfe\/wp-content\/uploads\/2024\/08\/image.png 945w, https:\/\/abc-cloud.de\/attina\/f1-hilfe\/wp-content\/uploads\/2024\/08\/image-300x46.png 300w, https:\/\/abc-cloud.de\/attina\/f1-hilfe\/wp-content\/uploads\/2024\/08\/image-768x117.png 768w\" sizes=\"auto, (max-width: 945px) 100vw, 945px\" \/><\/figure>\n\n\n\n<p><strong>Im Lohncheck-Modul gehen Sie nun wie folgt vor:<\/strong><\/p>\n\n\n\n<p>W\u00e4hlen Sie bitte zun\u00e4chst oben links im Modulfenster eine Filiale und den entsprechenden Zeitraum aus, den Sie pr\u00fcfen m\u00f6chten. <\/p>\n\n\n\n<figure class=\"wp-block-image size-full\"><img loading=\"lazy\" decoding=\"async\" width=\"921\" height=\"334\" src=\"https:\/\/abc-cloud.de\/attina\/f1-hilfe\/wp-content\/uploads\/2024\/08\/image-4.png\" alt=\"\" class=\"wp-image-1809\" srcset=\"https:\/\/abc-cloud.de\/attina\/f1-hilfe\/wp-content\/uploads\/2024\/08\/image-4.png 921w, https:\/\/abc-cloud.de\/attina\/f1-hilfe\/wp-content\/uploads\/2024\/08\/image-4-300x109.png 300w, https:\/\/abc-cloud.de\/attina\/f1-hilfe\/wp-content\/uploads\/2024\/08\/image-4-768x279.png 768w\" sizes=\"auto, (max-width: 921px) 100vw, 921px\" \/><\/figure>\n\n\n\n<p>Alle infrage kommenden Mitarbeiter werden Ihnen nun links aufgelistet. <br><em>(Punkte 1 und 2 werden unter dem Bild beschrieben)<\/em><\/p>\n\n\n\n<figure class=\"wp-block-image size-full\"><img loading=\"lazy\" decoding=\"async\" width=\"948\" height=\"537\" src=\"https:\/\/abc-cloud.de\/attina\/f1-hilfe\/wp-content\/uploads\/2024\/08\/image-1.png\" alt=\"\" class=\"wp-image-1806\" srcset=\"https:\/\/abc-cloud.de\/attina\/f1-hilfe\/wp-content\/uploads\/2024\/08\/image-1.png 948w, https:\/\/abc-cloud.de\/attina\/f1-hilfe\/wp-content\/uploads\/2024\/08\/image-1-300x170.png 300w, https:\/\/abc-cloud.de\/attina\/f1-hilfe\/wp-content\/uploads\/2024\/08\/image-1-768x435.png 768w\" sizes=\"auto, (max-width: 948px) 100vw, 948px\" \/><\/figure>\n\n\n\n<p><br><strong>Zu 1<\/strong>: w\u00e4hlen Sie die Mitarbeiter aus, um die es f\u00fcr Sie geht, indem Sie sie anhaken. Sollten Sie alle Mitarbeiter ausw\u00e4hlen wollen, so machen Sie einen Rechtklick auf ein K\u00e4stchen und es \u00f6ffnet sich ein Auswahlmen\u00fc.<br><strong>Zu 2<\/strong>: ist ein Mitarbeiter ausgew\u00e4hlt, werden auf der rechten Seite die Daten aus der Fakturierung in einer Liste angezeigt.<br>Um sich die Liste kompakter anzeigen zu lassen, klicken Sie oben neben dem gr\u00fcnen H\u00e4kchen auf das \u2211-Icon.<br>Klicken Sie nun auf das gr\u00fcne H\u00e4kchen-Icon. Es \u00f6ffnet sich das kleine Dialogfeld \u201cPr\u00fcfung starten\u201d:<\/p>\n\n\n\n<figure class=\"wp-block-image size-full is-resized\"><img loading=\"lazy\" decoding=\"async\" width=\"473\" height=\"347\" src=\"https:\/\/abc-cloud.de\/attina\/f1-hilfe\/wp-content\/uploads\/2024\/08\/image-2.png\" alt=\"\" class=\"wp-image-1807\" style=\"width:298px;height:auto\" srcset=\"https:\/\/abc-cloud.de\/attina\/f1-hilfe\/wp-content\/uploads\/2024\/08\/image-2.png 473w, https:\/\/abc-cloud.de\/attina\/f1-hilfe\/wp-content\/uploads\/2024\/08\/image-2-300x220.png 300w\" sizes=\"auto, (max-width: 473px) 100vw, 473px\" \/><\/figure>\n\n\n\n<p>Setzen Sie einen Haken bei den Themen, die Sie pr\u00fcfen m\u00f6chten.<br>Es kann gepr\u00fcft werden, ob ein Mitarbeiter einen Mehrarbeitszuschlag bekommt und in welcher H\u00f6he. Falls eine Anwesenheitspr\u00e4mie vereinbart wurde, wird auch diese dann angezeigt. Es kann gepr\u00fcft werden, ob der Mitarbeiter im Equal-Pay-Status ist. Wenn ja, wird ein Vergleich durchgef\u00fchrt und ein entsprechender Zuschlag dem Mitarbeiter hinzugef\u00fcgt. Durch das Aktivieren des K\u00e4stchens \u201eNeuberechnung nach Pr\u00fcfung\u201c werden die offen stehenden Summen neu berechnet.<\/p>\n\n\n\n<p>Im unteren Bereich des Lohncheck-Moduls sollten nach Pr\u00fcfung und Neuberechnung nun die noch offen stehenden L\u00f6hne erscheinen. <\/p>\n\n\n\n<figure class=\"wp-block-image size-full\"><img loading=\"lazy\" decoding=\"async\" width=\"949\" height=\"148\" src=\"https:\/\/abc-cloud.de\/attina\/f1-hilfe\/wp-content\/uploads\/2024\/08\/image-5.png\" alt=\"\" class=\"wp-image-1810\" srcset=\"https:\/\/abc-cloud.de\/attina\/f1-hilfe\/wp-content\/uploads\/2024\/08\/image-5.png 949w, https:\/\/abc-cloud.de\/attina\/f1-hilfe\/wp-content\/uploads\/2024\/08\/image-5-300x47.png 300w, https:\/\/abc-cloud.de\/attina\/f1-hilfe\/wp-content\/uploads\/2024\/08\/image-5-768x120.png 768w\" sizes=\"auto, (max-width: 949px) 100vw, 949px\" \/><\/figure>\n","protected":false},"excerpt":{"rendered":"<p>Lohncheck F\u00fcr die monatlichen Kontrollen des Lohns bietet sich das Modul \u201eLohncheck\u201c an. (unter dem Video finden Sie auch eine schriftliche Anleitung) \u00d6ffnen Sie das Modul \u201cLohncheck\u201d, indem Sie in der Fakturierung auf das Euro-Zeichen klicken: Im Lohncheck-Modul gehen Sie nun wie folgt vor: W\u00e4hlen Sie bitte zun\u00e4chst oben links im Modulfenster eine Filiale und [&hellip;]<\/p>\n","protected":false},"author":1,"featured_media":0,"parent":0,"menu_order":0,"comment_status":"closed","ping_status":"closed","template":"","meta":{"footnotes":""},"class_list":["post-905","page","type-page","status-publish","hentry"],"_links":{"self":[{"href":"https:\/\/abc-cloud.de\/attina\/f1-hilfe\/wp-json\/wp\/v2\/pages\/905","targetHints":{"allow":["GET"]}}],"collection":[{"href":"https:\/\/abc-cloud.de\/attina\/f1-hilfe\/wp-json\/wp\/v2\/pages"}],"about":[{"href":"https:\/\/abc-cloud.de\/attina\/f1-hilfe\/wp-json\/wp\/v2\/types\/page"}],"author":[{"embeddable":true,"href":"https:\/\/abc-cloud.de\/attina\/f1-hilfe\/wp-json\/wp\/v2\/users\/1"}],"replies":[{"embeddable":true,"href":"https:\/\/abc-cloud.de\/attina\/f1-hilfe\/wp-json\/wp\/v2\/comments?post=905"}],"version-history":[{"count":8,"href":"https:\/\/abc-cloud.de\/attina\/f1-hilfe\/wp-json\/wp\/v2\/pages\/905\/revisions"}],"predecessor-version":[{"id":1815,"href":"https:\/\/abc-cloud.de\/attina\/f1-hilfe\/wp-json\/wp\/v2\/pages\/905\/revisions\/1815"}],"wp:attachment":[{"href":"https:\/\/abc-cloud.de\/attina\/f1-hilfe\/wp-json\/wp\/v2\/media?parent=905"}],"curies":[{"name":"wp","href":"https:\/\/api.w.org\/{rel}","templated":true}]}}