{"id":912,"date":"2022-05-25T10:19:22","date_gmt":"2022-05-25T08:19:22","guid":{"rendered":"https:\/\/abc-cloud.de\/attina\/f1-hilfe\/?page_id=912"},"modified":"2024-08-07T08:52:14","modified_gmt":"2024-08-07T06:52:14","slug":"autom-azk-buchung","status":"publish","type":"page","link":"https:\/\/abc-cloud.de\/attina\/f1-hilfe\/autom-azk-buchung\/","title":{"rendered":"Automatische AZK-Buchung"},"content":{"rendered":"\n<p><\/p>\n\n\n\n<p class=\"has-normal-font-size\"><em>(eine schriftliche Erkl\u00e4rung finden Sie unter dem Video)<\/em><\/p>\n\n\n\n<figure class=\"wp-block-video\"><video height=\"1080\" style=\"aspect-ratio: 1920 \/ 1080;\" width=\"1920\" controls src=\"https:\/\/abc-cloud.de\/attina\/f1-hilfe\/wp-content\/uploads\/2022\/05\/Endgueltiges-Video-5.mp4\"><\/video><\/figure>\n\n\n\n<p><\/p>\n\n\n\n<p>Bei der automatischen Arbeitszeitkonten-Buchung (Abk\u00fcrzung AZK-Buchung) f\u00fchrt man in gewissen Zeitabst\u00e4nden Berechnungen und die abschlie\u00dfende Buchung vor. <br><br>Sie kommen \u00fcber zwei Wege zum AZK-Buchungsmodul: <br><br>1.: W\u00e4hlen Sie im attina-Men\u00fc unter &#8222;Abl\u00e4ufe&#8220; die automatische AZK-Buchung:<br><\/p>\n\n\n\n<figure class=\"wp-block-image size-full is-resized\"><img loading=\"lazy\" decoding=\"async\" width=\"674\" height=\"918\" src=\"https:\/\/abc-cloud.de\/attina\/f1-hilfe\/wp-content\/uploads\/2024\/08\/image-13.png\" alt=\"\" class=\"wp-image-1828\" style=\"width:352px;height:auto\" srcset=\"https:\/\/abc-cloud.de\/attina\/f1-hilfe\/wp-content\/uploads\/2024\/08\/image-13.png 674w, https:\/\/abc-cloud.de\/attina\/f1-hilfe\/wp-content\/uploads\/2024\/08\/image-13-220x300.png 220w\" sizes=\"auto, (max-width: 674px) 100vw, 674px\" \/><\/figure>\n\n\n\n<p>2.: Im Fakturierungs-Modul k\u00f6nnen Sie auf das kleine Icon mit der Uhr klicken und es \u00f6ffnet sich die automatische AZK-Buchung:<\/p>\n\n\n\n<figure class=\"wp-block-image size-full\"><img loading=\"lazy\" decoding=\"async\" width=\"1008\" height=\"93\" src=\"https:\/\/abc-cloud.de\/attina\/f1-hilfe\/wp-content\/uploads\/2024\/08\/image-8.png\" alt=\"\" class=\"wp-image-1821\" srcset=\"https:\/\/abc-cloud.de\/attina\/f1-hilfe\/wp-content\/uploads\/2024\/08\/image-8.png 1008w, https:\/\/abc-cloud.de\/attina\/f1-hilfe\/wp-content\/uploads\/2024\/08\/image-8-300x28.png 300w, https:\/\/abc-cloud.de\/attina\/f1-hilfe\/wp-content\/uploads\/2024\/08\/image-8-768x71.png 768w\" sizes=\"auto, (max-width: 1008px) 100vw, 1008px\" \/><\/figure>\n\n\n\n<h2 class=\"wp-block-heading has-normal-font-size\">Buchung der Arbeitszeitkonten<\/h2>\n\n\n\n<p>Abh\u00e4ngig von der Arbeitszeiteinstellung in den Mitarbeiterstammdaten  erfolgt die Buchung der Arbeitszeitkonten.<\/p>\n\n\n\n<figure class=\"wp-block-image size-full is-resized\"><img loading=\"lazy\" decoding=\"async\" width=\"949\" height=\"335\" src=\"https:\/\/abc-cloud.de\/attina\/f1-hilfe\/wp-content\/uploads\/2024\/08\/image-12.png\" alt=\"\" class=\"wp-image-1825\" style=\"width:680px;height:auto\" srcset=\"https:\/\/abc-cloud.de\/attina\/f1-hilfe\/wp-content\/uploads\/2024\/08\/image-12.png 949w, https:\/\/abc-cloud.de\/attina\/f1-hilfe\/wp-content\/uploads\/2024\/08\/image-12-300x106.png 300w, https:\/\/abc-cloud.de\/attina\/f1-hilfe\/wp-content\/uploads\/2024\/08\/image-12-768x271.png 768w\" sizes=\"auto, (max-width: 949px) 100vw, 949px\" \/><\/figure>\n\n\n\n<p><strong>Pfeil 1 und 2: <\/strong>Stellen Sie als erstes die richtige Filiale und den Zeitraum ein, den Sie bearbeitet haben m\u00f6chten.<br>In der Liste links sehen Sie alle Mitarbeitenden, f\u00fcr die eine AZK-Buchung  infrage kommt. Setzen Sie einen Haken bei den Mitarbeitern, bei denen Sie eine Buchung durchf\u00fchren m\u00f6chten. Fals Sie alle Mitarbeitenden ausw\u00e4hlen m\u00f6chten, so machen Sie einen Rechtsklick auf ein K\u00e4stchen und klicken dann &#8222;Alle ausw\u00e4hlen&#8220;<br><strong>Pfeil 3: <\/strong>Die minimalen und maximalen AZK-Best\u00e4nde und auch die prozentuale Buchung k\u00f6nnen nach Klick auf das Werkzeug-Icon (Einstellungen) eingestellt werden.<br>In der Detaildefinition k\u00f6nnen die Monatsstunden, sowie die minimalen wie auch maximalen Monatsstunden und die prozentuale Buchung eingegeben werden.<\/p>\n\n\n\n<figure class=\"wp-block-image size-full\"><img loading=\"lazy\" decoding=\"async\" width=\"300\" height=\"286\" src=\"https:\/\/abc-cloud.de\/attina\/f1-hilfe\/wp-content\/uploads\/2024\/08\/image-10.png\" alt=\"\" class=\"wp-image-1823\"\/><\/figure>\n\n\n\n<p><strong>Pfeil 4:<\/strong> Mit Klick auf dieses Icon berechnen Sie ausgew\u00e4hlte Mitarbeiter. <br><strong>Pfeil 5:<\/strong> Setzen Sie hier einen Haken, wenn Sie eine automatische Berechnung wollen. <br><strong>Pfeil 6:<\/strong> In dieser Liste sehen Sie, was berechnet wurde und bei wem. <br>Diese Liste wird nur sichtbar, wenn Sie sie aktivieren, indem Sie auf das Icon rechts neben dem Zeitbereich (das, wo KEIN Pfeil draufzeigt) klicken.<br>&#8222;ToDo&#8220; hei\u00dft in dem Falle, dass Sie mit dieser Info eventuell noch etwas tun m\u00fcssen\/k\u00f6nnen, wie z. B. l\u00f6schen. <br>Falls Sie eine Berechnung wieder l\u00f6schen m\u00fcssen, klicken Sie in der Liste dar\u00fcber auf den betreffenden Mitarbeiter, machen Sie dann einen Rechtklick und w\u00e4hlen Sie &#8222;AZK-Buchung l\u00f6schen&#8220; <br><strong>Pfeil 7:<\/strong> Mit Klick auf den gr\u00fcnen Haken starten Sie die Buchung f\u00fcr den Mitarbeiter\/die Mitarbeitenden. <\/p>\n\n\n\n<p><\/p>\n\n\n\n<p><\/p>\n","protected":false},"excerpt":{"rendered":"<p>(eine schriftliche Erkl\u00e4rung finden Sie unter dem Video) Bei der automatischen Arbeitszeitkonten-Buchung (Abk\u00fcrzung AZK-Buchung) f\u00fchrt man in gewissen Zeitabst\u00e4nden Berechnungen und die abschlie\u00dfende Buchung vor. Sie kommen \u00fcber zwei Wege zum AZK-Buchungsmodul: 1.: W\u00e4hlen Sie im attina-Men\u00fc unter &#8222;Abl\u00e4ufe&#8220; die automatische AZK-Buchung: 2.: Im Fakturierungs-Modul k\u00f6nnen Sie auf das kleine Icon mit der Uhr klicken [&hellip;]<\/p>\n","protected":false},"author":4,"featured_media":0,"parent":0,"menu_order":0,"comment_status":"closed","ping_status":"closed","template":"","meta":{"footnotes":""},"class_list":["post-912","page","type-page","status-publish","hentry"],"_links":{"self":[{"href":"https:\/\/abc-cloud.de\/attina\/f1-hilfe\/wp-json\/wp\/v2\/pages\/912","targetHints":{"allow":["GET"]}}],"collection":[{"href":"https:\/\/abc-cloud.de\/attina\/f1-hilfe\/wp-json\/wp\/v2\/pages"}],"about":[{"href":"https:\/\/abc-cloud.de\/attina\/f1-hilfe\/wp-json\/wp\/v2\/types\/page"}],"author":[{"embeddable":true,"href":"https:\/\/abc-cloud.de\/attina\/f1-hilfe\/wp-json\/wp\/v2\/users\/4"}],"replies":[{"embeddable":true,"href":"https:\/\/abc-cloud.de\/attina\/f1-hilfe\/wp-json\/wp\/v2\/comments?post=912"}],"version-history":[{"count":8,"href":"https:\/\/abc-cloud.de\/attina\/f1-hilfe\/wp-json\/wp\/v2\/pages\/912\/revisions"}],"predecessor-version":[{"id":1830,"href":"https:\/\/abc-cloud.de\/attina\/f1-hilfe\/wp-json\/wp\/v2\/pages\/912\/revisions\/1830"}],"wp:attachment":[{"href":"https:\/\/abc-cloud.de\/attina\/f1-hilfe\/wp-json\/wp\/v2\/media?parent=912"}],"curies":[{"name":"wp","href":"https:\/\/api.w.org\/{rel}","templated":true}]}}