{"id":918,"date":"2022-05-25T10:57:12","date_gmt":"2022-05-25T08:57:12","guid":{"rendered":"https:\/\/abc-cloud.de\/attina\/f1-hilfe\/?page_id=918"},"modified":"2024-08-09T17:26:22","modified_gmt":"2024-08-09T15:26:22","slug":"lohnuebergabe","status":"publish","type":"page","link":"https:\/\/abc-cloud.de\/attina\/f1-hilfe\/lohnuebergabe\/","title":{"rendered":"Lohn\u00fcbergabe"},"content":{"rendered":"\n<h2 class=\"wp-block-heading\">Lohn\u00fcbergabe<\/h2>\n\n\n\n<p>Attina bietet die M\u00f6glichkeit , die einzelnen L\u00f6hne an alle g\u00e4ngigen  Lohnprogramme zu exportieren.<\/p>\n\n\n\n<p>Klicken Sie im attina-Men\u00fc auf <strong>Abl\u00e4ufe<\/strong> und dann auf <strong>Lohn\u00fcbergabe<\/strong>. <\/p>\n\n\n\n<figure class=\"wp-block-image size-full is-resized\"><img loading=\"lazy\" decoding=\"async\" width=\"648\" height=\"852\" src=\"https:\/\/abc-cloud.de\/attina\/f1-hilfe\/wp-content\/uploads\/2024\/08\/image-41.png\" alt=\"\" class=\"wp-image-1896\" style=\"width:345px;height:auto\" srcset=\"https:\/\/abc-cloud.de\/attina\/f1-hilfe\/wp-content\/uploads\/2024\/08\/image-41.png 648w, https:\/\/abc-cloud.de\/attina\/f1-hilfe\/wp-content\/uploads\/2024\/08\/image-41-228x300.png 228w\" sizes=\"auto, (max-width: 648px) 100vw, 648px\" \/><\/figure>\n\n\n\n<p>W\u00e4hlen Sie auch in diesem Modul zuerst eine Filiale und einen Zeitraum aus. Anschlie\u00dfend w\u00e4hlen Sie links im Fenster die f\u00fcr Sie passenden Optionen aus. Klicken Sie ggf. auf &#8222;Mitarbeiter suchen&#8220; <em>(zweites Icon von rechts, Fernglas mit Person)<\/em><\/p>\n\n\n\n<figure class=\"wp-block-image size-large is-resized\"><img loading=\"lazy\" decoding=\"async\" width=\"1024\" height=\"363\" src=\"https:\/\/abc-cloud.de\/attina\/f1-hilfe\/wp-content\/uploads\/2024\/08\/image-42-1024x363.png\" alt=\"\" class=\"wp-image-1898\" style=\"width:753px;height:auto\" srcset=\"https:\/\/abc-cloud.de\/attina\/f1-hilfe\/wp-content\/uploads\/2024\/08\/image-42-1024x363.png 1024w, https:\/\/abc-cloud.de\/attina\/f1-hilfe\/wp-content\/uploads\/2024\/08\/image-42-300x106.png 300w, https:\/\/abc-cloud.de\/attina\/f1-hilfe\/wp-content\/uploads\/2024\/08\/image-42-768x272.png 768w, https:\/\/abc-cloud.de\/attina\/f1-hilfe\/wp-content\/uploads\/2024\/08\/image-42.png 1120w\" sizes=\"auto, (max-width: 1024px) 100vw, 1024px\" \/><\/figure>\n\n\n\n<div class=\"spoiler-wrap\">\n\t\t\t\t<div class=\"spoiler-head folded\">Auswahl der Daten<\/div>\n\t\t\t\t<div class=\"spoiler-body\"><\/p>\n\n\n\n<h2 class=\"wp-block-heading has-normal-font-size\">Auswahl der Daten<\/h2>\n\n\n\n<p>Die von Ihnen nun ausgew\u00e4hlten bzw. gefilterten Daten werden auf der rechten Seite in der Tabelle angezeigt und sind bereit um \u00fcbertragen zu werden. Um die angezeigten Datens\u00e4tze zu \u00fcbertragen, w\u00e4hlen Sie in der oberen Leiste im Feld &#8222;Export&#8220; Ihr Lohnprogramm aus. <br>Anschlie\u00dfend klicken Sie bitte auf &#8222;Daten exportieren&#8220; <em>(Icon ganz rechts, Diskette mit Pfeil)<\/em>. <br>W\u00e4hlen Sie im PopUp-Fenster nur noch den Speicherort und tragen Sie ggf. die Werte ein, die Ihr Lohnprogramm vorgibt (z. B. Referenznr., &#8230;)<\/p>\n\n\n\n<p><\/div>\n\t\t\t<\/div>\n\n\n\n<div class=\"spoiler-wrap\">\n\t\t\t\t<div class=\"spoiler-head folded\">Allgemeiner Ablauf bei den importierten Lohndaten<\/div>\n\t\t\t\t<div class=\"spoiler-body\"><\/p>\n\n\n\n<h2 class=\"wp-block-heading has-normal-font-size\">Allgemeiner Ablauf bei den importierten Lohndaten<\/h2>\n\n\n\n<p>Alle Lohnprogramme werten die importierten Lohndaten anhand einer eindeutigen Lohnartennummer aus, die der jeweiligen Lohnart zugeordnet ist. Die Zuordnung zum jeweiligen Mitarbeiter im Lohnprogramm erfolgt anhand der Personalnummer, die dem jeweiligen (Import-)Datensatz beigef\u00fcgt ist.<br>Bis auf wenige Ausnahmen k\u00f6nnen die meisten Lohnprogramme immer nur einen Datensatz pro Lohnart importieren, d.h. es ist z.B. nicht m\u00f6glich, die Lohnart Normallohn f\u00fcr den Mitarbeiter Mustermann mehrfach mit unterschiedlichen Werten zu importieren und diese Werte dann vom Lohnprogramm aufsummieren zu lassen.<\/p>\n\n\n\n<p>Weiterhin k\u00f6nnen die Lohnprogramme im Allgemeinen entweder nur Betr\u00e4ge oder nur Summen (Menge x Betrag) pro Lohnart importieren. Der Import von Menge und Betrag einer Lohnart, so dass das Lohnprogramm die resultierende Summe eigenst\u00e4ndig berechnet, ist in der Regel nicht m\u00f6glich.<br>In einigen Lohnprogrammen werden die Betr\u00e4ge der einzelnen Lohnarten direkt verwaltet, d.h. einige Lohnartenbetr\u00e4ge sind hier f\u00fcr die jeweilige Lohnart direkt und f\u00fcr alle Mitarbeiter hinterlegt, andere Lohnartenbetr\u00e4ge werden f\u00fcr jeden Mitarbeiter einzeln hinterlegt.<\/p>\n\n\n\n<p>Bitte pr\u00fcfen Sie die jeweilige Funktionalit\u00e4t des von Ihnen eingesetzten Lohnprogramms und beachten Sie insbesondere bei den auf einer Durchschnittsberechnung basierenden Werten einer Lohnart (Urlaub, Krankheit, Feiertag), dass hier nur die jeweilige Summe \u00fcbergeben wird (sofern das Lohnprogramm nicht Menge und Betrag \u00fcbernehmen kann).<\/p>\n\n\n\n<p><\/div>\n\t\t\t<\/div>\n","protected":false},"excerpt":{"rendered":"<p>Lohn\u00fcbergabe Attina bietet die M\u00f6glichkeit , die einzelnen L\u00f6hne an alle g\u00e4ngigen Lohnprogramme zu exportieren. Klicken Sie im attina-Men\u00fc auf Abl\u00e4ufe und dann auf Lohn\u00fcbergabe. W\u00e4hlen Sie auch in diesem Modul zuerst eine Filiale und einen Zeitraum aus. Anschlie\u00dfend w\u00e4hlen Sie links im Fenster die f\u00fcr Sie passenden Optionen aus. Klicken Sie ggf. auf &#8222;Mitarbeiter [&hellip;]<\/p>\n","protected":false},"author":1,"featured_media":0,"parent":0,"menu_order":0,"comment_status":"closed","ping_status":"closed","template":"","meta":{"footnotes":""},"class_list":["post-918","page","type-page","status-publish","hentry"],"_links":{"self":[{"href":"https:\/\/abc-cloud.de\/attina\/f1-hilfe\/wp-json\/wp\/v2\/pages\/918","targetHints":{"allow":["GET"]}}],"collection":[{"href":"https:\/\/abc-cloud.de\/attina\/f1-hilfe\/wp-json\/wp\/v2\/pages"}],"about":[{"href":"https:\/\/abc-cloud.de\/attina\/f1-hilfe\/wp-json\/wp\/v2\/types\/page"}],"author":[{"embeddable":true,"href":"https:\/\/abc-cloud.de\/attina\/f1-hilfe\/wp-json\/wp\/v2\/users\/1"}],"replies":[{"embeddable":true,"href":"https:\/\/abc-cloud.de\/attina\/f1-hilfe\/wp-json\/wp\/v2\/comments?post=918"}],"version-history":[{"count":9,"href":"https:\/\/abc-cloud.de\/attina\/f1-hilfe\/wp-json\/wp\/v2\/pages\/918\/revisions"}],"predecessor-version":[{"id":1899,"href":"https:\/\/abc-cloud.de\/attina\/f1-hilfe\/wp-json\/wp\/v2\/pages\/918\/revisions\/1899"}],"wp:attachment":[{"href":"https:\/\/abc-cloud.de\/attina\/f1-hilfe\/wp-json\/wp\/v2\/media?parent=918"}],"curies":[{"name":"wp","href":"https:\/\/api.w.org\/{rel}","templated":true}]}}